{"id":9968,"date":"2023-03-05T12:52:39","date_gmt":"2023-03-05T12:52:39","guid":{"rendered":"http:\/\/mooncraft.com.pl\/?post_type=product&#038;p=9968"},"modified":"2026-03-26T19:08:45","modified_gmt":"2026-03-26T19:08:45","slug":"obroza-polzacisk-welurowa-niebieska","status":"publish","type":"product","link":"https:\/\/mooncraft.com.pl\/?product=obroza-polzacisk-welurowa-niebieska","title":{"rendered":"Obro\u017ca p\u00f3\u0142zacisk welurowa Niebieska"},"content":{"rendered":"<p>Obro\u017ca dla psa p\u00f3\u0142zaciskowa<\/p>\n<p>Regulacja obwodu:<\/p>\n<p>szeroko\u015b\u0107 ta\u015bmy : 2cm, regulacja : 25-34cm PLUS ko\u0144c\u00f3wka zaciskowa 6cm<\/p>\n<p>szeroko\u015b\u0107 ta\u015bmy : 2,5cm, regulacja : 30-40cm PLUS ko\u0144c\u00f3wka zaciskowa 7cm<\/p>\n<p>szeroko\u015b\u0107 ta\u015bmy : 3cm, regulacja: 33-48cm PLUS ko\u0144c\u00f3wka zaciskowa 8cm<\/p>\n<p>szeroko\u015b\u0107 ta\u015bmy : 4cm, regulacja: 40-58cm PLUS ko\u0144c\u00f3wka zaciskowa 9cm<\/p>\n<p>realnie obro\u017ca jest odrobin\u0119 szersza przez obszycie ta\u015bmy welurem<\/p>\n<p>JAK DOPASOWA\u0106 P\u00d3\u0141ZACISK ?<\/p>\n<p>Obro\u017ca po zaci\u015bni\u0119ciu si\u0119 (poci\u0105gni\u0119ciu przez psa) powinna by\u0107 dopasowana do szyi psiaka &#8211; nie ma go dusi\u0107. St\u0105d w opisie podana jest regulacja obwodu szyi, a ko\u0144c\u00f3wka do zaciskania liczona jest dodatkowo.<\/p>\n<p>&nbsp;<\/p>\n<p>Uwaga: Polecam wybra\u0107 rozmiar z mo\u017cliwo\u015bci\u0105 regulacji w obie strony, nie na styk. Gdyby regulacja nie by\u0142a odpowiednia dla Twojego psiaka napisz przez Facebook lub mail &#8211; uszyj\u0119 idealnie na wymiar \ud83d\ude42<\/p>\n<p>Metalowe p\u00f3\u0142kola zgrzewane, srebrne<\/p>\n<p>W \u015brodku ta\u015bma no\u015bna<\/p>\n<p>Pra\u0107 r\u0119cznie aby welur pozosta\u0142 milutki<\/p>\n","protected":false},"excerpt":{"rendered":"<h5>Wygodna i stylowa obro\u017ca p\u00f3\u0142zaciskowa dla psiaka obszyta trwa\u0142ym, mi\u0142ym w dotyku welurem.<\/h5>\n<p>&nbsp;<\/p>\n<p>Cztery rozmiary do wyboru &#8211; poni\u017cej w opisie dok\u0142adny zakres regulacji<\/p>\n<p>Cena produktu pojawia si\u0119 po wybraniu szeroko\u015bci<\/p>\n<p><span style=\"font-size: 16px; -webkit-text-size-adjust: 100%;\">Produkt na magazynie: wysy\u0142ka 1-3dni roboczych od zaksi\u0119gowania wp\u0142aty.<\/span><\/p>\n<div class=\"ni8dbmo4 stjgntxs nred35xi ii04i59q\" aria-owns=\"jsc_c_5f\" data-testid=\"messenger_incoming_text_row\">Produkt na zam\u00f3wienie: wysy\u0142ka do 14 dni od zaksi\u0119gowania wp\u0142aty.<\/div>\n","protected":false},"featured_media":9934,"template":"","meta":{"site-sidebar-layout":"default","site-content-layout":"default","ast-site-content-layout":"default","site-content-style":"default","site-sidebar-style":"default","ast-global-header-display":"","ast-banner-title-visibility":"","ast-main-header-display":"","ast-hfb-above-header-display":"","ast-hfb-below-header-display":"","ast-hfb-mobile-header-display":"","site-post-title":"","ast-breadcrumbs-content":"","ast-featured-img":"","footer-sml-layout":"","ast-disable-related-posts":"","theme-transparent-header-meta":"default","adv-header-id-meta":"","stick-header-meta":"","header-above-stick-meta":"","header-main-stick-meta":"","header-below-stick-meta":"","astra-migrate-meta-layouts":"default","ast-page-background-enabled":"default","ast-page-background-meta":{"desktop":{"background-color":"","background-image":"","background-repeat":"repeat","background-position":"center center","background-size":"auto","background-attachment":"scroll","background-type":"","background-media":"","overlay-type":"","overlay-color":"","overlay-opacity":"","overlay-gradient":""},"tablet":{"background-color":"","background-image":"","background-repeat":"repeat","background-position":"center center","background-size":"auto","background-attachment":"scroll","background-type":"","background-media":"","overlay-type":"","overlay-color":"","overlay-opacity":"","overlay-gradient":""},"mobile":{"background-color":"","background-image":"","background-repeat":"repeat","background-position":"center center","background-size":"auto","background-attachment":"scroll","background-type":"","background-media":"","overlay-type":"","overlay-color":"","overlay-opacity":"","overlay-gradient":""}},"ast-content-background-meta":{"desktop":{"background-color":"var(--ast-global-color-5)","background-image":"","background-repeat":"repeat","background-position":"center center","background-size":"auto","background-attachment":"scroll","background-type":"","background-media":"","overlay-type":"","overlay-color":"","overlay-opacity":"","overlay-gradient":""},"tablet":{"background-color":"var(--ast-global-color-5)","background-image":"","background-repeat":"repeat","background-position":"center center","background-size":"auto","background-attachment":"scroll","background-type":"","background-media":"","overlay-type":"","overlay-color":"","overlay-opacity":"","overlay-gradient":""},"mobile":{"background-color":"var(--ast-global-color-5)","background-image":"","background-repeat":"repeat","background-position":"center center","background-size":"auto","background-attachment":"scroll","background-type":"","background-media":"","overlay-type":"","overlay-color":"","overlay-opacity":"","overlay-gradient":""}}},"product_brand":[],"product_cat":[85,94,137],"product_tag":[],"class_list":{"0":"post-9968","1":"product","2":"type-product","3":"status-publish","4":"has-post-thumbnail","6":"product_cat-dlapsa","7":"product_cat-obroze","8":"product_cat-welurowe","9":"product_shipping_class-male-paczki","10":"desktop-align-left","11":"tablet-align-left","12":"mobile-align-left","14":"first","15":"onbackorder","16":"featured","17":"taxable","18":"shipping-taxable","19":"purchasable","20":"product-type-variable"},"jetpack_sharing_enabled":true,"_links":{"self":[{"href":"https:\/\/mooncraft.com.pl\/index.php?rest_route=\/wp\/v2\/product\/9968","targetHints":{"allow":["GET"]}}],"collection":[{"href":"https:\/\/mooncraft.com.pl\/index.php?rest_route=\/wp\/v2\/product"}],"about":[{"href":"https:\/\/mooncraft.com.pl\/index.php?rest_route=\/wp\/v2\/types\/product"}],"wp:featuredmedia":[{"embeddable":true,"href":"https:\/\/mooncraft.com.pl\/index.php?rest_route=\/wp\/v2\/media\/9934"}],"wp:attachment":[{"href":"https:\/\/mooncraft.com.pl\/index.php?rest_route=%2Fwp%2Fv2%2Fmedia&parent=9968"}],"wp:term":[{"taxonomy":"product_brand","embeddable":true,"href":"https:\/\/mooncraft.com.pl\/index.php?rest_route=%2Fwp%2Fv2%2Fproduct_brand&post=9968"},{"taxonomy":"product_cat","embeddable":true,"href":"https:\/\/mooncraft.com.pl\/index.php?rest_route=%2Fwp%2Fv2%2Fproduct_cat&post=9968"},{"taxonomy":"product_tag","embeddable":true,"href":"https:\/\/mooncraft.com.pl\/index.php?rest_route=%2Fwp%2Fv2%2Fproduct_tag&post=9968"}],"curies":[{"name":"wp","href":"https:\/\/api.w.org\/{rel}","templated":true}]}}