{"id":9946,"date":"2023-03-05T12:46:15","date_gmt":"2023-03-05T12:46:15","guid":{"rendered":"http:\/\/mooncraft.com.pl\/?post_type=product&#038;p=9946"},"modified":"2025-08-26T20:59:28","modified_gmt":"2025-08-26T20:59:28","slug":"obroza-welurowa-czerwona","status":"publish","type":"product","link":"https:\/\/mooncraft.com.pl\/?product=obroza-welurowa-czerwona","title":{"rendered":"Obro\u017ca welurowa Czerwona"},"content":{"rendered":"<p>Obro\u017ca dla psa<\/p>\n<p>Regulacja obwodu:<\/p>\n<p>szeroko\u015b\u0107 ta\u015bmy : 2cm &#8211; 26-38cm<\/p>\n<p>szeroko\u015b\u0107 ta\u015bmy : 2,5cm &#8211; 33-43cm<\/p>\n<p>szeroko\u015b\u0107 ta\u015bmy : 3cm &#8211; 38-48cm<\/p>\n<p>szeroko\u015b\u0107 ta\u015bmy : 4cm &#8211; 40-55cm<\/p>\n<p>realnie obro\u017ca jest odrobin\u0119 szersza przez obszycie dooko\u0142a ta\u015bmy<\/p>\n<p>Uwaga: podane wymiary to faktyczne obwody zamkni\u0119tej obro\u017cy.\u00a0 Polecam wybra\u0107 rozmiar z mo\u017cliwo\u015bci\u0105 regulacji w obie strony, nie na styk. Gdyby regulacja nie by\u0142a odpowiednia dla Twojego psiaka napisz przez Facebook lub mail &#8211; uszyj\u0119 idealnie na wymiar \ud83d\ude42<\/p>\n<p>Klamra Firmy Duraflex,<\/p>\n<p>Metalowe p\u00f3\u0142kole zgrzewane,<\/p>\n<p>W \u015brodku ta\u015bma no\u015bna, obro\u017ca ca\u0142kowicie doooko\u0142a obszyta welurem<\/p>\n<p>Pra\u0107 r\u0119cznie aby welur pozosta\u0142 milutki<\/p>\n","protected":false},"excerpt":{"rendered":"<h5>Wygodna i elegancka obro\u017ca dla psiaka obszyta mi\u0142ym w dotyku welurem.<\/h5>\n<p>&nbsp;<\/p>\n<p>Cztery rozmiary do wyboru &#8211; poni\u017cej w opisie dok\u0142adny zakres regulacji<\/p>\n<p>Cena produktu pojawia si\u0119 po wybraniu szeroko\u015bci obro\u017cy.<\/p>\n<p>&nbsp;<\/p>\n<div class=\"ni8dbmo4 stjgntxs nred35xi ii04i59q\" data-testid=\"messenger_incoming_text_row\">Produkt w magazynie: wysy\u0142ka 1-3dni roboczych od zaksi\u0119gowania wp\u0142aty.<\/div>\n<div class=\"ni8dbmo4 stjgntxs nred35xi ii04i59q\" data-testid=\"messenger_incoming_text_row\">Produkt na zam\u00f3wienie: wysy\u0142ka do 14 dni roboczych od zaksi\u0119gowania wp\u0142aty.<\/div>\n<div data-testid=\"messenger_incoming_text_row\"><\/div>\n<div data-testid=\"messenger_incoming_text_row\">uwaga: kolor na ekranie mo\u017ce odrobin\u0119 r\u00f3\u017cni\u0107 si\u0119 od tego w rzeczywisto\u015bci<\/div>\n","protected":false},"featured_media":9916,"template":"","meta":{"site-sidebar-layout":"default","site-content-layout":"default","ast-site-content-layout":"default","site-content-style":"default","site-sidebar-style":"default","ast-global-header-display":"","ast-banner-title-visibility":"","ast-main-header-display":"","ast-hfb-above-header-display":"","ast-hfb-below-header-display":"","ast-hfb-mobile-header-display":"","site-post-title":"","ast-breadcrumbs-content":"","ast-featured-img":"","footer-sml-layout":"","ast-disable-related-posts":"","theme-transparent-header-meta":"default","adv-header-id-meta":"","stick-header-meta":"","header-above-stick-meta":"","header-main-stick-meta":"","header-below-stick-meta":"","astra-migrate-meta-layouts":"default","ast-page-background-enabled":"default","ast-page-background-meta":{"desktop":{"background-color":"","background-image":"","background-repeat":"repeat","background-position":"center center","background-size":"auto","background-attachment":"scroll","background-type":"","background-media":"","overlay-type":"","overlay-color":"","overlay-opacity":"","overlay-gradient":""},"tablet":{"background-color":"","background-image":"","background-repeat":"repeat","background-position":"center center","background-size":"auto","background-attachment":"scroll","background-type":"","background-media":"","overlay-type":"","overlay-color":"","overlay-opacity":"","overlay-gradient":""},"mobile":{"background-color":"","background-image":"","background-repeat":"repeat","background-position":"center center","background-size":"auto","background-attachment":"scroll","background-type":"","background-media":"","overlay-type":"","overlay-color":"","overlay-opacity":"","overlay-gradient":""}},"ast-content-background-meta":{"desktop":{"background-color":"var(--ast-global-color-5)","background-image":"","background-repeat":"repeat","background-position":"center center","background-size":"auto","background-attachment":"scroll","background-type":"","background-media":"","overlay-type":"","overlay-color":"","overlay-opacity":"","overlay-gradient":""},"tablet":{"background-color":"var(--ast-global-color-5)","background-image":"","background-repeat":"repeat","background-position":"center center","background-size":"auto","background-attachment":"scroll","background-type":"","background-media":"","overlay-type":"","overlay-color":"","overlay-opacity":"","overlay-gradient":""},"mobile":{"background-color":"var(--ast-global-color-5)","background-image":"","background-repeat":"repeat","background-position":"center center","background-size":"auto","background-attachment":"scroll","background-type":"","background-media":"","overlay-type":"","overlay-color":"","overlay-opacity":"","overlay-gradient":""}}},"product_brand":[],"product_cat":[85,94,137],"product_tag":[],"class_list":{"0":"post-9946","1":"product","2":"type-product","3":"status-publish","4":"has-post-thumbnail","6":"product_cat-dlapsa","7":"product_cat-obroze","8":"product_cat-welurowe","9":"product_shipping_class-male-paczki","10":"desktop-align-left","11":"tablet-align-left","12":"mobile-align-left","14":"first","15":"onbackorder","16":"featured","17":"taxable","18":"shipping-taxable","19":"purchasable","20":"product-type-variable"},"jetpack_sharing_enabled":true,"_links":{"self":[{"href":"https:\/\/mooncraft.com.pl\/index.php?rest_route=\/wp\/v2\/product\/9946","targetHints":{"allow":["GET"]}}],"collection":[{"href":"https:\/\/mooncraft.com.pl\/index.php?rest_route=\/wp\/v2\/product"}],"about":[{"href":"https:\/\/mooncraft.com.pl\/index.php?rest_route=\/wp\/v2\/types\/product"}],"wp:featuredmedia":[{"embeddable":true,"href":"https:\/\/mooncraft.com.pl\/index.php?rest_route=\/wp\/v2\/media\/9916"}],"wp:attachment":[{"href":"https:\/\/mooncraft.com.pl\/index.php?rest_route=%2Fwp%2Fv2%2Fmedia&parent=9946"}],"wp:term":[{"taxonomy":"product_brand","embeddable":true,"href":"https:\/\/mooncraft.com.pl\/index.php?rest_route=%2Fwp%2Fv2%2Fproduct_brand&post=9946"},{"taxonomy":"product_cat","embeddable":true,"href":"https:\/\/mooncraft.com.pl\/index.php?rest_route=%2Fwp%2Fv2%2Fproduct_cat&post=9946"},{"taxonomy":"product_tag","embeddable":true,"href":"https:\/\/mooncraft.com.pl\/index.php?rest_route=%2Fwp%2Fv2%2Fproduct_tag&post=9946"}],"curies":[{"name":"wp","href":"https:\/\/api.w.org\/{rel}","templated":true}]}}