{"id":9418,"date":"2023-01-26T18:12:27","date_gmt":"2023-01-26T18:12:27","guid":{"rendered":"http:\/\/mooncraft.com.pl\/?post_type=product&#038;p=9418"},"modified":"2025-07-04T06:55:15","modified_gmt":"2025-07-04T06:55:15","slug":"maxi-woreczek-na-smakolyki-sushi","status":"publish","type":"product","link":"https:\/\/mooncraft.com.pl\/?product=maxi-woreczek-na-smakolyki-sushi","title":{"rendered":"MAXI Woreczek na smako\u0142yki Sushi"},"content":{"rendered":"<p>Materia\u0142y wodoodporne, w \u015brodku podszewka wodoodporna<\/p>\n<p>Wygodny Karabi\u0144czyk Rybka<\/p>\n<p>Dodatkowo miejsce na przewleczenie paska<\/p>\n<p>zamykany na zaci\u0105gni\u0119cie gumosznurka<\/p>\n<p>wymiar:<\/p>\n<p>wysoko\u015b\u0107 cz\u0119\u015bci wzorzystej: 14cm,<\/p>\n<p>wysoko\u015b\u0107 ca\u0142o\u015bci razem z kominem oko\u0142o 19cm<\/p>\n<p>\u015brednica 10,5cm<\/p>\n<p>&nbsp;<\/p>\n<p>Opcja dodatkowa:<\/p>\n<p>regulowany pasek z klamerk\u0105 &#8211; regulacja obwodu max 110cm &#8211; mo\u017cna go wyci\u0105gn\u0105\u0107, nie jest przytwierdzony na sta\u0142e<\/p>\n","protected":false},"excerpt":{"rendered":"<h5>Du\u017cy woreczek na smako\u0142yki, z kt\u00f3rego z \u0142atwo\u015bci\u0105 wyci\u0105ga si\u0119 smaki w czasie treningu.<\/h5>\n<p>&nbsp;<\/p>\n<p class=\"ni8dbmo4 stjgntxs nred35xi ii04i59q\" aria-owns=\"jsc_c_5f\" data-testid=\"messenger_incoming_text_row\">Produkt w magazynie:\u00a0 wysy\u0142ka 1-3dni roboczych od zaksi\u0119gowania wp\u0142aty.<\/p>\n<p class=\"ni8dbmo4 stjgntxs nred35xi ii04i59q\" aria-owns=\"jsc_c_5f\" data-testid=\"messenger_incoming_text_row\">Produkt na zam\u00f3wienie: wysy\u0142ka do 14 dni roboczych od zaksi\u0119gowania wp\u0142aty.<\/p>\n","protected":false},"featured_media":9445,"template":"","meta":{"site-sidebar-layout":"default","site-content-layout":"default","ast-site-content-layout":"default","site-content-style":"default","site-sidebar-style":"default","ast-global-header-display":"","ast-banner-title-visibility":"","ast-main-header-display":"","ast-hfb-above-header-display":"","ast-hfb-below-header-display":"","ast-hfb-mobile-header-display":"","site-post-title":"","ast-breadcrumbs-content":"","ast-featured-img":"","footer-sml-layout":"","ast-disable-related-posts":"","theme-transparent-header-meta":"default","adv-header-id-meta":"","stick-header-meta":"","header-above-stick-meta":"","header-main-stick-meta":"","header-below-stick-meta":"","astra-migrate-meta-layouts":"default","ast-page-background-enabled":"default","ast-page-background-meta":{"desktop":{"background-color":"","background-image":"","background-repeat":"repeat","background-position":"center center","background-size":"auto","background-attachment":"scroll","background-type":"","background-media":"","overlay-type":"","overlay-color":"","overlay-opacity":"","overlay-gradient":""},"tablet":{"background-color":"","background-image":"","background-repeat":"repeat","background-position":"center center","background-size":"auto","background-attachment":"scroll","background-type":"","background-media":"","overlay-type":"","overlay-color":"","overlay-opacity":"","overlay-gradient":""},"mobile":{"background-color":"","background-image":"","background-repeat":"repeat","background-position":"center center","background-size":"auto","background-attachment":"scroll","background-type":"","background-media":"","overlay-type":"","overlay-color":"","overlay-opacity":"","overlay-gradient":""}},"ast-content-background-meta":{"desktop":{"background-color":"var(--ast-global-color-5)","background-image":"","background-repeat":"repeat","background-position":"center center","background-size":"auto","background-attachment":"scroll","background-type":"","background-media":"","overlay-type":"","overlay-color":"","overlay-opacity":"","overlay-gradient":""},"tablet":{"background-color":"var(--ast-global-color-5)","background-image":"","background-repeat":"repeat","background-position":"center center","background-size":"auto","background-attachment":"scroll","background-type":"","background-media":"","overlay-type":"","overlay-color":"","overlay-opacity":"","overlay-gradient":""},"mobile":{"background-color":"var(--ast-global-color-5)","background-image":"","background-repeat":"repeat","background-position":"center center","background-size":"auto","background-attachment":"scroll","background-type":"","background-media":"","overlay-type":"","overlay-color":"","overlay-opacity":"","overlay-gradient":""}}},"product_brand":[],"product_cat":[85,98],"product_tag":[],"class_list":{"0":"post-9418","1":"product","2":"type-product","3":"status-publish","4":"has-post-thumbnail","6":"product_cat-dlapsa","7":"product_cat-worki","8":"desktop-align-left","9":"tablet-align-left","10":"mobile-align-left","12":"first","13":"onbackorder","14":"taxable","15":"shipping-taxable","16":"purchasable","17":"product-type-variable"},"jetpack_sharing_enabled":true,"_links":{"self":[{"href":"https:\/\/mooncraft.com.pl\/index.php?rest_route=\/wp\/v2\/product\/9418","targetHints":{"allow":["GET"]}}],"collection":[{"href":"https:\/\/mooncraft.com.pl\/index.php?rest_route=\/wp\/v2\/product"}],"about":[{"href":"https:\/\/mooncraft.com.pl\/index.php?rest_route=\/wp\/v2\/types\/product"}],"wp:featuredmedia":[{"embeddable":true,"href":"https:\/\/mooncraft.com.pl\/index.php?rest_route=\/wp\/v2\/media\/9445"}],"wp:attachment":[{"href":"https:\/\/mooncraft.com.pl\/index.php?rest_route=%2Fwp%2Fv2%2Fmedia&parent=9418"}],"wp:term":[{"taxonomy":"product_brand","embeddable":true,"href":"https:\/\/mooncraft.com.pl\/index.php?rest_route=%2Fwp%2Fv2%2Fproduct_brand&post=9418"},{"taxonomy":"product_cat","embeddable":true,"href":"https:\/\/mooncraft.com.pl\/index.php?rest_route=%2Fwp%2Fv2%2Fproduct_cat&post=9418"},{"taxonomy":"product_tag","embeddable":true,"href":"https:\/\/mooncraft.com.pl\/index.php?rest_route=%2Fwp%2Fv2%2Fproduct_tag&post=9418"}],"curies":[{"name":"wp","href":"https:\/\/api.w.org\/{rel}","templated":true}]}}