{"id":4686,"date":"2021-07-13T07:59:13","date_gmt":"2021-07-13T07:59:13","guid":{"rendered":"http:\/\/mooncraft.com.pl\/?post_type=product&#038;p=4686"},"modified":"2024-07-28T11:34:08","modified_gmt":"2024-07-28T11:34:08","slug":"plecak-lesny-zlote-paprotki","status":"publish","type":"product","link":"https:\/\/mooncraft.com.pl\/?product=plecak-lesny-zlote-paprotki","title":{"rendered":"Plecak RollTop Etno"},"content":{"rendered":"<p>MATERIA\u0141:<\/p>\n<p>Zewn\u0119trzny &#8211; poliester wodoodporny, usztywniony, klasycznie odporny na deszcz, zanurzony w wodzie mo\u017ce z czasem nasi\u0105kn\u0105\u0107, d\u00f3\u0142 ekosk\u00f3ra<\/p>\n<p>Wewn\u0119trzny &#8211; Poliester wodoodporny &#8211; tym sposobem mamy wszystko w \u015brodku podw\u00f3jnie bezpieczne \ud83d\ude42<\/p>\n<p>WYPOSA\u017bENIE:<\/p>\n<p>-Plecy usztywnione piank\u0105 (nic si\u0119 nie wbija w plecy i jest super wygodnie sztywno!) -W \u015brodku kieszonka na zamek i ma\u0142y karabi\u0144czyk na klucze<\/p>\n<p>-Na zewn\u0105trz pojemna kieszonka na zamek<\/p>\n<p>WYMIARY Mierzone na p\u0142asko : szeroko\u015b\u0107 38cm wysoko\u015b\u0107 zamkni\u0119tego plecaka 42cm wysoko\u015b\u0107 otwartego plecaka 57cm<\/p>\n<p>zamki be\u017cowe<\/p>\n<p>ta\u015bmy bawe\u0142niane be\u017cowe<\/p>\n","protected":false},"excerpt":{"rendered":"<h5>Bardzo wygodny plecak typy Roll Top z usztywnionymi plecami<\/h5>\n<h5>Wykonany z materia\u0142\u00f3w wodoodpornych<\/h5>\n<h5>Pojemny i praktyczny<\/h5>\n<p>&nbsp;<\/p>\n<h5>W \u015brodku kiesze\u0144 na zamek<\/h5>\n<h5 data-testid=\"messenger_incoming_text_row\"><\/h5>\n<p class=\"ni8dbmo4 stjgntxs nred35xi ii04i59q\" data-testid=\"messenger_incoming_text_row\">Produkt dost\u0119pny od r\u0119ki: wysy\u0142ka 1-3dni roboczych od zaksi\u0119gowania wp\u0142aty.<\/p>\n<p class=\"ni8dbmo4 stjgntxs nred35xi ii04i59q\" data-testid=\"messenger_incoming_text_row\">Produkt na zam\u00f3wienie: wysy\u0142ka do 14 dni od zaksi\u0119gowania wp\u0142aty.<\/p>\n<p dir=\"auto\">\n","protected":false},"featured_media":14327,"template":"","meta":{"site-sidebar-layout":"default","site-content-layout":"default","ast-site-content-layout":"default","site-content-style":"default","site-sidebar-style":"default","ast-global-header-display":"","ast-banner-title-visibility":"","ast-main-header-display":"","ast-hfb-above-header-display":"","ast-hfb-below-header-display":"","ast-hfb-mobile-header-display":"","site-post-title":"","ast-breadcrumbs-content":"","ast-featured-img":"","footer-sml-layout":"","ast-disable-related-posts":"","theme-transparent-header-meta":"default","adv-header-id-meta":"","stick-header-meta":"","header-above-stick-meta":"","header-main-stick-meta":"","header-below-stick-meta":"","astra-migrate-meta-layouts":"set","ast-page-background-enabled":"default","ast-page-background-meta":{"desktop":{"background-color":"","background-image":"","background-repeat":"repeat","background-position":"center center","background-size":"auto","background-attachment":"scroll","background-type":"","background-media":"","overlay-type":"","overlay-color":"","overlay-opacity":"","overlay-gradient":""},"tablet":{"background-color":"","background-image":"","background-repeat":"repeat","background-position":"center center","background-size":"auto","background-attachment":"scroll","background-type":"","background-media":"","overlay-type":"","overlay-color":"","overlay-opacity":"","overlay-gradient":""},"mobile":{"background-color":"","background-image":"","background-repeat":"repeat","background-position":"center center","background-size":"auto","background-attachment":"scroll","background-type":"","background-media":"","overlay-type":"","overlay-color":"","overlay-opacity":"","overlay-gradient":""}},"ast-content-background-meta":{"desktop":{"background-color":"var(--ast-global-color-5)","background-image":"","background-repeat":"repeat","background-position":"center center","background-size":"auto","background-attachment":"scroll","background-type":"","background-media":"","overlay-type":"","overlay-color":"","overlay-opacity":"","overlay-gradient":""},"tablet":{"background-color":"var(--ast-global-color-5)","background-image":"","background-repeat":"repeat","background-position":"center center","background-size":"auto","background-attachment":"scroll","background-type":"","background-media":"","overlay-type":"","overlay-color":"","overlay-opacity":"","overlay-gradient":""},"mobile":{"background-color":"var(--ast-global-color-5)","background-image":"","background-repeat":"repeat","background-position":"center center","background-size":"auto","background-attachment":"scroll","background-type":"","background-media":"","overlay-type":"","overlay-color":"","overlay-opacity":"","overlay-gradient":""}}},"product_brand":[],"product_cat":[82,107,140],"product_tag":[],"class_list":{"0":"post-4686","1":"product","2":"type-product","3":"status-publish","4":"has-post-thumbnail","6":"product_cat-dlaciebie","7":"product_cat-plecaki","8":"product_cat-plecak-lesny","9":"product_shipping_class-male-paczki","10":"desktop-align-left","11":"tablet-align-left","12":"mobile-align-left","14":"first","15":"onbackorder","16":"featured","17":"taxable","18":"shipping-taxable","19":"purchasable","20":"product-type-simple"},"jetpack_sharing_enabled":true,"_links":{"self":[{"href":"https:\/\/mooncraft.com.pl\/index.php?rest_route=\/wp\/v2\/product\/4686","targetHints":{"allow":["GET"]}}],"collection":[{"href":"https:\/\/mooncraft.com.pl\/index.php?rest_route=\/wp\/v2\/product"}],"about":[{"href":"https:\/\/mooncraft.com.pl\/index.php?rest_route=\/wp\/v2\/types\/product"}],"wp:featuredmedia":[{"embeddable":true,"href":"https:\/\/mooncraft.com.pl\/index.php?rest_route=\/wp\/v2\/media\/14327"}],"wp:attachment":[{"href":"https:\/\/mooncraft.com.pl\/index.php?rest_route=%2Fwp%2Fv2%2Fmedia&parent=4686"}],"wp:term":[{"taxonomy":"product_brand","embeddable":true,"href":"https:\/\/mooncraft.com.pl\/index.php?rest_route=%2Fwp%2Fv2%2Fproduct_brand&post=4686"},{"taxonomy":"product_cat","embeddable":true,"href":"https:\/\/mooncraft.com.pl\/index.php?rest_route=%2Fwp%2Fv2%2Fproduct_cat&post=4686"},{"taxonomy":"product_tag","embeddable":true,"href":"https:\/\/mooncraft.com.pl\/index.php?rest_route=%2Fwp%2Fv2%2Fproduct_tag&post=4686"}],"curies":[{"name":"wp","href":"https:\/\/api.w.org\/{rel}","templated":true}]}}