{"id":2482,"date":"2020-11-02T11:52:24","date_gmt":"2020-11-02T11:52:24","guid":{"rendered":"http:\/\/mooncraft.com.pl\/?post_type=product&#038;p=2482"},"modified":"2024-01-11T19:13:50","modified_gmt":"2024-01-11T19:13:50","slug":"plecak-klasyczny-zlote-liscie","status":"publish","type":"product","link":"https:\/\/mooncraft.com.pl\/?product=plecak-klasyczny-zlote-liscie","title":{"rendered":"Plecak Basic RollTop Z\u0142ote Li\u015bcie"},"content":{"rendered":"<div dir=\"auto\">Dost\u0119pny na zam\u00f3wienie, czas realizacji do 14 dni<\/div>\n<div dir=\"auto\"><\/div>\n<div dir=\"auto\">Wymiary Plecaka zamkni\u0119tego ca\u0142kowicie :<\/div>\n<div dir=\"auto\">oko\u0142o 37x40x10<\/div>\n<div dir=\"auto\">zapi\u0119cie regulowane wi\u0119c mo\u017cna uzyska\u0107 wy\u017cszy plecak <span class=\"pq6dq46d tbxw36s4 knj5qynh kvgmc6g5 ditlmg2l oygrvhab nvdbi5me sf5mxxl7 gl3lb2sf hhz5lgdu\"><img decoding=\"async\" src=\"https:\/\/static.xx.fbcdn.net\/images\/emoji.php\/v9\/t4c\/1\/16\/1f642.png\" alt=\"????\" width=\"16\" height=\"16\" title=\"Plecak Basic RollTop Z\u0142ote Li\u015bcie\"><\/span><\/div>\n<div dir=\"auto\">-plecak ca\u0142kowicie otwarty :<\/div>\n<div dir=\"auto\">oko\u0142o 58cm wysoko\u015bci<\/div>\n<div dir=\"auto\">-plecy usztywnione<\/div>\n<div dir=\"auto\">-paski na ramiona regulowane<\/div>\n<div dir=\"auto\">-w \u015brodku karabinek do kluczy oraz kieszonka na zamek<\/div>\n<div dir=\"auto\">-ca\u0142o\u015b\u0107 z materia\u0142\u00f3w wodoodpornych, d\u00f3\u0142 ekosk\u00f3ra, podszewka wodoodporna<\/div>\n","protected":false},"excerpt":{"rendered":"<h5>Bardzo wygodny plecak typu RollTop z usztywnionymi plecami<\/h5>\n<h5>Wykonany z materia\u0142\u00f3w wodoodpornych<\/h5>\n<h5>Pojemny i praktyczny<\/h5>\n<p>&nbsp;<\/p>\n<p class=\"ni8dbmo4 stjgntxs nred35xi ii04i59q\" aria-owns=\"jsc_c_5f\" data-testid=\"messenger_incoming_text_row\">Produkt dost\u0119pny od r\u0119ki: wysy\u0142ka 1-3dni roboczych od zaksi\u0119gowania wp\u0142aty.<\/p>\n<p class=\"ni8dbmo4 stjgntxs nred35xi ii04i59q\" aria-owns=\"jsc_c_5f\" data-testid=\"messenger_incoming_text_row\">Produkt na zam\u00f3wienie: wysy\u0142ka do 14 dni od zaksi\u0119gowania wp\u0142aty.<\/p>\n<p dir=\"auto\">\n","protected":false},"featured_media":2484,"template":"","meta":{"site-sidebar-layout":"default","site-content-layout":"default","ast-site-content-layout":"default","site-content-style":"default","site-sidebar-style":"default","ast-global-header-display":"","ast-banner-title-visibility":"","ast-main-header-display":"","ast-hfb-above-header-display":"","ast-hfb-below-header-display":"","ast-hfb-mobile-header-display":"","site-post-title":"","ast-breadcrumbs-content":"","ast-featured-img":"","footer-sml-layout":"","ast-disable-related-posts":"","theme-transparent-header-meta":"default","adv-header-id-meta":"","stick-header-meta":"","header-above-stick-meta":"","header-main-stick-meta":"","header-below-stick-meta":"","astra-migrate-meta-layouts":"set","ast-page-background-enabled":"default","ast-page-background-meta":{"desktop":{"background-color":"","background-image":"","background-repeat":"repeat","background-position":"center center","background-size":"auto","background-attachment":"scroll","background-type":"","background-media":"","overlay-type":"","overlay-color":"","overlay-opacity":"","overlay-gradient":""},"tablet":{"background-color":"","background-image":"","background-repeat":"repeat","background-position":"center center","background-size":"auto","background-attachment":"scroll","background-type":"","background-media":"","overlay-type":"","overlay-color":"","overlay-opacity":"","overlay-gradient":""},"mobile":{"background-color":"","background-image":"","background-repeat":"repeat","background-position":"center center","background-size":"auto","background-attachment":"scroll","background-type":"","background-media":"","overlay-type":"","overlay-color":"","overlay-opacity":"","overlay-gradient":""}},"ast-content-background-meta":{"desktop":{"background-color":"var(--ast-global-color-5)","background-image":"","background-repeat":"repeat","background-position":"center center","background-size":"auto","background-attachment":"scroll","background-type":"","background-media":"","overlay-type":"","overlay-color":"","overlay-opacity":"","overlay-gradient":""},"tablet":{"background-color":"var(--ast-global-color-5)","background-image":"","background-repeat":"repeat","background-position":"center center","background-size":"auto","background-attachment":"scroll","background-type":"","background-media":"","overlay-type":"","overlay-color":"","overlay-opacity":"","overlay-gradient":""},"mobile":{"background-color":"var(--ast-global-color-5)","background-image":"","background-repeat":"repeat","background-position":"center center","background-size":"auto","background-attachment":"scroll","background-type":"","background-media":"","overlay-type":"","overlay-color":"","overlay-opacity":"","overlay-gradient":""}}},"product_brand":[],"product_cat":[82,107,140],"product_tag":[],"class_list":{"0":"post-2482","1":"product","2":"type-product","3":"status-publish","4":"has-post-thumbnail","6":"product_cat-dlaciebie","7":"product_cat-plecaki","8":"product_cat-plecak-lesny","9":"product_shipping_class-male-paczki","10":"desktop-align-left","11":"tablet-align-left","12":"mobile-align-left","14":"first","15":"onbackorder","16":"taxable","17":"shipping-taxable","18":"purchasable","19":"product-type-simple"},"jetpack_sharing_enabled":true,"_links":{"self":[{"href":"https:\/\/mooncraft.com.pl\/index.php?rest_route=\/wp\/v2\/product\/2482","targetHints":{"allow":["GET"]}}],"collection":[{"href":"https:\/\/mooncraft.com.pl\/index.php?rest_route=\/wp\/v2\/product"}],"about":[{"href":"https:\/\/mooncraft.com.pl\/index.php?rest_route=\/wp\/v2\/types\/product"}],"wp:featuredmedia":[{"embeddable":true,"href":"https:\/\/mooncraft.com.pl\/index.php?rest_route=\/wp\/v2\/media\/2484"}],"wp:attachment":[{"href":"https:\/\/mooncraft.com.pl\/index.php?rest_route=%2Fwp%2Fv2%2Fmedia&parent=2482"}],"wp:term":[{"taxonomy":"product_brand","embeddable":true,"href":"https:\/\/mooncraft.com.pl\/index.php?rest_route=%2Fwp%2Fv2%2Fproduct_brand&post=2482"},{"taxonomy":"product_cat","embeddable":true,"href":"https:\/\/mooncraft.com.pl\/index.php?rest_route=%2Fwp%2Fv2%2Fproduct_cat&post=2482"},{"taxonomy":"product_tag","embeddable":true,"href":"https:\/\/mooncraft.com.pl\/index.php?rest_route=%2Fwp%2Fv2%2Fproduct_tag&post=2482"}],"curies":[{"name":"wp","href":"https:\/\/api.w.org\/{rel}","templated":true}]}}