{"id":24446,"date":"2026-05-13T17:13:43","date_gmt":"2026-05-13T17:13:43","guid":{"rendered":"https:\/\/mooncraft.com.pl\/?post_type=product&#038;p=24446"},"modified":"2026-05-13T17:14:45","modified_gmt":"2026-05-13T17:14:45","slug":"baffidi-chrupsterki-dla-psa-konina-90g","status":"publish","type":"product","link":"https:\/\/mooncraft.com.pl\/?product=baffidi-chrupsterki-dla-psa-konina-90g","title":{"rendered":"BAFFIDI &#8211; ChrupSterki dla psa &#8211; konina 90g"},"content":{"rendered":"<p data-start=\"679\" data-end=\"872\">Mi\u0119so z koniny cenione jest za swoje dietetyczne w\u0142a\u015bciwo\u015bci \u2013 chude, lekkostrawne i pe\u0142ne warto\u015bciowych sk\u0142adnik\u00f3w mineralnych. To doskona\u0142y wyb\u00f3r tak\u017ce dla ps\u00f3w z alergiami czy wra\u017cliwym uk\u0142adem pokarmowym.<\/p>\n<p data-start=\"561\" data-end=\"598\">Dzi\u0119ki por\u0119cznej formie s\u0105 idealne:<\/p>\n<ul data-start=\"599\" data-end=\"710\">\n<li data-start=\"599\" data-end=\"637\">podczas\u00a0<b><strong data-start=\"609\" data-end=\"634\">codziennych trening\u00f3w<\/strong><\/b>,<\/li>\n<li data-start=\"638\" data-end=\"659\">na\u00a0<b><strong data-start=\"643\" data-end=\"656\">spacerach<\/strong><\/b>,<\/li>\n<li data-start=\"660\" data-end=\"710\">jako\u00a0<b><strong data-start=\"667\" data-end=\"694\">szybka i zdrowa nagroda<\/strong><\/b>\u00a0w ci\u0105gu dnia.<\/li>\n<\/ul>\n<p data-start=\"712\" data-end=\"831\">Ka\u017cda kosteczka to lekka, warto\u015bciowa porcja energii i sk\u0142adnik\u00f3w od\u017cywczych, kt\u00f3re wspieraj\u0105 zdrowie i kondycj\u0119 psa.<\/p>\n<h2 data-start=\"859\" data-end=\"913\"><b><strong data-start=\"865\" data-end=\"911\">Dlaczego warto kupi\u0107 ChrupSterki z konin\u0105?<\/strong><\/b><\/h2>\n<p data-start=\"915\" data-end=\"1551\">\u2705\u00a0<b><strong data-start=\"917\" data-end=\"938\">Du\u017ca ilo\u015b\u0107 bia\u0142ka<\/strong><\/b>\u00a0\u2013 wspiera rozw\u00f3j mi\u0119\u015bni i regeneracj\u0119.<br data-start=\"977\" data-end=\"980\" \/>\u2705\u00a0<b><strong data-start=\"982\" data-end=\"1015\">Niskokaloryczne i chude mi\u0119so<\/strong><\/b>\u00a0\u2013 bezpieczne dla ps\u00f3w z nadwag\u0105 i w trakcie odchudzania.<br data-start=\"1072\" data-end=\"1075\" \/>\u2705\u00a0<b><strong data-start=\"1077\" data-end=\"1120\">Niewielka ilo\u015b\u0107 t\u0142uszczu i cholesterolu<\/strong><\/b>\u00a0\u2013 idealne dla ps\u00f3w z chorobami serca.<br data-start=\"1158\" data-end=\"1161\" \/>\u2705\u00a0<b><strong data-start=\"1163\" data-end=\"1185\">Witaminy z grupy B<\/strong><\/b>\u00a0\u2013 wspieraj\u0105 metabolizm i prawid\u0142ow\u0105 prac\u0119 uk\u0142adu nerwowego.<br data-start=\"1245\" data-end=\"1248\" \/>\u2705\u00a0<b><strong data-start=\"1250\" data-end=\"1275\">\u017belazo, wap\u0144 i fosfor<\/strong><\/b>\u00a0\u2013 mocne ko\u015bci, zdrowe z\u0119by i lepsza odporno\u015b\u0107.<br data-start=\"1322\" data-end=\"1325\" \/>\u2705\u00a0<b><strong data-start=\"1327\" data-end=\"1353\">Monobia\u0142kowa receptura<\/strong><\/b>\u00a0\u2013 bezpieczna dla ps\u00f3w alergik\u00f3w.<br data-start=\"1386\" data-end=\"1389\" \/>\u2705\u00a0<b><strong data-start=\"1391\" data-end=\"1425\">Delikatny, lekko s\u0142odkawy smak<\/strong><\/b>\u00a0\u2013 uwielbiany nawet przez wybredne psy.<br data-start=\"1464\" data-end=\"1467\" \/>\u2705\u00a0<b><strong data-start=\"1469\" data-end=\"1497\">Por\u0119czna forma kosteczek<\/strong><\/b>\u00a0\u2013 idealne do nauki i nagradzania w ka\u017cdej sytuacji.<\/p>\n<h2 data-start=\"689\" data-end=\"743\"><\/h2>\n<h2 data-start=\"1558\" data-end=\"1606\"><b><strong data-start=\"1564\" data-end=\"1604\">Korzy\u015bci mi\u0119sa z koniny w diecie psa<\/strong><\/b><\/h2>\n<ul data-start=\"1608\" data-end=\"1884\">\n<li data-start=\"1608\" data-end=\"1651\">wspiera\u00a0<b><strong data-start=\"1618\" data-end=\"1648\">uk\u0142ad nerwowy i metabolizm<\/strong><\/b>,<\/li>\n<li data-start=\"1652\" data-end=\"1712\">dostarcza\u00a0<b><strong data-start=\"1664\" data-end=\"1709\">minera\u0142\u00f3w niezb\u0119dnych do zdrowego rozwoju<\/strong><\/b>,<\/li>\n<li data-start=\"1713\" data-end=\"1763\">sprzyja utrzymaniu\u00a0<b><strong data-start=\"1734\" data-end=\"1760\">prawid\u0142owej masy cia\u0142a<\/strong><\/b>,<\/li>\n<li data-start=\"1764\" data-end=\"1833\">sprawdza si\u0119 u ps\u00f3w z\u00a0<b><strong data-start=\"1788\" data-end=\"1830\">alergi\u0105 i wra\u017cliwym uk\u0142adem pokarmowym<\/strong><\/b>,<\/li>\n<li data-start=\"1834\" data-end=\"1884\">wyr\u00f3\u017cnia si\u0119\u00a0<b><strong data-start=\"1849\" data-end=\"1881\">unikalnym smakiem i aromatem<\/strong><\/b>.<\/li>\n<\/ul>\n<h2 data-start=\"1319\" data-end=\"1367\"><\/h2>\n<h1 data-start=\"1960\" data-end=\"2033\"><b><strong data-start=\"1962\" data-end=\"2031\">Dlaczego Tw\u00f3j pies pokocha ChrupSterki od BaffiDi<\/strong><\/b><\/h1>\n<p data-start=\"891\" data-end=\"1313\">\u2705\u00a0<b><strong data-start=\"893\" data-end=\"927\">Ma\u0142e kosteczki \u2013 wielka rado\u015b\u0107<\/strong><\/b>\u00a0\u2013 idealne do nagradzania w ka\u017cdej chwili.<br data-start=\"969\" data-end=\"972\" \/>\u2705\u00a0<b><strong data-start=\"974\" data-end=\"993\">Naturalny sk\u0142ad<\/strong><\/b>\u00a0\u2013 bez sztucznych dodatk\u00f3w i konserwant\u00f3w.<br data-start=\"1035\" data-end=\"1038\" \/>\u2705\u00a0<b><strong data-start=\"1040\" data-end=\"1062\">Wysoka smakowito\u015b\u0107<\/strong><\/b>\u00a0\u2013 psy uwielbiaj\u0105 ich intensywny aromat.<br data-start=\"1102\" data-end=\"1105\" \/>\u2705\u00a0<b><strong data-start=\"1107\" data-end=\"1129\">\u015awie\u017co\u015b\u0107 na d\u0142u\u017cej<\/strong><\/b>\u00a0\u2013 szczelne opakowanie utrzymuje mi\u0119kko\u015b\u0107 i zapach przysmak\u00f3w.<br data-start=\"1191\" data-end=\"1194\" \/>\u2705\u00a0<b><strong data-start=\"1196\" data-end=\"1216\">Wsparcie zdrowia<\/strong><\/b>\u00a0\u2013 lekkostrawne, niskot\u0142uszczowe, odpowiednie tak\u017ce dla ps\u00f3w z nadwag\u0105 czy wra\u017cliwym \u017co\u0142\u0105dkiem.<\/p>\n<h1 data-start=\"1891\" data-end=\"1952\"><b><strong data-start=\"1895\" data-end=\"1950\">ChrupSterki z konin\u0105 \u2013 zdrowa nagroda pe\u0142na energii<\/strong><\/b><\/h1>\n<p data-start=\"1954\" data-end=\"2150\">Zadbaj o to, by ka\u017cdy trening by\u0142 przyjemno\u015bci\u0105 i motywacj\u0105.<br data-start=\"2014\" data-end=\"2017\" \/><b><strong data-start=\"2017\" data-end=\"2043\">ChrupSterki od BaffiDi<\/strong><\/b>\u00a0to naturalne smako\u0142yki, kt\u00f3re \u0142\u0105cz\u0105 wyj\u0105tkowy smak koniny z porcj\u0105 zdrowia i energii dla Twojego pupila.<\/p>\n<p data-start=\"2152\" data-end=\"2254\">Podaruj swojemu psu\u00a0<b><strong data-start=\"2175\" data-end=\"2209\">aromatyczne kosteczki z konin\u0105<\/strong><\/b>\u00a0i spraw, by ka\u017cdy dzie\u0144 by\u0142 pe\u0142en rado\u015bci!<\/p>\n<h1 data-start=\"1722\" data-end=\"1791\"><\/h1>\n<p><b><strong>Sk\u0142ad:<\/strong><\/b><\/p>\n<p>Konina 92% (Mi\u0119so 50%, Podroby, chrz\u0105stki, ko\u015bci 42%), Gliceryna 4%, Skrobia ziemniaczana 4%<\/p>\n<p>&nbsp;<\/p>\n<p><b><strong>Analiza chemiczna:<\/strong><\/b><\/p>\n<p>bia\u0142ko \u2013 45,5%, t\u0142uszcz \u2013 22,6%, w\u0142\u00f3kno surowe \u2013 2%, popi\u00f3\u0142 \u2013 11,8%, wilgotno\u015b\u0107 \u2013 8,7%<\/p>\n","protected":false},"excerpt":{"rendered":"<p style=\"font-weight: 400;\"><b><strong data-start=\"60\" data-end=\"98\">ChrupSterki\u00a0z konin\u0105\u00a0od BaffiDi \u2013 Naturalne przysmaki treningowe dla psa\u00a0\u2013 Ma\u0142e kosteczki \u2013 wielka rado\u015b\u0107!<\/strong><\/b><\/p>\n<p style=\"font-weight: 400;\" data-start=\"331\" data-end=\"573\">Chcesz, aby trening Twojego psa by\u0142 jednocze\u015bnie\u00a0<b><strong data-start=\"380\" data-end=\"409\">skuteczny i pe\u0142en rado\u015bci<\/strong><\/b>?\u00a0<b><strong data-start=\"413\" data-end=\"450\">ChrupSterki\u00a0z ba\u017cantem\u00a0od BaffiDi<\/strong><\/b>\u00a0to w 100% naturalne, aromatyczne trenerki w formie ma\u0142ych kosteczek.\u00a0Delikatne, lekkostrawne i pe\u0142ne warto\u015bci od\u017cywczych \u2013 idealne nawet dla najbardziej wymagaj\u0105cych pupili.<\/p>\n","protected":false},"featured_media":24437,"template":"","meta":{"site-sidebar-layout":"default","site-content-layout":"","ast-site-content-layout":"default","site-content-style":"default","site-sidebar-style":"default","ast-global-header-display":"","ast-banner-title-visibility":"","ast-main-header-display":"","ast-hfb-above-header-display":"","ast-hfb-below-header-display":"","ast-hfb-mobile-header-display":"","site-post-title":"","ast-breadcrumbs-content":"","ast-featured-img":"","footer-sml-layout":"","ast-disable-related-posts":"","theme-transparent-header-meta":"default","adv-header-id-meta":"","stick-header-meta":"","header-above-stick-meta":"","header-main-stick-meta":"","header-below-stick-meta":"","astra-migrate-meta-layouts":"set","ast-page-background-enabled":"default","ast-page-background-meta":{"desktop":{"background-color":"","background-image":"","background-repeat":"repeat","background-position":"center center","background-size":"auto","background-attachment":"scroll","background-type":"","background-media":"","overlay-type":"","overlay-color":"","overlay-opacity":"","overlay-gradient":""},"tablet":{"background-color":"","background-image":"","background-repeat":"repeat","background-position":"center center","background-size":"auto","background-attachment":"scroll","background-type":"","background-media":"","overlay-type":"","overlay-color":"","overlay-opacity":"","overlay-gradient":""},"mobile":{"background-color":"","background-image":"","background-repeat":"repeat","background-position":"center center","background-size":"auto","background-attachment":"scroll","background-type":"","background-media":"","overlay-type":"","overlay-color":"","overlay-opacity":"","overlay-gradient":""}},"ast-content-background-meta":{"desktop":{"background-color":"var(--ast-global-color-5)","background-image":"","background-repeat":"repeat","background-position":"center center","background-size":"auto","background-attachment":"scroll","background-type":"","background-media":"","overlay-type":"","overlay-color":"","overlay-opacity":"","overlay-gradient":""},"tablet":{"background-color":"var(--ast-global-color-5)","background-image":"","background-repeat":"repeat","background-position":"center center","background-size":"auto","background-attachment":"scroll","background-type":"","background-media":"","overlay-type":"","overlay-color":"","overlay-opacity":"","overlay-gradient":""},"mobile":{"background-color":"var(--ast-global-color-5)","background-image":"","background-repeat":"repeat","background-position":"center center","background-size":"auto","background-attachment":"scroll","background-type":"","background-media":"","overlay-type":"","overlay-color":"","overlay-opacity":"","overlay-gradient":""}}},"product_brand":[],"product_cat":[85,159,170],"product_tag":[],"class_list":{"0":"post-24446","1":"product","2":"type-product","3":"status-publish","4":"has-post-thumbnail","6":"product_cat-dlapsa","7":"product_cat-smakolyki","8":"product_cat-przysmaki","9":"desktop-align-left","10":"tablet-align-left","11":"mobile-align-left","13":"first","14":"instock","15":"taxable","16":"shipping-taxable","17":"purchasable","18":"product-type-simple"},"jetpack_sharing_enabled":true,"_links":{"self":[{"href":"https:\/\/mooncraft.com.pl\/index.php?rest_route=\/wp\/v2\/product\/24446","targetHints":{"allow":["GET"]}}],"collection":[{"href":"https:\/\/mooncraft.com.pl\/index.php?rest_route=\/wp\/v2\/product"}],"about":[{"href":"https:\/\/mooncraft.com.pl\/index.php?rest_route=\/wp\/v2\/types\/product"}],"wp:featuredmedia":[{"embeddable":true,"href":"https:\/\/mooncraft.com.pl\/index.php?rest_route=\/wp\/v2\/media\/24437"}],"wp:attachment":[{"href":"https:\/\/mooncraft.com.pl\/index.php?rest_route=%2Fwp%2Fv2%2Fmedia&parent=24446"}],"wp:term":[{"taxonomy":"product_brand","embeddable":true,"href":"https:\/\/mooncraft.com.pl\/index.php?rest_route=%2Fwp%2Fv2%2Fproduct_brand&post=24446"},{"taxonomy":"product_cat","embeddable":true,"href":"https:\/\/mooncraft.com.pl\/index.php?rest_route=%2Fwp%2Fv2%2Fproduct_cat&post=24446"},{"taxonomy":"product_tag","embeddable":true,"href":"https:\/\/mooncraft.com.pl\/index.php?rest_route=%2Fwp%2Fv2%2Fproduct_tag&post=24446"}],"curies":[{"name":"wp","href":"https:\/\/api.w.org\/{rel}","templated":true}]}}