{"id":24445,"date":"2026-05-13T17:12:47","date_gmt":"2026-05-13T17:12:47","guid":{"rendered":"https:\/\/mooncraft.com.pl\/?post_type=product&#038;p=24445"},"modified":"2026-05-13T17:13:33","modified_gmt":"2026-05-13T17:13:33","slug":"baffidi-chrupsterki-dla-psa-bazant-90g","status":"publish","type":"product","link":"https:\/\/mooncraft.com.pl\/?product=baffidi-chrupsterki-dla-psa-bazant-90g","title":{"rendered":"BAFFIDI &#8211; ChrupSterki dla psa &#8211; ba\u017cant 90g"},"content":{"rendered":"<p data-start=\"679\" data-end=\"872\">Mi\u0119so z ba\u017canta to rzadziej spotykane \u017ar\u00f3d\u0142o bia\u0142ka, cenione za sw\u00f3j aromat i w\u0142a\u015bciwo\u015bci od\u017cywcze. Dzi\u0119ki temu przysmaki te stanowi\u0105 doskona\u0142y wyb\u00f3r r\u00f3wnie\u017c dla ps\u00f3w z alergiami pokarmowymi.<\/p>\n<p data-start=\"561\" data-end=\"598\">Dzi\u0119ki por\u0119cznej formie s\u0105 idealne:<\/p>\n<ul data-start=\"599\" data-end=\"710\">\n<li data-start=\"599\" data-end=\"637\">podczas\u00a0<b><strong data-start=\"609\" data-end=\"634\">codziennych trening\u00f3w<\/strong><\/b>,<\/li>\n<li data-start=\"638\" data-end=\"659\">na\u00a0<b><strong data-start=\"643\" data-end=\"656\">spacerach<\/strong><\/b>,<\/li>\n<li data-start=\"660\" data-end=\"710\">jako\u00a0<b><strong data-start=\"667\" data-end=\"694\">szybka i zdrowa nagroda<\/strong><\/b>\u00a0w ci\u0105gu dnia.<\/li>\n<\/ul>\n<p data-start=\"712\" data-end=\"831\">Ka\u017cda kosteczka to lekka, warto\u015bciowa porcja energii i sk\u0142adnik\u00f3w od\u017cywczych, kt\u00f3re wspieraj\u0105 zdrowie i kondycj\u0119 psa.<\/p>\n<p data-start=\"712\" data-end=\"831\">\n<h2 data-start=\"879\" data-end=\"935\"><b><strong data-start=\"885\" data-end=\"933\">Dlaczego warto kupi\u0107 ChrupSterki z ba\u017cantem?<\/strong><\/b><\/h2>\n<p data-start=\"937\" data-end=\"1525\">\u2705\u00a0<b><strong data-start=\"939\" data-end=\"966\">Pe\u0142nowarto\u015bciowe bia\u0142ko<\/strong><\/b>\u00a0\u2013 wspiera rozw\u00f3j mi\u0119\u015bni i procesy regeneracyjne.<br data-start=\"1015\" data-end=\"1018\" \/>\u2705\u00a0<b><strong data-start=\"1020\" data-end=\"1035\">Chude mi\u0119so<\/strong><\/b>\u00a0\u2013 niska zawarto\u015b\u0107 t\u0142uszczu i kalorii, idealne dla ps\u00f3w na diecie.<br data-start=\"1101\" data-end=\"1104\" \/>\u2705\u00a0<b><strong data-start=\"1106\" data-end=\"1158\">\u0179r\u00f3d\u0142o \u017celaza, magnezu, miedzi, wapnia i fosforu<\/strong><\/b>\u00a0\u2013 mocne ko\u015bci, zdrowa krew i prawid\u0142owa praca serca.<br data-start=\"1211\" data-end=\"1214\" \/>\u2705\u00a0<b><strong data-start=\"1216\" data-end=\"1249\">Witamina A, biotyna i niacyna<\/strong><\/b>\u00a0\u2013 wspieraj\u0105 odporno\u015b\u0107, kondycj\u0119 sk\u00f3ry i l\u015bni\u0105c\u0105 sier\u015b\u0107.<br data-start=\"1305\" data-end=\"1308\" \/>\u2705\u00a0<b><strong data-start=\"1310\" data-end=\"1330\">Bez w\u0119glowodan\u00f3w<\/strong><\/b>\u00a0\u2013 \u015bwietne dla ps\u00f3w z nadwag\u0105 lub w trakcie odchudzania.<br data-start=\"1386\" data-end=\"1389\" \/>\u2705\u00a0<b><strong data-start=\"1391\" data-end=\"1417\">Monobia\u0142kowa receptura<\/strong><\/b>\u00a0\u2013 bezpieczna dla psich alergik\u00f3w.<br data-start=\"1451\" data-end=\"1454\" \/>\u2705\u00a0<b><strong data-start=\"1456\" data-end=\"1483\">Ma\u0142e, mi\u0119kkie kosteczki<\/strong><\/b>\u00a0\u2013 wygodne do podania w ka\u017cdej sytuacji.<\/p>\n<h2 data-start=\"689\" data-end=\"743\"><\/h2>\n<h2 data-start=\"1532\" data-end=\"1576\"><b><strong data-start=\"1538\" data-end=\"1574\">Korzy\u015bci mi\u0119sa z ba\u017canta dla psa<\/strong><\/b><\/h2>\n<ul data-start=\"1578\" data-end=\"1854\">\n<li data-start=\"1578\" data-end=\"1625\">wspiera\u00a0<b><strong data-start=\"1588\" data-end=\"1622\">prac\u0119 m\u00f3zgu i uk\u0142adu nerwowego<\/strong><\/b>,<\/li>\n<li data-start=\"1626\" data-end=\"1666\">wzmacnia\u00a0<b><strong data-start=\"1637\" data-end=\"1663\">odporno\u015b\u0107 i metabolizm<\/strong><\/b>,<\/li>\n<li data-start=\"1667\" data-end=\"1730\">poprawia kondycj\u0119 sk\u00f3ry i nadaje sier\u015bci\u00a0<b><strong data-start=\"1710\" data-end=\"1727\">zdrowy po\u0142ysk<\/strong><\/b>,<\/li>\n<li data-start=\"1731\" data-end=\"1806\">lekkostrawne \u2013 odpowiednie dla ps\u00f3w z\u00a0<b><strong data-start=\"1771\" data-end=\"1803\">wra\u017cliwym uk\u0142adem pokarmowym<\/strong><\/b>,<\/li>\n<li data-start=\"1807\" data-end=\"1854\">doskona\u0142e dla ps\u00f3w z\u00a0<b><strong data-start=\"1830\" data-end=\"1851\">alergi\u0105 pokarmow\u0105<\/strong><\/b>.<\/li>\n<\/ul>\n<h2 data-start=\"1319\" data-end=\"1367\"><\/h2>\n<h1 data-start=\"1960\" data-end=\"2033\"><b><strong data-start=\"1962\" data-end=\"2031\">Dlaczego Tw\u00f3j pies pokocha ChrupSterki od BaffiDi<\/strong><\/b><\/h1>\n<p data-start=\"891\" data-end=\"1313\">\u2705\u00a0<b><strong data-start=\"893\" data-end=\"927\">Ma\u0142e kosteczki \u2013 wielka rado\u015b\u0107<\/strong><\/b>\u00a0\u2013 idealne do nagradzania w ka\u017cdej chwili.<br data-start=\"969\" data-end=\"972\" \/>\u2705\u00a0<b><strong data-start=\"974\" data-end=\"993\">Naturalny sk\u0142ad<\/strong><\/b>\u00a0\u2013 bez sztucznych dodatk\u00f3w i konserwant\u00f3w.<br data-start=\"1035\" data-end=\"1038\" \/>\u2705\u00a0<b><strong data-start=\"1040\" data-end=\"1062\">Wysoka smakowito\u015b\u0107<\/strong><\/b>\u00a0\u2013 psy uwielbiaj\u0105 ich intensywny aromat.<br data-start=\"1102\" data-end=\"1105\" \/>\u2705\u00a0<b><strong data-start=\"1107\" data-end=\"1129\">\u015awie\u017co\u015b\u0107 na d\u0142u\u017cej<\/strong><\/b>\u00a0\u2013 szczelne opakowanie utrzymuje mi\u0119kko\u015b\u0107 i zapach przysmak\u00f3w.<br data-start=\"1191\" data-end=\"1194\" \/>\u2705\u00a0<b><strong data-start=\"1196\" data-end=\"1216\">Wsparcie zdrowia<\/strong><\/b>\u00a0\u2013 lekkostrawne, niskot\u0142uszczowe, odpowiednie tak\u017ce dla ps\u00f3w z nadwag\u0105 czy wra\u017cliwym \u017co\u0142\u0105dkiem.<\/p>\n<p data-start=\"615\" data-end=\"1126\">\n<h1 data-start=\"1861\" data-end=\"1928\"><b><strong data-start=\"1865\" data-end=\"1926\">ChrupSterki z ba\u017cantem \u2013 zdrowa nagroda w unikalnym smaku<\/strong><\/b><\/h1>\n<p data-start=\"1930\" data-end=\"2141\">Naturalne, lekkie i pe\u0142ne warto\u015bci od\u017cywczych \u2013 takie w\u0142a\u015bnie s\u0105\u00a0<b><strong data-start=\"1995\" data-end=\"2021\">ChrupSterki od BaffiDi<\/strong><\/b>. Dzi\u0119ki wyj\u0105tkowemu mi\u0119su z ba\u017canta Tw\u00f3j pies otrzymuje nie tylko pyszn\u0105 nagrod\u0119, ale tak\u017ce porcj\u0119 zdrowia i energii.<\/p>\n<p data-start=\"2143\" data-end=\"2303\">Podaruj swojemu pupilowi\u00a0<b><strong data-start=\"2171\" data-end=\"2204\">smak, kt\u00f3rego jeszcze nie zna<\/strong><\/b>\u00a0\u2013 wybierz\u00a0<b><strong data-start=\"2215\" data-end=\"2241\">ChrupSterki z ba\u017cantem<\/strong><\/b>\u00a0i spraw, by ka\u017cdy trening sta\u0142 si\u0119 prawdziw\u0105 przyjemno\u015bci\u0105!<\/p>\n<h1 data-start=\"1722\" data-end=\"1791\"><\/h1>\n<p><b><strong>Sk\u0142ad:<\/strong><\/b><\/p>\n<p>Ba\u017cant 92% (Mi\u0119so 50%, Podroby, chrz\u0105stki, ko\u015bci 42%), Gliceryna 4%, Skrobia ziemniaczana 4%<\/p>\n<p>&nbsp;<\/p>\n<p><b><strong>Analiza chemiczna:<\/strong><\/b><\/p>\n<p>bia\u0142ko \u2013 51,3%, t\u0142uszcz \u2013 17,4%, w\u0142\u00f3kno surowe \u2013 3,8%, popi\u00f3\u0142 \u2013 16,1%, wilgotno\u015b\u0107 \u2013 9%<\/p>\n","protected":false},"excerpt":{"rendered":"<p style=\"font-weight: 400;\"><b><strong data-start=\"60\" data-end=\"98\">ChrupSterki\u00a0z ba\u017cantem\u00a0od BaffiDi \u2013 Naturalne przysmaki treningowe dla psa\u00a0\u2013 Ma\u0142e kosteczki \u2013 wielka rado\u015b\u0107!<\/strong><\/b><\/p>\n<p style=\"font-weight: 400;\" data-start=\"331\" data-end=\"573\">Chcesz, aby trening Twojego psa by\u0142 jednocze\u015bnie\u00a0<b><strong data-start=\"380\" data-end=\"409\">skuteczny i pe\u0142en rado\u015bci<\/strong><\/b>?\u00a0<b><strong data-start=\"413\" data-end=\"450\">ChrupSterki\u00a0z ba\u017cantem\u00a0od BaffiDi<\/strong><\/b>\u00a0to w 100% naturalne, aromatyczne trenerki w formie ma\u0142ych kosteczek.\u00a0Delikatne, lekkostrawne i pe\u0142ne warto\u015bci od\u017cywczych \u2013 idealne nawet dla najbardziej wymagaj\u0105cych pupili.<\/p>\n","protected":false},"featured_media":24431,"template":"","meta":{"site-sidebar-layout":"default","site-content-layout":"","ast-site-content-layout":"default","site-content-style":"default","site-sidebar-style":"default","ast-global-header-display":"","ast-banner-title-visibility":"","ast-main-header-display":"","ast-hfb-above-header-display":"","ast-hfb-below-header-display":"","ast-hfb-mobile-header-display":"","site-post-title":"","ast-breadcrumbs-content":"","ast-featured-img":"","footer-sml-layout":"","ast-disable-related-posts":"","theme-transparent-header-meta":"default","adv-header-id-meta":"","stick-header-meta":"","header-above-stick-meta":"","header-main-stick-meta":"","header-below-stick-meta":"","astra-migrate-meta-layouts":"set","ast-page-background-enabled":"default","ast-page-background-meta":{"desktop":{"background-color":"","background-image":"","background-repeat":"repeat","background-position":"center center","background-size":"auto","background-attachment":"scroll","background-type":"","background-media":"","overlay-type":"","overlay-color":"","overlay-opacity":"","overlay-gradient":""},"tablet":{"background-color":"","background-image":"","background-repeat":"repeat","background-position":"center center","background-size":"auto","background-attachment":"scroll","background-type":"","background-media":"","overlay-type":"","overlay-color":"","overlay-opacity":"","overlay-gradient":""},"mobile":{"background-color":"","background-image":"","background-repeat":"repeat","background-position":"center center","background-size":"auto","background-attachment":"scroll","background-type":"","background-media":"","overlay-type":"","overlay-color":"","overlay-opacity":"","overlay-gradient":""}},"ast-content-background-meta":{"desktop":{"background-color":"var(--ast-global-color-5)","background-image":"","background-repeat":"repeat","background-position":"center center","background-size":"auto","background-attachment":"scroll","background-type":"","background-media":"","overlay-type":"","overlay-color":"","overlay-opacity":"","overlay-gradient":""},"tablet":{"background-color":"var(--ast-global-color-5)","background-image":"","background-repeat":"repeat","background-position":"center center","background-size":"auto","background-attachment":"scroll","background-type":"","background-media":"","overlay-type":"","overlay-color":"","overlay-opacity":"","overlay-gradient":""},"mobile":{"background-color":"var(--ast-global-color-5)","background-image":"","background-repeat":"repeat","background-position":"center center","background-size":"auto","background-attachment":"scroll","background-type":"","background-media":"","overlay-type":"","overlay-color":"","overlay-opacity":"","overlay-gradient":""}}},"product_brand":[],"product_cat":[85,159,170],"product_tag":[],"class_list":{"0":"post-24445","1":"product","2":"type-product","3":"status-publish","4":"has-post-thumbnail","6":"product_cat-dlapsa","7":"product_cat-smakolyki","8":"product_cat-przysmaki","9":"desktop-align-left","10":"tablet-align-left","11":"mobile-align-left","13":"first","14":"instock","15":"taxable","16":"shipping-taxable","17":"purchasable","18":"product-type-simple"},"jetpack_sharing_enabled":true,"_links":{"self":[{"href":"https:\/\/mooncraft.com.pl\/index.php?rest_route=\/wp\/v2\/product\/24445","targetHints":{"allow":["GET"]}}],"collection":[{"href":"https:\/\/mooncraft.com.pl\/index.php?rest_route=\/wp\/v2\/product"}],"about":[{"href":"https:\/\/mooncraft.com.pl\/index.php?rest_route=\/wp\/v2\/types\/product"}],"wp:featuredmedia":[{"embeddable":true,"href":"https:\/\/mooncraft.com.pl\/index.php?rest_route=\/wp\/v2\/media\/24431"}],"wp:attachment":[{"href":"https:\/\/mooncraft.com.pl\/index.php?rest_route=%2Fwp%2Fv2%2Fmedia&parent=24445"}],"wp:term":[{"taxonomy":"product_brand","embeddable":true,"href":"https:\/\/mooncraft.com.pl\/index.php?rest_route=%2Fwp%2Fv2%2Fproduct_brand&post=24445"},{"taxonomy":"product_cat","embeddable":true,"href":"https:\/\/mooncraft.com.pl\/index.php?rest_route=%2Fwp%2Fv2%2Fproduct_cat&post=24445"},{"taxonomy":"product_tag","embeddable":true,"href":"https:\/\/mooncraft.com.pl\/index.php?rest_route=%2Fwp%2Fv2%2Fproduct_tag&post=24445"}],"curies":[{"name":"wp","href":"https:\/\/api.w.org\/{rel}","templated":true}]}}