{"id":24443,"date":"2026-05-13T17:08:17","date_gmt":"2026-05-13T17:08:17","guid":{"rendered":"https:\/\/mooncraft.com.pl\/?post_type=product&#038;p=24443"},"modified":"2026-05-13T17:11:14","modified_gmt":"2026-05-13T17:11:14","slug":"baffidi-chrupsterki-dla-psa-kaczka-90g","status":"publish","type":"product","link":"https:\/\/mooncraft.com.pl\/?product=baffidi-chrupsterki-dla-psa-kaczka-90g","title":{"rendered":"BAFFIDI &#8211; ChrupSterki dla psa &#8211; kaczka 90g"},"content":{"rendered":"<p data-start=\"561\" data-end=\"598\">Dzi\u0119ki por\u0119cznej formie s\u0105 idealne:<\/p>\n<ul data-start=\"599\" data-end=\"710\">\n<li data-start=\"599\" data-end=\"637\">podczas\u00a0<b><strong data-start=\"609\" data-end=\"634\">codziennych trening\u00f3w<\/strong><\/b>,<\/li>\n<li data-start=\"638\" data-end=\"659\">na\u00a0<b><strong data-start=\"643\" data-end=\"656\">spacerach<\/strong><\/b>,<\/li>\n<li data-start=\"660\" data-end=\"710\">jako\u00a0<b><strong data-start=\"667\" data-end=\"694\">szybka i zdrowa nagroda<\/strong><\/b>\u00a0w ci\u0105gu dnia.<\/li>\n<\/ul>\n<p data-start=\"712\" data-end=\"831\">Ka\u017cda kosteczka to lekka, warto\u015bciowa porcja energii i sk\u0142adnik\u00f3w od\u017cywczych, kt\u00f3re wspieraj\u0105 zdrowie i kondycj\u0119 psa.<\/p>\n<p data-start=\"712\" data-end=\"831\">\n<h2 data-start=\"689\" data-end=\"743\"><b><strong data-start=\"695\" data-end=\"741\">Dlaczego warto kupi\u0107 ChrupSterki z kaczk\u0105?<\/strong><\/b><\/h2>\n<p data-start=\"745\" data-end=\"1312\">\u2705\u00a0<b><strong data-start=\"747\" data-end=\"774\">Naturalne \u017ar\u00f3d\u0142o bia\u0142ka<\/strong><\/b>\u00a0\u2013 lekkostrawne i hipoalergiczne, odpowiednie dla ps\u00f3w wra\u017cliwych.<br data-start=\"840\" data-end=\"843\" \/>\u2705\u00a0<b><strong data-start=\"845\" data-end=\"874\">Bogactwo witamin A, C i E<\/strong><\/b>\u00a0\u2013 wzmacniaj\u0105 odporno\u015b\u0107 i chroni\u0105 kom\u00f3rki przed wolnymi rodnikami.<br data-start=\"940\" data-end=\"943\" \/>\u2705\u00a0<b><strong data-start=\"945\" data-end=\"968\">Wap\u0144, fosfor i cynk<\/strong><\/b>\u00a0\u2013 wspieraj\u0105 mocne ko\u015bci, stawy i z\u0119by.<br data-start=\"1007\" data-end=\"1010\" \/>\u2705\u00a0<b><strong data-start=\"1012\" data-end=\"1031\">Zdrowe t\u0142uszcze<\/strong><\/b>\u00a0\u2013 jedno- i wielonienasycone kwasy t\u0142uszczowe dbaj\u0105 o serce i dostarczaj\u0105 energii podczas treningu.<br data-start=\"1130\" data-end=\"1133\" \/>\u2705\u00a0<b><strong data-start=\"1135\" data-end=\"1161\">Monobia\u0142kowa receptura<\/strong><\/b>\u00a0\u2013 bezpieczna dla alergik\u00f3w i ps\u00f3w z wra\u017cliwym uk\u0142adem pokarmowym.<br data-start=\"1227\" data-end=\"1230\" \/>\u2705\u00a0<b><strong data-start=\"1232\" data-end=\"1266\">Wygodna forma ma\u0142ych kosteczek<\/strong><\/b>\u00a0\u2013 idealne do nagradzania w ka\u017cdej sytuacji.<\/p>\n<p data-start=\"745\" data-end=\"1269\">\n<h2 data-start=\"1319\" data-end=\"1367\"><b><strong data-start=\"1325\" data-end=\"1365\">Korzy\u015bci mi\u0119sa z kaczki w diecie psa<\/strong><\/b><\/h2>\n<ul data-start=\"1369\" data-end=\"1667\">\n<li data-start=\"1369\" data-end=\"1431\">wspiera\u00a0<b><strong data-start=\"1379\" data-end=\"1402\">uk\u0142ad odporno\u015bciowy<\/strong><\/b>\u00a0dzi\u0119ki witaminom A, C i E,<\/li>\n<li data-start=\"1432\" data-end=\"1498\">dostarcza\u00a0<b><strong data-start=\"1444\" data-end=\"1470\">energii i chroni serce<\/strong><\/b>\u00a0dzi\u0119ki zdrowym t\u0142uszczom,<\/li>\n<li data-start=\"1499\" data-end=\"1550\">sprzyja\u00a0<b><strong data-start=\"1509\" data-end=\"1547\">prawid\u0142owej pracy uk\u0142adu nerwowego<\/strong><\/b>,<\/li>\n<li data-start=\"1551\" data-end=\"1595\">u\u0142atwia\u00a0<b><strong data-start=\"1561\" data-end=\"1592\">trawienie i odci\u0105\u017ca \u017co\u0142\u0105dek<\/strong><\/b>,<\/li>\n<li data-start=\"1596\" data-end=\"1667\">pomaga utrzyma\u0107 psa w\u00a0<b><strong data-start=\"1620\" data-end=\"1664\">\u015bwietnej kondycji na ka\u017cdym etapie \u017cycia<\/strong><\/b>.<\/li>\n<\/ul>\n<p>&nbsp;<\/p>\n<h1 data-start=\"1960\" data-end=\"2033\"><b><strong data-start=\"1962\" data-end=\"2031\">Dlaczego Tw\u00f3j pies pokocha ChrupSterki od BaffiDi<\/strong><\/b><\/h1>\n<p data-start=\"891\" data-end=\"1313\">\u2705\u00a0<b><strong data-start=\"893\" data-end=\"927\">Ma\u0142e kosteczki \u2013 wielka rado\u015b\u0107<\/strong><\/b>\u00a0\u2013 idealne do nagradzania w ka\u017cdej chwili.<br data-start=\"969\" data-end=\"972\" \/>\u2705\u00a0<b><strong data-start=\"974\" data-end=\"993\">Naturalny sk\u0142ad<\/strong><\/b>\u00a0\u2013 bez sztucznych dodatk\u00f3w i konserwant\u00f3w.<br data-start=\"1035\" data-end=\"1038\" \/>\u2705\u00a0<b><strong data-start=\"1040\" data-end=\"1062\">Wysoka smakowito\u015b\u0107<\/strong><\/b>\u00a0\u2013 psy uwielbiaj\u0105 ich intensywny aromat.<br data-start=\"1102\" data-end=\"1105\" \/>\u2705\u00a0<b><strong data-start=\"1107\" data-end=\"1129\">\u015awie\u017co\u015b\u0107 na d\u0142u\u017cej<\/strong><\/b>\u00a0\u2013 szczelne opakowanie utrzymuje mi\u0119kko\u015b\u0107 i zapach przysmak\u00f3w.<br data-start=\"1191\" data-end=\"1194\" \/>\u2705\u00a0<b><strong data-start=\"1196\" data-end=\"1216\">Wsparcie zdrowia<\/strong><\/b>\u00a0\u2013 lekkostrawne, niskot\u0142uszczowe, odpowiednie tak\u017ce dla ps\u00f3w z nadwag\u0105 czy wra\u017cliwym \u017co\u0142\u0105dkiem.<\/p>\n<p data-start=\"615\" data-end=\"1126\">\n<h1 data-start=\"1674\" data-end=\"1735\"><b><strong data-start=\"1678\" data-end=\"1733\">ChrupSterki z kaczk\u0105 \u2013 zdrowa motywacja pe\u0142na smaku<\/strong><\/b><\/h1>\n<p data-start=\"1737\" data-end=\"1946\">Dzi\u0119ki\u00a0<b><strong data-start=\"1744\" data-end=\"1771\">ChrupSterkom od BaffiDi<\/strong><\/b>\u00a0ka\u017cdy trening stanie si\u0119 przyjemno\u015bci\u0105, a nagradzanie psa b\u0119dzie proste, zdrowe i bezpieczne. To naturalna przek\u0105ska, kt\u00f3ra \u0142\u0105czy smak, warto\u015bci od\u017cywcze i wygod\u0119 w jednym.<\/p>\n<p data-start=\"1948\" data-end=\"2084\">Podaruj swojemu pupilowi\u00a0<b><strong data-start=\"1976\" data-end=\"2016\">zdrow\u0105 nagrod\u0119 z aromatycznej kaczki<\/strong><\/b>\u00a0i spraw, by codzienna nauka i zabawa by\u0142y jeszcze przyjemniejsze!<\/p>\n<p>&nbsp;<\/p>\n<p><b><strong>Sk\u0142ad:<\/strong><\/b><\/p>\n<p>Kaczka 92% (Mi\u0119so 50%, Podroby, chrz\u0105stki, ko\u015bci 42%), Gliceryna 4%, Skrobia ziemniaczana 4%<\/p>\n<p>&nbsp;<\/p>\n<p><b><strong>Analiza chemiczna:<\/strong><\/b><\/p>\n<p>bia\u0142ko \u2013 40,4%, t\u0142uszcz \u2013 20,4%, w\u0142\u00f3kno surowe \u2013 4,9%, popi\u00f3\u0142 \u2013 10,6%, wilgotno\u015b\u0107 \u2013 9,9%<\/p>\n","protected":false},"excerpt":{"rendered":"<p style=\"font-weight: 400;\"><b><strong data-start=\"60\" data-end=\"98\">ChrupSterki z kaczk\u0105 od BaffiDi \u2013 Naturalne przysmaki treningowe dla psa\u00a0\u2013 Ma\u0142e kosteczki \u2013 wielka rado\u015b\u0107!<\/strong><\/b><\/p>\n<p style=\"font-weight: 400;\" data-start=\"331\" data-end=\"573\">Chcesz, aby trening Twojego psa by\u0142 jednocze\u015bnie\u00a0<b><strong data-start=\"380\" data-end=\"409\">skuteczny i pe\u0142en rado\u015bci<\/strong><\/b>?\u00a0<b><strong data-start=\"413\" data-end=\"450\">ChrupSterki z indykiem od BaffiDi<\/strong><\/b>\u00a0to w 100% naturalne, aromatyczne trenerki w formie ma\u0142ych kosteczek. Ich intensywny aromat i wyj\u0105tkowy smak sprawi\u0105, \u017ce Tw\u00f3j pies pokocha je od pierwszego k\u0119sa!<\/p>\n","protected":false},"featured_media":24436,"template":"","meta":{"site-sidebar-layout":"default","site-content-layout":"","ast-site-content-layout":"default","site-content-style":"default","site-sidebar-style":"default","ast-global-header-display":"","ast-banner-title-visibility":"","ast-main-header-display":"","ast-hfb-above-header-display":"","ast-hfb-below-header-display":"","ast-hfb-mobile-header-display":"","site-post-title":"","ast-breadcrumbs-content":"","ast-featured-img":"","footer-sml-layout":"","ast-disable-related-posts":"","theme-transparent-header-meta":"default","adv-header-id-meta":"","stick-header-meta":"","header-above-stick-meta":"","header-main-stick-meta":"","header-below-stick-meta":"","astra-migrate-meta-layouts":"set","ast-page-background-enabled":"default","ast-page-background-meta":{"desktop":{"background-color":"","background-image":"","background-repeat":"repeat","background-position":"center center","background-size":"auto","background-attachment":"scroll","background-type":"","background-media":"","overlay-type":"","overlay-color":"","overlay-opacity":"","overlay-gradient":""},"tablet":{"background-color":"","background-image":"","background-repeat":"repeat","background-position":"center center","background-size":"auto","background-attachment":"scroll","background-type":"","background-media":"","overlay-type":"","overlay-color":"","overlay-opacity":"","overlay-gradient":""},"mobile":{"background-color":"","background-image":"","background-repeat":"repeat","background-position":"center center","background-size":"auto","background-attachment":"scroll","background-type":"","background-media":"","overlay-type":"","overlay-color":"","overlay-opacity":"","overlay-gradient":""}},"ast-content-background-meta":{"desktop":{"background-color":"var(--ast-global-color-5)","background-image":"","background-repeat":"repeat","background-position":"center center","background-size":"auto","background-attachment":"scroll","background-type":"","background-media":"","overlay-type":"","overlay-color":"","overlay-opacity":"","overlay-gradient":""},"tablet":{"background-color":"var(--ast-global-color-5)","background-image":"","background-repeat":"repeat","background-position":"center center","background-size":"auto","background-attachment":"scroll","background-type":"","background-media":"","overlay-type":"","overlay-color":"","overlay-opacity":"","overlay-gradient":""},"mobile":{"background-color":"var(--ast-global-color-5)","background-image":"","background-repeat":"repeat","background-position":"center center","background-size":"auto","background-attachment":"scroll","background-type":"","background-media":"","overlay-type":"","overlay-color":"","overlay-opacity":"","overlay-gradient":""}}},"product_brand":[],"product_cat":[85,159,170],"product_tag":[],"class_list":{"0":"post-24443","1":"product","2":"type-product","3":"status-publish","4":"has-post-thumbnail","6":"product_cat-dlapsa","7":"product_cat-smakolyki","8":"product_cat-przysmaki","9":"desktop-align-left","10":"tablet-align-left","11":"mobile-align-left","13":"first","14":"instock","15":"taxable","16":"shipping-taxable","17":"purchasable","18":"product-type-simple"},"jetpack_sharing_enabled":true,"_links":{"self":[{"href":"https:\/\/mooncraft.com.pl\/index.php?rest_route=\/wp\/v2\/product\/24443","targetHints":{"allow":["GET"]}}],"collection":[{"href":"https:\/\/mooncraft.com.pl\/index.php?rest_route=\/wp\/v2\/product"}],"about":[{"href":"https:\/\/mooncraft.com.pl\/index.php?rest_route=\/wp\/v2\/types\/product"}],"wp:featuredmedia":[{"embeddable":true,"href":"https:\/\/mooncraft.com.pl\/index.php?rest_route=\/wp\/v2\/media\/24436"}],"wp:attachment":[{"href":"https:\/\/mooncraft.com.pl\/index.php?rest_route=%2Fwp%2Fv2%2Fmedia&parent=24443"}],"wp:term":[{"taxonomy":"product_brand","embeddable":true,"href":"https:\/\/mooncraft.com.pl\/index.php?rest_route=%2Fwp%2Fv2%2Fproduct_brand&post=24443"},{"taxonomy":"product_cat","embeddable":true,"href":"https:\/\/mooncraft.com.pl\/index.php?rest_route=%2Fwp%2Fv2%2Fproduct_cat&post=24443"},{"taxonomy":"product_tag","embeddable":true,"href":"https:\/\/mooncraft.com.pl\/index.php?rest_route=%2Fwp%2Fv2%2Fproduct_tag&post=24443"}],"curies":[{"name":"wp","href":"https:\/\/api.w.org\/{rel}","templated":true}]}}