{"id":24309,"date":"2026-05-09T18:00:38","date_gmt":"2026-05-09T18:00:38","guid":{"rendered":"https:\/\/mooncraft.com.pl\/?post_type=product&#038;p=24309"},"modified":"2026-05-09T18:00:38","modified_gmt":"2026-05-09T18:00:38","slug":"torebka-wega-ekoskora-kwiatowa-drukowana","status":"publish","type":"product","link":"https:\/\/mooncraft.com.pl\/?product=torebka-wega-ekoskora-kwiatowa-drukowana","title":{"rendered":"Torebka Wega &#8211; Ekosk\u00f3ra Kwiatowa Drukowana"},"content":{"rendered":"<div class=\"o9v6fnle cxmmr5t8 oygrvhab hcukyx3x c1et5uql\">\n<div class=\"o9v6fnle cxmmr5t8 oygrvhab hcukyx3x c1et5uql\">\n<p>WYMIARY:<\/p>\n<ul>\n<li>wysoko\u015b\u0107: 16 cm<\/li>\n<li>szeroko\u015b\u0107: 25 cm<\/li>\n<li>g\u0142\u0119boko\u015b\u0107: 5 cm<\/li>\n<li>regulacja paska (obw\u00f3d mierzony ju\u017c razem z nerk\u0105) 113cm-165cm<\/li>\n<\/ul>\n<p>Z zewn\u0105trz tkanina ekosk\u00f3ra drukowana<\/p>\n<p><span style=\"font-size: 16px;\">Klapka z ekosk\u00f3ry zamykana na magnes<\/span><\/p>\n<p>Podszewka z materia\u0142u wodoodpornego<\/p>\n<p>Nerka jest usztywniona, zachowuje sw\u00f3j kszta\u0142t, nie jest flaczkowata<\/p>\n<\/div>\n<div>Pasek bawe\u0142niany , mi\u0142y w dotyku<\/div>\n<div><\/div>\n<p>Produkt\u00a0 wyprzeda\u017cy nie podlega zwrotowi, prosz\u0119 o przemy\u015blane zakupy<\/p>\n<p>W razie w\u0105tpliwo\u015bci mo\u017cna pisa\u0107 na priv dopyta\u0107 o produkt \ud83d\ude42<\/p>\n<\/div>\n","protected":false},"excerpt":{"rendered":"<p>POJEDYNCZE SZTUKI<\/p>\n<p>Produkty z wyprzeda\u017cy s\u0105 nowe, w pe\u0142ni sprawne.<\/p>\n<p>Cena wyj\u015bciowa to najni\u017csza cena w ci\u0105gu ostatnich 30dni<\/p>\n<p>Je\u015bli w koszyku znajduj\u0105 si\u0119 produkty tylko z zak\u0142adek : OUTLET \/ DOST\u0118PNE OD R\u0118KI \/ SMAKO\u0141YKI &#8211; wysy\u0142am paczk\u0119 w ci\u0105gu 3 dni roboczych.<\/p>\n<p>Je\u015bli w koszyku pojawi\u0105 si\u0119 r\u00f3wnie\u017c produkty z pozosta\u0142ych zak\u0142adek, realizacja trwa do 14 dni roboczych i paczka jest wysy\u0142ana jedna ze wszystkimi produktami.<\/p>\n","protected":false},"featured_media":24192,"template":"","meta":{"site-sidebar-layout":"default","site-content-layout":"default","ast-site-content-layout":"default","site-content-style":"default","site-sidebar-style":"default","ast-global-header-display":"","ast-banner-title-visibility":"","ast-main-header-display":"","ast-hfb-above-header-display":"","ast-hfb-below-header-display":"","ast-hfb-mobile-header-display":"","site-post-title":"","ast-breadcrumbs-content":"","ast-featured-img":"","footer-sml-layout":"","ast-disable-related-posts":"","theme-transparent-header-meta":"default","adv-header-id-meta":"","stick-header-meta":"","header-above-stick-meta":"","header-main-stick-meta":"","header-below-stick-meta":"","astra-migrate-meta-layouts":"set","ast-page-background-enabled":"default","ast-page-background-meta":{"desktop":{"background-color":"","background-image":"","background-repeat":"repeat","background-position":"center center","background-size":"auto","background-attachment":"scroll","background-type":"","background-media":"","overlay-type":"","overlay-color":"","overlay-opacity":"","overlay-gradient":""},"tablet":{"background-color":"","background-image":"","background-repeat":"repeat","background-position":"center center","background-size":"auto","background-attachment":"scroll","background-type":"","background-media":"","overlay-type":"","overlay-color":"","overlay-opacity":"","overlay-gradient":""},"mobile":{"background-color":"","background-image":"","background-repeat":"repeat","background-position":"center center","background-size":"auto","background-attachment":"scroll","background-type":"","background-media":"","overlay-type":"","overlay-color":"","overlay-opacity":"","overlay-gradient":""}},"ast-content-background-meta":{"desktop":{"background-color":"var(--ast-global-color-5)","background-image":"","background-repeat":"repeat","background-position":"center center","background-size":"auto","background-attachment":"scroll","background-type":"","background-media":"","overlay-type":"","overlay-color":"","overlay-opacity":"","overlay-gradient":""},"tablet":{"background-color":"var(--ast-global-color-5)","background-image":"","background-repeat":"repeat","background-position":"center center","background-size":"auto","background-attachment":"scroll","background-type":"","background-media":"","overlay-type":"","overlay-color":"","overlay-opacity":"","overlay-gradient":""},"mobile":{"background-color":"var(--ast-global-color-5)","background-image":"","background-repeat":"repeat","background-position":"center center","background-size":"auto","background-attachment":"scroll","background-type":"","background-media":"","overlay-type":"","overlay-color":"","overlay-opacity":"","overlay-gradient":""}}},"product_brand":[],"product_cat":[128],"product_tag":[],"class_list":{"0":"post-24309","1":"product","2":"type-product","3":"status-publish","4":"has-post-thumbnail","6":"product_cat-outlet","7":"desktop-align-left","8":"tablet-align-left","9":"mobile-align-left","11":"first","12":"instock","13":"sale","14":"featured","15":"taxable","16":"shipping-taxable","17":"purchasable","18":"product-type-simple"},"jetpack_sharing_enabled":true,"_links":{"self":[{"href":"https:\/\/mooncraft.com.pl\/index.php?rest_route=\/wp\/v2\/product\/24309","targetHints":{"allow":["GET"]}}],"collection":[{"href":"https:\/\/mooncraft.com.pl\/index.php?rest_route=\/wp\/v2\/product"}],"about":[{"href":"https:\/\/mooncraft.com.pl\/index.php?rest_route=\/wp\/v2\/types\/product"}],"wp:featuredmedia":[{"embeddable":true,"href":"https:\/\/mooncraft.com.pl\/index.php?rest_route=\/wp\/v2\/media\/24192"}],"wp:attachment":[{"href":"https:\/\/mooncraft.com.pl\/index.php?rest_route=%2Fwp%2Fv2%2Fmedia&parent=24309"}],"wp:term":[{"taxonomy":"product_brand","embeddable":true,"href":"https:\/\/mooncraft.com.pl\/index.php?rest_route=%2Fwp%2Fv2%2Fproduct_brand&post=24309"},{"taxonomy":"product_cat","embeddable":true,"href":"https:\/\/mooncraft.com.pl\/index.php?rest_route=%2Fwp%2Fv2%2Fproduct_cat&post=24309"},{"taxonomy":"product_tag","embeddable":true,"href":"https:\/\/mooncraft.com.pl\/index.php?rest_route=%2Fwp%2Fv2%2Fproduct_tag&post=24309"}],"curies":[{"name":"wp","href":"https:\/\/api.w.org\/{rel}","templated":true}]}}