{"id":24246,"date":"2026-05-09T18:01:29","date_gmt":"2026-05-09T18:01:29","guid":{"rendered":"https:\/\/mooncraft.com.pl\/?post_type=product&#038;p=24246"},"modified":"2026-05-09T18:01:29","modified_gmt":"2026-05-09T18:01:29","slug":"maxi-saszetka-na-smakolyki-bwhite","status":"publish","type":"product","link":"https:\/\/mooncraft.com.pl\/?product=maxi-saszetka-na-smakolyki-bwhite","title":{"rendered":"Maxi Saszetka na smako\u0142yki BWhite"},"content":{"rendered":"<p>Materia\u0142y wodoodporne, w \u015brodku podszewka wodoodporna<\/p>\n<p>Wygodny Karabi\u0144czyk Rybka<\/p>\n<p>Dodatkowo miejsce na przewleczenie paska<\/p>\n<p>zamykany na zaci\u0105gni\u0119cie gumosznurka<\/p>\n<p>wymiar:<\/p>\n<p>wysoko\u015b\u0107 cz\u0119\u015bci wzorzystej: 14cm,<\/p>\n<p>wysoko\u015b\u0107 ca\u0142o\u015bci razem z kominem oko\u0142o 19cm<\/p>\n<p>\u015brednica 10,5cm<\/p>\n<p>&nbsp;<\/p>\n<p>Produkt\u00a0 wyprzeda\u017cy nie podlega zwrotowi, prosz\u0119 o przemy\u015blane zakupy<\/p>\n<p>W razie w\u0105tpliwo\u015bci mo\u017cna pisa\u0107 na priv dopyta\u0107 o produkt \ud83d\ude42<\/p>\n","protected":false},"excerpt":{"rendered":"<p>POJEDYNCZE SZTUKI<\/p>\n<p>Produkty z wyprzeda\u017cy s\u0105 nowe, w pe\u0142ni sprawne.<\/p>\n<p>Cena wyj\u015bciowa to najni\u017csza cena w ci\u0105gu ostatnich 30dni<\/p>\n<p>Je\u015bli w koszyku znajduj\u0105 si\u0119 produkty tylko z zak\u0142adek : OUTLET \/ DOST\u0118PNE OD R\u0118KI \/ SMAKO\u0141YKI &#8211; wysy\u0142am paczk\u0119 w ci\u0105gu 3 dni roboczych.<\/p>\n<p>Je\u015bli w koszyku pojawi\u0105 si\u0119 r\u00f3wnie\u017c produkty z pozosta\u0142ych zak\u0142adek, realizacja trwa do 14 dni roboczych i paczka jest wysy\u0142ana jedna ze wszystkimi produktami.<\/p>\n","protected":false},"featured_media":24219,"template":"","meta":{"site-sidebar-layout":"default","site-content-layout":"","ast-site-content-layout":"default","site-content-style":"default","site-sidebar-style":"default","ast-global-header-display":"","ast-banner-title-visibility":"","ast-main-header-display":"","ast-hfb-above-header-display":"","ast-hfb-below-header-display":"","ast-hfb-mobile-header-display":"","site-post-title":"","ast-breadcrumbs-content":"","ast-featured-img":"","footer-sml-layout":"","ast-disable-related-posts":"","theme-transparent-header-meta":"default","adv-header-id-meta":"","stick-header-meta":"","header-above-stick-meta":"","header-main-stick-meta":"","header-below-stick-meta":"","astra-migrate-meta-layouts":"set","ast-page-background-enabled":"default","ast-page-background-meta":{"desktop":{"background-color":"","background-image":"","background-repeat":"repeat","background-position":"center center","background-size":"auto","background-attachment":"scroll","background-type":"","background-media":"","overlay-type":"","overlay-color":"","overlay-opacity":"","overlay-gradient":""},"tablet":{"background-color":"","background-image":"","background-repeat":"repeat","background-position":"center center","background-size":"auto","background-attachment":"scroll","background-type":"","background-media":"","overlay-type":"","overlay-color":"","overlay-opacity":"","overlay-gradient":""},"mobile":{"background-color":"","background-image":"","background-repeat":"repeat","background-position":"center center","background-size":"auto","background-attachment":"scroll","background-type":"","background-media":"","overlay-type":"","overlay-color":"","overlay-opacity":"","overlay-gradient":""}},"ast-content-background-meta":{"desktop":{"background-color":"var(--ast-global-color-5)","background-image":"","background-repeat":"repeat","background-position":"center center","background-size":"auto","background-attachment":"scroll","background-type":"","background-media":"","overlay-type":"","overlay-color":"","overlay-opacity":"","overlay-gradient":""},"tablet":{"background-color":"var(--ast-global-color-5)","background-image":"","background-repeat":"repeat","background-position":"center center","background-size":"auto","background-attachment":"scroll","background-type":"","background-media":"","overlay-type":"","overlay-color":"","overlay-opacity":"","overlay-gradient":""},"mobile":{"background-color":"var(--ast-global-color-5)","background-image":"","background-repeat":"repeat","background-position":"center center","background-size":"auto","background-attachment":"scroll","background-type":"","background-media":"","overlay-type":"","overlay-color":"","overlay-opacity":"","overlay-gradient":""}}},"product_brand":[],"product_cat":[128],"product_tag":[],"class_list":{"0":"post-24246","1":"product","2":"type-product","3":"status-publish","4":"has-post-thumbnail","6":"product_cat-outlet","7":"desktop-align-left","8":"tablet-align-left","9":"mobile-align-left","11":"first","12":"instock","13":"sale","14":"taxable","15":"shipping-taxable","16":"purchasable","17":"product-type-simple"},"jetpack_sharing_enabled":true,"_links":{"self":[{"href":"https:\/\/mooncraft.com.pl\/index.php?rest_route=\/wp\/v2\/product\/24246","targetHints":{"allow":["GET"]}}],"collection":[{"href":"https:\/\/mooncraft.com.pl\/index.php?rest_route=\/wp\/v2\/product"}],"about":[{"href":"https:\/\/mooncraft.com.pl\/index.php?rest_route=\/wp\/v2\/types\/product"}],"wp:featuredmedia":[{"embeddable":true,"href":"https:\/\/mooncraft.com.pl\/index.php?rest_route=\/wp\/v2\/media\/24219"}],"wp:attachment":[{"href":"https:\/\/mooncraft.com.pl\/index.php?rest_route=%2Fwp%2Fv2%2Fmedia&parent=24246"}],"wp:term":[{"taxonomy":"product_brand","embeddable":true,"href":"https:\/\/mooncraft.com.pl\/index.php?rest_route=%2Fwp%2Fv2%2Fproduct_brand&post=24246"},{"taxonomy":"product_cat","embeddable":true,"href":"https:\/\/mooncraft.com.pl\/index.php?rest_route=%2Fwp%2Fv2%2Fproduct_cat&post=24246"},{"taxonomy":"product_tag","embeddable":true,"href":"https:\/\/mooncraft.com.pl\/index.php?rest_route=%2Fwp%2Fv2%2Fproduct_tag&post=24246"}],"curies":[{"name":"wp","href":"https:\/\/api.w.org\/{rel}","templated":true}]}}