{"id":24092,"date":"2026-04-13T18:23:30","date_gmt":"2026-04-13T18:23:30","guid":{"rendered":"https:\/\/mooncraft.com.pl\/?post_type=product&#038;p=24092"},"modified":"2026-04-13T18:33:26","modified_gmt":"2026-04-13T18:33:26","slug":"perro-daj-dwa-jagniecina-trenerki-85g","status":"publish","type":"product","link":"https:\/\/mooncraft.com.pl\/?product=perro-daj-dwa-jagniecina-trenerki-85g","title":{"rendered":"Perro &#8211; DAJ DWA Jagni\u0119cina Trenerki 85g"},"content":{"rendered":"<div class=\"elementor-element elementor-element-8bcf30c elementor-widget elementor-widget-text-editor\" data-id=\"8bcf30c\" data-element_type=\"widget\" data-widget_type=\"text-editor.default\">\n<div class=\"elementor-widget-container\">\n<p>Jagni\u0119cina\u00a0\u2013 mi\u0119so jagni\u0119ce jest bogate w \u017celazo, witaminy z grupy B, selen oraz cynk. Dodatkowo dzi\u0119ki zawarto\u015bci kwasu linolowego wspiera zdrow\u0105 sk\u00f3r\u0119 oraz og\u00f3ln\u0105 kondycj\u0119 sk\u00f3ry psa. Charakteryzuje si\u0119 niewielk\u0105 zawarto\u015bci\u0105 t\u0142uszczu. Jest lekkostrawna i bardzo smakowita.<\/p>\n<p>Tapioka\u00a0\u2013 jest hipoalergiczna. Wspomaga prac\u0119 jelit i stymuluje metabolizm. W tapioce znajduj\u0105 si\u0119 mi\u0119dzy innymi witaminy B1, B2, B6, C, PP, cynk, fosfor, magnez, potas, wap\u0144 i \u017celazo.<\/p>\n<\/div>\n<p>Sk\u0142ad:\u00a0Jagni\u0119cina \u2013 mi\u0119so mi\u0119\u015bniowe 95 %, tapioka 5 %<\/p>\n<p><img decoding=\"async\" class=\"alignnone size-medium wp-image-1891\" src=\"https:\/\/sprzedaz.perrokarma.pl\/wp-content\/uploads\/2024\/11\/jagniecina.png\" alt=\"Jagniecina\" width=\"500\" title=\"Perro - DAJ DWA Jagni\u0119cina Trenerki 85g\"><\/p>\n<\/div>\n<p>Pami\u0119taj, \u017ce przysmaki i gryzaki\u00a0nie mog\u0105 stanowi\u0107 wi\u0119cej ni\u017c 10%\u00a0dziennej diety Twojego psa.<\/p>\n<p>&nbsp;<\/p>\n<p>Przechowywa\u0107\u00a0Daj Dwa\u00a0w ch\u0142odnym i suchym miejscu, w zamkni\u0119tym opakowaniu. Nasze opakowanie mo\u017cna\u00a0ponownie zamyka\u0107 i otwiera\u0107 \u2013 nie przegap tego!<\/p>\n","protected":false},"excerpt":{"rendered":"<p>PERRO Daj Dwa\u00a0to naturalne, suszone przysmaki (bez gliceryny!), kt\u00f3re bez w\u0105tpienia podkr\u0119c\u0105 entuzjazm treningowy czworono\u017cnych przyjaci\u00f3\u0142.<\/p>\n<p>Suszone mi\u0119so, podzielone na drobne kosteczki to doskona\u0142y spos\u00f3b nagradzania, idealny \u201ewsad\u201d do mat w\u0119chowych i zabawek edukacyjnych, a tak\u017ce warto\u015bciowe urozmaicenie psiej diety.<\/p>\n","protected":false},"featured_media":24095,"template":"","meta":{"site-sidebar-layout":"default","site-content-layout":"","ast-site-content-layout":"default","site-content-style":"default","site-sidebar-style":"default","ast-global-header-display":"","ast-banner-title-visibility":"","ast-main-header-display":"","ast-hfb-above-header-display":"","ast-hfb-below-header-display":"","ast-hfb-mobile-header-display":"","site-post-title":"","ast-breadcrumbs-content":"","ast-featured-img":"","footer-sml-layout":"","ast-disable-related-posts":"","theme-transparent-header-meta":"default","adv-header-id-meta":"","stick-header-meta":"","header-above-stick-meta":"","header-main-stick-meta":"","header-below-stick-meta":"","astra-migrate-meta-layouts":"set","ast-page-background-enabled":"default","ast-page-background-meta":{"desktop":{"background-color":"","background-image":"","background-repeat":"repeat","background-position":"center center","background-size":"auto","background-attachment":"scroll","background-type":"","background-media":"","overlay-type":"","overlay-color":"","overlay-opacity":"","overlay-gradient":""},"tablet":{"background-color":"","background-image":"","background-repeat":"repeat","background-position":"center center","background-size":"auto","background-attachment":"scroll","background-type":"","background-media":"","overlay-type":"","overlay-color":"","overlay-opacity":"","overlay-gradient":""},"mobile":{"background-color":"","background-image":"","background-repeat":"repeat","background-position":"center center","background-size":"auto","background-attachment":"scroll","background-type":"","background-media":"","overlay-type":"","overlay-color":"","overlay-opacity":"","overlay-gradient":""}},"ast-content-background-meta":{"desktop":{"background-color":"var(--ast-global-color-5)","background-image":"","background-repeat":"repeat","background-position":"center center","background-size":"auto","background-attachment":"scroll","background-type":"","background-media":"","overlay-type":"","overlay-color":"","overlay-opacity":"","overlay-gradient":""},"tablet":{"background-color":"var(--ast-global-color-5)","background-image":"","background-repeat":"repeat","background-position":"center center","background-size":"auto","background-attachment":"scroll","background-type":"","background-media":"","overlay-type":"","overlay-color":"","overlay-opacity":"","overlay-gradient":""},"mobile":{"background-color":"var(--ast-global-color-5)","background-image":"","background-repeat":"repeat","background-position":"center center","background-size":"auto","background-attachment":"scroll","background-type":"","background-media":"","overlay-type":"","overlay-color":"","overlay-opacity":"","overlay-gradient":""}}},"product_brand":[],"product_cat":[85,159,170],"product_tag":[],"class_list":{"0":"post-24092","1":"product","2":"type-product","3":"status-publish","4":"has-post-thumbnail","6":"product_cat-dlapsa","7":"product_cat-smakolyki","8":"product_cat-przysmaki","9":"desktop-align-left","10":"tablet-align-left","11":"mobile-align-left","13":"first","14":"instock","15":"taxable","16":"shipping-taxable","17":"purchasable","18":"product-type-simple"},"jetpack_sharing_enabled":true,"_links":{"self":[{"href":"https:\/\/mooncraft.com.pl\/index.php?rest_route=\/wp\/v2\/product\/24092","targetHints":{"allow":["GET"]}}],"collection":[{"href":"https:\/\/mooncraft.com.pl\/index.php?rest_route=\/wp\/v2\/product"}],"about":[{"href":"https:\/\/mooncraft.com.pl\/index.php?rest_route=\/wp\/v2\/types\/product"}],"wp:featuredmedia":[{"embeddable":true,"href":"https:\/\/mooncraft.com.pl\/index.php?rest_route=\/wp\/v2\/media\/24095"}],"wp:attachment":[{"href":"https:\/\/mooncraft.com.pl\/index.php?rest_route=%2Fwp%2Fv2%2Fmedia&parent=24092"}],"wp:term":[{"taxonomy":"product_brand","embeddable":true,"href":"https:\/\/mooncraft.com.pl\/index.php?rest_route=%2Fwp%2Fv2%2Fproduct_brand&post=24092"},{"taxonomy":"product_cat","embeddable":true,"href":"https:\/\/mooncraft.com.pl\/index.php?rest_route=%2Fwp%2Fv2%2Fproduct_cat&post=24092"},{"taxonomy":"product_tag","embeddable":true,"href":"https:\/\/mooncraft.com.pl\/index.php?rest_route=%2Fwp%2Fv2%2Fproduct_tag&post=24092"}],"curies":[{"name":"wp","href":"https:\/\/api.w.org\/{rel}","templated":true}]}}