{"id":23994,"date":"2026-03-14T11:52:04","date_gmt":"2026-03-14T11:52:04","guid":{"rendered":"https:\/\/mooncraft.com.pl\/?post_type=product&#038;p=23994"},"modified":"2026-03-19T09:47:52","modified_gmt":"2026-03-19T09:47:52","slug":"niespodzianka-szelki-guard","status":"publish","type":"product","link":"https:\/\/mooncraft.com.pl\/?product=niespodzianka-szelki-guard","title":{"rendered":"Niespodzianka SZELKI GUARD"},"content":{"rendered":"<p>Wybierz rodzaj i szeroko\u015b\u0107 ta\u015bmy na szelki, mo\u017cesz zaproponowa\u0107 kolorystyk\u0119 jak\u0105 lubisz lub napisa\u0107 co ju\u017c masz \u017ceby si\u0119 nie powieli\u0142o (uwaga! je\u015bli marzysz o jednym konkretnym wzorze, to zam\u00f3w go prosz\u0119 normalnie, to jest dzia\u0142 z niespodziankami, dzi\u0119kuj\u0119 za zrozumienie &lt;3 )<\/p>\n<p>Podaj faktyczne wymiary swojego psiaka, szelki zostan\u0105 uszyte z zapasem do regulacji<\/p>\n<p>&nbsp;<\/p>\n<p>Metalowe p\u00f3\u0142kola zgrzewane,<\/p>\n<p>Podszycie w ka\u017cdej niespodziance welurowe<\/p>\n<p>W \u015brodku ta\u015bma no\u015bna<\/p>\n<div role=\"row\">\n<div class=\"\" data-testid=\"Keycommand_wrapper\">\n<div class=\"j83agx80 cbu4d94t\">\n<div class=\"j83agx80\">\n<div class=\"jn8vp64t l9j0dhe7 hpfvmrgz lzcic4wl\" role=\"gridcell\" data-scope=\"messages_table\" data-recover=\"true\">\n<div class=\"ni8dbmo4 stjgntxs nred35xi ii04i59q\" data-testid=\"messenger_incoming_text_row\">\n<div class=\"l60d2q6s d1544ag0 sj5x9vvc tw6a2znq l9j0dhe7 ni8dbmo4 stjgntxs qlfml3jp inkptoze jk6sbkaj qmr60zad jm1wdb64 qv66sw1b ljqsnud1 g6srhlxm\">\n<div class=\"oo9gr5id\" dir=\"auto\"><\/div>\n<\/div>\n<div><\/div>\n<\/div>\n<div>Akcesoria personalizowane nie podlegaj\u0105 zwrotowi &#8211; je\u015bli nie jeste\u015b pewna\/pewien co wyklika\u0107 odezwij si\u0119, ch\u0119tnie pomog\u0119<\/div>\n<\/div>\n<div><\/div>\n<\/div>\n<\/div>\n<\/div>\n<\/div>\n<p>Pra\u0107 r\u0119cznie<\/p>\n<p>Okucia nie nadaj\u0105 si\u0119 do kontaktu\u00a0 wod\u0105 morsk\u0105.<\/p>\n<p>&nbsp;<\/p>\n<p><img fetchpriority=\"high\" decoding=\"async\" class=\"alignnone size-medium wp-image-2062\" src=\"http:\/\/mooncraft.com.pl\/wp-content\/uploads\/2020\/03\/guardy-01-300x300.jpg\" alt=\"Guardy 01 300x300\" width=\"300\" height=\"300\" title=\"Niespodzianka SZELKI GUARD\" srcset=\"https:\/\/mooncraft.com.pl\/wp-content\/uploads\/2020\/03\/guardy-01-300x300.jpg 300w, https:\/\/mooncraft.com.pl\/wp-content\/uploads\/2020\/03\/guardy-01-100x100.jpg 100w, https:\/\/mooncraft.com.pl\/wp-content\/uploads\/2020\/03\/guardy-01-600x600.jpg 600w, https:\/\/mooncraft.com.pl\/wp-content\/uploads\/2020\/03\/guardy-01-150x150.jpg 150w, https:\/\/mooncraft.com.pl\/wp-content\/uploads\/2020\/03\/guardy-01.jpg 768w\" sizes=\"(max-width: 300px) 100vw, 300px\" \/><\/p>\n<p>&nbsp;<\/p>\n","protected":false},"excerpt":{"rendered":"<p><strong>Lubisz niespodzianki ? To si\u0119 idealnie sk\u0142ada !<\/strong><\/p>\n<p>Wybierz parametry szelek jakie Ci\u0119 interesuj\u0105 a my uszyjemy dla Ciebie co\u015b pi\u0119knego!<\/p>\n<p>Wszystko szyjemy z najwi\u0119ksz\u0105 staranno\u015bci\u0105 i postaramy si\u0119 mi\u0142o Ci\u0119 zaskoczy\u0107 &lt;3<\/p>\n<p>Oferta dzia\u0142a do wyczerpania puli<\/p>\n<p>Realizacja do 14 dni roboczych<\/p>\n","protected":false},"featured_media":23992,"template":"","meta":{"site-sidebar-layout":"default","site-content-layout":"","ast-site-content-layout":"default","site-content-style":"default","site-sidebar-style":"default","ast-global-header-display":"","ast-banner-title-visibility":"","ast-main-header-display":"","ast-hfb-above-header-display":"","ast-hfb-below-header-display":"","ast-hfb-mobile-header-display":"","site-post-title":"","ast-breadcrumbs-content":"","ast-featured-img":"","footer-sml-layout":"","ast-disable-related-posts":"","theme-transparent-header-meta":"default","adv-header-id-meta":"","stick-header-meta":"","header-above-stick-meta":"","header-main-stick-meta":"","header-below-stick-meta":"","astra-migrate-meta-layouts":"set","ast-page-background-enabled":"default","ast-page-background-meta":{"desktop":{"background-color":"","background-image":"","background-repeat":"repeat","background-position":"center center","background-size":"auto","background-attachment":"scroll","background-type":"","background-media":"","overlay-type":"","overlay-color":"","overlay-opacity":"","overlay-gradient":""},"tablet":{"background-color":"","background-image":"","background-repeat":"repeat","background-position":"center center","background-size":"auto","background-attachment":"scroll","background-type":"","background-media":"","overlay-type":"","overlay-color":"","overlay-opacity":"","overlay-gradient":""},"mobile":{"background-color":"","background-image":"","background-repeat":"repeat","background-position":"center center","background-size":"auto","background-attachment":"scroll","background-type":"","background-media":"","overlay-type":"","overlay-color":"","overlay-opacity":"","overlay-gradient":""}},"ast-content-background-meta":{"desktop":{"background-color":"var(--ast-global-color-5)","background-image":"","background-repeat":"repeat","background-position":"center center","background-size":"auto","background-attachment":"scroll","background-type":"","background-media":"","overlay-type":"","overlay-color":"","overlay-opacity":"","overlay-gradient":""},"tablet":{"background-color":"var(--ast-global-color-5)","background-image":"","background-repeat":"repeat","background-position":"center center","background-size":"auto","background-attachment":"scroll","background-type":"","background-media":"","overlay-type":"","overlay-color":"","overlay-opacity":"","overlay-gradient":""},"mobile":{"background-color":"var(--ast-global-color-5)","background-image":"","background-repeat":"repeat","background-position":"center center","background-size":"auto","background-attachment":"scroll","background-type":"","background-media":"","overlay-type":"","overlay-color":"","overlay-opacity":"","overlay-gradient":""}}},"product_brand":[],"product_cat":[171,85],"product_tag":[],"class_list":{"0":"post-23994","1":"product","2":"type-product","3":"status-publish","4":"has-post-thumbnail","6":"product_cat-szelki-bezuciskowe","7":"product_cat-dlapsa","8":"product_shipping_class-male-paczki","9":"desktop-align-left","10":"tablet-align-left","11":"mobile-align-left","13":"first","14":"instock","15":"featured","16":"taxable","17":"shipping-taxable","18":"purchasable","19":"product-type-variable"},"jetpack_sharing_enabled":true,"_links":{"self":[{"href":"https:\/\/mooncraft.com.pl\/index.php?rest_route=\/wp\/v2\/product\/23994","targetHints":{"allow":["GET"]}}],"collection":[{"href":"https:\/\/mooncraft.com.pl\/index.php?rest_route=\/wp\/v2\/product"}],"about":[{"href":"https:\/\/mooncraft.com.pl\/index.php?rest_route=\/wp\/v2\/types\/product"}],"wp:featuredmedia":[{"embeddable":true,"href":"https:\/\/mooncraft.com.pl\/index.php?rest_route=\/wp\/v2\/media\/23992"}],"wp:attachment":[{"href":"https:\/\/mooncraft.com.pl\/index.php?rest_route=%2Fwp%2Fv2%2Fmedia&parent=23994"}],"wp:term":[{"taxonomy":"product_brand","embeddable":true,"href":"https:\/\/mooncraft.com.pl\/index.php?rest_route=%2Fwp%2Fv2%2Fproduct_brand&post=23994"},{"taxonomy":"product_cat","embeddable":true,"href":"https:\/\/mooncraft.com.pl\/index.php?rest_route=%2Fwp%2Fv2%2Fproduct_cat&post=23994"},{"taxonomy":"product_tag","embeddable":true,"href":"https:\/\/mooncraft.com.pl\/index.php?rest_route=%2Fwp%2Fv2%2Fproduct_tag&post=23994"}],"curies":[{"name":"wp","href":"https:\/\/api.w.org\/{rel}","templated":true}]}}