{"id":23377,"date":"2026-02-09T19:46:51","date_gmt":"2026-02-09T19:46:51","guid":{"rendered":"https:\/\/mooncraft.com.pl\/?post_type=product&#038;p=23377"},"modified":"2026-03-09T15:51:01","modified_gmt":"2026-03-09T15:51:01","slug":"smycz-violet-leniwce","status":"publish","type":"product","link":"https:\/\/mooncraft.com.pl\/?product=smycz-violet-leniwce","title":{"rendered":"Smycz Leniwce"},"content":{"rendered":"<p>Wybierz rodzaj i szeroko\u015b\u0107 ta\u015bmy smyczy, napisz nazw\u0119 wzoru z wzornika kt\u00f3r\u0105 wybierasz<\/p>\n<p>Okucia\u00a0 zgrzewane,<\/p>\n<p>W \u015brodku ta\u015bma no\u015bna<\/p>\n<div role=\"row\">\n<div class=\"\" data-testid=\"Keycommand_wrapper\">\n<div class=\"j83agx80 cbu4d94t\">\n<div class=\"j83agx80\">\n<div class=\"jn8vp64t l9j0dhe7 hpfvmrgz lzcic4wl\" tabindex=\"0\" role=\"gridcell\" data-scope=\"messages_table\" data-recover=\"true\">\n<div class=\"ni8dbmo4 stjgntxs nred35xi ii04i59q\" data-testid=\"messenger_incoming_text_row\">\n<div class=\"l60d2q6s d1544ag0 sj5x9vvc tw6a2znq l9j0dhe7 ni8dbmo4 stjgntxs qlfml3jp inkptoze e72ty7fz qttc61fc jm1wdb64 qv66sw1b ljqsnud1 g6srhlxm\">\n<div class=\"oo9gr5id\" dir=\"auto\">\n<div class=\"kvgmc6g5 cxmmr5t8 oygrvhab hcukyx3x c1et5uql\">Smycz w ca\u0142o\u015bci, z obu stron obszyta wzorem<\/div>\n<div class=\"kvgmc6g5 cxmmr5t8 oygrvhab hcukyx3x c1et5uql\">W \u015brodku ta\u015bma no\u015bna.<\/div>\n<div><\/div>\n<\/div>\n<\/div>\n<\/div>\n<\/div>\n<div class=\"pfnyh3mw ewlkfwdl bp9cbjyn j83agx80 qnrpqo6b nred35xi\">\n<div class=\"\" data-testid=\"Keycommand_wrapper\">\n<div class=\"lzcic4wl\" tabindex=\"0\" role=\"gridcell\" data-scope=\"messages_table\">\n<div class=\"oajrlxb2 gs1a9yip g5ia77u1 mtkw9kbi tlpljxtp qensuy8j ppp5ayq2 goun2846 ccm00jje s44p3ltw mk2mc5f4 rt8b4zig n8ej3o3l agehan2d sk4xxmp2 rq0escxv nhd2j8a9 j83agx80 mg4g778l btwxx1t3 pfnyh3mw p7hjln8o kvgmc6g5 cxmmr5t8 oygrvhab hcukyx3x tgvbjcpo hpfvmrgz jb3vyjys rz4wbd8a qt6c0cv9 a8nywdso l9j0dhe7 i1ao9s8h esuyzwwr f1sip0of du4w35lb lzcic4wl abiwlrkh p8dawk7l mkd47r93 rgmg9uty\" tabindex=\"-1\" role=\"button\" aria-expanded=\"false\" aria-haspopup=\"menu\" aria-label=\"Dzia\u0142ania zwi\u0105zane z wiadomo\u015bciami\">\n<div class=\"n00je7tq arfg74bv qs9ysxi8 k77z8yql i09qtzwb n7fi1qx3 b5wmifdl hzruof5a pmk7jnqg j9ispegn kr520xx4 c5ndavph art1omkt ot9fgl3s\" data-visualcompletion=\"ignore\"><span style=\"font-size: 16px;\">Cztery punkty przepi\u0119cia\u00a0<\/span><\/div>\n<div data-visualcompletion=\"ignore\"><\/div>\n<\/div>\n<\/div>\n<\/div>\n<\/div>\n<\/div>\n<\/div>\n<\/div>\n<\/div>\n<div role=\"row\">\n<div class=\"\" data-testid=\"Keycommand_wrapper\">\n<div class=\"j83agx80 cbu4d94t\">\n<div class=\"j83agx80\">\n<div class=\"jn8vp64t l9j0dhe7 hpfvmrgz lzcic4wl\" tabindex=\"0\" role=\"gridcell\" data-scope=\"messages_table\" data-recover=\"true\">\n<div class=\"ni8dbmo4 stjgntxs nred35xi ii04i59q\" aria-owns=\"jsc_c_5f\" data-testid=\"messenger_incoming_text_row\">\n<div class=\"l60d2q6s d1544ag0 sj5x9vvc tw6a2znq l9j0dhe7 ni8dbmo4 stjgntxs qlfml3jp inkptoze jk6sbkaj qmr60zad jm1wdb64 qv66sw1b ljqsnud1 g6srhlxm\">\n<div class=\"oo9gr5id\" dir=\"auto\">\n<div class=\"kvgmc6g5 cxmmr5t8 oygrvhab hcukyx3x c1et5uql\">Materia\u0142y wycinane s\u0105 r\u0119cznie, dlatego umiejscowienie wzoru mo\u017ce nieznacznie r\u00f3\u017cni\u0107.<\/div>\n<div><\/div>\n<\/div>\n<div>Do wyboru trzy kolory oku\u0107 &#8211; czarny, srebrny i antyczny mosi\u0105dz (czarne okucia z czasem mog\u0105 si\u0119 \u015bciera\u0107, nie podlega to gwarancji, warto mie\u0107 to na uwadze chocia\u017c uwielbiam ten efekt kolorystyczny)<\/div>\n<div><\/div>\n<\/div>\n<div>czym szersza smycz tym pot\u0119\u017cniejszy karabi\u0144czyk &#8211; je\u015bli potrzebujesz w\u0105skiej ta\u015bmy smyczy, ale dla wi\u0119kszego psiaka napisz prosz\u0119 na priv, dopasujemy tak aby by\u0142o bezpiecznie \ud83d\ude42<\/div>\n<\/div>\n<div><\/div>\n<div>! Akcesoria personalizowane nie podlegaj\u0105 zwrotowi &#8211; je\u015bli nie jeste\u015b pewna\/pewien co wyklika\u0107 odezwij si\u0119, ch\u0119tnie pomog\u0119<\/div>\n<\/div>\n<div><\/div>\n<\/div>\n<\/div>\n<\/div>\n<\/div>\n<p>Pra\u0107 r\u0119cznie<\/p>\n<p>Okucia nie nadaj\u0105 si\u0119 do kontaktu\u00a0 wod\u0105 morsk\u0105.<\/p>\n","protected":false},"excerpt":{"rendered":"<p>Tutaj zam\u00f3wisz smycz w pokazanym wzorze.<\/p>\n<p>Wybierz parametry smyczy jakie Ci\u0119 interesuj\u0105 a my uszyjemy j\u0105 dla Ciebie !<\/p>\n<p>W pozosta\u0142ych generatorach znajdziesz obro\u017ce i szelki &#8211; dodaj do koszyka to co Ci\u0119 interesuje i uszyjemy to z przyjemno\u015bci\u0105<\/p>\n<p>&nbsp;<\/p>\n<p>Realizacja do 14 dni roboczych, chyba \u017ce og\u0142oszenie na stronie g\u0142\u00f3wnej m\u00f3wi inaczej.<\/p>\n<p>&nbsp;<\/p>\n","protected":false},"featured_media":23341,"template":"","meta":{"site-sidebar-layout":"default","site-content-layout":"","ast-site-content-layout":"default","site-content-style":"default","site-sidebar-style":"default","ast-global-header-display":"","ast-banner-title-visibility":"","ast-main-header-display":"","ast-hfb-above-header-display":"","ast-hfb-below-header-display":"","ast-hfb-mobile-header-display":"","site-post-title":"","ast-breadcrumbs-content":"","ast-featured-img":"","footer-sml-layout":"","ast-disable-related-posts":"","theme-transparent-header-meta":"default","adv-header-id-meta":"","stick-header-meta":"","header-above-stick-meta":"","header-main-stick-meta":"","header-below-stick-meta":"","astra-migrate-meta-layouts":"set","ast-page-background-enabled":"default","ast-page-background-meta":{"desktop":{"background-color":"","background-image":"","background-repeat":"repeat","background-position":"center center","background-size":"auto","background-attachment":"scroll","background-type":"","background-media":"","overlay-type":"","overlay-color":"","overlay-opacity":"","overlay-gradient":""},"tablet":{"background-color":"","background-image":"","background-repeat":"repeat","background-position":"center center","background-size":"auto","background-attachment":"scroll","background-type":"","background-media":"","overlay-type":"","overlay-color":"","overlay-opacity":"","overlay-gradient":""},"mobile":{"background-color":"","background-image":"","background-repeat":"repeat","background-position":"center center","background-size":"auto","background-attachment":"scroll","background-type":"","background-media":"","overlay-type":"","overlay-color":"","overlay-opacity":"","overlay-gradient":""}},"ast-content-background-meta":{"desktop":{"background-color":"var(--ast-global-color-5)","background-image":"","background-repeat":"repeat","background-position":"center center","background-size":"auto","background-attachment":"scroll","background-type":"","background-media":"","overlay-type":"","overlay-color":"","overlay-opacity":"","overlay-gradient":""},"tablet":{"background-color":"var(--ast-global-color-5)","background-image":"","background-repeat":"repeat","background-position":"center center","background-size":"auto","background-attachment":"scroll","background-type":"","background-media":"","overlay-type":"","overlay-color":"","overlay-opacity":"","overlay-gradient":""},"mobile":{"background-color":"var(--ast-global-color-5)","background-image":"","background-repeat":"repeat","background-position":"center center","background-size":"auto","background-attachment":"scroll","background-type":"","background-media":"","overlay-type":"","overlay-color":"","overlay-opacity":"","overlay-gradient":""}}},"product_brand":[],"product_cat":[85,96,102,103],"product_tag":[],"class_list":{"0":"post-23377","1":"product","2":"type-product","3":"status-publish","4":"has-post-thumbnail","6":"product_cat-dlapsa","7":"product_cat-smycze","8":"product_cat-miejskie","9":"product_cat-przepinane","10":"product_shipping_class-male-paczki","11":"desktop-align-left","12":"tablet-align-left","13":"mobile-align-left","15":"first","16":"onbackorder","17":"featured","18":"taxable","19":"shipping-taxable","20":"purchasable","21":"product-type-variable"},"jetpack_sharing_enabled":true,"_links":{"self":[{"href":"https:\/\/mooncraft.com.pl\/index.php?rest_route=\/wp\/v2\/product\/23377","targetHints":{"allow":["GET"]}}],"collection":[{"href":"https:\/\/mooncraft.com.pl\/index.php?rest_route=\/wp\/v2\/product"}],"about":[{"href":"https:\/\/mooncraft.com.pl\/index.php?rest_route=\/wp\/v2\/types\/product"}],"wp:featuredmedia":[{"embeddable":true,"href":"https:\/\/mooncraft.com.pl\/index.php?rest_route=\/wp\/v2\/media\/23341"}],"wp:attachment":[{"href":"https:\/\/mooncraft.com.pl\/index.php?rest_route=%2Fwp%2Fv2%2Fmedia&parent=23377"}],"wp:term":[{"taxonomy":"product_brand","embeddable":true,"href":"https:\/\/mooncraft.com.pl\/index.php?rest_route=%2Fwp%2Fv2%2Fproduct_brand&post=23377"},{"taxonomy":"product_cat","embeddable":true,"href":"https:\/\/mooncraft.com.pl\/index.php?rest_route=%2Fwp%2Fv2%2Fproduct_cat&post=23377"},{"taxonomy":"product_tag","embeddable":true,"href":"https:\/\/mooncraft.com.pl\/index.php?rest_route=%2Fwp%2Fv2%2Fproduct_tag&post=23377"}],"curies":[{"name":"wp","href":"https:\/\/api.w.org\/{rel}","templated":true}]}}