{"id":23174,"date":"2026-02-01T10:14:22","date_gmt":"2026-02-01T10:14:22","guid":{"rendered":"https:\/\/mooncraft.com.pl\/?post_type=product&#038;p=23174"},"modified":"2026-02-01T10:26:25","modified_gmt":"2026-02-01T10:26:25","slug":"perro-mix-match-mango-przysmaki-liofilizowane-20g","status":"publish","type":"product","link":"https:\/\/mooncraft.com.pl\/?product=perro-mix-match-mango-przysmaki-liofilizowane-20g","title":{"rendered":"Perro &#8211; MIX &#038; MATCH Mango Przysmaki liofilizowane 20g"},"content":{"rendered":"<div class=\"elementor-element elementor-element-8bcf30c elementor-widget elementor-widget-text-editor\" data-id=\"8bcf30c\" data-element_type=\"widget\" data-widget_type=\"text-editor.default\">\n<div class=\"elementor-widget-container\">\n<p>MANGO\u00a0to \u017ar\u00f3d\u0142o witamin A, C i E, kt\u00f3re wspieraj\u0105 naturaln\u0105 odporno\u015b\u0107 psa i pomagaj\u0105 chroni\u0107 organizm przed wolnymi rodnikami. Zawarte w nim przeciwutleniacze i beta-karoten sprzyjaj\u0105 zdrowej, l\u015bni\u0105cej sier\u015bci oraz wspieraj\u0105 regeneracj\u0119 sk\u00f3ry. B\u0142onnik obecny w mango wspomaga prawid\u0142ow\u0105 prac\u0119 jelit i korzystnie wp\u0142ywa na mikroflor\u0119 przewodu pokarmowego. Owoce te zawieraj\u0105 tak\u017ce naturalne enzymy trawienne, takie jak amylazy, kt\u00f3re wspieraj\u0105 proces rozk\u0142adu w\u0119glowodan\u00f3w i u\u0142atwiaj\u0105 trawienie, dzi\u0119ki czemu mango mo\u017ce wspiera\u0107 zdrowie ca\u0142ego uk\u0142adu pokarmowego psa.<\/p>\n<\/div>\n<\/div>\n<p>Czy wiesz, \u017ce\u00a0jednoczesne\u00a0podawanie wybranych warzyw i owoc\u00f3w mo\u017ce przynie\u015b\u0107\u00a0konkretne korzy\u015bci\u00a0dla dzia\u0142ania poszczeg\u00f3lnych funkcji organizmu czworonoga?<\/p>\n<p>Poznaj koncepcj\u0119\u00a0MIX &amp; MATCH\u00a0i wybieraj owoce i warzywa zgodnie z legenda kolorystyczn\u0105, np. aby wesprze\u0107 uk\u0142ad nerwowy swojego Pupila, wybierz banana, bor\u00f3wk\u0119 i dyni\u0119:<\/p>\n<p><img fetchpriority=\"high\" decoding=\"async\" class=\"\" src=\"https:\/\/perrokarma.pl\/wp-content\/uploads\/2025\/10\/mix-match-tabela.png\" width=\"619\" height=\"446\" alt=\"Mix Match Tabela\" title=\"Perro - MIX &amp; MATCH Mango Przysmaki liofilizowane 20g\"><\/p>\n<p>Sk\u0142ad:\u00a0Mango liofilizowane 100 %<\/p>\n<p><img decoding=\"async\" class=\"\" src=\"https:\/\/perrokarma.pl\/wp-content\/uploads\/2025\/10\/mango.png\" width=\"335\" height=\"191\" alt=\"Mango\" title=\"Perro - MIX &amp; MATCH Mango Przysmaki liofilizowane 20g\"><\/p>\n<p>Pami\u0119taj, \u017ce przysmaki i gryzaki\u00a0nie mog\u0105 stanowi\u0107 wi\u0119cej ni\u017c 10%\u00a0dziennej diety Twojego psa.<\/p>\n<p>Przechowywa\u0107\u00a0MIX &amp; MATCH\u00a0w ch\u0142odnym i suchym miejscu, w zamkni\u0119tym opakowaniu. Nasze opakowanie mo\u017cna\u00a0ponownie zamyka\u0107 i otwiera\u0107 \u2013 nie przegap tego!<\/p>\n","protected":false},"excerpt":{"rendered":"<h5 data-start=\"0\" data-end=\"73\">Lubisz liofilizowane\u00a0owoce i warzywa\u00a0w diecie swojego pupila?<\/h5>\n<h5 data-start=\"0\" data-end=\"73\"><strong>A mo\u017ce Tw\u00f3j czworono\u017cny przyjaciel potrzebuje dodatkowego, celowanego wsparcia w zwi\u0105zku z dolegliwo\u015bciami, kt\u00f3re odczuwa?<\/strong><\/h5>\n","protected":false},"featured_media":23178,"template":"","meta":{"site-sidebar-layout":"default","site-content-layout":"","ast-site-content-layout":"default","site-content-style":"default","site-sidebar-style":"default","ast-global-header-display":"","ast-banner-title-visibility":"","ast-main-header-display":"","ast-hfb-above-header-display":"","ast-hfb-below-header-display":"","ast-hfb-mobile-header-display":"","site-post-title":"","ast-breadcrumbs-content":"","ast-featured-img":"","footer-sml-layout":"","ast-disable-related-posts":"","theme-transparent-header-meta":"default","adv-header-id-meta":"","stick-header-meta":"","header-above-stick-meta":"","header-main-stick-meta":"","header-below-stick-meta":"","astra-migrate-meta-layouts":"set","ast-page-background-enabled":"default","ast-page-background-meta":{"desktop":{"background-color":"","background-image":"","background-repeat":"repeat","background-position":"center center","background-size":"auto","background-attachment":"scroll","background-type":"","background-media":"","overlay-type":"","overlay-color":"","overlay-opacity":"","overlay-gradient":""},"tablet":{"background-color":"","background-image":"","background-repeat":"repeat","background-position":"center center","background-size":"auto","background-attachment":"scroll","background-type":"","background-media":"","overlay-type":"","overlay-color":"","overlay-opacity":"","overlay-gradient":""},"mobile":{"background-color":"","background-image":"","background-repeat":"repeat","background-position":"center center","background-size":"auto","background-attachment":"scroll","background-type":"","background-media":"","overlay-type":"","overlay-color":"","overlay-opacity":"","overlay-gradient":""}},"ast-content-background-meta":{"desktop":{"background-color":"var(--ast-global-color-5)","background-image":"","background-repeat":"repeat","background-position":"center center","background-size":"auto","background-attachment":"scroll","background-type":"","background-media":"","overlay-type":"","overlay-color":"","overlay-opacity":"","overlay-gradient":""},"tablet":{"background-color":"var(--ast-global-color-5)","background-image":"","background-repeat":"repeat","background-position":"center center","background-size":"auto","background-attachment":"scroll","background-type":"","background-media":"","overlay-type":"","overlay-color":"","overlay-opacity":"","overlay-gradient":""},"mobile":{"background-color":"var(--ast-global-color-5)","background-image":"","background-repeat":"repeat","background-position":"center center","background-size":"auto","background-attachment":"scroll","background-type":"","background-media":"","overlay-type":"","overlay-color":"","overlay-opacity":"","overlay-gradient":""}}},"product_brand":[],"product_cat":[85,159,170],"product_tag":[],"class_list":{"0":"post-23174","1":"product","2":"type-product","3":"status-publish","4":"has-post-thumbnail","6":"product_cat-dlapsa","7":"product_cat-smakolyki","8":"product_cat-przysmaki","9":"desktop-align-left","10":"tablet-align-left","11":"mobile-align-left","13":"first","14":"instock","15":"taxable","16":"shipping-taxable","17":"purchasable","18":"product-type-simple"},"jetpack_sharing_enabled":true,"_links":{"self":[{"href":"https:\/\/mooncraft.com.pl\/index.php?rest_route=\/wp\/v2\/product\/23174","targetHints":{"allow":["GET"]}}],"collection":[{"href":"https:\/\/mooncraft.com.pl\/index.php?rest_route=\/wp\/v2\/product"}],"about":[{"href":"https:\/\/mooncraft.com.pl\/index.php?rest_route=\/wp\/v2\/types\/product"}],"wp:featuredmedia":[{"embeddable":true,"href":"https:\/\/mooncraft.com.pl\/index.php?rest_route=\/wp\/v2\/media\/23178"}],"wp:attachment":[{"href":"https:\/\/mooncraft.com.pl\/index.php?rest_route=%2Fwp%2Fv2%2Fmedia&parent=23174"}],"wp:term":[{"taxonomy":"product_brand","embeddable":true,"href":"https:\/\/mooncraft.com.pl\/index.php?rest_route=%2Fwp%2Fv2%2Fproduct_brand&post=23174"},{"taxonomy":"product_cat","embeddable":true,"href":"https:\/\/mooncraft.com.pl\/index.php?rest_route=%2Fwp%2Fv2%2Fproduct_cat&post=23174"},{"taxonomy":"product_tag","embeddable":true,"href":"https:\/\/mooncraft.com.pl\/index.php?rest_route=%2Fwp%2Fv2%2Fproduct_tag&post=23174"}],"curies":[{"name":"wp","href":"https:\/\/api.w.org\/{rel}","templated":true}]}}