{"id":22799,"date":"2026-01-15T21:13:40","date_gmt":"2026-01-15T21:13:40","guid":{"rendered":"https:\/\/mooncraft.com.pl\/?post_type=product&#038;p=22799"},"modified":"2026-01-15T21:24:02","modified_gmt":"2026-01-15T21:24:02","slug":"bon-bon-jagniecina-wsparcie-odpornosci-przysmaki-z-dodatkiem-funkcyjnym-80g","status":"publish","type":"product","link":"https:\/\/mooncraft.com.pl\/?product=bon-bon-jagniecina-wsparcie-odpornosci-przysmaki-z-dodatkiem-funkcyjnym-80g","title":{"rendered":"BON BON Jagni\u0119cina &#8211; Wsparcie odporno\u015bci Przysmaki z dodatkiem funkcyjnym 80g Perro"},"content":{"rendered":"<p>Przysmaki Bon Bon\u00a0nie zawieraj\u0105\u00a0gliceryny.<\/p>\n<p>&nbsp;<\/p>\n<p>Sk\u0142ad:\u00a0jagni\u0119cina 95%, dzika r\u00f3\u017ca 5%<\/p>\n<p><img decoding=\"async\" class=\"alignnone size-medium wp-image-1891\" src=\"https:\/\/perrokarma.pl\/wp-content\/uploads\/2025\/07\/bon-bon-jagniecina.png\" alt=\"Bon Bon Jagniecina\" width=\"400\" title=\"BON BON Jagni\u0119cina - Wsparcie odporno\u015bci Przysmaki z dodatkiem funkcyjnym 80g Perro\"><\/p>\n<p>Jagni\u0119cina\u00a0\u2013 bogata w \u017celazo, witaminy z grupy B, selen oraz cynk. Dodatkowo dzi\u0119ki zawarto\u015bci kwasu linolowego wspiera zdrow\u0105 sk\u00f3r\u0119 oraz og\u00f3ln\u0105 kondycj\u0119 sk\u00f3ry psa. Charakteryzuje si\u0119 niewielk\u0105 zawarto\u015bci\u0105 t\u0142uszczu. Jest lekkostrawna i bardzo smakowita.<\/p>\n<p>Dzika r\u00f3\u017ca\u00a0\u2013 wspiera odporno\u015b\u0107 ps\u00f3w dzi\u0119ki wysokiej zawarto\u015bci naturalnej witaminy C i przeciwutleniaczy. Wykazuje r\u00f3wnie\u017c dzia\u0142anie przeciwzapalne, wspomagaj\u0105c zdrowie staw\u00f3w i \u0142agodz\u0105c b\u00f3le u starszych lub aktywnych ps\u00f3w. Dodatkowo wspiera trawienie, prac\u0119 w\u0105troby oraz kondycj\u0119 sk\u00f3ry i sier\u015bci.<\/p>\n<p>&nbsp;<\/p>\n<p>Pami\u0119taj, \u017ce przysmaki i gryzaki nie mog\u0105 stanowi\u0107 wi\u0119cej ni\u017c 10% dziennej diety Twojego psa.<\/p>\n","protected":false},"excerpt":{"rendered":"<p>PERRO BON BON\u00a0to prawdziwe psie \u0142akocie, kt\u00f3re opr\u00f3cz sprawiania przyjemno\u015bci spe\u0142niaj\u0105 szereg innych funkcji \u2013 i to tych\u00a0prozdrowotnych!<\/p>\n<p>Czy Tw\u00f3j pies potrzebuje naturalnego\u00a0wsparcia odporno\u015bci? Czy wiesz, \u017ce regularne, d\u0142ugotrwa\u0142e podawanie\u00a0dzikiej r\u00f3\u017cy\u00a0wspiera uk\u0142ad immunologiczny psa i pomaga mu lepiej radzi\u0107 sobie z infekcjami i stresem? Dzika r\u00f3\u017ca to bogactwo naturalnej witaminy C i antyoksydant\u00f3w, kt\u00f3re wspieraj\u0105 zdrowie na co dzie\u0144.<\/p>\n","protected":false},"featured_media":22800,"template":"","meta":{"site-sidebar-layout":"default","site-content-layout":"","ast-site-content-layout":"default","site-content-style":"default","site-sidebar-style":"default","ast-global-header-display":"","ast-banner-title-visibility":"","ast-main-header-display":"","ast-hfb-above-header-display":"","ast-hfb-below-header-display":"","ast-hfb-mobile-header-display":"","site-post-title":"","ast-breadcrumbs-content":"","ast-featured-img":"","footer-sml-layout":"","ast-disable-related-posts":"","theme-transparent-header-meta":"default","adv-header-id-meta":"","stick-header-meta":"","header-above-stick-meta":"","header-main-stick-meta":"","header-below-stick-meta":"","astra-migrate-meta-layouts":"set","ast-page-background-enabled":"default","ast-page-background-meta":{"desktop":{"background-color":"","background-image":"","background-repeat":"repeat","background-position":"center center","background-size":"auto","background-attachment":"scroll","background-type":"","background-media":"","overlay-type":"","overlay-color":"","overlay-opacity":"","overlay-gradient":""},"tablet":{"background-color":"","background-image":"","background-repeat":"repeat","background-position":"center center","background-size":"auto","background-attachment":"scroll","background-type":"","background-media":"","overlay-type":"","overlay-color":"","overlay-opacity":"","overlay-gradient":""},"mobile":{"background-color":"","background-image":"","background-repeat":"repeat","background-position":"center center","background-size":"auto","background-attachment":"scroll","background-type":"","background-media":"","overlay-type":"","overlay-color":"","overlay-opacity":"","overlay-gradient":""}},"ast-content-background-meta":{"desktop":{"background-color":"var(--ast-global-color-5)","background-image":"","background-repeat":"repeat","background-position":"center center","background-size":"auto","background-attachment":"scroll","background-type":"","background-media":"","overlay-type":"","overlay-color":"","overlay-opacity":"","overlay-gradient":""},"tablet":{"background-color":"var(--ast-global-color-5)","background-image":"","background-repeat":"repeat","background-position":"center center","background-size":"auto","background-attachment":"scroll","background-type":"","background-media":"","overlay-type":"","overlay-color":"","overlay-opacity":"","overlay-gradient":""},"mobile":{"background-color":"var(--ast-global-color-5)","background-image":"","background-repeat":"repeat","background-position":"center center","background-size":"auto","background-attachment":"scroll","background-type":"","background-media":"","overlay-type":"","overlay-color":"","overlay-opacity":"","overlay-gradient":""}}},"product_brand":[],"product_cat":[85,159,170],"product_tag":[],"class_list":{"0":"post-22799","1":"product","2":"type-product","3":"status-publish","4":"has-post-thumbnail","6":"product_cat-dlapsa","7":"product_cat-smakolyki","8":"product_cat-przysmaki","9":"desktop-align-left","10":"tablet-align-left","11":"mobile-align-left","13":"first","14":"instock","15":"taxable","16":"shipping-taxable","17":"purchasable","18":"product-type-simple"},"jetpack_sharing_enabled":true,"_links":{"self":[{"href":"https:\/\/mooncraft.com.pl\/index.php?rest_route=\/wp\/v2\/product\/22799","targetHints":{"allow":["GET"]}}],"collection":[{"href":"https:\/\/mooncraft.com.pl\/index.php?rest_route=\/wp\/v2\/product"}],"about":[{"href":"https:\/\/mooncraft.com.pl\/index.php?rest_route=\/wp\/v2\/types\/product"}],"wp:featuredmedia":[{"embeddable":true,"href":"https:\/\/mooncraft.com.pl\/index.php?rest_route=\/wp\/v2\/media\/22800"}],"wp:attachment":[{"href":"https:\/\/mooncraft.com.pl\/index.php?rest_route=%2Fwp%2Fv2%2Fmedia&parent=22799"}],"wp:term":[{"taxonomy":"product_brand","embeddable":true,"href":"https:\/\/mooncraft.com.pl\/index.php?rest_route=%2Fwp%2Fv2%2Fproduct_brand&post=22799"},{"taxonomy":"product_cat","embeddable":true,"href":"https:\/\/mooncraft.com.pl\/index.php?rest_route=%2Fwp%2Fv2%2Fproduct_cat&post=22799"},{"taxonomy":"product_tag","embeddable":true,"href":"https:\/\/mooncraft.com.pl\/index.php?rest_route=%2Fwp%2Fv2%2Fproduct_tag&post=22799"}],"curies":[{"name":"wp","href":"https:\/\/api.w.org\/{rel}","templated":true}]}}