{"id":22795,"date":"2026-01-15T21:03:47","date_gmt":"2026-01-15T21:03:47","guid":{"rendered":"https:\/\/mooncraft.com.pl\/?post_type=product&#038;p=22795"},"modified":"2026-02-13T09:17:14","modified_gmt":"2026-02-13T09:17:14","slug":"meatstuff-ucho-wolowe-naturalne-doypack-1-szt","status":"publish","type":"product","link":"https:\/\/mooncraft.com.pl\/?product=meatstuff-ucho-wolowe-naturalne-doypack-1-szt","title":{"rendered":"MEATSTUFF &#8211; Ucho wo\u0142owe naturalne (doypack 1 szt.)"},"content":{"rendered":"<p>Ucho wo\u0142owe to bardzo popularny, ch\u0119tnie kupowany, naturalny gryzak dla ps\u00f3w. Posiada nisk\u0105 zawarto\u015bci t\u0142uszczu i neutralny zapach. Sk\u0142ada si\u0119 zar\u00f3wno z muszli jak i pier\u015bcienia, czyli najbardziej smakowitych cz\u0119\u015bci dla psa. Dzi\u0119ki swojej chrupi\u0105cej i w\u0142\u00f3knistej strukturze, dobrze sprawdza si\u0119 u wszystkich ps\u00f3w.<\/p>\n<p>Uszy to najpopularniejsze gryzaki, uwielbiane przez wszystkie psy, ze wzgl\u0119du na swoj\u0105 konsystencj\u0119 nadaj\u0105 si\u0119 do d\u0142ugiego \u017cucia i mem\u0142ania, s\u0105 \u017ar\u00f3d\u0142em kolagenu wp\u0142ywaj\u0105cego dobrze na stawy, ale przede wszystkim dostarczaj\u0105 najwi\u0119cej rado\u015bci z gryzienia.<\/p>\n<p>Sk\u0142ad: 100 % ucho wo\u0142owe<\/p>\n<p>Sk\u0142adniki analityczne:<br \/>\nBia\u0142ko surowe 80,1%<br \/>\nT\u0142uszcz surowy 4,7%<br \/>\nWilgotno\u015b\u0107 10,5%<\/p>\n","protected":false},"excerpt":{"rendered":"<p><strong>Gryzaki Meat Stuff s\u0105\u00a0<\/strong>produkowane w Polsce. W 100% ze \u015bwie\u017cego i naturalnego mi\u0119sa, bez barwnik\u00f3w, bez gliceryny, bez konserwant\u00f3w<\/p>\n<p>Zam\u00f3wienie dotyczy jednej sztuki ucha w opakowaniu<\/p>\n","protected":false},"featured_media":22792,"template":"","meta":{"site-sidebar-layout":"default","site-content-layout":"","ast-site-content-layout":"default","site-content-style":"default","site-sidebar-style":"default","ast-global-header-display":"","ast-banner-title-visibility":"","ast-main-header-display":"","ast-hfb-above-header-display":"","ast-hfb-below-header-display":"","ast-hfb-mobile-header-display":"","site-post-title":"","ast-breadcrumbs-content":"","ast-featured-img":"","footer-sml-layout":"","ast-disable-related-posts":"","theme-transparent-header-meta":"default","adv-header-id-meta":"","stick-header-meta":"","header-above-stick-meta":"","header-main-stick-meta":"","header-below-stick-meta":"","astra-migrate-meta-layouts":"set","ast-page-background-enabled":"default","ast-page-background-meta":{"desktop":{"background-color":"","background-image":"","background-repeat":"repeat","background-position":"center center","background-size":"auto","background-attachment":"scroll","background-type":"","background-media":"","overlay-type":"","overlay-color":"","overlay-opacity":"","overlay-gradient":""},"tablet":{"background-color":"","background-image":"","background-repeat":"repeat","background-position":"center center","background-size":"auto","background-attachment":"scroll","background-type":"","background-media":"","overlay-type":"","overlay-color":"","overlay-opacity":"","overlay-gradient":""},"mobile":{"background-color":"","background-image":"","background-repeat":"repeat","background-position":"center center","background-size":"auto","background-attachment":"scroll","background-type":"","background-media":"","overlay-type":"","overlay-color":"","overlay-opacity":"","overlay-gradient":""}},"ast-content-background-meta":{"desktop":{"background-color":"var(--ast-global-color-5)","background-image":"","background-repeat":"repeat","background-position":"center center","background-size":"auto","background-attachment":"scroll","background-type":"","background-media":"","overlay-type":"","overlay-color":"","overlay-opacity":"","overlay-gradient":""},"tablet":{"background-color":"var(--ast-global-color-5)","background-image":"","background-repeat":"repeat","background-position":"center center","background-size":"auto","background-attachment":"scroll","background-type":"","background-media":"","overlay-type":"","overlay-color":"","overlay-opacity":"","overlay-gradient":""},"mobile":{"background-color":"var(--ast-global-color-5)","background-image":"","background-repeat":"repeat","background-position":"center center","background-size":"auto","background-attachment":"scroll","background-type":"","background-media":"","overlay-type":"","overlay-color":"","overlay-opacity":"","overlay-gradient":""}}},"product_brand":[],"product_cat":[85,159,169],"product_tag":[],"class_list":{"0":"post-22795","1":"product","2":"type-product","3":"status-publish","4":"has-post-thumbnail","6":"product_cat-dlapsa","7":"product_cat-smakolyki","8":"product_cat-gryzaki","9":"desktop-align-left","10":"tablet-align-left","11":"mobile-align-left","13":"first","14":"instock","15":"taxable","16":"shipping-taxable","17":"purchasable","18":"product-type-simple"},"jetpack_sharing_enabled":true,"_links":{"self":[{"href":"https:\/\/mooncraft.com.pl\/index.php?rest_route=\/wp\/v2\/product\/22795","targetHints":{"allow":["GET"]}}],"collection":[{"href":"https:\/\/mooncraft.com.pl\/index.php?rest_route=\/wp\/v2\/product"}],"about":[{"href":"https:\/\/mooncraft.com.pl\/index.php?rest_route=\/wp\/v2\/types\/product"}],"wp:featuredmedia":[{"embeddable":true,"href":"https:\/\/mooncraft.com.pl\/index.php?rest_route=\/wp\/v2\/media\/22792"}],"wp:attachment":[{"href":"https:\/\/mooncraft.com.pl\/index.php?rest_route=%2Fwp%2Fv2%2Fmedia&parent=22795"}],"wp:term":[{"taxonomy":"product_brand","embeddable":true,"href":"https:\/\/mooncraft.com.pl\/index.php?rest_route=%2Fwp%2Fv2%2Fproduct_brand&post=22795"},{"taxonomy":"product_cat","embeddable":true,"href":"https:\/\/mooncraft.com.pl\/index.php?rest_route=%2Fwp%2Fv2%2Fproduct_cat&post=22795"},{"taxonomy":"product_tag","embeddable":true,"href":"https:\/\/mooncraft.com.pl\/index.php?rest_route=%2Fwp%2Fv2%2Fproduct_tag&post=22795"}],"curies":[{"name":"wp","href":"https:\/\/api.w.org\/{rel}","templated":true}]}}