{"id":22791,"date":"2026-01-15T21:01:17","date_gmt":"2026-01-15T21:01:17","guid":{"rendered":"https:\/\/mooncraft.com.pl\/?post_type=product&#038;p=22791"},"modified":"2026-02-13T13:34:49","modified_gmt":"2026-02-13T13:34:49","slug":"meatstuff-skora-wolowa-plaska-1-szt","status":"publish","type":"product","link":"https:\/\/mooncraft.com.pl\/?product=meatstuff-skora-wolowa-plaska-1-szt","title":{"rendered":"MEATSTUFF &#8211; Sk\u00f3ra wo\u0142owa p\u0142aska (1 szt.)"},"content":{"rendered":"<p>Sk\u00f3ra wo\u0142owa to wyj\u0105tkowo wysokobia\u0142kowy gryzak o niskiej zawarto\u015bci t\u0142uszczu. Jest bardzo twarda i wytrzyma\u0142a przez co zapewni d\u0142ugie \u017cucie<\/p>\n<p>Sk\u00f3ry to gryzaki nadaj\u0105ce si\u0119 dla ps\u00f3w ka\u017cdej wielko\u015bci, s\u0105 zaliczane do grupy najwytrzymalszych i najtwardszych oraz najmniej uci\u0105\u017cliwych dla w\u0142a\u015bciciela ze wzgl\u0119du na ma\u0142o intensywny zapach. Doskonale zaspokoj\u0105 potrzeb\u0119 gryzienia, \u017cucia, masuj\u0105 dzi\u0105s\u0142a i wspomagaj\u0105 usuwanie kamienia naz\u0119bnego. Gryzaki ze sk\u00f3ry nie \u0142ami\u0105 si\u0119, a nawet w przypadku po\u0142kni\u0119cia wi\u0119kszego kawa\u0142ka, pies poradzi sobie z jego strawieniem.<\/p>\n<p>Sk\u0142ad: 100% sk\u00f3ra wo\u0142owa<\/p>\n<p>Sk\u0142adniki analityczne:<br \/>\nBia\u0142ko surowe 89,5%<br \/>\nT\u0142uszcz surowy 4,8%<br \/>\nWilgotno\u015b\u0107 4,6%<\/p>\n","protected":false},"excerpt":{"rendered":"<p><strong>Gryzaki Meat Stuff s\u0105\u00a0<\/strong>produkowane w Polsce. W 100% ze \u015bwie\u017cego i naturalnego mi\u0119sa, bez barwnik\u00f3w, bez gliceryny, bez konserwant\u00f3w<\/p>\n<p>&nbsp;<\/p>\n","protected":false},"featured_media":22794,"template":"","meta":{"site-sidebar-layout":"default","site-content-layout":"","ast-site-content-layout":"default","site-content-style":"default","site-sidebar-style":"default","ast-global-header-display":"","ast-banner-title-visibility":"","ast-main-header-display":"","ast-hfb-above-header-display":"","ast-hfb-below-header-display":"","ast-hfb-mobile-header-display":"","site-post-title":"","ast-breadcrumbs-content":"","ast-featured-img":"","footer-sml-layout":"","ast-disable-related-posts":"","theme-transparent-header-meta":"default","adv-header-id-meta":"","stick-header-meta":"","header-above-stick-meta":"","header-main-stick-meta":"","header-below-stick-meta":"","astra-migrate-meta-layouts":"set","ast-page-background-enabled":"default","ast-page-background-meta":{"desktop":{"background-color":"","background-image":"","background-repeat":"repeat","background-position":"center center","background-size":"auto","background-attachment":"scroll","background-type":"","background-media":"","overlay-type":"","overlay-color":"","overlay-opacity":"","overlay-gradient":""},"tablet":{"background-color":"","background-image":"","background-repeat":"repeat","background-position":"center center","background-size":"auto","background-attachment":"scroll","background-type":"","background-media":"","overlay-type":"","overlay-color":"","overlay-opacity":"","overlay-gradient":""},"mobile":{"background-color":"","background-image":"","background-repeat":"repeat","background-position":"center center","background-size":"auto","background-attachment":"scroll","background-type":"","background-media":"","overlay-type":"","overlay-color":"","overlay-opacity":"","overlay-gradient":""}},"ast-content-background-meta":{"desktop":{"background-color":"var(--ast-global-color-5)","background-image":"","background-repeat":"repeat","background-position":"center center","background-size":"auto","background-attachment":"scroll","background-type":"","background-media":"","overlay-type":"","overlay-color":"","overlay-opacity":"","overlay-gradient":""},"tablet":{"background-color":"var(--ast-global-color-5)","background-image":"","background-repeat":"repeat","background-position":"center center","background-size":"auto","background-attachment":"scroll","background-type":"","background-media":"","overlay-type":"","overlay-color":"","overlay-opacity":"","overlay-gradient":""},"mobile":{"background-color":"var(--ast-global-color-5)","background-image":"","background-repeat":"repeat","background-position":"center center","background-size":"auto","background-attachment":"scroll","background-type":"","background-media":"","overlay-type":"","overlay-color":"","overlay-opacity":"","overlay-gradient":""}}},"product_brand":[],"product_cat":[85,159,169],"product_tag":[],"class_list":{"0":"post-22791","1":"product","2":"type-product","3":"status-publish","4":"has-post-thumbnail","6":"product_cat-dlapsa","7":"product_cat-smakolyki","8":"product_cat-gryzaki","9":"desktop-align-left","10":"tablet-align-left","11":"mobile-align-left","13":"first","14":"instock","15":"taxable","16":"shipping-taxable","17":"purchasable","18":"product-type-simple"},"jetpack_sharing_enabled":true,"_links":{"self":[{"href":"https:\/\/mooncraft.com.pl\/index.php?rest_route=\/wp\/v2\/product\/22791","targetHints":{"allow":["GET"]}}],"collection":[{"href":"https:\/\/mooncraft.com.pl\/index.php?rest_route=\/wp\/v2\/product"}],"about":[{"href":"https:\/\/mooncraft.com.pl\/index.php?rest_route=\/wp\/v2\/types\/product"}],"wp:featuredmedia":[{"embeddable":true,"href":"https:\/\/mooncraft.com.pl\/index.php?rest_route=\/wp\/v2\/media\/22794"}],"wp:attachment":[{"href":"https:\/\/mooncraft.com.pl\/index.php?rest_route=%2Fwp%2Fv2%2Fmedia&parent=22791"}],"wp:term":[{"taxonomy":"product_brand","embeddable":true,"href":"https:\/\/mooncraft.com.pl\/index.php?rest_route=%2Fwp%2Fv2%2Fproduct_brand&post=22791"},{"taxonomy":"product_cat","embeddable":true,"href":"https:\/\/mooncraft.com.pl\/index.php?rest_route=%2Fwp%2Fv2%2Fproduct_cat&post=22791"},{"taxonomy":"product_tag","embeddable":true,"href":"https:\/\/mooncraft.com.pl\/index.php?rest_route=%2Fwp%2Fv2%2Fproduct_tag&post=22791"}],"curies":[{"name":"wp","href":"https:\/\/api.w.org\/{rel}","templated":true}]}}