{"id":22680,"date":"2025-12-16T18:21:54","date_gmt":"2025-12-16T18:21:54","guid":{"rendered":"https:\/\/mooncraft.com.pl\/?post_type=product&#038;p=22680"},"modified":"2026-02-13T13:33:46","modified_gmt":"2026-02-13T13:33:46","slug":"meatstuff-sciegna-achillesa-jelenia-2-szt","status":"publish","type":"product","link":"https:\/\/mooncraft.com.pl\/?product=meatstuff-sciegna-achillesa-jelenia-2-szt","title":{"rendered":"MEATSTUFF &#8211; \u015aci\u0119gna Achillesa jelenia (2 szt.)"},"content":{"rendered":"<p>\u015aci\u0119gno Achillesa z jelenia to wysokiej jako\u015bci gryzak dla ps\u00f3w nadwra\u017cliwych. Jest to wyj\u0105tkowo twarda i dietetyczna przek\u0105ska dla \u015brednich i ma\u0142ych ps\u00f3w. Doskonale nadaje si\u0119 do \u017cucia, dzi\u0119ki czemu Tw\u00f3j pies zaspokoi potrzeb\u0119 gryzienia i mem\u0142ania, oraz wspomo\u017ce czyszczenie z\u0119b\u00f3w<\/p>\n<p>Polecany dla alergik\u00f3w, oraz ps\u00f3w ma\u0142ych i \u015bredniej wielko\u015bci.<\/p>\n<p>Sk\u0142ad: 100% \u015bci\u0119gno jelenia<\/p>\n<p>Sk\u0142adniki analityczne:<br \/>\nBia\u0142ko surowe 24%<br \/>\nT\u0142uszcz surowy 15%<br \/>\nWilgotno\u015b\u0107 2%<\/p>\n","protected":false},"excerpt":{"rendered":"<p><strong>Gryzaki Meat Stuff s\u0105\u00a0<\/strong>produkowane w Polsce. W 100% ze \u015bwie\u017cego i naturalnego mi\u0119sa, bez barwnik\u00f3w, bez gliceryny, bez konserwant\u00f3w<\/p>\n<p>&nbsp;<\/p>\n","protected":false},"featured_media":22681,"template":"","meta":{"site-sidebar-layout":"default","site-content-layout":"","ast-site-content-layout":"default","site-content-style":"default","site-sidebar-style":"default","ast-global-header-display":"","ast-banner-title-visibility":"","ast-main-header-display":"","ast-hfb-above-header-display":"","ast-hfb-below-header-display":"","ast-hfb-mobile-header-display":"","site-post-title":"","ast-breadcrumbs-content":"","ast-featured-img":"","footer-sml-layout":"","ast-disable-related-posts":"","theme-transparent-header-meta":"default","adv-header-id-meta":"","stick-header-meta":"","header-above-stick-meta":"","header-main-stick-meta":"","header-below-stick-meta":"","astra-migrate-meta-layouts":"set","ast-page-background-enabled":"default","ast-page-background-meta":{"desktop":{"background-color":"","background-image":"","background-repeat":"repeat","background-position":"center center","background-size":"auto","background-attachment":"scroll","background-type":"","background-media":"","overlay-type":"","overlay-color":"","overlay-opacity":"","overlay-gradient":""},"tablet":{"background-color":"","background-image":"","background-repeat":"repeat","background-position":"center center","background-size":"auto","background-attachment":"scroll","background-type":"","background-media":"","overlay-type":"","overlay-color":"","overlay-opacity":"","overlay-gradient":""},"mobile":{"background-color":"","background-image":"","background-repeat":"repeat","background-position":"center center","background-size":"auto","background-attachment":"scroll","background-type":"","background-media":"","overlay-type":"","overlay-color":"","overlay-opacity":"","overlay-gradient":""}},"ast-content-background-meta":{"desktop":{"background-color":"var(--ast-global-color-5)","background-image":"","background-repeat":"repeat","background-position":"center center","background-size":"auto","background-attachment":"scroll","background-type":"","background-media":"","overlay-type":"","overlay-color":"","overlay-opacity":"","overlay-gradient":""},"tablet":{"background-color":"var(--ast-global-color-5)","background-image":"","background-repeat":"repeat","background-position":"center center","background-size":"auto","background-attachment":"scroll","background-type":"","background-media":"","overlay-type":"","overlay-color":"","overlay-opacity":"","overlay-gradient":""},"mobile":{"background-color":"var(--ast-global-color-5)","background-image":"","background-repeat":"repeat","background-position":"center center","background-size":"auto","background-attachment":"scroll","background-type":"","background-media":"","overlay-type":"","overlay-color":"","overlay-opacity":"","overlay-gradient":""}}},"product_brand":[],"product_cat":[85,159,169],"product_tag":[],"class_list":{"0":"post-22680","1":"product","2":"type-product","3":"status-publish","4":"has-post-thumbnail","6":"product_cat-dlapsa","7":"product_cat-smakolyki","8":"product_cat-gryzaki","9":"desktop-align-left","10":"tablet-align-left","11":"mobile-align-left","13":"first","14":"instock","15":"taxable","16":"shipping-taxable","17":"purchasable","18":"product-type-simple"},"jetpack_sharing_enabled":true,"_links":{"self":[{"href":"https:\/\/mooncraft.com.pl\/index.php?rest_route=\/wp\/v2\/product\/22680","targetHints":{"allow":["GET"]}}],"collection":[{"href":"https:\/\/mooncraft.com.pl\/index.php?rest_route=\/wp\/v2\/product"}],"about":[{"href":"https:\/\/mooncraft.com.pl\/index.php?rest_route=\/wp\/v2\/types\/product"}],"wp:featuredmedia":[{"embeddable":true,"href":"https:\/\/mooncraft.com.pl\/index.php?rest_route=\/wp\/v2\/media\/22681"}],"wp:attachment":[{"href":"https:\/\/mooncraft.com.pl\/index.php?rest_route=%2Fwp%2Fv2%2Fmedia&parent=22680"}],"wp:term":[{"taxonomy":"product_brand","embeddable":true,"href":"https:\/\/mooncraft.com.pl\/index.php?rest_route=%2Fwp%2Fv2%2Fproduct_brand&post=22680"},{"taxonomy":"product_cat","embeddable":true,"href":"https:\/\/mooncraft.com.pl\/index.php?rest_route=%2Fwp%2Fv2%2Fproduct_cat&post=22680"},{"taxonomy":"product_tag","embeddable":true,"href":"https:\/\/mooncraft.com.pl\/index.php?rest_route=%2Fwp%2Fv2%2Fproduct_tag&post=22680"}],"curies":[{"name":"wp","href":"https:\/\/api.w.org\/{rel}","templated":true}]}}