{"id":22679,"date":"2025-12-16T18:17:40","date_gmt":"2025-12-16T18:17:40","guid":{"rendered":"https:\/\/mooncraft.com.pl\/?post_type=product&#038;p=22679"},"modified":"2026-01-05T13:58:22","modified_gmt":"2026-01-05T13:58:22","slug":"meatstuff-stripsy-kolagenowe-z-jelenia-doypack-250-g","status":"publish","type":"product","link":"https:\/\/mooncraft.com.pl\/?product=meatstuff-stripsy-kolagenowe-z-jelenia-doypack-250-g","title":{"rendered":"MEATSTUFF &#8211; Stripsy kolagenowe z jelenia (doypack 250 g)"},"content":{"rendered":"<p>Stripsy kolagenowe z jelenia to aromatyczne i twarde gryzaki dla wszystkich ps\u00f3w.<\/p>\n<ul>\n<li>S\u0105 to kawa\u0142ki sk\u00f3ry jelenia z chrz\u0105stki ucha, kt\u00f3re dzi\u0119ki swoim nieregularnym kszta\u0142tom wspomog\u0105 czyszczenie z\u0119b\u00f3w oraz stan\u0105 s\u0105 ciekawym wyzwaniem nawet dla du\u017cego psa zapewniaj\u0105c mu d\u0142u\u017csz\u0105 zabaw\u0119.<\/li>\n<li>Jest to produkt w pe\u0142ni naturalny dlatego poszczeg\u00f3lne gryzaki mog\u0105 si\u0119 r\u00f3\u017cni\u0107 kolorem i\/lub rozmiarem.<\/li>\n<li>Gryzaki ze sk\u00f3ry nie \u0142ami\u0105 si\u0119, a nawet w przypadku po\u0142kni\u0119cia wi\u0119kszego kawa\u0142ka, pies poradzi sobie z jego strawieniem.<\/li>\n<\/ul>\n<p>Oferuj\u0105c Twojemu psu przysmaki na bazie dziczyzny, dostarczasz mu szeregu witamin i minera\u0142\u00f3w niezb\u0119dnych do prawid\u0142owego funkcjonowania organizmu (cynk, wap\u0144, fosfor, \u017celazom magnez i witaminy z grupy B).<\/p>\n","protected":false},"excerpt":{"rendered":"<p><strong>Gryzaki Meat Stuff s\u0105\u00a0<\/strong>produkowane w Polsce. W 100% ze \u015bwie\u017cego i naturalnego mi\u0119sa, bez barwnik\u00f3w, bez gliceryny, bez konserwant\u00f3w<\/p>\n<p><strong>Sk\u0142ad:<\/strong>\u00a0100% sk\u00f3ra jelenia z chrz\u0105stk\u0105<\/p>\n<p><strong>Sk\u0142adniki analityczne:<\/strong>\u00a0Bia\u0142ko surowe 83% T\u0142uszcz surowy 6% Wilgotno\u015b\u0107 11%<\/p>\n<p><strong>Waga:<\/strong>\u00a0250g<\/p>\n","protected":false},"featured_media":22678,"template":"","meta":{"site-sidebar-layout":"default","site-content-layout":"","ast-site-content-layout":"default","site-content-style":"default","site-sidebar-style":"default","ast-global-header-display":"","ast-banner-title-visibility":"","ast-main-header-display":"","ast-hfb-above-header-display":"","ast-hfb-below-header-display":"","ast-hfb-mobile-header-display":"","site-post-title":"","ast-breadcrumbs-content":"","ast-featured-img":"","footer-sml-layout":"","ast-disable-related-posts":"","theme-transparent-header-meta":"default","adv-header-id-meta":"","stick-header-meta":"","header-above-stick-meta":"","header-main-stick-meta":"","header-below-stick-meta":"","astra-migrate-meta-layouts":"set","ast-page-background-enabled":"default","ast-page-background-meta":{"desktop":{"background-color":"","background-image":"","background-repeat":"repeat","background-position":"center center","background-size":"auto","background-attachment":"scroll","background-type":"","background-media":"","overlay-type":"","overlay-color":"","overlay-opacity":"","overlay-gradient":""},"tablet":{"background-color":"","background-image":"","background-repeat":"repeat","background-position":"center center","background-size":"auto","background-attachment":"scroll","background-type":"","background-media":"","overlay-type":"","overlay-color":"","overlay-opacity":"","overlay-gradient":""},"mobile":{"background-color":"","background-image":"","background-repeat":"repeat","background-position":"center center","background-size":"auto","background-attachment":"scroll","background-type":"","background-media":"","overlay-type":"","overlay-color":"","overlay-opacity":"","overlay-gradient":""}},"ast-content-background-meta":{"desktop":{"background-color":"var(--ast-global-color-5)","background-image":"","background-repeat":"repeat","background-position":"center center","background-size":"auto","background-attachment":"scroll","background-type":"","background-media":"","overlay-type":"","overlay-color":"","overlay-opacity":"","overlay-gradient":""},"tablet":{"background-color":"var(--ast-global-color-5)","background-image":"","background-repeat":"repeat","background-position":"center center","background-size":"auto","background-attachment":"scroll","background-type":"","background-media":"","overlay-type":"","overlay-color":"","overlay-opacity":"","overlay-gradient":""},"mobile":{"background-color":"var(--ast-global-color-5)","background-image":"","background-repeat":"repeat","background-position":"center center","background-size":"auto","background-attachment":"scroll","background-type":"","background-media":"","overlay-type":"","overlay-color":"","overlay-opacity":"","overlay-gradient":""}}},"product_brand":[],"product_cat":[85,159,169],"product_tag":[],"class_list":{"0":"post-22679","1":"product","2":"type-product","3":"status-publish","4":"has-post-thumbnail","6":"product_cat-dlapsa","7":"product_cat-smakolyki","8":"product_cat-gryzaki","9":"desktop-align-left","10":"tablet-align-left","11":"mobile-align-left","13":"first","14":"instock","15":"taxable","16":"shipping-taxable","17":"purchasable","18":"product-type-simple"},"jetpack_sharing_enabled":true,"_links":{"self":[{"href":"https:\/\/mooncraft.com.pl\/index.php?rest_route=\/wp\/v2\/product\/22679","targetHints":{"allow":["GET"]}}],"collection":[{"href":"https:\/\/mooncraft.com.pl\/index.php?rest_route=\/wp\/v2\/product"}],"about":[{"href":"https:\/\/mooncraft.com.pl\/index.php?rest_route=\/wp\/v2\/types\/product"}],"wp:featuredmedia":[{"embeddable":true,"href":"https:\/\/mooncraft.com.pl\/index.php?rest_route=\/wp\/v2\/media\/22678"}],"wp:attachment":[{"href":"https:\/\/mooncraft.com.pl\/index.php?rest_route=%2Fwp%2Fv2%2Fmedia&parent=22679"}],"wp:term":[{"taxonomy":"product_brand","embeddable":true,"href":"https:\/\/mooncraft.com.pl\/index.php?rest_route=%2Fwp%2Fv2%2Fproduct_brand&post=22679"},{"taxonomy":"product_cat","embeddable":true,"href":"https:\/\/mooncraft.com.pl\/index.php?rest_route=%2Fwp%2Fv2%2Fproduct_cat&post=22679"},{"taxonomy":"product_tag","embeddable":true,"href":"https:\/\/mooncraft.com.pl\/index.php?rest_route=%2Fwp%2Fv2%2Fproduct_tag&post=22679"}],"curies":[{"name":"wp","href":"https:\/\/api.w.org\/{rel}","templated":true}]}}