{"id":22427,"date":"2025-12-11T18:16:46","date_gmt":"2025-12-11T18:16:46","guid":{"rendered":"https:\/\/mooncraft.com.pl\/?post_type=product&#038;p=22427"},"modified":"2026-01-17T10:42:36","modified_gmt":"2026-01-17T10:42:36","slug":"dogy-skora-krolicza-100g","status":"publish","type":"product","link":"https:\/\/mooncraft.com.pl\/?product=dogy-skora-krolicza-100g","title":{"rendered":"DOGY &#8211; Sk\u00f3ra Kr\u00f3licza 100g"},"content":{"rendered":"<section>\n<section>\n<section>\n<section>\n<section>\n<section id=\"opis-produktu\" class=\"section_product section_product--part_of_bar section_product--first_item_of_bar section_product--v1 section section_product--v1__desc section--padding-top-medium\">\n<div class=\"section_body\">\n<div class=\"productDesc productDesc--full container\">\n<div class=\"productDesc__left grow productDesc__left--no_params\">\n<div class=\"productDesc__desc typography\">\n<p><strong>Sk\u0142ad:<\/strong>\u00a0sk\u00f3ra kr\u00f3licza 100%<\/p>\n<p><strong>Sk\u0142ad analityczny:<\/strong>\u00a0Bia\u0142ko \u2013 63%, T\u0142uszcz \u2013 26%, Wilgotno\u015b\u0107 &#8211; 6%<\/p>\n<h3>Zalety Sk\u00f3ry Kr\u00f3liczej dla Twojego Psa:<\/h3>\n<ul>\n<li>Zaspokaja potrzeb\u0119 gryzienia i\u00a0\u017cucia: Sk\u00f3ra Kr\u00f3licza zapewnia Twojemu psu doskona\u0142\u0105 okazj\u0119 do naturalnego wyra\u017cania instynktu \u017cucia i\u00a0gryzienia, co jest istotne dla zdrowia z\u0119b\u00f3w i\u00a0dzi\u0105se\u0142, a\u00a0tak\u017ce zapewnia rozrywk\u0119 i\u00a0stymulacj\u0119 psychiczn\u0105.<\/li>\n<li>Dla szczeni\u0105t i\u00a0senior\u00f3w: Sk\u00f3ra Kr\u00f3licza jest odpowiednia zar\u00f3wno dla szczeni\u0105t, kt\u00f3re ucz\u0105 si\u0119 i\u00a0rozwijaj\u0105 swoje zdolno\u015bci \u017cucia, jak i\u00a0dla senior\u00f3w, kt\u00f3rzy mog\u0105 potrzebowa\u0107 mniej intensywnej, ale\u00a0nadal satysfakcjonuj\u0105cej rozrywki.<\/li>\n<li>Naturalne \u017ar\u00f3d\u0142o rozrywki: Sk\u00f3ra Kr\u00f3licza jest naturalnym produktem, pozbawionym sztucznych dodatk\u00f3w i\u00a0konserwant\u00f3w, co sprawia, \u017ce\u00a0jest bezpieczna dla Twojego psa oraz\u00a0dobrze tolerowana przez te psy, kt\u00f3re mog\u0105 by\u0107 wra\u017cliwe na\u00a0inne rodzaje przysmak\u00f3w.<\/li>\n<li>Bogactwo sk\u0142adnik\u00f3w od\u017cywczych: Sk\u00f3ra Kr\u00f3licza dostarcza psu bia\u0142ko oraz\u00a0niezb\u0119dne sk\u0142adniki od\u017cywcze, kt\u00f3re wspieraj\u0105 jego zdrowie i\u00a0og\u00f3ln\u0105 kondycj\u0119.<\/li>\n<\/ul>\n<h3>Znaczenie Sk\u00f3ry Kr\u00f3liczej w\u00a0Diecie Psa:<\/h3>\n<p>Sk\u00f3ra Kr\u00f3licza to nie tylko pyszny przysmak, ale\u00a0r\u00f3wnie\u017c warto\u015bciowe \u017ar\u00f3d\u0142o bia\u0142ka i\u00a0innych sk\u0142adnik\u00f3w od\u017cywczych, kt\u00f3re s\u0105 istotne dla zdrowia i\u00a0prawid\u0142owego funkcjonowania organizmu psa. Dzi\u0119ki Sk\u00f3rze Kr\u00f3liczej mo\u017cesz da\u0107 swojemu psu smaczn\u0105 nagrod\u0119, kt\u00f3ra jednocze\u015bnie dba o\u00a0jego dobre samopoczucie i\u00a0zapewnia mu niezb\u0119dne sk\u0142adniki od\u017cywcze.<\/p>\n<\/div>\n<\/div>\n<\/div>\n<\/div>\n<\/section>\n<\/section>\n<\/section>\n<\/section>\n<\/section>\n<\/section>\n","protected":false},"excerpt":{"rendered":"<h3>DOGY Sk\u00f3ra Kr\u00f3licza<\/h3>\n<p>Zapewnij swojemu pupilkowi wyj\u0105tkowy przysmak, kt\u00f3ry nie tylko dostarczy mu rado\u015bci, ale\u00a0tak\u017ce zadba o\u00a0jego zdrowie i\u00a0samopoczucie. Nasza Sk\u00f3ra Kr\u00f3licza to doskona\u0142a propozycja dla Twojego psa, kt\u00f3ra zaspokoi jego naturaln\u0105 potrzeb\u0119 gryzienia i\u00a0\u017cucia, niezale\u017cnie od wieku.<\/p>\n","protected":false},"featured_media":22428,"template":"","meta":{"site-sidebar-layout":"default","site-content-layout":"","ast-site-content-layout":"default","site-content-style":"default","site-sidebar-style":"default","ast-global-header-display":"","ast-banner-title-visibility":"","ast-main-header-display":"","ast-hfb-above-header-display":"","ast-hfb-below-header-display":"","ast-hfb-mobile-header-display":"","site-post-title":"","ast-breadcrumbs-content":"","ast-featured-img":"","footer-sml-layout":"","ast-disable-related-posts":"","theme-transparent-header-meta":"default","adv-header-id-meta":"","stick-header-meta":"","header-above-stick-meta":"","header-main-stick-meta":"","header-below-stick-meta":"","astra-migrate-meta-layouts":"set","ast-page-background-enabled":"default","ast-page-background-meta":{"desktop":{"background-color":"","background-image":"","background-repeat":"repeat","background-position":"center center","background-size":"auto","background-attachment":"scroll","background-type":"","background-media":"","overlay-type":"","overlay-color":"","overlay-opacity":"","overlay-gradient":""},"tablet":{"background-color":"","background-image":"","background-repeat":"repeat","background-position":"center center","background-size":"auto","background-attachment":"scroll","background-type":"","background-media":"","overlay-type":"","overlay-color":"","overlay-opacity":"","overlay-gradient":""},"mobile":{"background-color":"","background-image":"","background-repeat":"repeat","background-position":"center center","background-size":"auto","background-attachment":"scroll","background-type":"","background-media":"","overlay-type":"","overlay-color":"","overlay-opacity":"","overlay-gradient":""}},"ast-content-background-meta":{"desktop":{"background-color":"var(--ast-global-color-5)","background-image":"","background-repeat":"repeat","background-position":"center center","background-size":"auto","background-attachment":"scroll","background-type":"","background-media":"","overlay-type":"","overlay-color":"","overlay-opacity":"","overlay-gradient":""},"tablet":{"background-color":"var(--ast-global-color-5)","background-image":"","background-repeat":"repeat","background-position":"center center","background-size":"auto","background-attachment":"scroll","background-type":"","background-media":"","overlay-type":"","overlay-color":"","overlay-opacity":"","overlay-gradient":""},"mobile":{"background-color":"var(--ast-global-color-5)","background-image":"","background-repeat":"repeat","background-position":"center center","background-size":"auto","background-attachment":"scroll","background-type":"","background-media":"","overlay-type":"","overlay-color":"","overlay-opacity":"","overlay-gradient":""}}},"product_brand":[],"product_cat":[85,159,169],"product_tag":[],"class_list":{"0":"post-22427","1":"product","2":"type-product","3":"status-publish","4":"has-post-thumbnail","6":"product_cat-dlapsa","7":"product_cat-smakolyki","8":"product_cat-gryzaki","9":"desktop-align-left","10":"tablet-align-left","11":"mobile-align-left","13":"first","14":"instock","15":"taxable","16":"shipping-taxable","17":"purchasable","18":"product-type-simple"},"jetpack_sharing_enabled":true,"_links":{"self":[{"href":"https:\/\/mooncraft.com.pl\/index.php?rest_route=\/wp\/v2\/product\/22427","targetHints":{"allow":["GET"]}}],"collection":[{"href":"https:\/\/mooncraft.com.pl\/index.php?rest_route=\/wp\/v2\/product"}],"about":[{"href":"https:\/\/mooncraft.com.pl\/index.php?rest_route=\/wp\/v2\/types\/product"}],"wp:featuredmedia":[{"embeddable":true,"href":"https:\/\/mooncraft.com.pl\/index.php?rest_route=\/wp\/v2\/media\/22428"}],"wp:attachment":[{"href":"https:\/\/mooncraft.com.pl\/index.php?rest_route=%2Fwp%2Fv2%2Fmedia&parent=22427"}],"wp:term":[{"taxonomy":"product_brand","embeddable":true,"href":"https:\/\/mooncraft.com.pl\/index.php?rest_route=%2Fwp%2Fv2%2Fproduct_brand&post=22427"},{"taxonomy":"product_cat","embeddable":true,"href":"https:\/\/mooncraft.com.pl\/index.php?rest_route=%2Fwp%2Fv2%2Fproduct_cat&post=22427"},{"taxonomy":"product_tag","embeddable":true,"href":"https:\/\/mooncraft.com.pl\/index.php?rest_route=%2Fwp%2Fv2%2Fproduct_tag&post=22427"}],"curies":[{"name":"wp","href":"https:\/\/api.w.org\/{rel}","templated":true}]}}