{"id":22308,"date":"2025-12-10T15:28:53","date_gmt":"2025-12-10T15:28:53","guid":{"rendered":"https:\/\/mooncraft.com.pl\/?post_type=product&#038;p=22308"},"modified":"2025-12-10T16:44:49","modified_gmt":"2025-12-10T16:44:49","slug":"torba-szoperka-czarny-bez","status":"publish","type":"product","link":"https:\/\/mooncraft.com.pl\/?product=torba-szoperka-czarny-bez","title":{"rendered":"Torba Szoperka &#8211; Czarny Bez"},"content":{"rendered":"<p><span class=\"text_exposed_show\"><strong data-start=\"617\" data-end=\"629\">Wymiary:<\/strong><br data-start=\"629\" data-end=\"632\" \/>\u2013 szeroko\u015b\u0107: 46 cm<br data-start=\"650\" data-end=\"653\" \/>\u2013 g\u0142\u0119boko\u015b\u0107: 18 cm<br data-start=\"671\" data-end=\"674\" \/>\u2013 wysoko\u015b\u0107: 35 cm<br \/>\n<\/span><\/p>\n","protected":false},"excerpt":{"rendered":"<p><strong data-start=\"104\" data-end=\"127\">Szoperka Moon Craft<\/strong> to idealna torba dla tych, kt\u00f3rzy potrzebuj\u0105 miejsca, wygody i dobrego stylu w jednym. Du\u017ca i pojemna, bez problemu pomie\u015bci wszystko, co potrzebne na co dzie\u0144 \u2014 zakupy, dokumenty czy rzeczy na ca\u0142y dzie\u0144 poza domem. Wodoodporny materia\u0142 zewn\u0119trzny chroni zawarto\u015b\u0107, a usztywniona podstawa sprawia, \u017ce torba zawsze trzyma form\u0119. Zamek u g\u00f3ry zapewnia bezpiecze\u0144stwo, a praktyczne kieszenie pomagaj\u0105 zachowa\u0107 porz\u0105dek. Dzi\u0119ki kr\u00f3tkim r\u0105czkom i dodatkowemu d\u0142ugiemu paskowi mo\u017cesz nosi\u0107 j\u0105 tak, jak lubisz \u2014 w r\u0119ku lub na ramieniu. Funkcjonalna, wygodna i po prostu niezawodna.<\/p>\n<div data-testid=\"messenger_incoming_text_row\"><\/div>\n<div class=\"ni8dbmo4 stjgntxs nred35xi ii04i59q\" data-testid=\"messenger_incoming_text_row\">Produkt dost\u0119pny od r\u0119ki: wysy\u0142ka 1-3dni roboczych od zaksi\u0119gowania wp\u0142aty.<\/div>\n<div class=\"ni8dbmo4 stjgntxs nred35xi ii04i59q\" data-testid=\"messenger_incoming_text_row\">Produkt na zam\u00f3wienie: wysy\u0142ka do 14 dni roboczych od zaksi\u0119gowania wp\u0142aty.<\/div>\n<div dir=\"auto\"><\/div>\n","protected":false},"featured_media":22158,"template":"","meta":{"site-sidebar-layout":"default","site-content-layout":"default","ast-site-content-layout":"default","site-content-style":"default","site-sidebar-style":"default","ast-global-header-display":"","ast-banner-title-visibility":"","ast-main-header-display":"","ast-hfb-above-header-display":"","ast-hfb-below-header-display":"","ast-hfb-mobile-header-display":"","site-post-title":"","ast-breadcrumbs-content":"","ast-featured-img":"","footer-sml-layout":"","ast-disable-related-posts":"","theme-transparent-header-meta":"default","adv-header-id-meta":"","stick-header-meta":"","header-above-stick-meta":"","header-main-stick-meta":"","header-below-stick-meta":"","astra-migrate-meta-layouts":"set","ast-page-background-enabled":"default","ast-page-background-meta":{"desktop":{"background-color":"","background-image":"","background-repeat":"repeat","background-position":"center center","background-size":"auto","background-attachment":"scroll","background-type":"","background-media":"","overlay-type":"","overlay-color":"","overlay-opacity":"","overlay-gradient":""},"tablet":{"background-color":"","background-image":"","background-repeat":"repeat","background-position":"center center","background-size":"auto","background-attachment":"scroll","background-type":"","background-media":"","overlay-type":"","overlay-color":"","overlay-opacity":"","overlay-gradient":""},"mobile":{"background-color":"","background-image":"","background-repeat":"repeat","background-position":"center center","background-size":"auto","background-attachment":"scroll","background-type":"","background-media":"","overlay-type":"","overlay-color":"","overlay-opacity":"","overlay-gradient":""}},"ast-content-background-meta":{"desktop":{"background-color":"var(--ast-global-color-5)","background-image":"","background-repeat":"repeat","background-position":"center center","background-size":"auto","background-attachment":"scroll","background-type":"","background-media":"","overlay-type":"","overlay-color":"","overlay-opacity":"","overlay-gradient":""},"tablet":{"background-color":"var(--ast-global-color-5)","background-image":"","background-repeat":"repeat","background-position":"center center","background-size":"auto","background-attachment":"scroll","background-type":"","background-media":"","overlay-type":"","overlay-color":"","overlay-opacity":"","overlay-gradient":""},"mobile":{"background-color":"var(--ast-global-color-5)","background-image":"","background-repeat":"repeat","background-position":"center center","background-size":"auto","background-attachment":"scroll","background-type":"","background-media":"","overlay-type":"","overlay-color":"","overlay-opacity":"","overlay-gradient":""}}},"product_brand":[],"product_cat":[82,110,125],"product_tag":[],"class_list":{"0":"post-22308","1":"product","2":"type-product","3":"status-publish","4":"has-post-thumbnail","6":"product_cat-dlaciebie","7":"product_cat-torby","8":"product_cat-szoperka","9":"desktop-align-left","10":"tablet-align-left","11":"mobile-align-left","13":"first","14":"onbackorder","15":"featured","16":"taxable","17":"shipping-taxable","18":"purchasable","19":"product-type-simple"},"jetpack_sharing_enabled":true,"_links":{"self":[{"href":"https:\/\/mooncraft.com.pl\/index.php?rest_route=\/wp\/v2\/product\/22308","targetHints":{"allow":["GET"]}}],"collection":[{"href":"https:\/\/mooncraft.com.pl\/index.php?rest_route=\/wp\/v2\/product"}],"about":[{"href":"https:\/\/mooncraft.com.pl\/index.php?rest_route=\/wp\/v2\/types\/product"}],"wp:featuredmedia":[{"embeddable":true,"href":"https:\/\/mooncraft.com.pl\/index.php?rest_route=\/wp\/v2\/media\/22158"}],"wp:attachment":[{"href":"https:\/\/mooncraft.com.pl\/index.php?rest_route=%2Fwp%2Fv2%2Fmedia&parent=22308"}],"wp:term":[{"taxonomy":"product_brand","embeddable":true,"href":"https:\/\/mooncraft.com.pl\/index.php?rest_route=%2Fwp%2Fv2%2Fproduct_brand&post=22308"},{"taxonomy":"product_cat","embeddable":true,"href":"https:\/\/mooncraft.com.pl\/index.php?rest_route=%2Fwp%2Fv2%2Fproduct_cat&post=22308"},{"taxonomy":"product_tag","embeddable":true,"href":"https:\/\/mooncraft.com.pl\/index.php?rest_route=%2Fwp%2Fv2%2Fproduct_tag&post=22308"}],"curies":[{"name":"wp","href":"https:\/\/api.w.org\/{rel}","templated":true}]}}