{"id":22306,"date":"2026-05-09T18:01:52","date_gmt":"2026-05-09T18:01:52","guid":{"rendered":"https:\/\/mooncraft.com.pl\/?post_type=product&#038;p=22306"},"modified":"2026-05-09T18:01:52","modified_gmt":"2026-05-09T18:01:52","slug":"torba-z-kominem-fairy","status":"publish","type":"product","link":"https:\/\/mooncraft.com.pl\/?product=torba-z-kominem-fairy","title":{"rendered":"Torba z kominem Fairy"},"content":{"rendered":"<p>WYMIARY:<span class=\"text_exposed_show\"><br \/>\nLicz\u0105c BEZ wora: ok 29x29x7cm<br \/>\nW\u00f3r to dodatkowe 7-8cm do wysoko\u015bci<\/span><\/p>\n<div class=\"text_exposed_show\">\n<p>Czyli: mie\u015bci A4, wsadzaj\u0105c blok w pionie mo\u017cna spokojnie zasun\u0105\u0107 sznurki<\/p>\n<p>Pasek bawe\u0142niany regulowany, mo\u017cna nosi\u0107 przez rami\u0119 na skos, mo\u017cna skr\u00f3ci\u0107 i mie\u0107 torebk\u0119 pod r\u0119k\u0105 <span class=\"_47e3 _5mfr\" title=\"Emotikon smile\"><img decoding=\"async\" class=\"img\" role=\"presentation\" src=\"https:\/\/static.xx.fbcdn.net\/images\/emoji.php\/v9\/t4c\/1\/16\/1f642.png\" alt=\"1f642\" width=\"16\" height=\"16\" title=\"Torba z kominem Fairy\"><\/span><\/p>\n<p>Sznury bawe\u0142niane<\/p>\n<p>Podszewka w \u015brodku z materia\u0142u wodoodpornego<\/p>\n<p>Materia\u0142 zewn\u0119trzny to Tkanina tapicerska<\/p>\n<p>W \u015brodku kieszonka na zamek<\/p>\n<\/div>\n<p>UWAGA: Komin jest zszyty z torb\u0105 na sta\u0142e, nie jest wymienny.<\/p>\n<p>&nbsp;<\/p>\n<p>Produkt\u00a0 wyprzeda\u017cy nie podlega zwrotowi, prosz\u0119 o przemy\u015blane zakupy<\/p>\n<p>W razie w\u0105tpliwo\u015bci mo\u017cna pisa\u0107 na priv dopyta\u0107 o produkt \ud83d\ude42<\/p>\n","protected":false},"excerpt":{"rendered":"<p>POJEDYNCZE SZTUKI<\/p>\n<p>Produkty z wyprzeda\u017cy s\u0105 nowe, w pe\u0142ni sprawne.<\/p>\n<p>Cena wyj\u015bciowa to najni\u017csza cena w ci\u0105gu ostatnich 30dni<\/p>\n<p>Je\u015bli w koszyku znajduj\u0105 si\u0119 produkty tylko z zak\u0142adek : OUTLET \/ DOST\u0118PNE OD R\u0118KI \/ SMAKO\u0141YKI &#8211; wysy\u0142am paczk\u0119 w ci\u0105gu 3 dni roboczych.<\/p>\n<p>Je\u015bli w koszyku pojawi\u0105 si\u0119 r\u00f3wnie\u017c produkty z pozosta\u0142ych zak\u0142adek, realizacja trwa do 14 dni roboczych i paczka jest wysy\u0142ana jedna ze wszystkimi produktami.<\/p>\n","protected":false},"featured_media":22170,"template":"","meta":{"site-sidebar-layout":"default","site-content-layout":"default","ast-site-content-layout":"default","site-content-style":"default","site-sidebar-style":"default","ast-global-header-display":"","ast-banner-title-visibility":"","ast-main-header-display":"","ast-hfb-above-header-display":"","ast-hfb-below-header-display":"","ast-hfb-mobile-header-display":"","site-post-title":"","ast-breadcrumbs-content":"","ast-featured-img":"","footer-sml-layout":"","ast-disable-related-posts":"","theme-transparent-header-meta":"default","adv-header-id-meta":"","stick-header-meta":"","header-above-stick-meta":"","header-main-stick-meta":"","header-below-stick-meta":"","astra-migrate-meta-layouts":"set","ast-page-background-enabled":"default","ast-page-background-meta":{"desktop":{"background-color":"","background-image":"","background-repeat":"repeat","background-position":"center center","background-size":"auto","background-attachment":"scroll","background-type":"","background-media":"","overlay-type":"","overlay-color":"","overlay-opacity":"","overlay-gradient":""},"tablet":{"background-color":"","background-image":"","background-repeat":"repeat","background-position":"center center","background-size":"auto","background-attachment":"scroll","background-type":"","background-media":"","overlay-type":"","overlay-color":"","overlay-opacity":"","overlay-gradient":""},"mobile":{"background-color":"","background-image":"","background-repeat":"repeat","background-position":"center center","background-size":"auto","background-attachment":"scroll","background-type":"","background-media":"","overlay-type":"","overlay-color":"","overlay-opacity":"","overlay-gradient":""}},"ast-content-background-meta":{"desktop":{"background-color":"var(--ast-global-color-5)","background-image":"","background-repeat":"repeat","background-position":"center center","background-size":"auto","background-attachment":"scroll","background-type":"","background-media":"","overlay-type":"","overlay-color":"","overlay-opacity":"","overlay-gradient":""},"tablet":{"background-color":"var(--ast-global-color-5)","background-image":"","background-repeat":"repeat","background-position":"center center","background-size":"auto","background-attachment":"scroll","background-type":"","background-media":"","overlay-type":"","overlay-color":"","overlay-opacity":"","overlay-gradient":""},"mobile":{"background-color":"var(--ast-global-color-5)","background-image":"","background-repeat":"repeat","background-position":"center center","background-size":"auto","background-attachment":"scroll","background-type":"","background-media":"","overlay-type":"","overlay-color":"","overlay-opacity":"","overlay-gradient":""}}},"product_brand":[],"product_cat":[128],"product_tag":[],"class_list":{"0":"post-22306","1":"product","2":"type-product","3":"status-publish","4":"has-post-thumbnail","6":"product_cat-outlet","7":"desktop-align-left","8":"tablet-align-left","9":"mobile-align-left","11":"first","12":"instock","13":"sale","14":"featured","15":"taxable","16":"shipping-taxable","17":"purchasable","18":"product-type-simple"},"jetpack_sharing_enabled":true,"_links":{"self":[{"href":"https:\/\/mooncraft.com.pl\/index.php?rest_route=\/wp\/v2\/product\/22306","targetHints":{"allow":["GET"]}}],"collection":[{"href":"https:\/\/mooncraft.com.pl\/index.php?rest_route=\/wp\/v2\/product"}],"about":[{"href":"https:\/\/mooncraft.com.pl\/index.php?rest_route=\/wp\/v2\/types\/product"}],"wp:featuredmedia":[{"embeddable":true,"href":"https:\/\/mooncraft.com.pl\/index.php?rest_route=\/wp\/v2\/media\/22170"}],"wp:attachment":[{"href":"https:\/\/mooncraft.com.pl\/index.php?rest_route=%2Fwp%2Fv2%2Fmedia&parent=22306"}],"wp:term":[{"taxonomy":"product_brand","embeddable":true,"href":"https:\/\/mooncraft.com.pl\/index.php?rest_route=%2Fwp%2Fv2%2Fproduct_brand&post=22306"},{"taxonomy":"product_cat","embeddable":true,"href":"https:\/\/mooncraft.com.pl\/index.php?rest_route=%2Fwp%2Fv2%2Fproduct_cat&post=22306"},{"taxonomy":"product_tag","embeddable":true,"href":"https:\/\/mooncraft.com.pl\/index.php?rest_route=%2Fwp%2Fv2%2Fproduct_tag&post=22306"}],"curies":[{"name":"wp","href":"https:\/\/api.w.org\/{rel}","templated":true}]}}