{"id":22300,"date":"2025-12-10T14:43:41","date_gmt":"2025-12-10T14:43:41","guid":{"rendered":"https:\/\/mooncraft.com.pl\/?post_type=product&#038;p=22300"},"modified":"2025-12-10T14:47:18","modified_gmt":"2025-12-10T14:47:18","slug":"torba-wenus-chic","status":"publish","type":"product","link":"https:\/\/mooncraft.com.pl\/?product=torba-wenus-chic","title":{"rendered":"Torba Wenus &#8211; Chic"},"content":{"rendered":"<p>WYMIARY:<span class=\"text_exposed_show\"><br \/>\nLicz\u0105c BEZ wora: oko\u0142o 36cm x 27cm x 13cm<br \/>\nW\u00f3r to dodatkowe ok 10cm do wysoko\u015bci<\/span><\/p>\n<div class=\"text_exposed_show\">\n<p>Czyli: swobodnie z du\u017cym zapasem mie\u015bci A4 (wymiar A4 to 29cm x 21cm )<\/p>\n<p>Pasek odpinany bawe\u0142niano &#8211; poliestrowy, regulowany, d\u0142ugi<\/p>\n<p>do tego na sta\u0142e wszyte r\u0105czki kr\u00f3tsze &#8211; mierzone od g\u00f3rnego brzegu torby (bez wora) ok 25cm wysoko\u015bci<\/p>\n<p>Podszewka w \u015brodku z materia\u0142u wodoodpornego<\/p>\n<p>Materia\u0142 zewn\u0119trzny to welur tapicerski po\u0142\u0105czony z wzorzyst\u0105 tkanin\u0105 wodoodporn\u0105<\/p>\n<p>W \u015brodku kieszonka na zamek i kiesze\u0144 otwarta wsuwana<\/p>\n<p>W\u00f3r z materia\u0142u wodoodpornego<\/p>\n<p>Sznury bawe\u0142niane<\/p>\n<p>Na zewn\u0105trz kiesze\u0144 podw\u00f3jna &#8211; na zamek i za ni\u0105 wsuwana<\/p>\n<\/div>\n<p>&nbsp;<\/p>\n<p>UWAGA: Komin jest zszyty z torb\u0105 na sta\u0142e, nie jest wymienny.<\/p>\n<p>&nbsp;<\/p>\n<p>Je\u015bli marzy Ci si\u0119 taki model torby ale w innej kolorystyce \/ z innym wzorem &#8211; napisz mail lub na instagramie, ch\u0119tnie wyczaruj\u0119 kolejne pi\u0119kno\u015bci<\/p>\n","protected":false},"excerpt":{"rendered":"<h5>Torba kt\u00f3ra zmie\u015bci p\u00f3\u0142 galaktyki<\/h5>\n<h5>Idealna gdy potrzebujesz zmie\u015bci\u0107 wi\u0119cej rzeczy na wyj\u015bcie lub do pracy<\/h5>\n<p>&nbsp;<\/p>\n<div class=\"ni8dbmo4 stjgntxs nred35xi ii04i59q\" data-testid=\"messenger_incoming_text_row\">Produkt na zam\u00f3wienie: wysy\u0142ka do 14 dni roboczych od zaksi\u0119gowania wp\u0142aty.<\/div>\n<div dir=\"auto\"><\/div>\n","protected":false},"featured_media":22235,"template":"","meta":{"site-sidebar-layout":"default","site-content-layout":"default","ast-site-content-layout":"default","site-content-style":"default","site-sidebar-style":"default","ast-global-header-display":"","ast-banner-title-visibility":"","ast-main-header-display":"","ast-hfb-above-header-display":"","ast-hfb-below-header-display":"","ast-hfb-mobile-header-display":"","site-post-title":"","ast-breadcrumbs-content":"","ast-featured-img":"","footer-sml-layout":"","ast-disable-related-posts":"","theme-transparent-header-meta":"default","adv-header-id-meta":"","stick-header-meta":"","header-above-stick-meta":"","header-main-stick-meta":"","header-below-stick-meta":"","astra-migrate-meta-layouts":"set","ast-page-background-enabled":"default","ast-page-background-meta":{"desktop":{"background-color":"","background-image":"","background-repeat":"repeat","background-position":"center center","background-size":"auto","background-attachment":"scroll","background-type":"","background-media":"","overlay-type":"","overlay-color":"","overlay-opacity":"","overlay-gradient":""},"tablet":{"background-color":"","background-image":"","background-repeat":"repeat","background-position":"center center","background-size":"auto","background-attachment":"scroll","background-type":"","background-media":"","overlay-type":"","overlay-color":"","overlay-opacity":"","overlay-gradient":""},"mobile":{"background-color":"","background-image":"","background-repeat":"repeat","background-position":"center center","background-size":"auto","background-attachment":"scroll","background-type":"","background-media":"","overlay-type":"","overlay-color":"","overlay-opacity":"","overlay-gradient":""}},"ast-content-background-meta":{"desktop":{"background-color":"var(--ast-global-color-5)","background-image":"","background-repeat":"repeat","background-position":"center center","background-size":"auto","background-attachment":"scroll","background-type":"","background-media":"","overlay-type":"","overlay-color":"","overlay-opacity":"","overlay-gradient":""},"tablet":{"background-color":"var(--ast-global-color-5)","background-image":"","background-repeat":"repeat","background-position":"center center","background-size":"auto","background-attachment":"scroll","background-type":"","background-media":"","overlay-type":"","overlay-color":"","overlay-opacity":"","overlay-gradient":""},"mobile":{"background-color":"var(--ast-global-color-5)","background-image":"","background-repeat":"repeat","background-position":"center center","background-size":"auto","background-attachment":"scroll","background-type":"","background-media":"","overlay-type":"","overlay-color":"","overlay-opacity":"","overlay-gradient":""}}},"product_brand":[],"product_cat":[82,110,168],"product_tag":[],"class_list":{"0":"post-22300","1":"product","2":"type-product","3":"status-publish","4":"has-post-thumbnail","6":"product_cat-dlaciebie","7":"product_cat-torby","8":"product_cat-torba-wenus","9":"desktop-align-left","10":"tablet-align-left","11":"mobile-align-left","13":"first","14":"onbackorder","15":"featured","16":"taxable","17":"shipping-taxable","18":"purchasable","19":"product-type-simple"},"jetpack_sharing_enabled":true,"_links":{"self":[{"href":"https:\/\/mooncraft.com.pl\/index.php?rest_route=\/wp\/v2\/product\/22300","targetHints":{"allow":["GET"]}}],"collection":[{"href":"https:\/\/mooncraft.com.pl\/index.php?rest_route=\/wp\/v2\/product"}],"about":[{"href":"https:\/\/mooncraft.com.pl\/index.php?rest_route=\/wp\/v2\/types\/product"}],"wp:featuredmedia":[{"embeddable":true,"href":"https:\/\/mooncraft.com.pl\/index.php?rest_route=\/wp\/v2\/media\/22235"}],"wp:attachment":[{"href":"https:\/\/mooncraft.com.pl\/index.php?rest_route=%2Fwp%2Fv2%2Fmedia&parent=22300"}],"wp:term":[{"taxonomy":"product_brand","embeddable":true,"href":"https:\/\/mooncraft.com.pl\/index.php?rest_route=%2Fwp%2Fv2%2Fproduct_brand&post=22300"},{"taxonomy":"product_cat","embeddable":true,"href":"https:\/\/mooncraft.com.pl\/index.php?rest_route=%2Fwp%2Fv2%2Fproduct_cat&post=22300"},{"taxonomy":"product_tag","embeddable":true,"href":"https:\/\/mooncraft.com.pl\/index.php?rest_route=%2Fwp%2Fv2%2Fproduct_tag&post=22300"}],"curies":[{"name":"wp","href":"https:\/\/api.w.org\/{rel}","templated":true}]}}