{"id":22124,"date":"2025-11-30T09:12:35","date_gmt":"2025-11-30T09:12:35","guid":{"rendered":"https:\/\/mooncraft.com.pl\/?post_type=product&#038;p=22124"},"modified":"2025-12-10T19:22:30","modified_gmt":"2025-12-10T19:22:30","slug":"kokarda-nakladana-na-obroze-bez-paska","status":"publish","type":"product","link":"https:\/\/mooncraft.com.pl\/?product=kokarda-nakladana-na-obroze-bez-paska","title":{"rendered":"Kokarda\/ mucha nak\u0142adana na obro\u017c\u0119 BEZ PASKA"},"content":{"rendered":"<p>Wybierz wszystkie parametry przy wyborze kokardy\/muchy<\/p>\n<p>Przedmiotem sprzeda\u017cy jest sama kokarda\/muszka z gumkami do na\u0142o\u017cenia na w\u0142asn\u0105 obro\u017c\u0119 (Wasza obro\u017ca musi by\u0107 rozpinana \u017ceby da\u0142o si\u0119 prze\u0142o\u017cy\u0107 much\u0119)<\/p>\n<p>Trzy kolory do wyboru, materia\u0142 &#8211; mi\u0142y welur tapicerski (ten sam z kt\u00f3rego szyjemy obro\u017ce, mo\u017cna zam\u00f3wi\u0107 obro\u017c\u0119 do kompletu w zak\u0142adce obro\u017ce dla psa welurowe)<\/p>\n<div role=\"row\">\n<div class=\"\" data-testid=\"Keycommand_wrapper\">\n<div class=\"j83agx80 cbu4d94t\">\n<div class=\"j83agx80\">\n<div class=\"jn8vp64t l9j0dhe7 hpfvmrgz lzcic4wl\" role=\"gridcell\" data-scope=\"messages_table\" data-recover=\"true\">\n<div class=\"ni8dbmo4 stjgntxs nred35xi ii04i59q\" data-testid=\"messenger_incoming_text_row\">\n<div>Rozmiar muchy przy 1,5 cm oko\u0142o 12cm szeroko\u015bci, przy pozosta\u0142ych ok 14cm szeroko\u015bci<\/div>\n<\/div>\n<\/div>\n<div><\/div>\n<\/div>\n<\/div>\n<\/div>\n<\/div>\n<p>Pra\u0107 r\u0119cznie<\/p>\n<p>&nbsp;<\/p>\n","protected":false},"excerpt":{"rendered":"<p>Wyklikaj wszystko czego potrzebujesz aby stworzy\u0107 kokard\u0119\/much\u0119 idealn\u0105 dla Twojego psiaka.<\/p>\n<p>W tym miejescu zam\u00f3wisz sam\u0105 kokard\u0119\/much\u0119 <strong>bez paska<\/strong> !<\/p>\n<p>&nbsp;<\/p>\n<p>Realizacja do 14 dni roboczych, chyba \u017ce komunikat na stronie g\u0142\u00f3wnej m\u00f3wi inaczej.<\/p>\n<p>Realizacja do 14 dni roboczych, chyba \u017ce og\u0142oszenie na stronie g\u0142\u00f3wnej m\u00f3wi inaczej<\/p>\n","protected":false},"featured_media":22102,"template":"","meta":{"site-sidebar-layout":"default","site-content-layout":"","ast-site-content-layout":"default","site-content-style":"default","site-sidebar-style":"default","ast-global-header-display":"","ast-banner-title-visibility":"","ast-main-header-display":"","ast-hfb-above-header-display":"","ast-hfb-below-header-display":"","ast-hfb-mobile-header-display":"","site-post-title":"","ast-breadcrumbs-content":"","ast-featured-img":"","footer-sml-layout":"","ast-disable-related-posts":"","theme-transparent-header-meta":"default","adv-header-id-meta":"","stick-header-meta":"","header-above-stick-meta":"","header-main-stick-meta":"","header-below-stick-meta":"","astra-migrate-meta-layouts":"set","ast-page-background-enabled":"default","ast-page-background-meta":{"desktop":{"background-color":"","background-image":"","background-repeat":"repeat","background-position":"center center","background-size":"auto","background-attachment":"scroll","background-type":"","background-media":"","overlay-type":"","overlay-color":"","overlay-opacity":"","overlay-gradient":""},"tablet":{"background-color":"","background-image":"","background-repeat":"repeat","background-position":"center center","background-size":"auto","background-attachment":"scroll","background-type":"","background-media":"","overlay-type":"","overlay-color":"","overlay-opacity":"","overlay-gradient":""},"mobile":{"background-color":"","background-image":"","background-repeat":"repeat","background-position":"center center","background-size":"auto","background-attachment":"scroll","background-type":"","background-media":"","overlay-type":"","overlay-color":"","overlay-opacity":"","overlay-gradient":""}},"ast-content-background-meta":{"desktop":{"background-color":"var(--ast-global-color-5)","background-image":"","background-repeat":"repeat","background-position":"center center","background-size":"auto","background-attachment":"scroll","background-type":"","background-media":"","overlay-type":"","overlay-color":"","overlay-opacity":"","overlay-gradient":""},"tablet":{"background-color":"var(--ast-global-color-5)","background-image":"","background-repeat":"repeat","background-position":"center center","background-size":"auto","background-attachment":"scroll","background-type":"","background-media":"","overlay-type":"","overlay-color":"","overlay-opacity":"","overlay-gradient":""},"mobile":{"background-color":"var(--ast-global-color-5)","background-image":"","background-repeat":"repeat","background-position":"center center","background-size":"auto","background-attachment":"scroll","background-type":"","background-media":"","overlay-type":"","overlay-color":"","overlay-opacity":"","overlay-gradient":""}}},"product_brand":[],"product_cat":[174,85,94,137],"product_tag":[],"class_list":{"0":"post-22124","1":"product","2":"type-product","3":"status-publish","4":"has-post-thumbnail","6":"product_cat-bandanki","7":"product_cat-dlapsa","8":"product_cat-obroze","9":"product_cat-welurowe","10":"product_shipping_class-male-paczki","11":"desktop-align-left","12":"tablet-align-left","13":"mobile-align-left","15":"first","16":"onbackorder","17":"taxable","18":"shipping-taxable","19":"purchasable","20":"product-type-variable"},"jetpack_sharing_enabled":true,"_links":{"self":[{"href":"https:\/\/mooncraft.com.pl\/index.php?rest_route=\/wp\/v2\/product\/22124","targetHints":{"allow":["GET"]}}],"collection":[{"href":"https:\/\/mooncraft.com.pl\/index.php?rest_route=\/wp\/v2\/product"}],"about":[{"href":"https:\/\/mooncraft.com.pl\/index.php?rest_route=\/wp\/v2\/types\/product"}],"wp:featuredmedia":[{"embeddable":true,"href":"https:\/\/mooncraft.com.pl\/index.php?rest_route=\/wp\/v2\/media\/22102"}],"wp:attachment":[{"href":"https:\/\/mooncraft.com.pl\/index.php?rest_route=%2Fwp%2Fv2%2Fmedia&parent=22124"}],"wp:term":[{"taxonomy":"product_brand","embeddable":true,"href":"https:\/\/mooncraft.com.pl\/index.php?rest_route=%2Fwp%2Fv2%2Fproduct_brand&post=22124"},{"taxonomy":"product_cat","embeddable":true,"href":"https:\/\/mooncraft.com.pl\/index.php?rest_route=%2Fwp%2Fv2%2Fproduct_cat&post=22124"},{"taxonomy":"product_tag","embeddable":true,"href":"https:\/\/mooncraft.com.pl\/index.php?rest_route=%2Fwp%2Fv2%2Fproduct_tag&post=22124"}],"curies":[{"name":"wp","href":"https:\/\/api.w.org\/{rel}","templated":true}]}}