{"id":21819,"date":"2025-11-08T11:50:07","date_gmt":"2025-11-08T11:50:07","guid":{"rendered":"https:\/\/mooncraft.com.pl\/?post_type=product&#038;p=21819"},"modified":"2026-02-20T16:37:01","modified_gmt":"2026-02-20T16:37:01","slug":"obroza-sushi","status":"publish","type":"product","link":"https:\/\/mooncraft.com.pl\/?product=obroza-sushi","title":{"rendered":"Obro\u017ca Sushi"},"content":{"rendered":"<p>Wybierz wsystkie parametry pry wyborze obro\u017cy z tym wzorem<\/p>\n<p>Podaj faktyczny obw\u00f3d szyi swojego psiaka, obro\u017ca zostanie uszyta z zapasem do regulacji<\/p>\n<p>&nbsp;<\/p>\n<p>Metalowe p\u00f3\u0142kola zgrzewane,<\/p>\n<p>Podszycie pianka nurek lub wysokiej jako\u015bci, mi\u0142y w dotyku welur ( uwaga ! obro\u017ce 1,5cm oraz 2 cm maj\u0105 opcj\u0119 podszycia tylko welurow\u0105)<\/p>\n<p>W \u015brodku ta\u015bma no\u015bna<\/p>\n<div role=\"row\">\n<div class=\"\" data-testid=\"Keycommand_wrapper\">\n<div class=\"j83agx80 cbu4d94t\">\n<div class=\"j83agx80\">\n<div class=\"jn8vp64t l9j0dhe7 hpfvmrgz lzcic4wl\" role=\"gridcell\" data-scope=\"messages_table\" data-recover=\"true\">\n<div class=\"ni8dbmo4 stjgntxs nred35xi ii04i59q\" data-testid=\"messenger_incoming_text_row\">\n<div class=\"l60d2q6s d1544ag0 sj5x9vvc tw6a2znq l9j0dhe7 ni8dbmo4 stjgntxs qlfml3jp inkptoze jk6sbkaj qmr60zad jm1wdb64 qv66sw1b ljqsnud1 g6srhlxm\">\n<div class=\"oo9gr5id\" dir=\"auto\">\n<div class=\"kvgmc6g5 cxmmr5t8 oygrvhab hcukyx3x c1et5uql\">Materia\u0142y wycinane s\u0105 r\u0119cznie, dlatego umiejscowienie wzoru mo\u017ce si\u0119 nieznacznie r\u00f3\u017cni\u0107.<\/div>\n<\/div>\n<div>do wyboru trzy kolory oku\u0107 &#8211; czarny, srebrny i antyczny mosi\u0105dz (czarne okucia z czasem mog\u0105 si\u0119 \u015bciera\u0107, nie podlega to gwarancji, warto mie\u0107 to na uwadze chocia\u017c uwielbiam ten efekt kolorystyczny)<\/div>\n<div><\/div>\n<\/div>\n<div><span style=\"font-size: 16px;\">Akcesoria personalizowane nie podlegaj\u0105 zwrotowi &#8211; je\u015bli nie jeste\u015b pewna\/pewien co wyklika\u0107 odezwij si\u0119, ch\u0119tnie pomog\u0119<\/span><\/div>\n<\/div>\n<\/div>\n<div><\/div>\n<\/div>\n<\/div>\n<\/div>\n<\/div>\n<p>Pra\u0107 r\u0119cznie<\/p>\n<p>Okucia nie nadaj\u0105 si\u0119 do kontaktu\u00a0 wod\u0105 morsk\u0105.<\/p>\n","protected":false},"excerpt":{"rendered":"<p>Wyklikaj wszystko czego potrzebujesz aby stworzy\u0107 obro\u017c\u0119 idealn\u0105 dla Twojego psiaka.<\/p>\n<p>W pozosta\u0142ych generatorach znajdziesz smycze i szelki &#8211; dodaj do koszyka to co Ci\u0119 interesuje i uszyjemy to z przyjemno\u015bci\u0105 &lt;3<\/p>\n<p>&nbsp;<\/p>\n<p>Realizacja do 14 dni roboczych, chyba \u017ce og\u0142oszenie na stronie g\u0142\u00f3wnej m\u00f3wi inaczej<\/p>\n","protected":false},"featured_media":23698,"template":"","meta":{"site-sidebar-layout":"default","site-content-layout":"","ast-site-content-layout":"default","site-content-style":"default","site-sidebar-style":"default","ast-global-header-display":"","ast-banner-title-visibility":"","ast-main-header-display":"","ast-hfb-above-header-display":"","ast-hfb-below-header-display":"","ast-hfb-mobile-header-display":"","site-post-title":"","ast-breadcrumbs-content":"","ast-featured-img":"","footer-sml-layout":"","ast-disable-related-posts":"","theme-transparent-header-meta":"default","adv-header-id-meta":"","stick-header-meta":"","header-above-stick-meta":"","header-main-stick-meta":"","header-below-stick-meta":"","astra-migrate-meta-layouts":"set","ast-page-background-enabled":"default","ast-page-background-meta":{"desktop":{"background-color":"","background-image":"","background-repeat":"repeat","background-position":"center center","background-size":"auto","background-attachment":"scroll","background-type":"","background-media":"","overlay-type":"","overlay-color":"","overlay-opacity":"","overlay-gradient":""},"tablet":{"background-color":"","background-image":"","background-repeat":"repeat","background-position":"center center","background-size":"auto","background-attachment":"scroll","background-type":"","background-media":"","overlay-type":"","overlay-color":"","overlay-opacity":"","overlay-gradient":""},"mobile":{"background-color":"","background-image":"","background-repeat":"repeat","background-position":"center center","background-size":"auto","background-attachment":"scroll","background-type":"","background-media":"","overlay-type":"","overlay-color":"","overlay-opacity":"","overlay-gradient":""}},"ast-content-background-meta":{"desktop":{"background-color":"var(--ast-global-color-5)","background-image":"","background-repeat":"repeat","background-position":"center center","background-size":"auto","background-attachment":"scroll","background-type":"","background-media":"","overlay-type":"","overlay-color":"","overlay-opacity":"","overlay-gradient":""},"tablet":{"background-color":"var(--ast-global-color-5)","background-image":"","background-repeat":"repeat","background-position":"center center","background-size":"auto","background-attachment":"scroll","background-type":"","background-media":"","overlay-type":"","overlay-color":"","overlay-opacity":"","overlay-gradient":""},"mobile":{"background-color":"var(--ast-global-color-5)","background-image":"","background-repeat":"repeat","background-position":"center center","background-size":"auto","background-attachment":"scroll","background-type":"","background-media":"","overlay-type":"","overlay-color":"","overlay-opacity":"","overlay-gradient":""}}},"product_brand":[],"product_cat":[85,94],"product_tag":[],"class_list":{"0":"post-21819","1":"product","2":"type-product","3":"status-publish","4":"has-post-thumbnail","6":"product_cat-dlapsa","7":"product_cat-obroze","8":"product_shipping_class-male-paczki","9":"desktop-align-left","10":"tablet-align-left","11":"mobile-align-left","13":"first","14":"onbackorder","15":"taxable","16":"shipping-taxable","17":"purchasable","18":"product-type-variable"},"jetpack_sharing_enabled":true,"_links":{"self":[{"href":"https:\/\/mooncraft.com.pl\/index.php?rest_route=\/wp\/v2\/product\/21819","targetHints":{"allow":["GET"]}}],"collection":[{"href":"https:\/\/mooncraft.com.pl\/index.php?rest_route=\/wp\/v2\/product"}],"about":[{"href":"https:\/\/mooncraft.com.pl\/index.php?rest_route=\/wp\/v2\/types\/product"}],"wp:featuredmedia":[{"embeddable":true,"href":"https:\/\/mooncraft.com.pl\/index.php?rest_route=\/wp\/v2\/media\/23698"}],"wp:attachment":[{"href":"https:\/\/mooncraft.com.pl\/index.php?rest_route=%2Fwp%2Fv2%2Fmedia&parent=21819"}],"wp:term":[{"taxonomy":"product_brand","embeddable":true,"href":"https:\/\/mooncraft.com.pl\/index.php?rest_route=%2Fwp%2Fv2%2Fproduct_brand&post=21819"},{"taxonomy":"product_cat","embeddable":true,"href":"https:\/\/mooncraft.com.pl\/index.php?rest_route=%2Fwp%2Fv2%2Fproduct_cat&post=21819"},{"taxonomy":"product_tag","embeddable":true,"href":"https:\/\/mooncraft.com.pl\/index.php?rest_route=%2Fwp%2Fv2%2Fproduct_tag&post=21819"}],"curies":[{"name":"wp","href":"https:\/\/api.w.org\/{rel}","templated":true}]}}