{"id":20893,"date":"2025-09-01T06:55:50","date_gmt":"2025-09-01T06:55:50","guid":{"rendered":"https:\/\/mooncraft.com.pl\/?post_type=product&#038;p=20893"},"modified":"2025-12-11T09:37:17","modified_gmt":"2025-12-11T09:37:17","slug":"nerka-na-karton-mleka-moonpack-co-blu-violet","status":"publish","type":"product","link":"https:\/\/mooncraft.com.pl\/?product=nerka-na-karton-mleka-moonpack-co-blu-violet","title":{"rendered":"Nerka na karton mleka MOONPACK Co. BLU\/VIOLET"},"content":{"rendered":"<div class=\"o9v6fnle cxmmr5t8 oygrvhab hcukyx3x c1et5uql\">\n<div>Nerka posiada szeroki pas biodrowy, kt\u00f3ry zwi\u0119ksza komfort i zapewnia lepsze dopasowanie. Du\u017ca komora g\u0142\u00f3wna zamykana na zamek, oferuje mn\u00f3stwo miejsca na wszystkie niezb\u0119dne przedmioty, kt\u00f3re mo\u017cesz szybko i \u0142atwo zorganizowa\u0107.<br \/>\nModel posiada specjaln\u0105 wy\u015bcie\u0142an\u0105 przegrod\u0119 z mi\u0119kkiej tkaniny na telefon lub okulary, zapewniaj\u0105c dodatkow\u0105 ochron\u0119 delikatnym przedmiotom.<br \/>\nZ przodu znajduje si\u0119 kiesze\u0144 z kostkowym zamkiem b\u0142yskawicznym.<\/div>\n<div><\/div>\n<div class=\"o9v6fnle cxmmr5t8 oygrvhab hcukyx3x c1et5uql\">WYMIARY:<\/div>\n<div>22cm (szeroko\u015b\u0107) x 12cm (wysoko\u015b\u0107)\u00a0 x 9cm (g\u0142\u0119boko\u015b\u0107)<\/div>\n<\/div>\n<div><\/div>\n<div>FUNKCJE:<\/div>\n<ul>\n<li>g\u0142\u00f3wna komora i kiesze\u0144 przednia zamykana na kostkowy zamek<\/li>\n<li>regulowany pasek o szeroko\u015bci 40mm imituj\u0105cy pas samochodowy<\/li>\n<li>wn\u0119trze wy\u015bcielone jasn\u0105 wodoodporn\u0105 podszewk\u0105<\/li>\n<li>wewn\u0119trzna przegroda z siatki kaletniczej<\/li>\n<\/ul>\n<div class=\"o9v6fnle cxmmr5t8 oygrvhab hcukyx3x c1et5uql\">\n<div><\/div>\n<div class=\"o9v6fnle cxmmr5t8 oygrvhab hcukyx3x c1et5uql\">Regulacja obwodu od 84cm do 117cm (mierz\u0119 faktyczny obw\u00f3d ju\u017c razem z nerk\u0105) &#8211; je\u015bli potrzebujesz innego zakresu regulacji, napisz w uwagach, nie ma problemu \ud83d\ude42<\/div>\n<\/div>\n","protected":false},"excerpt":{"rendered":"<p><strong>Nerka MOONPACK Co. \u2013 wytrzyma\u0142o\u015b\u0107 i komfort w jednym<\/strong><\/p>\n<p>Seria MOONPACK to idealne po\u0142\u0105czenie funkcjonalno\u015bci i trwa\u0142o\u015bci. Wykonana z wysokiej jako\u015bci, wytrzyma\u0142ego materia\u0142u, zapewnia odporno\u015b\u0107 na uszkodzenia i codzienn\u0105 eksploatacj\u0119. Jej kompaktowy rozmiar i ergonomiczny design sprawiaj\u0105, \u017ce jest wygodna do noszenia przez ca\u0142y dzie\u0144, a regulowany pasek zapewnia dopasowanie do ka\u017cdej sylwetki. Nerka MOONPACK to niezawodny wyb\u00f3r dla os\u00f3b ceni\u0105cych wygod\u0119 i trwa\u0142o\u015b\u0107 w miejskim stylu.<\/p>\n<h5><span style=\"font-size: 16px;\">.<\/span><\/h5>\n<p>&nbsp;<\/p>\n<p>Produkt dost\u0119pny od r\u0119ki: wysy\u0142ka 1-3dni roboczych od zaksi\u0119gowania wp\u0142aty.<\/p>\n<div class=\"ni8dbmo4 stjgntxs nred35xi ii04i59q\" data-testid=\"messenger_incoming_text_row\">Produkt na zam\u00f3wienie: wysy\u0142ka do 14 dni roboczych od zaksi\u0119gowania wp\u0142aty.<\/div>\n<div dir=\"auto\"><\/div>\n","protected":false},"featured_media":20888,"template":"","meta":{"site-sidebar-layout":"default","site-content-layout":"default","ast-site-content-layout":"default","site-content-style":"default","site-sidebar-style":"default","ast-global-header-display":"","ast-banner-title-visibility":"","ast-main-header-display":"","ast-hfb-above-header-display":"","ast-hfb-below-header-display":"","ast-hfb-mobile-header-display":"","site-post-title":"","ast-breadcrumbs-content":"","ast-featured-img":"","footer-sml-layout":"","ast-disable-related-posts":"","theme-transparent-header-meta":"default","adv-header-id-meta":"","stick-header-meta":"","header-above-stick-meta":"","header-main-stick-meta":"","header-below-stick-meta":"","astra-migrate-meta-layouts":"set","ast-page-background-enabled":"default","ast-page-background-meta":{"desktop":{"background-color":"","background-image":"","background-repeat":"repeat","background-position":"center center","background-size":"auto","background-attachment":"scroll","background-type":"","background-media":"","overlay-type":"","overlay-color":"","overlay-opacity":"","overlay-gradient":""},"tablet":{"background-color":"","background-image":"","background-repeat":"repeat","background-position":"center center","background-size":"auto","background-attachment":"scroll","background-type":"","background-media":"","overlay-type":"","overlay-color":"","overlay-opacity":"","overlay-gradient":""},"mobile":{"background-color":"","background-image":"","background-repeat":"repeat","background-position":"center center","background-size":"auto","background-attachment":"scroll","background-type":"","background-media":"","overlay-type":"","overlay-color":"","overlay-opacity":"","overlay-gradient":""}},"ast-content-background-meta":{"desktop":{"background-color":"var(--ast-global-color-5)","background-image":"","background-repeat":"repeat","background-position":"center center","background-size":"auto","background-attachment":"scroll","background-type":"","background-media":"","overlay-type":"","overlay-color":"","overlay-opacity":"","overlay-gradient":""},"tablet":{"background-color":"var(--ast-global-color-5)","background-image":"","background-repeat":"repeat","background-position":"center center","background-size":"auto","background-attachment":"scroll","background-type":"","background-media":"","overlay-type":"","overlay-color":"","overlay-opacity":"","overlay-gradient":""},"mobile":{"background-color":"var(--ast-global-color-5)","background-image":"","background-repeat":"repeat","background-position":"center center","background-size":"auto","background-attachment":"scroll","background-type":"","background-media":"","overlay-type":"","overlay-color":"","overlay-opacity":"","overlay-gradient":""}}},"product_brand":[],"product_cat":[82,108,122],"product_tag":[],"class_list":{"0":"post-20893","1":"product","2":"type-product","3":"status-publish","4":"has-post-thumbnail","6":"product_cat-dlaciebie","7":"product_cat-nerki","8":"product_cat-na-karton-mleka","9":"desktop-align-left","10":"tablet-align-left","11":"mobile-align-left","13":"first","14":"onbackorder","15":"featured","16":"taxable","17":"shipping-taxable","18":"purchasable","19":"product-type-simple"},"jetpack_sharing_enabled":true,"_links":{"self":[{"href":"https:\/\/mooncraft.com.pl\/index.php?rest_route=\/wp\/v2\/product\/20893","targetHints":{"allow":["GET"]}}],"collection":[{"href":"https:\/\/mooncraft.com.pl\/index.php?rest_route=\/wp\/v2\/product"}],"about":[{"href":"https:\/\/mooncraft.com.pl\/index.php?rest_route=\/wp\/v2\/types\/product"}],"wp:featuredmedia":[{"embeddable":true,"href":"https:\/\/mooncraft.com.pl\/index.php?rest_route=\/wp\/v2\/media\/20888"}],"wp:attachment":[{"href":"https:\/\/mooncraft.com.pl\/index.php?rest_route=%2Fwp%2Fv2%2Fmedia&parent=20893"}],"wp:term":[{"taxonomy":"product_brand","embeddable":true,"href":"https:\/\/mooncraft.com.pl\/index.php?rest_route=%2Fwp%2Fv2%2Fproduct_brand&post=20893"},{"taxonomy":"product_cat","embeddable":true,"href":"https:\/\/mooncraft.com.pl\/index.php?rest_route=%2Fwp%2Fv2%2Fproduct_cat&post=20893"},{"taxonomy":"product_tag","embeddable":true,"href":"https:\/\/mooncraft.com.pl\/index.php?rest_route=%2Fwp%2Fv2%2Fproduct_tag&post=20893"}],"curies":[{"name":"wp","href":"https:\/\/api.w.org\/{rel}","templated":true}]}}