{"id":20847,"date":"2025-08-30T11:05:25","date_gmt":"2025-08-30T11:05:25","guid":{"rendered":"https:\/\/mooncraft.com.pl\/?post_type=product&#038;p=20847"},"modified":"2025-10-06T13:29:55","modified_gmt":"2025-10-06T13:29:55","slug":"mata-burrito-palm-60x80cm","status":"publish","type":"product","link":"https:\/\/mooncraft.com.pl\/?product=mata-burrito-palm-60x80cm","title":{"rendered":"Mata Burrito Palm 60x80cm"},"content":{"rendered":"<p>Wymiar<\/p>\n<p>60cm x 80cm ( +- 1cm)<\/p>\n<p>gruba &#8211;\u00a0 oko\u0142o 3,5cm<\/p>\n<p>&nbsp;<\/p>\n<p>Wygodny pasek z r\u0105czk\u0105,\u00a0 na klamerki do z\u0142o\u017cenia maty<\/p>\n<p>z jednej strony wysokiej jako\u015bci tkanina tapicerska<\/p>\n<p>z drugiej strony materia\u0142 wodoodporny wzorzysty<\/p>\n<p>w\u00a0 \u015brodku owata nadaj\u0105ca przyjemnej obj\u0119to\u015bci (wype\u0142nienie nie w\u0119druje w \u015brodku)<\/p>\n<p>&nbsp;<\/p>\n<p>na ten moment sprzedajemy tylko kocykomaty dost\u0119pne od r\u0119ki, w ilo\u015bciach limitowanych, jedyne w swoim rodzaju<\/p>\n","protected":false},"excerpt":{"rendered":"<h6>Przyjemny kocyk\/mata idealna na wycieczki, do samochodu czy do klatki.<\/h6>\n<p>Dzi\u0119ki nie za grubej obj\u0119to\u015bci \u0142atwo si\u0119 j\u0105 sk\u0142ada i nie zajmuje du\u017co miejsca.<\/p>\n<h6>60cm x 80cm ( +- 1cm)<\/h6>\n<p>&nbsp;<\/p>\n<p class=\"ni8dbmo4 stjgntxs nred35xi ii04i59q\" data-testid=\"messenger_incoming_text_row\">\n","protected":false},"featured_media":20815,"template":"","meta":{"site-sidebar-layout":"default","site-content-layout":"default","ast-site-content-layout":"default","site-content-style":"default","site-sidebar-style":"default","ast-global-header-display":"","ast-banner-title-visibility":"","ast-main-header-display":"","ast-hfb-above-header-display":"","ast-hfb-below-header-display":"","ast-hfb-mobile-header-display":"","site-post-title":"","ast-breadcrumbs-content":"","ast-featured-img":"","footer-sml-layout":"","ast-disable-related-posts":"","theme-transparent-header-meta":"default","adv-header-id-meta":"","stick-header-meta":"","header-above-stick-meta":"","header-main-stick-meta":"","header-below-stick-meta":"","astra-migrate-meta-layouts":"set","ast-page-background-enabled":"default","ast-page-background-meta":{"desktop":{"background-color":"","background-image":"","background-repeat":"repeat","background-position":"center center","background-size":"auto","background-attachment":"scroll","background-type":"","background-media":"","overlay-type":"","overlay-color":"","overlay-opacity":"","overlay-gradient":""},"tablet":{"background-color":"","background-image":"","background-repeat":"repeat","background-position":"center center","background-size":"auto","background-attachment":"scroll","background-type":"","background-media":"","overlay-type":"","overlay-color":"","overlay-opacity":"","overlay-gradient":""},"mobile":{"background-color":"","background-image":"","background-repeat":"repeat","background-position":"center center","background-size":"auto","background-attachment":"scroll","background-type":"","background-media":"","overlay-type":"","overlay-color":"","overlay-opacity":"","overlay-gradient":""}},"ast-content-background-meta":{"desktop":{"background-color":"var(--ast-global-color-5)","background-image":"","background-repeat":"repeat","background-position":"center center","background-size":"auto","background-attachment":"scroll","background-type":"","background-media":"","overlay-type":"","overlay-color":"","overlay-opacity":"","overlay-gradient":""},"tablet":{"background-color":"var(--ast-global-color-5)","background-image":"","background-repeat":"repeat","background-position":"center center","background-size":"auto","background-attachment":"scroll","background-type":"","background-media":"","overlay-type":"","overlay-color":"","overlay-opacity":"","overlay-gradient":""},"mobile":{"background-color":"var(--ast-global-color-5)","background-image":"","background-repeat":"repeat","background-position":"center center","background-size":"auto","background-attachment":"scroll","background-type":"","background-media":"","overlay-type":"","overlay-color":"","overlay-opacity":"","overlay-gradient":""}}},"product_brand":[],"product_cat":[85,134,158],"product_tag":[],"class_list":{"0":"post-20847","1":"product","2":"type-product","3":"status-publish","4":"has-post-thumbnail","6":"product_cat-dlapsa","7":"product_cat-maty-burrito","8":"product_cat-dostepne-od-reki","9":"product_shipping_class-male-paczki","10":"desktop-align-left","11":"tablet-align-left","12":"mobile-align-left","14":"first","15":"instock","16":"taxable","17":"shipping-taxable","18":"purchasable","19":"product-type-simple"},"jetpack_sharing_enabled":true,"_links":{"self":[{"href":"https:\/\/mooncraft.com.pl\/index.php?rest_route=\/wp\/v2\/product\/20847","targetHints":{"allow":["GET"]}}],"collection":[{"href":"https:\/\/mooncraft.com.pl\/index.php?rest_route=\/wp\/v2\/product"}],"about":[{"href":"https:\/\/mooncraft.com.pl\/index.php?rest_route=\/wp\/v2\/types\/product"}],"wp:featuredmedia":[{"embeddable":true,"href":"https:\/\/mooncraft.com.pl\/index.php?rest_route=\/wp\/v2\/media\/20815"}],"wp:attachment":[{"href":"https:\/\/mooncraft.com.pl\/index.php?rest_route=%2Fwp%2Fv2%2Fmedia&parent=20847"}],"wp:term":[{"taxonomy":"product_brand","embeddable":true,"href":"https:\/\/mooncraft.com.pl\/index.php?rest_route=%2Fwp%2Fv2%2Fproduct_brand&post=20847"},{"taxonomy":"product_cat","embeddable":true,"href":"https:\/\/mooncraft.com.pl\/index.php?rest_route=%2Fwp%2Fv2%2Fproduct_cat&post=20847"},{"taxonomy":"product_tag","embeddable":true,"href":"https:\/\/mooncraft.com.pl\/index.php?rest_route=%2Fwp%2Fv2%2Fproduct_tag&post=20847"}],"curies":[{"name":"wp","href":"https:\/\/api.w.org\/{rel}","templated":true}]}}