{"id":20556,"date":"2025-08-21T08:19:48","date_gmt":"2025-08-21T08:19:48","guid":{"rendered":"https:\/\/mooncraft.com.pl\/?post_type=product&#038;p=20556"},"modified":"2026-04-17T08:02:29","modified_gmt":"2026-04-17T08:02:29","slug":"baffidi-chruppaki-dla-psa-kaczka-100g","status":"publish","type":"product","link":"https:\/\/mooncraft.com.pl\/?product=baffidi-chruppaki-dla-psa-kaczka-100g","title":{"rendered":"BAFFIDI &#8211; ChrupPaki dla psa &#8211; kaczka 100g"},"content":{"rendered":"<h3 data-start=\"448\" data-end=\"515\"><b><strong data-start=\"452\" data-end=\"513\">Dlaczego mi\u0119so z kaczki to \u015bwietny wyb\u00f3r dla Twojego psa?<\/strong><\/b><\/h3>\n<p data-start=\"516\" data-end=\"1083\">\u2705\u00a0<b><strong data-start=\"616\" data-end=\"653\">Bogate w wysokowarto\u015bciowe bia\u0142ko<\/strong><\/b>\u00a0\u2013 wspomaga budow\u0119 i regeneracj\u0119 mi\u0119\u015bni.<br data-start=\"693\" data-end=\"696\" \/>\u2705\u00a0<b><strong data-start=\"698\" data-end=\"717\">Zdrowe t\u0142uszcze<\/strong><\/b>\u00a0\u2013 zawiera nienasycone kwasy t\u0142uszczowe, kt\u00f3re wspieraj\u0105 serce i uk\u0142ad nerwowy.<br data-start=\"796\" data-end=\"799\" \/>\u2705\u00a0<b><strong data-start=\"801\" data-end=\"827\">\u0179r\u00f3d\u0142o witamin A, B, E<\/strong><\/b>\u00a0\u2013 poprawiaj\u0105 kondycj\u0119 sk\u00f3ry, sier\u015bci i wzmacniaj\u0105 odporno\u015b\u0107.<br data-start=\"888\" data-end=\"891\" \/>\u2705\u00a0<b><strong data-start=\"893\" data-end=\"918\">Zawiera cynk i \u017celazo<\/strong><\/b>\u00a0\u2013 kluczowe dla zdrowej sier\u015bci, sk\u00f3ry i og\u00f3lnego samopoczucia psa.<br data-start=\"985\" data-end=\"988\" \/>\u2705\u00a0<b><strong data-start=\"990\" data-end=\"1018\">Delikatne i lekkostrawne<\/strong><\/b>\u00a0\u2013 idealne dla ps\u00f3w w ka\u017cdym wieku, tak\u017ce senior\u00f3w i szczeni\u0105t.<\/p>\n<h3 data-start=\"1085\" data-end=\"1138\"><\/h3>\n<h3 data-start=\"1085\" data-end=\"1138\"><b><strong data-start=\"1089\" data-end=\"1136\">Dlaczego warto wybra\u0107 ChrupPaki od BaffiDi?<\/strong><\/b><\/h3>\n<p data-start=\"1139\" data-end=\"1566\">\u2714\u00a0<b><strong data-start=\"1141\" data-end=\"1169\">100% naturalne sk\u0142adniki<\/strong><\/b>\u00a0\u2013 bez sztucznych dodatk\u00f3w, konserwant\u00f3w i barwnik\u00f3w!<br data-start=\"1222\" data-end=\"1225\" \/>\u2714\u00a0<b><strong data-start=\"1227\" data-end=\"1265\">Proces suszenia ciep\u0142ym powietrzem<\/strong><\/b>\u00a0\u2013 zachowuje warto\u015bci od\u017cywcze i intensywny smak mi\u0119sa.<br data-start=\"1320\" data-end=\"1323\" \/>\u2714\u00a0<b><strong data-start=\"1325\" data-end=\"1351\">Chrupi\u0105ca konsystencja<\/strong><\/b>\u00a0\u2013 zaspokaja naturaln\u0105 potrzeb\u0119 gryzienia i \u017cucia.<br data-start=\"1401\" data-end=\"1404\" \/>\u2714\u00a0<b><strong data-start=\"1406\" data-end=\"1433\">Aromatyczny smak kaczki<\/strong><\/b>\u00a0\u2013 idealny nawet dla wybrednych ps\u00f3w!<br data-start=\"1470\" data-end=\"1473\" \/>\u2714\u00a0<b><strong data-start=\"1475\" data-end=\"1507\">Doskona\u0142e dla wszystkich ras<\/strong><\/b>\u00a0\u2013 wygodne paluszki, dostosowane do ka\u017cdej wielko\u015bci psa.<\/p>\n<p data-start=\"1139\" data-end=\"1566\">\n<p><b><strong>Podaruj swojemu psu naturaln\u0105 przyjemno\u015b\u0107 chrupania!\u00a0<\/strong><\/b><\/p>\n<p><b><strong>ChrupPaki dla Psa &#8211; Kaczka 100g<\/strong><\/b>\u00a0to zdrowa, smakowita i naturalna przek\u0105ska, kt\u00f3r\u0105 Tw\u00f3j pupil pokocha! Idealne do nagradzania, treningu i codziennej rado\u015bci.<\/p>\n<p>&nbsp;<\/p>\n<p><b><strong>Sk\u0142ad:<\/strong><\/b><\/p>\n<p>Kaczka 96% (Mi\u0119so 50%, Podroby, chrz\u0105stki, ko\u015bci 46%), Gliceryna\u00a04%<\/p>\n<p>&nbsp;<\/p>\n<p><b><strong>Analiza chemiczna:<\/strong><\/b><\/p>\n<p>bia\u0142ko \u2013 40,4%, t\u0142uszcz \u2013 20,4%, w\u0142\u00f3kno surowe \u2013 4,9%, popi\u00f3\u0142 \u2013 10,6%, wilgotno\u015b\u0107 \u2013 9,9%,<\/p>\n","protected":false},"excerpt":{"rendered":"<p style=\"font-weight: 400\"><b><strong data-start=\"4\" data-end=\"50\">ChrupPaki dla Psa &#8211; Kaczka 100g od BaffiDi<\/strong><\/b>\u00a0&#8211;\u00a0<b><strong data-start=\"58\" data-end=\"96\">Naturalna Rozkosz w Ka\u017cdym Gryzie!<\/strong><\/b><\/p>\n<p style=\"font-weight: 400\" data-start=\"100\" data-end=\"446\">Zaoferuj swojemu psu wyj\u0105tkow\u0105 przek\u0105sk\u0119 \u2013\u00a0<b><strong data-start=\"143\" data-end=\"179\">ChrupPaki Kaczka 100g od BaffiDi<\/strong><\/b>! To naturalne, chrupi\u0105ce mi\u0119sne paluszki stworzone z najwy\u017cszej jako\u015bci mi\u0119sa kaczki, bez sztucznych dodatk\u00f3w, konserwant\u00f3w i barwnik\u00f3w. Dzi\u0119ki delikatnemu suszeniu ciep\u0142ym powietrzem zachowuj\u0105 pe\u0142ni\u0119 warto\u015bci od\u017cywczych i wyj\u0105tkowy smak, kt\u00f3ry pokocha ka\u017cdy pies!<\/p>\n<p style=\"font-weight: 400\" data-start=\"100\" data-end=\"446\">\n","protected":false},"featured_media":20557,"template":"","meta":{"site-sidebar-layout":"default","site-content-layout":"","ast-site-content-layout":"default","site-content-style":"default","site-sidebar-style":"default","ast-global-header-display":"","ast-banner-title-visibility":"","ast-main-header-display":"","ast-hfb-above-header-display":"","ast-hfb-below-header-display":"","ast-hfb-mobile-header-display":"","site-post-title":"","ast-breadcrumbs-content":"","ast-featured-img":"","footer-sml-layout":"","ast-disable-related-posts":"","theme-transparent-header-meta":"default","adv-header-id-meta":"","stick-header-meta":"","header-above-stick-meta":"","header-main-stick-meta":"","header-below-stick-meta":"","astra-migrate-meta-layouts":"set","ast-page-background-enabled":"default","ast-page-background-meta":{"desktop":{"background-color":"","background-image":"","background-repeat":"repeat","background-position":"center center","background-size":"auto","background-attachment":"scroll","background-type":"","background-media":"","overlay-type":"","overlay-color":"","overlay-opacity":"","overlay-gradient":""},"tablet":{"background-color":"","background-image":"","background-repeat":"repeat","background-position":"center center","background-size":"auto","background-attachment":"scroll","background-type":"","background-media":"","overlay-type":"","overlay-color":"","overlay-opacity":"","overlay-gradient":""},"mobile":{"background-color":"","background-image":"","background-repeat":"repeat","background-position":"center center","background-size":"auto","background-attachment":"scroll","background-type":"","background-media":"","overlay-type":"","overlay-color":"","overlay-opacity":"","overlay-gradient":""}},"ast-content-background-meta":{"desktop":{"background-color":"var(--ast-global-color-5)","background-image":"","background-repeat":"repeat","background-position":"center center","background-size":"auto","background-attachment":"scroll","background-type":"","background-media":"","overlay-type":"","overlay-color":"","overlay-opacity":"","overlay-gradient":""},"tablet":{"background-color":"var(--ast-global-color-5)","background-image":"","background-repeat":"repeat","background-position":"center center","background-size":"auto","background-attachment":"scroll","background-type":"","background-media":"","overlay-type":"","overlay-color":"","overlay-opacity":"","overlay-gradient":""},"mobile":{"background-color":"var(--ast-global-color-5)","background-image":"","background-repeat":"repeat","background-position":"center center","background-size":"auto","background-attachment":"scroll","background-type":"","background-media":"","overlay-type":"","overlay-color":"","overlay-opacity":"","overlay-gradient":""}}},"product_brand":[],"product_cat":[85,159,170],"product_tag":[],"class_list":{"0":"post-20556","1":"product","2":"type-product","3":"status-publish","4":"has-post-thumbnail","6":"product_cat-dlapsa","7":"product_cat-smakolyki","8":"product_cat-przysmaki","9":"desktop-align-left","10":"tablet-align-left","11":"mobile-align-left","13":"first","14":"instock","15":"taxable","16":"shipping-taxable","17":"purchasable","18":"product-type-simple"},"jetpack_sharing_enabled":true,"_links":{"self":[{"href":"https:\/\/mooncraft.com.pl\/index.php?rest_route=\/wp\/v2\/product\/20556","targetHints":{"allow":["GET"]}}],"collection":[{"href":"https:\/\/mooncraft.com.pl\/index.php?rest_route=\/wp\/v2\/product"}],"about":[{"href":"https:\/\/mooncraft.com.pl\/index.php?rest_route=\/wp\/v2\/types\/product"}],"wp:featuredmedia":[{"embeddable":true,"href":"https:\/\/mooncraft.com.pl\/index.php?rest_route=\/wp\/v2\/media\/20557"}],"wp:attachment":[{"href":"https:\/\/mooncraft.com.pl\/index.php?rest_route=%2Fwp%2Fv2%2Fmedia&parent=20556"}],"wp:term":[{"taxonomy":"product_brand","embeddable":true,"href":"https:\/\/mooncraft.com.pl\/index.php?rest_route=%2Fwp%2Fv2%2Fproduct_brand&post=20556"},{"taxonomy":"product_cat","embeddable":true,"href":"https:\/\/mooncraft.com.pl\/index.php?rest_route=%2Fwp%2Fv2%2Fproduct_cat&post=20556"},{"taxonomy":"product_tag","embeddable":true,"href":"https:\/\/mooncraft.com.pl\/index.php?rest_route=%2Fwp%2Fv2%2Fproduct_tag&post=20556"}],"curies":[{"name":"wp","href":"https:\/\/api.w.org\/{rel}","templated":true}]}}