{"id":20550,"date":"2025-08-21T08:07:55","date_gmt":"2025-08-21T08:07:55","guid":{"rendered":"https:\/\/mooncraft.com.pl\/?post_type=product&#038;p=20550"},"modified":"2025-10-29T14:42:01","modified_gmt":"2025-10-29T14:42:01","slug":"baffidi-chruppaski-dla-psa-fladra-dorsz-100g","status":"publish","type":"product","link":"https:\/\/mooncraft.com.pl\/?product=baffidi-chruppaski-dla-psa-fladra-dorsz-100g","title":{"rendered":"BAFFIDI &#8211; ChrupPaski dla psa &#8211; fl\u0105dra\/dorsz 100g"},"content":{"rendered":"<p><b><strong>G\u0142\u00f3wne zalety ryby (fl\u0105dra\/dorsz):<\/strong><\/b><\/p>\n<p data-start=\"94\" data-end=\"292\">\u2714\u00a0<b><strong data-start=\"96\" data-end=\"159\">Idealne dla ps\u00f3w z alergiami i wra\u017cliwym uk\u0142adem pokarmowym<\/strong><\/b>\u00a0\u2013 ChrupPaski z ryby to doskona\u0142y wyb\u00f3r dla ps\u00f3w o delikatnym uk\u0142adzie trawiennym oraz tych, kt\u00f3re wymagaj\u0105 hipoalergicznej diety.<\/p>\n<p data-start=\"294\" data-end=\"495\">\u2714\u00a0<b><strong data-start=\"296\" data-end=\"324\">Niska zawarto\u015b\u0107 t\u0142uszczu<\/strong><\/b>\u00a0\u2013 Dorsz\/fl\u0105dra to ryba o wyj\u0105tkowo niskiej zawarto\u015bci t\u0142uszczu, dzi\u0119ki czemu smaczki s\u0105 lekkostrawne i odpowiednie dla ps\u00f3w dbaj\u0105cych o lini\u0119 oraz tych z tendencj\u0105 do nadwagi.<\/p>\n<p data-start=\"497\" data-end=\"650\">\u2714\u00a0<b><strong data-start=\"499\" data-end=\"531\">\u0179r\u00f3d\u0142o lekkostrawnego bia\u0142ka<\/strong><\/b>\u00a0\u2013 Wysoka zawarto\u015b\u0107 \u0142atwo przyswajalnego bia\u0142ka wspomaga rozw\u00f3j mi\u0119\u015bni, regeneracj\u0119 organizmu i og\u00f3ln\u0105 witalno\u015b\u0107 psa.<\/p>\n<p data-start=\"652\" data-end=\"827\">\u2714\u00a0<b><strong data-start=\"654\" data-end=\"681\">Bogactwo kwas\u00f3w omega-3<\/strong><\/b>\u00a0\u2013 Obecno\u015b\u0107 kwas\u00f3w t\u0142uszczowych\u00a0<b><strong data-start=\"713\" data-end=\"724\">omega-3<\/strong><\/b>\u00a0wspiera zdrow\u0105 sk\u00f3r\u0119, l\u015bni\u0105c\u0105 sier\u015b\u0107, a tak\u017ce dzia\u0142a przeciwzapalnie i wzmacnia uk\u0142ad odporno\u015bciowy.<\/p>\n<p data-start=\"829\" data-end=\"868\">\u2714\u00a0<b><strong data-start=\"831\" data-end=\"864\">Witaminy A, E i D dla zdrowia<\/strong><\/b>\u00a0\u2013<\/p>\n<ul data-start=\"869\" data-end=\"1087\">\n<li data-start=\"869\" data-end=\"933\"><b><strong data-start=\"871\" data-end=\"885\">Witamina A<\/strong><\/b>\u00a0wspomaga prawid\u0142owe widzenie i zdrowie sk\u00f3ry.<\/li>\n<li data-start=\"934\" data-end=\"1012\"><b><strong data-start=\"936\" data-end=\"950\">Witamina E<\/strong><\/b>\u00a0dzia\u0142a jako silny antyoksydant, chroni\u0105c kom\u00f3rki organizmu.<\/li>\n<li data-start=\"1013\" data-end=\"1087\"><b><strong data-start=\"1015\" data-end=\"1029\">Witamina D<\/strong><\/b>\u00a0dba o mocne ko\u015bci, z\u0119by i prawid\u0142owy metabolizm wapnia.<\/li>\n<\/ul>\n<p>&nbsp;<\/p>\n<p data-start=\"1146\" data-end=\"1607\"><b><strong>ChrupPaski\u00a0z ryby od BaffiDi<\/strong><\/b>\u00a0to doskona\u0142e uzupe\u0142nienie diety psa, kt\u00f3re \u0142\u0105czy\u00a0<b><strong data-start=\"1214\" data-end=\"1313\">wysok\u0105 zawarto\u015b\u0107 lekkostrawnego bia\u0142ka, zdrowe kwasy t\u0142uszczowe omega-3 oraz niezb\u0119dne witaminy<\/strong><\/b>. S\u0105 idealnym wyborem dla ps\u00f3w z wra\u017cliwym uk\u0142adem pokarmowym, alergik\u00f3w oraz tych, kt\u00f3re wymagaj\u0105 niskot\u0142uszczowej diety. Dzi\u0119ki naturalnemu sk\u0142adowi i delikatnemu procesowi suszenia, smaczki z dorsza zachowuj\u0105 swoje warto\u015bci od\u017cywcze oraz niepowtarzalny smak, kt\u00f3ry pokocha ka\u017cdy czworon\u00f3g.<\/p>\n<p data-start=\"1609\" data-end=\"1691\" data-is-last-node=\"\" data-is-only-node=\"\"><b><strong>Tw\u00f3j pies pokocha ten smak!\u00a0<\/strong><\/b><\/p>\n<p>&nbsp;<\/p>\n<p><b><strong>Rozmiar produktu:<\/strong><\/b><\/p>\n<p>12-13cm<\/p>\n<p>&nbsp;<\/p>\n<p><b><strong>Sk\u0142ad:<\/strong><\/b><\/p>\n<p>Ryba (fl\u0105dra\/dorsz) 99%, Olej z \u0142ososia\u00a01%<\/p>\n<p>&nbsp;<\/p>\n<p><b><strong>Analiza chemiczna:<\/strong><\/b><\/p>\n<p>bia\u0142ko \u2013 45,5%, t\u0142uszcz \u2013 27,7%, w\u0142\u00f3kno surowe \u2013 0,1%, popi\u00f3\u0142 \u2013 0,2%, wilgotno\u015b\u0107 \u2013 9,9%<\/p>\n","protected":false},"excerpt":{"rendered":"<p><strong>Naturalny przysmak dla psa ChrupPaski &#8211; fl\u0105dra\/dorsz<\/strong><\/p>\n<p>Rozkoszujesz si\u0119 widokiem swojego psa, kt\u00f3ry czerpie rado\u015b\u0107 z jedzenia? Zapewnij mu jeszcze wi\u0119cej rado\u015bci, podaj\u0105c przysmak marki\u00a0<b><strong>BaffiDi<\/strong><\/b>, jakim jest\u00a0<b><strong>Suszone mi\u0119so w postaci \u0142atwo podzielnych ChrupPask\u00f3w.<\/strong><\/b>\u00a0Wyj\u0105tkowy przysmak to r\u0119cznie krojone, najwy\u017cszej jako\u015bci mi\u0119so z kaczki, delikatnie suszone ciep\u0142ym powietrzem, co zapewnia bezpiecze\u0144stwo epidemiologiczne bez konieczno\u015bci u\u017cycia \u015brodk\u00f3w chemicznych i konserwuj\u0105cych. Produkt nie zawiera wzmacniaczy smaku, sztucznych aromat\u00f3w oraz wype\u0142niaczy. Proces suszenia nadaje mu niezwyk\u0142ej krucho\u015bci i chrupko\u015bci oraz pozwala zachowa\u0107 wszystkie warto\u015bci od\u017cywcze. Nasz naturalny przysmak zawiera 69% mi\u0119sa z kaczki, 30% (podroby, chrz\u0105stki, ko\u015bci), 1% oleju z \u0142ososia. Doskonale nadaje si\u0119 jako uzupe\u0142nienie diety mi\u0119dzy posi\u0142kami.<\/p>\n<p><b><strong>Uwielbiasz przysmaki? Tw\u00f3j pies r\u00f3wnie\u017c je uwielbia! Daj mu wi\u0119c przysmak, jakim s\u0105 ChrupPaski.<\/strong><\/b><\/p>\n","protected":false},"featured_media":20552,"template":"","meta":{"site-sidebar-layout":"default","site-content-layout":"","ast-site-content-layout":"default","site-content-style":"default","site-sidebar-style":"default","ast-global-header-display":"","ast-banner-title-visibility":"","ast-main-header-display":"","ast-hfb-above-header-display":"","ast-hfb-below-header-display":"","ast-hfb-mobile-header-display":"","site-post-title":"","ast-breadcrumbs-content":"","ast-featured-img":"","footer-sml-layout":"","ast-disable-related-posts":"","theme-transparent-header-meta":"default","adv-header-id-meta":"","stick-header-meta":"","header-above-stick-meta":"","header-main-stick-meta":"","header-below-stick-meta":"","astra-migrate-meta-layouts":"set","ast-page-background-enabled":"default","ast-page-background-meta":{"desktop":{"background-color":"","background-image":"","background-repeat":"repeat","background-position":"center center","background-size":"auto","background-attachment":"scroll","background-type":"","background-media":"","overlay-type":"","overlay-color":"","overlay-opacity":"","overlay-gradient":""},"tablet":{"background-color":"","background-image":"","background-repeat":"repeat","background-position":"center center","background-size":"auto","background-attachment":"scroll","background-type":"","background-media":"","overlay-type":"","overlay-color":"","overlay-opacity":"","overlay-gradient":""},"mobile":{"background-color":"","background-image":"","background-repeat":"repeat","background-position":"center center","background-size":"auto","background-attachment":"scroll","background-type":"","background-media":"","overlay-type":"","overlay-color":"","overlay-opacity":"","overlay-gradient":""}},"ast-content-background-meta":{"desktop":{"background-color":"var(--ast-global-color-5)","background-image":"","background-repeat":"repeat","background-position":"center center","background-size":"auto","background-attachment":"scroll","background-type":"","background-media":"","overlay-type":"","overlay-color":"","overlay-opacity":"","overlay-gradient":""},"tablet":{"background-color":"var(--ast-global-color-5)","background-image":"","background-repeat":"repeat","background-position":"center center","background-size":"auto","background-attachment":"scroll","background-type":"","background-media":"","overlay-type":"","overlay-color":"","overlay-opacity":"","overlay-gradient":""},"mobile":{"background-color":"var(--ast-global-color-5)","background-image":"","background-repeat":"repeat","background-position":"center center","background-size":"auto","background-attachment":"scroll","background-type":"","background-media":"","overlay-type":"","overlay-color":"","overlay-opacity":"","overlay-gradient":""}}},"product_brand":[],"product_cat":[85,159,170],"product_tag":[],"class_list":{"0":"post-20550","1":"product","2":"type-product","3":"status-publish","4":"has-post-thumbnail","6":"product_cat-dlapsa","7":"product_cat-smakolyki","8":"product_cat-przysmaki","9":"desktop-align-left","10":"tablet-align-left","11":"mobile-align-left","13":"first","14":"instock","15":"taxable","16":"shipping-taxable","17":"purchasable","18":"product-type-simple"},"jetpack_sharing_enabled":true,"_links":{"self":[{"href":"https:\/\/mooncraft.com.pl\/index.php?rest_route=\/wp\/v2\/product\/20550","targetHints":{"allow":["GET"]}}],"collection":[{"href":"https:\/\/mooncraft.com.pl\/index.php?rest_route=\/wp\/v2\/product"}],"about":[{"href":"https:\/\/mooncraft.com.pl\/index.php?rest_route=\/wp\/v2\/types\/product"}],"wp:featuredmedia":[{"embeddable":true,"href":"https:\/\/mooncraft.com.pl\/index.php?rest_route=\/wp\/v2\/media\/20552"}],"wp:attachment":[{"href":"https:\/\/mooncraft.com.pl\/index.php?rest_route=%2Fwp%2Fv2%2Fmedia&parent=20550"}],"wp:term":[{"taxonomy":"product_brand","embeddable":true,"href":"https:\/\/mooncraft.com.pl\/index.php?rest_route=%2Fwp%2Fv2%2Fproduct_brand&post=20550"},{"taxonomy":"product_cat","embeddable":true,"href":"https:\/\/mooncraft.com.pl\/index.php?rest_route=%2Fwp%2Fv2%2Fproduct_cat&post=20550"},{"taxonomy":"product_tag","embeddable":true,"href":"https:\/\/mooncraft.com.pl\/index.php?rest_route=%2Fwp%2Fv2%2Fproduct_tag&post=20550"}],"curies":[{"name":"wp","href":"https:\/\/api.w.org\/{rel}","templated":true}]}}