{"id":20548,"date":"2025-08-21T08:06:12","date_gmt":"2025-08-21T08:06:12","guid":{"rendered":"https:\/\/mooncraft.com.pl\/?post_type=product&#038;p=20548"},"modified":"2026-01-03T12:59:12","modified_gmt":"2026-01-03T12:59:12","slug":"baffidi-chruppaski-dla-psa-ges-100g","status":"publish","type":"product","link":"https:\/\/mooncraft.com.pl\/?product=baffidi-chruppaski-dla-psa-ges-100g","title":{"rendered":"BAFFIDI &#8211; ChrupPaski dla psa &#8211; g\u0119\u015b 100g"},"content":{"rendered":"<p><b><strong>G\u0142\u00f3wne zalety mi\u0119sa z g\u0119si dla psa:<\/strong><\/b><\/p>\n<p>\u2714\u00a0<b><strong>\u0179r\u00f3d\u0142o pe\u0142nowarto\u015bciowego bia\u0142ka<\/strong><\/b>\u00a0\u2013 G\u0119sina dostarcza wysokiej jako\u015bci bia\u0142ka, kt\u00f3re jest niezb\u0119dnym budulcem tkanki mi\u0119\u015bniowej oraz wspiera regeneracj\u0119 i kondycj\u0119 psa.<\/p>\n<p>\u2714\u00a0<b><strong>Energia dla ps\u00f3w sportowych<\/strong><\/b>\u00a0\u2013 Jako najbardziej kaloryczne mi\u0119so drobiowe, g\u0119sina stanowi doskona\u0142e \u017ar\u00f3d\u0142o energii, idealne dla ps\u00f3w aktywnych i sportowych.<\/p>\n<p>\u2714\u00a0<b><strong>Bogactwo kwas\u00f3w t\u0142uszczowych<\/strong><\/b>\u00a0\u2013 Zawiera cenne\u00a0<b><strong>jedno- i wielonienasycone kwasy t\u0142uszczowe<\/strong><\/b>, kt\u00f3re wspomagaj\u0105 prac\u0119 uk\u0142adu nerwowego, serca i kr\u0105\u017cenia.<\/p>\n<p>\u2714\u00a0<b><strong>Witaminy A i E dla zdrowia<\/strong><\/b>\u00a0\u2013 Wysoka zawarto\u015b\u0107 witamin\u00a0<b><strong>A<\/strong><\/b>\u00a0i\u00a0<b><strong>E<\/strong><\/b>\u00a0wzmacnia odporno\u015b\u0107, wspiera walk\u0119 ze stanami zapalnymi oraz poprawia jako\u015b\u0107 widzenia u ps\u00f3w.<\/p>\n<p>\u2714\u00a0<b><strong>Minera\u0142y dla zdrowia i sier\u015bci<\/strong><\/b>\u00a0\u2013 Mi\u0119so g\u0119si to skarbnica\u00a0<b><strong>potasu, fosforu, magnezu, \u017celaza i cynku<\/strong><\/b>, kt\u00f3re dbaj\u0105 o wydolno\u015b\u0107 organizmu, zdrowe ko\u015bci oraz l\u015bni\u0105c\u0105 i g\u0119st\u0105 sier\u015b\u0107.<\/p>\n<p>\u2714\u00a0<b><strong>Hipoalergiczne i monobia\u0142kowe<\/strong><\/b>\u00a0\u2013 G\u0119sina to doskona\u0142a opcja dla ps\u00f3w z\u00a0<b><strong>wra\u017cliwym uk\u0142adem pokarmowym<\/strong><\/b>\u00a0lub alergi\u0105 na inne \u017ar\u00f3d\u0142a bia\u0142ka, dzi\u0119ki czemu jest bezpieczna i \u0142atwo przyswajalna.<\/p>\n<p>\u2714\u00a0<b><strong>Naturalna smakowito\u015b\u0107<\/strong><\/b>\u00a0\u2013 Dzi\u0119ki delikatnemu procesowi suszenia g\u0119sina zachowuje pe\u0142ni\u0119 smaku i aromatu, kt\u00f3ry zachwyci nawet wybredne psy.<\/p>\n<p>&nbsp;<\/p>\n<p><b><strong>ChrupPaski z g\u0119si od BaffiDi<\/strong><\/b>\u00a0to wyj\u0105tkowe \u017ar\u00f3d\u0142o pe\u0142nowarto\u015bciowego bia\u0142ka i cennych kwas\u00f3w t\u0142uszczowych, kt\u00f3re dostarczaj\u0105 energii, wspieraj\u0105 prac\u0119 uk\u0142adu nerwowego oraz poprawiaj\u0105 kr\u0105\u017cenie. Dzi\u0119ki witaminom\u00a0<b><strong>A<\/strong><\/b>\u00a0i\u00a0<b><strong>E<\/strong><\/b>\u00a0oraz minera\u0142om, takim jak\u00a0<b><strong>\u017celazo, cynk i magnez<\/strong><\/b>, mi\u0119so z g\u0119si wzmacnia odporno\u015b\u0107, wspiera zdrowie ko\u015bci i poprawia wygl\u0105d sier\u015bci. Monobia\u0142kowe i hipoalergiczne smaczki z g\u0119siny doskonale sprawdz\u0105 si\u0119 dla ps\u00f3w z wra\u017cliwym uk\u0142adem pokarmowym oraz alergiami. To naturalne, od\u017cywcze i smakowite przysmaki, kt\u00f3re zadbaj\u0105 o zdrowie i energi\u0119 Twojego pupila ka\u017cdego dnia!<\/p>\n<p><b><strong>Tw\u00f3j pies pokocha ten smak!<\/strong><\/b><\/p>\n<p>&nbsp;<\/p>\n<p><b><strong>Rozmiar produktu:<\/strong><\/b><\/p>\n<p>12-13cm<\/p>\n<p>&nbsp;<\/p>\n<p><b><strong>Sk\u0142ad:<\/strong><\/b><\/p>\n<p>G\u0119\u015b 99% (Mi\u0119so 69%, Podroby, chrz\u0105stki, ko\u015bci 30%), Olej z \u0142ososia\u00a01%<\/p>\n<p>&nbsp;<\/p>\n<p><b><strong>Analiza chemiczna:<\/strong><\/b><\/p>\n<p>bia\u0142ko \u2013 49,5%, t\u0142uszcz \u2013 29,3%, w\u0142\u00f3kno surowe \u2013 0,8%, popi\u00f3\u0142 \u2013 8,6%, wilgotno\u015b\u0107 \u2013 8,3%<\/p>\n","protected":false},"excerpt":{"rendered":"<p><strong>Naturalny przysmak dla psa ChrupPaski &#8211; g\u0119\u015b <\/strong><\/p>\n<p>Rozkoszujesz si\u0119 widokiem swojego psa, kt\u00f3ry czerpie rado\u015b\u0107 z jedzenia? Zapewnij mu jeszcze wi\u0119cej rado\u015bci, podaj\u0105c przysmak marki\u00a0<b><strong>BaffiDi<\/strong><\/b>, jakim jest\u00a0<b><strong>Suszone mi\u0119so w postaci \u0142atwo podzielnych ChrupPask\u00f3w.<\/strong><\/b>\u00a0Wyj\u0105tkowy przysmak to r\u0119cznie krojone, najwy\u017cszej jako\u015bci mi\u0119so z kaczki, delikatnie suszone ciep\u0142ym powietrzem, co zapewnia bezpiecze\u0144stwo epidemiologiczne bez konieczno\u015bci u\u017cycia \u015brodk\u00f3w chemicznych i konserwuj\u0105cych. Produkt nie zawiera wzmacniaczy smaku, sztucznych aromat\u00f3w oraz wype\u0142niaczy. Proces suszenia nadaje mu niezwyk\u0142ej krucho\u015bci i chrupko\u015bci oraz pozwala zachowa\u0107 wszystkie warto\u015bci od\u017cywcze. Nasz naturalny przysmak zawiera 69% mi\u0119sa z kaczki, 30% (podroby, chrz\u0105stki, ko\u015bci), 1% oleju z \u0142ososia. Doskonale nadaje si\u0119 jako uzupe\u0142nienie diety mi\u0119dzy posi\u0142kami.<\/p>\n<p><b><strong>Uwielbiasz przysmaki? Tw\u00f3j pies r\u00f3wnie\u017c je uwielbia! Daj mu wi\u0119c przysmak, jakim s\u0105 ChrupPaski.<\/strong><\/b><\/p>\n","protected":false},"featured_media":20549,"template":"","meta":{"site-sidebar-layout":"default","site-content-layout":"","ast-site-content-layout":"default","site-content-style":"default","site-sidebar-style":"default","ast-global-header-display":"","ast-banner-title-visibility":"","ast-main-header-display":"","ast-hfb-above-header-display":"","ast-hfb-below-header-display":"","ast-hfb-mobile-header-display":"","site-post-title":"","ast-breadcrumbs-content":"","ast-featured-img":"","footer-sml-layout":"","ast-disable-related-posts":"","theme-transparent-header-meta":"default","adv-header-id-meta":"","stick-header-meta":"","header-above-stick-meta":"","header-main-stick-meta":"","header-below-stick-meta":"","astra-migrate-meta-layouts":"set","ast-page-background-enabled":"default","ast-page-background-meta":{"desktop":{"background-color":"","background-image":"","background-repeat":"repeat","background-position":"center center","background-size":"auto","background-attachment":"scroll","background-type":"","background-media":"","overlay-type":"","overlay-color":"","overlay-opacity":"","overlay-gradient":""},"tablet":{"background-color":"","background-image":"","background-repeat":"repeat","background-position":"center center","background-size":"auto","background-attachment":"scroll","background-type":"","background-media":"","overlay-type":"","overlay-color":"","overlay-opacity":"","overlay-gradient":""},"mobile":{"background-color":"","background-image":"","background-repeat":"repeat","background-position":"center center","background-size":"auto","background-attachment":"scroll","background-type":"","background-media":"","overlay-type":"","overlay-color":"","overlay-opacity":"","overlay-gradient":""}},"ast-content-background-meta":{"desktop":{"background-color":"var(--ast-global-color-5)","background-image":"","background-repeat":"repeat","background-position":"center center","background-size":"auto","background-attachment":"scroll","background-type":"","background-media":"","overlay-type":"","overlay-color":"","overlay-opacity":"","overlay-gradient":""},"tablet":{"background-color":"var(--ast-global-color-5)","background-image":"","background-repeat":"repeat","background-position":"center center","background-size":"auto","background-attachment":"scroll","background-type":"","background-media":"","overlay-type":"","overlay-color":"","overlay-opacity":"","overlay-gradient":""},"mobile":{"background-color":"var(--ast-global-color-5)","background-image":"","background-repeat":"repeat","background-position":"center center","background-size":"auto","background-attachment":"scroll","background-type":"","background-media":"","overlay-type":"","overlay-color":"","overlay-opacity":"","overlay-gradient":""}}},"product_brand":[],"product_cat":[85,159,170],"product_tag":[],"class_list":{"0":"post-20548","1":"product","2":"type-product","3":"status-publish","4":"has-post-thumbnail","6":"product_cat-dlapsa","7":"product_cat-smakolyki","8":"product_cat-przysmaki","9":"desktop-align-left","10":"tablet-align-left","11":"mobile-align-left","13":"first","14":"instock","15":"taxable","16":"shipping-taxable","17":"purchasable","18":"product-type-simple"},"jetpack_sharing_enabled":true,"_links":{"self":[{"href":"https:\/\/mooncraft.com.pl\/index.php?rest_route=\/wp\/v2\/product\/20548","targetHints":{"allow":["GET"]}}],"collection":[{"href":"https:\/\/mooncraft.com.pl\/index.php?rest_route=\/wp\/v2\/product"}],"about":[{"href":"https:\/\/mooncraft.com.pl\/index.php?rest_route=\/wp\/v2\/types\/product"}],"wp:featuredmedia":[{"embeddable":true,"href":"https:\/\/mooncraft.com.pl\/index.php?rest_route=\/wp\/v2\/media\/20549"}],"wp:attachment":[{"href":"https:\/\/mooncraft.com.pl\/index.php?rest_route=%2Fwp%2Fv2%2Fmedia&parent=20548"}],"wp:term":[{"taxonomy":"product_brand","embeddable":true,"href":"https:\/\/mooncraft.com.pl\/index.php?rest_route=%2Fwp%2Fv2%2Fproduct_brand&post=20548"},{"taxonomy":"product_cat","embeddable":true,"href":"https:\/\/mooncraft.com.pl\/index.php?rest_route=%2Fwp%2Fv2%2Fproduct_cat&post=20548"},{"taxonomy":"product_tag","embeddable":true,"href":"https:\/\/mooncraft.com.pl\/index.php?rest_route=%2Fwp%2Fv2%2Fproduct_tag&post=20548"}],"curies":[{"name":"wp","href":"https:\/\/api.w.org\/{rel}","templated":true}]}}