{"id":20542,"date":"2025-08-21T08:02:15","date_gmt":"2025-08-21T08:02:15","guid":{"rendered":"https:\/\/mooncraft.com.pl\/?post_type=product&#038;p=20542"},"modified":"2025-08-21T08:04:07","modified_gmt":"2025-08-21T08:04:07","slug":"baffidi-chruppaski-dla-psa-kaczka-100g","status":"publish","type":"product","link":"https:\/\/mooncraft.com.pl\/?product=baffidi-chruppaski-dla-psa-kaczka-100g","title":{"rendered":"BAFFIDI &#8211; ChrupPaski dla psa &#8211; kaczka 100g"},"content":{"rendered":"<p><b><strong>G\u0142\u00f3wne zalety mi\u0119sa z kaczki dla psa:<\/strong><\/b><\/p>\n<p>\u2714\u00a0<b><strong>Naturalne \u017ar\u00f3d\u0142o bia\u0142ka<\/strong><\/b>\u00a0\u2013 Mi\u0119so z kaczki to lekkostrawne, hipoalergiczne \u017ar\u00f3d\u0142o bia\u0142ka, kt\u00f3re wspiera rozw\u00f3j mi\u0119\u015bni, regeneracj\u0119 oraz og\u00f3ln\u0105 kondycj\u0119 psa.<\/p>\n<p>\u2714\u00a0<b><strong>Witaminy dla odporno\u015bci<\/strong><\/b>\u00a0\u2013 Bogactwo witamin\u00a0<b><strong>A, C i E<\/strong><\/b>\u00a0wzmacnia uk\u0142ad odporno\u015bciowy psa, wspieraj\u0105c jego zdrowie na ka\u017cdym etapie \u017cycia.<\/p>\n<p>\u2714\u00a0<b><strong>Minera\u0142y dla mocnych ko\u015bci i staw\u00f3w<\/strong><\/b>\u00a0\u2013 Zawarto\u015b\u0107\u00a0<b><strong>wapnia, fosforu i cynku<\/strong><\/b>\u00a0wspiera zdrowie ko\u015bci oraz staw\u00f3w, dbaj\u0105c o ruchliwo\u015b\u0107 i aktywno\u015b\u0107 psa.<\/p>\n<p>\u2714\u00a0<b><strong>Kwasy t\u0142uszczowe omega-3 i omega-6<\/strong><\/b>\u00a0\u2013 Mi\u0119so z kaczki zawiera\u00a0<b><strong>jedno- i wielonienasycone kwasy t\u0142uszczowe<\/strong><\/b>, kt\u00f3re wspomagaj\u0105 prac\u0119 uk\u0142adu sercowo-naczyniowego i dbaj\u0105 o zdrow\u0105 sk\u00f3r\u0119 oraz l\u015bni\u0105c\u0105 sier\u015b\u0107.<\/p>\n<p>\u2714\u00a0<b><strong>\u0179r\u00f3d\u0142o dodatkowej energii<\/strong><\/b>\u00a0\u2013 Dzi\u0119ki zawarto\u015bci zdrowych t\u0142uszcz\u00f3w kaczka stanowi doskona\u0142e \u017ar\u00f3d\u0142o energii, niezb\u0119dnej podczas treningu, spacer\u00f3w czy zabawy.<\/p>\n<p>\u2714\u00a0<b><strong>Wsparcie uk\u0142adu nerwowego<\/strong><\/b>\u00a0\u2013 Unikalna kompozycja sk\u0142adnik\u00f3w od\u017cywczych wspiera prawid\u0142owe funkcjonowanie uk\u0142adu nerwowego i wspomaga koncentracj\u0119 psa.<\/p>\n<p>\u2714\u00a0<b><strong>Hipoalergiczne i lekkostrawne<\/strong><\/b>\u00a0\u2013 Monobia\u0142kowe przysmaki z kaczki to idealny wyb\u00f3r dla ps\u00f3w z\u00a0<b><strong>wra\u017cliwym uk\u0142adem pokarmowym<\/strong><\/b>\u00a0lub alergiami pokarmowymi.<\/p>\n<p>\u2714\u00a0<b><strong>Wyj\u0105tkowy smak i aromat<\/strong><\/b>\u00a0\u2013 Delikatny proces suszenia zachowuje naturalny smak i aromat mi\u0119sa z kaczki, kt\u00f3ry przypadnie do gustu nawet wybrednym psom.<\/p>\n<p>&nbsp;<\/p>\n<p><b><strong>ChrupPaski z kaczki od BaffiDi<\/strong><\/b>\u00a0to doskona\u0142e, naturalne \u017ar\u00f3d\u0142o hipoalergicznego bia\u0142ka oraz witamin\u00a0<b><strong>A, C i E<\/strong><\/b>, kt\u00f3re wzmacniaj\u0105 odporno\u015b\u0107 psa i dbaj\u0105 o jego og\u00f3ln\u0105 witalno\u015b\u0107. Bogate w minera\u0142y, takie jak\u00a0<b><strong>wap\u0144, fosfor i cynk<\/strong><\/b>, wspiera zdrowie staw\u00f3w i ko\u015bci, zapewniaj\u0105c czworonogom aktywno\u015b\u0107 i ruchliwo\u015b\u0107. Dzi\u0119ki zawarto\u015bci\u00a0<b><strong>kwas\u00f3w t\u0142uszczowych omega-3 i omega-6<\/strong><\/b>\u00a0mi\u0119so z kaczki wspiera zdrowie serca oraz dba o l\u015bni\u0105c\u0105 sier\u015b\u0107 i zdrow\u0105 sk\u00f3r\u0119. Monobia\u0142kowe smaczki s\u0105 idealne dla ps\u00f3w z wra\u017cliwym uk\u0142adem pokarmowym oraz alergiami. Podaruj swojemu psu wyj\u0105tkow\u0105 przek\u0105sk\u0119 pe\u0142n\u0105 warto\u015bci od\u017cywczych, kt\u00f3ra zadba o jego zdrowie i energi\u0119 ka\u017cdego dnia!<\/p>\n<p>&nbsp;<\/p>\n<p><b><strong>Tw\u00f3j pies pokocha ten smak!<\/strong><\/b><\/p>\n<p>&nbsp;<\/p>\n<p><b><strong>Rozmiar produktu:<\/strong><\/b><\/p>\n<p>12-13cm<\/p>\n<p>&nbsp;<\/p>\n<p><b><strong>Sk\u0142ad:<\/strong><\/b><\/p>\n<p>Kaczka 99% (Mi\u0119so 69%, Podroby, chrz\u0105stki, ko\u015bci 30%), Olej z \u0142ososia\u00a01%<\/p>\n<p>&nbsp;<\/p>\n<p><b><strong>Analiza chemiczna:<\/strong><\/b><\/p>\n<p>bia\u0142ko \u2013 51%, t\u0142uszcz \u2013 22,6%, w\u0142\u00f3kno surowe \u2013 1,8%, popi\u00f3\u0142 \u2013 10,2%, wilgotno\u015b\u0107 \u2013 9,6%,<\/p>\n","protected":false},"excerpt":{"rendered":"<p><b><strong>Naturalny przysmak dla psa ChrupPaski\u00a0&#8211; kaczka<\/strong><\/b><\/p>\n<p>Rozkoszujesz si\u0119 widokiem swojego psa, kt\u00f3ry czerpie rado\u015b\u0107 z jedzenia? Zapewnij mu jeszcze wi\u0119cej rado\u015bci, podaj\u0105c przysmak marki\u00a0<b><strong>BaffiDi<\/strong><\/b>, jakim jest\u00a0<b><strong>Suszone mi\u0119so w postaci \u0142atwo podzielnych ChrupPask\u00f3w.<\/strong><\/b>\u00a0Wyj\u0105tkowy przysmak to r\u0119cznie krojone, najwy\u017cszej jako\u015bci mi\u0119so z kaczki, delikatnie suszone ciep\u0142ym powietrzem, co zapewnia bezpiecze\u0144stwo epidemiologiczne bez konieczno\u015bci u\u017cycia \u015brodk\u00f3w chemicznych i konserwuj\u0105cych. Produkt nie zawiera wzmacniaczy smaku, sztucznych aromat\u00f3w oraz wype\u0142niaczy. Proces suszenia nadaje mu niezwyk\u0142ej krucho\u015bci i chrupko\u015bci oraz pozwala zachowa\u0107 wszystkie warto\u015bci od\u017cywcze. Nasz naturalny przysmak zawiera 69% mi\u0119sa z kaczki, 30% (podroby, chrz\u0105stki, ko\u015bci), 1% oleju z \u0142ososia. Doskonale nadaje si\u0119 jako uzupe\u0142nienie diety mi\u0119dzy posi\u0142kami.<\/p>\n<p><b><strong>Uwielbiasz przysmaki? Tw\u00f3j pies r\u00f3wnie\u017c je uwielbia! Daj mu wi\u0119c przysmak, jakim s\u0105 ChrupPaski.<\/strong><\/b><\/p>\n","protected":false},"featured_media":20543,"template":"","meta":{"site-sidebar-layout":"default","site-content-layout":"","ast-site-content-layout":"default","site-content-style":"default","site-sidebar-style":"default","ast-global-header-display":"","ast-banner-title-visibility":"","ast-main-header-display":"","ast-hfb-above-header-display":"","ast-hfb-below-header-display":"","ast-hfb-mobile-header-display":"","site-post-title":"","ast-breadcrumbs-content":"","ast-featured-img":"","footer-sml-layout":"","ast-disable-related-posts":"","theme-transparent-header-meta":"default","adv-header-id-meta":"","stick-header-meta":"","header-above-stick-meta":"","header-main-stick-meta":"","header-below-stick-meta":"","astra-migrate-meta-layouts":"set","ast-page-background-enabled":"default","ast-page-background-meta":{"desktop":{"background-color":"","background-image":"","background-repeat":"repeat","background-position":"center center","background-size":"auto","background-attachment":"scroll","background-type":"","background-media":"","overlay-type":"","overlay-color":"","overlay-opacity":"","overlay-gradient":""},"tablet":{"background-color":"","background-image":"","background-repeat":"repeat","background-position":"center center","background-size":"auto","background-attachment":"scroll","background-type":"","background-media":"","overlay-type":"","overlay-color":"","overlay-opacity":"","overlay-gradient":""},"mobile":{"background-color":"","background-image":"","background-repeat":"repeat","background-position":"center center","background-size":"auto","background-attachment":"scroll","background-type":"","background-media":"","overlay-type":"","overlay-color":"","overlay-opacity":"","overlay-gradient":""}},"ast-content-background-meta":{"desktop":{"background-color":"var(--ast-global-color-5)","background-image":"","background-repeat":"repeat","background-position":"center center","background-size":"auto","background-attachment":"scroll","background-type":"","background-media":"","overlay-type":"","overlay-color":"","overlay-opacity":"","overlay-gradient":""},"tablet":{"background-color":"var(--ast-global-color-5)","background-image":"","background-repeat":"repeat","background-position":"center center","background-size":"auto","background-attachment":"scroll","background-type":"","background-media":"","overlay-type":"","overlay-color":"","overlay-opacity":"","overlay-gradient":""},"mobile":{"background-color":"var(--ast-global-color-5)","background-image":"","background-repeat":"repeat","background-position":"center center","background-size":"auto","background-attachment":"scroll","background-type":"","background-media":"","overlay-type":"","overlay-color":"","overlay-opacity":"","overlay-gradient":""}}},"product_brand":[],"product_cat":[85,159,170],"product_tag":[],"class_list":{"0":"post-20542","1":"product","2":"type-product","3":"status-publish","4":"has-post-thumbnail","6":"product_cat-dlapsa","7":"product_cat-smakolyki","8":"product_cat-przysmaki","9":"desktop-align-left","10":"tablet-align-left","11":"mobile-align-left","13":"first","14":"instock","15":"taxable","16":"shipping-taxable","17":"purchasable","18":"product-type-simple"},"jetpack_sharing_enabled":true,"_links":{"self":[{"href":"https:\/\/mooncraft.com.pl\/index.php?rest_route=\/wp\/v2\/product\/20542","targetHints":{"allow":["GET"]}}],"collection":[{"href":"https:\/\/mooncraft.com.pl\/index.php?rest_route=\/wp\/v2\/product"}],"about":[{"href":"https:\/\/mooncraft.com.pl\/index.php?rest_route=\/wp\/v2\/types\/product"}],"wp:featuredmedia":[{"embeddable":true,"href":"https:\/\/mooncraft.com.pl\/index.php?rest_route=\/wp\/v2\/media\/20543"}],"wp:attachment":[{"href":"https:\/\/mooncraft.com.pl\/index.php?rest_route=%2Fwp%2Fv2%2Fmedia&parent=20542"}],"wp:term":[{"taxonomy":"product_brand","embeddable":true,"href":"https:\/\/mooncraft.com.pl\/index.php?rest_route=%2Fwp%2Fv2%2Fproduct_brand&post=20542"},{"taxonomy":"product_cat","embeddable":true,"href":"https:\/\/mooncraft.com.pl\/index.php?rest_route=%2Fwp%2Fv2%2Fproduct_cat&post=20542"},{"taxonomy":"product_tag","embeddable":true,"href":"https:\/\/mooncraft.com.pl\/index.php?rest_route=%2Fwp%2Fv2%2Fproduct_tag&post=20542"}],"curies":[{"name":"wp","href":"https:\/\/api.w.org\/{rel}","templated":true}]}}