{"id":20540,"date":"2025-08-21T07:59:52","date_gmt":"2025-08-21T07:59:52","guid":{"rendered":"https:\/\/mooncraft.com.pl\/?post_type=product&#038;p=20540"},"modified":"2026-04-17T08:56:27","modified_gmt":"2026-04-17T08:56:27","slug":"baffidi-chrupkluski-miesne-dla-psa-dziczyzna-100g","status":"publish","type":"product","link":"https:\/\/mooncraft.com.pl\/?product=baffidi-chrupkluski-miesne-dla-psa-dziczyzna-100g","title":{"rendered":"BAFFIDI &#8211; ChrupKluski mi\u0119sne dla psa &#8211; dziczyzna 100g"},"content":{"rendered":"<p>Delikatne suszenie ciep\u0142ym powietrzem stosowane w procesie produkcji zapewnia bezpiecze\u0144stwo pod wzgl\u0119dem epidemiologicznym, dzi\u0119ki czemu nie ma konieczno\u015bci u\u017cycia \u015brodk\u00f3w chemicznych i konserwuj\u0105cych. Produkt nie zawiera r\u00f3wnie\u017c wzmacniaczy smaku, sztucznych aromat\u00f3w oraz wype\u0142niaczy. Proces suszenia nadaje mu niezwyk\u0142ej krucho\u015bci i chrupko\u015bci oraz pozwala zachowa\u0107 wszystkie warto\u015bci od\u017cywcze. Nasze\u00a0<b><strong>ChrupKluski mi\u0119sne\u00a0<\/strong><\/b>marki\u00a0<b><strong>BaffiDi<\/strong><\/b>\u00a0zawieraj\u0105 90%\u00a0mi\u0119sa z dziczyzny, 5% oleju z \u0142ososia i 5% \u015bwie\u017cych jaj.<\/p>\n<p>W sk\u0142adzie przysmak\u00f3w znalaz\u0142 si\u0119 tak\u017ce olej z \u0142ososia, kt\u00f3ry jest niezaprzeczalnie doskona\u0142ym \u017ar\u00f3d\u0142em cennych, nienasyconych kwas\u00f3w t\u0142uszczowych omega-3 i omega-6, znanych ze swojego szerokiego dzia\u0142ania na organizm. To w\u0142a\u015bnie te kwasy oddzia\u0142uj\u0105 mi\u0119dzy innymi na kondycj\u0119 sk\u00f3ry i sier\u015bci naszego zwierzaka, prac\u0119 jego uk\u0142adu odporno\u015bciowego oraz nerwowego.\u00a0Doskonale nadaj\u0105 si\u0119 jako uzupe\u0142nienie diety mi\u0119dzy posi\u0142kami.<\/p>\n<p><b><strong>Pami\u0119taj, \u017ce zabawa\u00a0<\/strong><\/b><b><strong>to<\/strong><\/b><b><strong>\u00a0niezwykle wa\u017cny element \u017cycia Twojego pupila.<\/strong><\/b><\/p>\n<p>&nbsp;<\/p>\n<p><b><strong>G\u0142\u00f3wne zalety mi\u0119sa z dziczyzny:<\/strong><\/b><\/p>\n<ul>\n<li>dla ka\u017cdego psa, szczeg\u00f3lnie dla ps\u00f3w alergik\u00f3w, szczeniak\u00f3w, senior\u00f3w, a tak\u017ce ps\u00f3w ze sk\u0142onno\u015bci\u0105 do anemii i niejadk\u00f3w;<\/li>\n<\/ul>\n<ul>\n<li>bogate w dobrze przyswajalne \u017celazo;<\/li>\n<\/ul>\n<ul>\n<li>wysoki poziom tiaminy,\u00a0ryboflaminy, fosforu, niacyny, cynku oraz witamin B6 i B12;<\/li>\n<\/ul>\n<ul>\n<li>niska zawarto\u015b\u0107 cholesterolu;<\/li>\n<\/ul>\n<ul>\n<li>ca\u0142kowicie wolne od antybiotyk\u00f3w;<\/li>\n<\/ul>\n<ul>\n<li>wysoka zawarto\u015b\u0107 bia\u0142ka pochodzenia organicznego.<\/li>\n<\/ul>\n<p>&nbsp;<\/p>\n<p><b><strong>Rozmiar produktu:<\/strong><\/b><\/p>\n<p>2-3cm<\/p>\n<p>&nbsp;<\/p>\n<p><b><strong>Sk\u0142ad:<\/strong><\/b><\/p>\n<p>Dziczyzna 90%, Olej z \u0142ososia 5%, \u015awie\u017ce jajko\u00a05%<\/p>\n<p>&nbsp;<\/p>\n<p><b><strong>Analiza chemiczna:<\/strong><\/b><\/p>\n<p>bia\u0142ko \u2013 53,5%, t\u0142uszcz \u2013 39,5%, w\u0142\u00f3kno surowe \u2013 0,9%, popi\u00f3\u0142 \u2013 3,2%, wilgotno\u015b\u0107 \u2013 2,2%<\/p>\n<p>&nbsp;<\/p>\n<p><b><strong>Kwasy t\u0142uszczowe omega:<\/strong><\/b><\/p>\n<p>ALA \u2013 1,84%, DPA \u2013 0,43%, EPA \u2013 0,33%, DHA \u2013 1,3%, wielonienasycony kwas t\u0142uszczowy \u2013 6,81% PL30213006<\/p>\n","protected":false},"excerpt":{"rendered":"<p style=\"font-weight: 400;\"><b><strong>Naturalny przysmak dla psa &#8211; ChrupKluski mi\u0119sne z dziczyzny<\/strong><\/b><\/p>\n<p style=\"font-weight: 400;\">Zabawa z psem? To prostsze ni\u017c Ci si\u0119 wydaje! Wystarczy mie\u0107 przy sobie\u00a0<b><strong>ChrupKluski mi\u0119sne<\/strong><\/b>\u00a0marki\u00a0<b><strong>BaffiDi<\/strong><\/b>. To ciekawa forma przysmaku, kt\u00f3ra pomo\u017ce pog\u0142\u0119bi\u0107 wi\u0119\u017a z czworonogiem podczas zabawy. Cudownie pachn\u0105cy naturalny\u00a0<b><strong>przysmak wykonany jest z zaledwie trzech cennych sk\u0142adnik\u00f3w<\/strong><\/b>.<\/p>\n","protected":false},"featured_media":20541,"template":"","meta":{"site-sidebar-layout":"default","site-content-layout":"","ast-site-content-layout":"default","site-content-style":"default","site-sidebar-style":"default","ast-global-header-display":"","ast-banner-title-visibility":"","ast-main-header-display":"","ast-hfb-above-header-display":"","ast-hfb-below-header-display":"","ast-hfb-mobile-header-display":"","site-post-title":"","ast-breadcrumbs-content":"","ast-featured-img":"","footer-sml-layout":"","ast-disable-related-posts":"","theme-transparent-header-meta":"default","adv-header-id-meta":"","stick-header-meta":"","header-above-stick-meta":"","header-main-stick-meta":"","header-below-stick-meta":"","astra-migrate-meta-layouts":"set","ast-page-background-enabled":"default","ast-page-background-meta":{"desktop":{"background-color":"","background-image":"","background-repeat":"repeat","background-position":"center center","background-size":"auto","background-attachment":"scroll","background-type":"","background-media":"","overlay-type":"","overlay-color":"","overlay-opacity":"","overlay-gradient":""},"tablet":{"background-color":"","background-image":"","background-repeat":"repeat","background-position":"center center","background-size":"auto","background-attachment":"scroll","background-type":"","background-media":"","overlay-type":"","overlay-color":"","overlay-opacity":"","overlay-gradient":""},"mobile":{"background-color":"","background-image":"","background-repeat":"repeat","background-position":"center center","background-size":"auto","background-attachment":"scroll","background-type":"","background-media":"","overlay-type":"","overlay-color":"","overlay-opacity":"","overlay-gradient":""}},"ast-content-background-meta":{"desktop":{"background-color":"var(--ast-global-color-5)","background-image":"","background-repeat":"repeat","background-position":"center center","background-size":"auto","background-attachment":"scroll","background-type":"","background-media":"","overlay-type":"","overlay-color":"","overlay-opacity":"","overlay-gradient":""},"tablet":{"background-color":"var(--ast-global-color-5)","background-image":"","background-repeat":"repeat","background-position":"center center","background-size":"auto","background-attachment":"scroll","background-type":"","background-media":"","overlay-type":"","overlay-color":"","overlay-opacity":"","overlay-gradient":""},"mobile":{"background-color":"var(--ast-global-color-5)","background-image":"","background-repeat":"repeat","background-position":"center center","background-size":"auto","background-attachment":"scroll","background-type":"","background-media":"","overlay-type":"","overlay-color":"","overlay-opacity":"","overlay-gradient":""}}},"product_brand":[],"product_cat":[85,159,170],"product_tag":[],"class_list":{"0":"post-20540","1":"product","2":"type-product","3":"status-publish","4":"has-post-thumbnail","6":"product_cat-dlapsa","7":"product_cat-smakolyki","8":"product_cat-przysmaki","9":"desktop-align-left","10":"tablet-align-left","11":"mobile-align-left","13":"first","14":"instock","15":"taxable","16":"shipping-taxable","17":"purchasable","18":"product-type-simple"},"jetpack_sharing_enabled":true,"_links":{"self":[{"href":"https:\/\/mooncraft.com.pl\/index.php?rest_route=\/wp\/v2\/product\/20540","targetHints":{"allow":["GET"]}}],"collection":[{"href":"https:\/\/mooncraft.com.pl\/index.php?rest_route=\/wp\/v2\/product"}],"about":[{"href":"https:\/\/mooncraft.com.pl\/index.php?rest_route=\/wp\/v2\/types\/product"}],"wp:featuredmedia":[{"embeddable":true,"href":"https:\/\/mooncraft.com.pl\/index.php?rest_route=\/wp\/v2\/media\/20541"}],"wp:attachment":[{"href":"https:\/\/mooncraft.com.pl\/index.php?rest_route=%2Fwp%2Fv2%2Fmedia&parent=20540"}],"wp:term":[{"taxonomy":"product_brand","embeddable":true,"href":"https:\/\/mooncraft.com.pl\/index.php?rest_route=%2Fwp%2Fv2%2Fproduct_brand&post=20540"},{"taxonomy":"product_cat","embeddable":true,"href":"https:\/\/mooncraft.com.pl\/index.php?rest_route=%2Fwp%2Fv2%2Fproduct_cat&post=20540"},{"taxonomy":"product_tag","embeddable":true,"href":"https:\/\/mooncraft.com.pl\/index.php?rest_route=%2Fwp%2Fv2%2Fproduct_tag&post=20540"}],"curies":[{"name":"wp","href":"https:\/\/api.w.org\/{rel}","templated":true}]}}