{"id":20329,"date":"2025-07-17T18:35:40","date_gmt":"2025-07-17T18:35:40","guid":{"rendered":"https:\/\/mooncraft.com.pl\/?post_type=product&#038;p=20329"},"modified":"2025-07-17T18:38:20","modified_gmt":"2025-07-17T18:38:20","slug":"meatstuff-zestuff-podrozny-all-inclusive-doypack-200-g","status":"publish","type":"product","link":"https:\/\/mooncraft.com.pl\/?product=meatstuff-zestuff-podrozny-all-inclusive-doypack-200-g","title":{"rendered":"MEATSTUFF &#8211; ZeSTUFF podr\u00f3\u017cny ALL INCLUSIVE doypack 200 g"},"content":{"rendered":"<section>\n<section>\n<section>\n<section>\n<section>\n<section id=\"opis-produktu\" class=\"section_product section_product--part_of_bar section_product--first_item_of_bar section_product--v1 section section_product--v1__desc section--padding-top-medium\">\n<div class=\"section_body\">\n<div class=\"productDesc productDesc--full container\">\n<div class=\"productDesc__left grow productDesc__left--no_params\">\n<p><strong>ZeSTUFF podr\u00f3\u017cny ALL INCLUSIVE\u00a0<\/strong>\u2013 zestaw gryzak\u00f3w dla ps\u00f3w 200 g<\/p>\n<p>&nbsp;<\/p>\n<p><strong>Sk\u0142ad*:<\/strong><\/p>\n<ul>\n<li>Schab wieprzowy<\/li>\n<li>Kark\u00f3wka\u00a0wieprzowa<\/li>\n<li>Pol\u0119dwica\u00a0wieprzowa<\/li>\n<li>Szynka\u00a0wieprzowa<\/li>\n<li>Trening\u00f3wki z wo\u0142owiny<\/li>\n<li>Paski z dziczyzny<\/li>\n<\/ul>\n<p>* w zale\u017cno\u015bci od dost\u0119pno\u015bci produktu, sk\u0142ad mo\u017ce ulec zmianie<\/p>\n<\/div>\n<\/div>\n<\/div>\n<\/section>\n<\/section>\n<\/section>\n<\/section>\n<\/section>\n<\/section>\n","protected":false},"excerpt":{"rendered":"<p><strong>ZeSTUFF podr\u00f3\u017cny ALL INCLUSIVE\u00a0\u2013 zestaw gryzak\u00f3w dla ps\u00f3w 200 g<\/strong><\/p>\n","protected":false},"featured_media":20330,"template":"","meta":{"site-sidebar-layout":"default","site-content-layout":"","ast-site-content-layout":"default","site-content-style":"default","site-sidebar-style":"default","ast-global-header-display":"","ast-banner-title-visibility":"","ast-main-header-display":"","ast-hfb-above-header-display":"","ast-hfb-below-header-display":"","ast-hfb-mobile-header-display":"","site-post-title":"","ast-breadcrumbs-content":"","ast-featured-img":"","footer-sml-layout":"","ast-disable-related-posts":"","theme-transparent-header-meta":"default","adv-header-id-meta":"","stick-header-meta":"","header-above-stick-meta":"","header-main-stick-meta":"","header-below-stick-meta":"","astra-migrate-meta-layouts":"set","ast-page-background-enabled":"default","ast-page-background-meta":{"desktop":{"background-color":"","background-image":"","background-repeat":"repeat","background-position":"center center","background-size":"auto","background-attachment":"scroll","background-type":"","background-media":"","overlay-type":"","overlay-color":"","overlay-opacity":"","overlay-gradient":""},"tablet":{"background-color":"","background-image":"","background-repeat":"repeat","background-position":"center center","background-size":"auto","background-attachment":"scroll","background-type":"","background-media":"","overlay-type":"","overlay-color":"","overlay-opacity":"","overlay-gradient":""},"mobile":{"background-color":"","background-image":"","background-repeat":"repeat","background-position":"center center","background-size":"auto","background-attachment":"scroll","background-type":"","background-media":"","overlay-type":"","overlay-color":"","overlay-opacity":"","overlay-gradient":""}},"ast-content-background-meta":{"desktop":{"background-color":"var(--ast-global-color-5)","background-image":"","background-repeat":"repeat","background-position":"center center","background-size":"auto","background-attachment":"scroll","background-type":"","background-media":"","overlay-type":"","overlay-color":"","overlay-opacity":"","overlay-gradient":""},"tablet":{"background-color":"var(--ast-global-color-5)","background-image":"","background-repeat":"repeat","background-position":"center center","background-size":"auto","background-attachment":"scroll","background-type":"","background-media":"","overlay-type":"","overlay-color":"","overlay-opacity":"","overlay-gradient":""},"mobile":{"background-color":"var(--ast-global-color-5)","background-image":"","background-repeat":"repeat","background-position":"center center","background-size":"auto","background-attachment":"scroll","background-type":"","background-media":"","overlay-type":"","overlay-color":"","overlay-opacity":"","overlay-gradient":""}}},"product_brand":[],"product_cat":[85,159,169],"product_tag":[],"class_list":{"0":"post-20329","1":"product","2":"type-product","3":"status-publish","4":"has-post-thumbnail","6":"product_cat-dlapsa","7":"product_cat-smakolyki","8":"product_cat-gryzaki","9":"desktop-align-left","10":"tablet-align-left","11":"mobile-align-left","13":"first","14":"instock","15":"taxable","16":"shipping-taxable","17":"purchasable","18":"product-type-simple"},"jetpack_sharing_enabled":true,"_links":{"self":[{"href":"https:\/\/mooncraft.com.pl\/index.php?rest_route=\/wp\/v2\/product\/20329","targetHints":{"allow":["GET"]}}],"collection":[{"href":"https:\/\/mooncraft.com.pl\/index.php?rest_route=\/wp\/v2\/product"}],"about":[{"href":"https:\/\/mooncraft.com.pl\/index.php?rest_route=\/wp\/v2\/types\/product"}],"wp:featuredmedia":[{"embeddable":true,"href":"https:\/\/mooncraft.com.pl\/index.php?rest_route=\/wp\/v2\/media\/20330"}],"wp:attachment":[{"href":"https:\/\/mooncraft.com.pl\/index.php?rest_route=%2Fwp%2Fv2%2Fmedia&parent=20329"}],"wp:term":[{"taxonomy":"product_brand","embeddable":true,"href":"https:\/\/mooncraft.com.pl\/index.php?rest_route=%2Fwp%2Fv2%2Fproduct_brand&post=20329"},{"taxonomy":"product_cat","embeddable":true,"href":"https:\/\/mooncraft.com.pl\/index.php?rest_route=%2Fwp%2Fv2%2Fproduct_cat&post=20329"},{"taxonomy":"product_tag","embeddable":true,"href":"https:\/\/mooncraft.com.pl\/index.php?rest_route=%2Fwp%2Fv2%2Fproduct_tag&post=20329"}],"curies":[{"name":"wp","href":"https:\/\/api.w.org\/{rel}","templated":true}]}}