{"id":20233,"date":"2025-06-18T16:48:28","date_gmt":"2025-06-18T16:48:28","guid":{"rendered":"https:\/\/mooncraft.com.pl\/?post_type=product&#038;p=20233"},"modified":"2025-11-17T19:32:21","modified_gmt":"2025-11-17T19:32:21","slug":"bandana-wiazana-nie-zaczepiaj","status":"publish","type":"product","link":"https:\/\/mooncraft.com.pl\/?product=bandana-wiazana-nie-zaczepiaj","title":{"rendered":"Bandana Wi\u0105zana &#8211; NIE ZACZEPIAJ"},"content":{"rendered":"<p>Materia\u0142y wodoodporne drukowane (napis nie ma mo\u017cliwo\u015bci odpa\u015b\u0107, jest wydrukowany na tej samej tkaninie, z kt\u00f3rej szyjemy nerki czy obro\u017ce)<\/p>\n<p>wi\u0105zana na sznureczkach<\/p>\n<p>jeden rozmiar bandany : 30cm w najszerszym punkcie, 19cm wysoko\u015b\u0107 ca\u0142kowita<\/p>\n<p>sznureczki: ka\u017cdy d\u0142ugo\u015bci\u00a0 ok 27cm<\/p>\n<p>na kokardk\u0119 da si\u0119 j\u0105 zawi\u0105za\u0107 na max obw\u00f3d szyi ok 50-52cm , na supe\u0142ek przy samym ko\u0144cu nawet 68cm obwodu,<\/p>\n<p>&nbsp;<\/p>\n<p>dzi\u0119ki temu, \u017ce jest z tkaniny wodoodpornej jest \u0142atwa w czyszczeniu, jest te\u017c sztywniejsza i \u0142adnie wida\u0107 wz\u00f3r na psiaku, nie podwija si\u0119 itd<\/p>\n","protected":false},"excerpt":{"rendered":"<h5>Stylowa Bandana dla Twojego psiaka !<\/h5>\n<p>&nbsp;<\/p>\n<p>Nie podobaj\u0105 Ci si\u0119 standardowe wzory &#8222;nie dotykaj&#8221; ?<\/p>\n<p>A mo\u017ce po prostu szukasz czego\u015b nowego?<\/p>\n<p>Wygodna, wi\u0105zana bandana to co\u015b dla Ciebie i Twojego psiaka !<\/p>\n<p>&nbsp;<\/p>\n<p>&nbsp;<\/p>\n<p>Je\u015bli produkt jest na magazynie &#8211; wy\u015blemy paczuch\u0119 do 3 dni roboczych. Je\u015bli nie ma na magazynie &#8211; realizacja do 14 dni roboczych.<\/p>\n<p>Wrzucaj\u0105c do koszyka rzeczy zar\u00f3wno dost\u0119pne na magazynie jak i szyte na zam\u00f3wienie &#8211; paczka przyjdzie do Ciebie w ca\u0142o\u015bci do 14 dni roboczych ?<\/p>\n","protected":false},"featured_media":20228,"template":"","meta":{"site-sidebar-layout":"default","site-content-layout":"default","ast-site-content-layout":"default","site-content-style":"default","site-sidebar-style":"default","ast-global-header-display":"","ast-banner-title-visibility":"","ast-main-header-display":"","ast-hfb-above-header-display":"","ast-hfb-below-header-display":"","ast-hfb-mobile-header-display":"","site-post-title":"","ast-breadcrumbs-content":"","ast-featured-img":"","footer-sml-layout":"","ast-disable-related-posts":"","theme-transparent-header-meta":"default","adv-header-id-meta":"","stick-header-meta":"","header-above-stick-meta":"","header-main-stick-meta":"","header-below-stick-meta":"","astra-migrate-meta-layouts":"set","ast-page-background-enabled":"default","ast-page-background-meta":{"desktop":{"background-color":"","background-image":"","background-repeat":"repeat","background-position":"center center","background-size":"auto","background-attachment":"scroll","background-type":"","background-media":"","overlay-type":"","overlay-color":"","overlay-opacity":"","overlay-gradient":""},"tablet":{"background-color":"","background-image":"","background-repeat":"repeat","background-position":"center center","background-size":"auto","background-attachment":"scroll","background-type":"","background-media":"","overlay-type":"","overlay-color":"","overlay-opacity":"","overlay-gradient":""},"mobile":{"background-color":"","background-image":"","background-repeat":"repeat","background-position":"center center","background-size":"auto","background-attachment":"scroll","background-type":"","background-media":"","overlay-type":"","overlay-color":"","overlay-opacity":"","overlay-gradient":""}},"ast-content-background-meta":{"desktop":{"background-color":"var(--ast-global-color-5)","background-image":"","background-repeat":"repeat","background-position":"center center","background-size":"auto","background-attachment":"scroll","background-type":"","background-media":"","overlay-type":"","overlay-color":"","overlay-opacity":"","overlay-gradient":""},"tablet":{"background-color":"var(--ast-global-color-5)","background-image":"","background-repeat":"repeat","background-position":"center center","background-size":"auto","background-attachment":"scroll","background-type":"","background-media":"","overlay-type":"","overlay-color":"","overlay-opacity":"","overlay-gradient":""},"mobile":{"background-color":"var(--ast-global-color-5)","background-image":"","background-repeat":"repeat","background-position":"center center","background-size":"auto","background-attachment":"scroll","background-type":"","background-media":"","overlay-type":"","overlay-color":"","overlay-opacity":"","overlay-gradient":""}}},"product_brand":[],"product_cat":[174,85,158],"product_tag":[],"class_list":{"0":"post-20233","1":"product","2":"type-product","3":"status-publish","4":"has-post-thumbnail","6":"product_cat-bandanki","7":"product_cat-dlapsa","8":"product_cat-dostepne-od-reki","9":"desktop-align-left","10":"tablet-align-left","11":"mobile-align-left","13":"first","14":"onbackorder","15":"taxable","16":"shipping-taxable","17":"purchasable","18":"product-type-simple"},"jetpack_sharing_enabled":true,"_links":{"self":[{"href":"https:\/\/mooncraft.com.pl\/index.php?rest_route=\/wp\/v2\/product\/20233","targetHints":{"allow":["GET"]}}],"collection":[{"href":"https:\/\/mooncraft.com.pl\/index.php?rest_route=\/wp\/v2\/product"}],"about":[{"href":"https:\/\/mooncraft.com.pl\/index.php?rest_route=\/wp\/v2\/types\/product"}],"wp:featuredmedia":[{"embeddable":true,"href":"https:\/\/mooncraft.com.pl\/index.php?rest_route=\/wp\/v2\/media\/20228"}],"wp:attachment":[{"href":"https:\/\/mooncraft.com.pl\/index.php?rest_route=%2Fwp%2Fv2%2Fmedia&parent=20233"}],"wp:term":[{"taxonomy":"product_brand","embeddable":true,"href":"https:\/\/mooncraft.com.pl\/index.php?rest_route=%2Fwp%2Fv2%2Fproduct_brand&post=20233"},{"taxonomy":"product_cat","embeddable":true,"href":"https:\/\/mooncraft.com.pl\/index.php?rest_route=%2Fwp%2Fv2%2Fproduct_cat&post=20233"},{"taxonomy":"product_tag","embeddable":true,"href":"https:\/\/mooncraft.com.pl\/index.php?rest_route=%2Fwp%2Fv2%2Fproduct_tag&post=20233"}],"curies":[{"name":"wp","href":"https:\/\/api.w.org\/{rel}","templated":true}]}}