{"id":20118,"date":"2025-05-30T07:37:29","date_gmt":"2025-05-30T07:37:29","guid":{"rendered":"https:\/\/mooncraft.com.pl\/?post_type=product&#038;p=20118"},"modified":"2025-06-01T15:37:39","modified_gmt":"2025-06-01T15:37:39","slug":"meatstuff-paski-miesne-kon-doypack-100-g","status":"publish","type":"product","link":"https:\/\/mooncraft.com.pl\/?product=meatstuff-paski-miesne-kon-doypack-100-g","title":{"rendered":"MEATSTUFF &#8211; Paski mi\u0119sne &#8211; Ko\u0144 (doypack 100 g)"},"content":{"rendered":"<section>\n<section>\n<section>\n<section>\n<section>\n<section id=\"opis-produktu\" class=\"section_product section_product--part_of_bar section_product--first_item_of_bar section_product--v1 section section_product--v1__desc section--padding-top-medium\">\n<div class=\"section_body\">\n<div class=\"productDesc productDesc--full container\">\n<div class=\"productDesc__left grow productDesc__left--no_params\">\n<p>Dost\u0119pne w wielu wersjach smakowych.<\/p>\n<p>Sk\u0142ad: konina \u2013 59% mi\u0119so, 40% produkty mi\u0119sopochodne (podroby, chrz\u0105stki, ko\u015bci) , 1% olej z \u0142ososia<\/p>\n<p>Sk\u0142adniki analityczne:<br \/>\nBia\u0142ko surowe 52,1%<br \/>\nT\u0142uszcz surowy 19,7%<br \/>\nWilgotno\u015b\u0107 10,3%<\/p>\n<\/div>\n<\/div>\n<\/div>\n<\/section>\n<\/section>\n<\/section>\n<\/section>\n<\/section>\n<\/section>\n","protected":false},"excerpt":{"rendered":"<ul>\n<li>Nasze paski mi\u0119sne to naturalne, monoproteinowe przysmaki w wygodnej do podania psu formie, daj\u0105cej si\u0119 \u0142atwo podzieli\u0107 na mniejsze cz\u0119\u015bci. \u015awietnie sprawdz\u0105 si\u0119 jako nagroda. Nie zawieraj\u0105 \u017cadnych konserwant\u00f3w, barwnik\u00f3w, ulepszaczy smakowych oraz glutenu.\u00a0Dodatkowo zosta\u0142y wzbogacone olejem z \u0142ososia dla uzyskania jeszcze wi\u0119kszych walor\u00f3w zdrowotnych i smakowych.<\/li>\n<\/ul>\n","protected":false},"featured_media":20119,"template":"","meta":{"site-sidebar-layout":"default","site-content-layout":"","ast-site-content-layout":"default","site-content-style":"default","site-sidebar-style":"default","ast-global-header-display":"","ast-banner-title-visibility":"","ast-main-header-display":"","ast-hfb-above-header-display":"","ast-hfb-below-header-display":"","ast-hfb-mobile-header-display":"","site-post-title":"","ast-breadcrumbs-content":"","ast-featured-img":"","footer-sml-layout":"","ast-disable-related-posts":"","theme-transparent-header-meta":"default","adv-header-id-meta":"","stick-header-meta":"","header-above-stick-meta":"","header-main-stick-meta":"","header-below-stick-meta":"","astra-migrate-meta-layouts":"set","ast-page-background-enabled":"default","ast-page-background-meta":{"desktop":{"background-color":"","background-image":"","background-repeat":"repeat","background-position":"center center","background-size":"auto","background-attachment":"scroll","background-type":"","background-media":"","overlay-type":"","overlay-color":"","overlay-opacity":"","overlay-gradient":""},"tablet":{"background-color":"","background-image":"","background-repeat":"repeat","background-position":"center center","background-size":"auto","background-attachment":"scroll","background-type":"","background-media":"","overlay-type":"","overlay-color":"","overlay-opacity":"","overlay-gradient":""},"mobile":{"background-color":"","background-image":"","background-repeat":"repeat","background-position":"center center","background-size":"auto","background-attachment":"scroll","background-type":"","background-media":"","overlay-type":"","overlay-color":"","overlay-opacity":"","overlay-gradient":""}},"ast-content-background-meta":{"desktop":{"background-color":"var(--ast-global-color-5)","background-image":"","background-repeat":"repeat","background-position":"center center","background-size":"auto","background-attachment":"scroll","background-type":"","background-media":"","overlay-type":"","overlay-color":"","overlay-opacity":"","overlay-gradient":""},"tablet":{"background-color":"var(--ast-global-color-5)","background-image":"","background-repeat":"repeat","background-position":"center center","background-size":"auto","background-attachment":"scroll","background-type":"","background-media":"","overlay-type":"","overlay-color":"","overlay-opacity":"","overlay-gradient":""},"mobile":{"background-color":"var(--ast-global-color-5)","background-image":"","background-repeat":"repeat","background-position":"center center","background-size":"auto","background-attachment":"scroll","background-type":"","background-media":"","overlay-type":"","overlay-color":"","overlay-opacity":"","overlay-gradient":""}}},"product_brand":[],"product_cat":[85,159,169],"product_tag":[],"class_list":{"0":"post-20118","1":"product","2":"type-product","3":"status-publish","4":"has-post-thumbnail","6":"product_cat-dlapsa","7":"product_cat-smakolyki","8":"product_cat-gryzaki","9":"desktop-align-left","10":"tablet-align-left","11":"mobile-align-left","13":"first","14":"instock","15":"taxable","16":"shipping-taxable","17":"purchasable","18":"product-type-simple"},"jetpack_sharing_enabled":true,"_links":{"self":[{"href":"https:\/\/mooncraft.com.pl\/index.php?rest_route=\/wp\/v2\/product\/20118","targetHints":{"allow":["GET"]}}],"collection":[{"href":"https:\/\/mooncraft.com.pl\/index.php?rest_route=\/wp\/v2\/product"}],"about":[{"href":"https:\/\/mooncraft.com.pl\/index.php?rest_route=\/wp\/v2\/types\/product"}],"wp:featuredmedia":[{"embeddable":true,"href":"https:\/\/mooncraft.com.pl\/index.php?rest_route=\/wp\/v2\/media\/20119"}],"wp:attachment":[{"href":"https:\/\/mooncraft.com.pl\/index.php?rest_route=%2Fwp%2Fv2%2Fmedia&parent=20118"}],"wp:term":[{"taxonomy":"product_brand","embeddable":true,"href":"https:\/\/mooncraft.com.pl\/index.php?rest_route=%2Fwp%2Fv2%2Fproduct_brand&post=20118"},{"taxonomy":"product_cat","embeddable":true,"href":"https:\/\/mooncraft.com.pl\/index.php?rest_route=%2Fwp%2Fv2%2Fproduct_cat&post=20118"},{"taxonomy":"product_tag","embeddable":true,"href":"https:\/\/mooncraft.com.pl\/index.php?rest_route=%2Fwp%2Fv2%2Fproduct_tag&post=20118"}],"curies":[{"name":"wp","href":"https:\/\/api.w.org\/{rel}","templated":true}]}}