{"id":20111,"date":"2025-05-30T07:29:14","date_gmt":"2025-05-30T07:29:14","guid":{"rendered":"https:\/\/mooncraft.com.pl\/?post_type=product&#038;p=20111"},"modified":"2026-01-05T14:12:19","modified_gmt":"2026-01-05T14:12:19","slug":"meatstuff-stripsy-kolagen-wolowe-doypack","status":"publish","type":"product","link":"https:\/\/mooncraft.com.pl\/?product=meatstuff-stripsy-kolagen-wolowe-doypack","title":{"rendered":"MEATSTUFF &#8211; Stripsy kolagenowe wo\u0142owe (doypack 250 g)"},"content":{"rendered":"<p>Jest to produkt w pe\u0142ni naturalny dlatego poszczeg\u00f3lne gryzaki mog\u0105 si\u0119 r\u00f3\u017cni\u0107 kolorem i\/lub rozmiarem.<\/p>\n<p>Gryzaki ze sk\u00f3ry nie \u0142ami\u0105 si\u0119, a nawet w przypadku po\u0142kni\u0119cia wi\u0119kszego kawa\u0142ka, pies poradzi sobie z jego strawieniem.<\/p>\n<p>Sk\u0142ad: 100% sk\u00f3ra wo\u0142owa z chrz\u0105stk\u0105<\/p>\n<p>Sk\u0142adniki analityczne:<br \/>\nBia\u0142ko surowe 90%<br \/>\nT\u0142uszcz surowy 5%<br \/>\nWilgotno\u015b\u0107 5%<\/p>\n","protected":false},"excerpt":{"rendered":"<p><strong>P\u0142uca ko\u0144skie\u00a0to aromatyczne i bardzo smakowite przek\u0105ski dla twojego psa. Dzi\u0119ki niskiej zawarto\u015bci t\u0142uszczu szczeg\u00f3lnie polecane s\u0105 dla ps\u00f3w z wra\u017cliwym uk\u0142adem pokarmowym, z alergiami lub nietolerancjami pokarmowymi. Ze wzgl\u0119du na krucho\u015b\u0107 i \u0142atwo\u015b\u0107 gryzienia, idealnie sprawdzi si\u0119 r\u00f3wnie\u017c dla starszych ps\u00f3w.<\/strong><\/p>\n","protected":false},"featured_media":20112,"template":"","meta":{"site-sidebar-layout":"default","site-content-layout":"","ast-site-content-layout":"default","site-content-style":"default","site-sidebar-style":"default","ast-global-header-display":"","ast-banner-title-visibility":"","ast-main-header-display":"","ast-hfb-above-header-display":"","ast-hfb-below-header-display":"","ast-hfb-mobile-header-display":"","site-post-title":"","ast-breadcrumbs-content":"","ast-featured-img":"","footer-sml-layout":"","ast-disable-related-posts":"","theme-transparent-header-meta":"default","adv-header-id-meta":"","stick-header-meta":"","header-above-stick-meta":"","header-main-stick-meta":"","header-below-stick-meta":"","astra-migrate-meta-layouts":"set","ast-page-background-enabled":"default","ast-page-background-meta":{"desktop":{"background-color":"","background-image":"","background-repeat":"repeat","background-position":"center center","background-size":"auto","background-attachment":"scroll","background-type":"","background-media":"","overlay-type":"","overlay-color":"","overlay-opacity":"","overlay-gradient":""},"tablet":{"background-color":"","background-image":"","background-repeat":"repeat","background-position":"center center","background-size":"auto","background-attachment":"scroll","background-type":"","background-media":"","overlay-type":"","overlay-color":"","overlay-opacity":"","overlay-gradient":""},"mobile":{"background-color":"","background-image":"","background-repeat":"repeat","background-position":"center center","background-size":"auto","background-attachment":"scroll","background-type":"","background-media":"","overlay-type":"","overlay-color":"","overlay-opacity":"","overlay-gradient":""}},"ast-content-background-meta":{"desktop":{"background-color":"var(--ast-global-color-5)","background-image":"","background-repeat":"repeat","background-position":"center center","background-size":"auto","background-attachment":"scroll","background-type":"","background-media":"","overlay-type":"","overlay-color":"","overlay-opacity":"","overlay-gradient":""},"tablet":{"background-color":"var(--ast-global-color-5)","background-image":"","background-repeat":"repeat","background-position":"center center","background-size":"auto","background-attachment":"scroll","background-type":"","background-media":"","overlay-type":"","overlay-color":"","overlay-opacity":"","overlay-gradient":""},"mobile":{"background-color":"var(--ast-global-color-5)","background-image":"","background-repeat":"repeat","background-position":"center center","background-size":"auto","background-attachment":"scroll","background-type":"","background-media":"","overlay-type":"","overlay-color":"","overlay-opacity":"","overlay-gradient":""}}},"product_brand":[],"product_cat":[85,159,169],"product_tag":[],"class_list":{"0":"post-20111","1":"product","2":"type-product","3":"status-publish","4":"has-post-thumbnail","6":"product_cat-dlapsa","7":"product_cat-smakolyki","8":"product_cat-gryzaki","9":"desktop-align-left","10":"tablet-align-left","11":"mobile-align-left","13":"first","14":"instock","15":"taxable","16":"shipping-taxable","17":"purchasable","18":"product-type-simple"},"jetpack_sharing_enabled":true,"_links":{"self":[{"href":"https:\/\/mooncraft.com.pl\/index.php?rest_route=\/wp\/v2\/product\/20111","targetHints":{"allow":["GET"]}}],"collection":[{"href":"https:\/\/mooncraft.com.pl\/index.php?rest_route=\/wp\/v2\/product"}],"about":[{"href":"https:\/\/mooncraft.com.pl\/index.php?rest_route=\/wp\/v2\/types\/product"}],"wp:featuredmedia":[{"embeddable":true,"href":"https:\/\/mooncraft.com.pl\/index.php?rest_route=\/wp\/v2\/media\/20112"}],"wp:attachment":[{"href":"https:\/\/mooncraft.com.pl\/index.php?rest_route=%2Fwp%2Fv2%2Fmedia&parent=20111"}],"wp:term":[{"taxonomy":"product_brand","embeddable":true,"href":"https:\/\/mooncraft.com.pl\/index.php?rest_route=%2Fwp%2Fv2%2Fproduct_brand&post=20111"},{"taxonomy":"product_cat","embeddable":true,"href":"https:\/\/mooncraft.com.pl\/index.php?rest_route=%2Fwp%2Fv2%2Fproduct_cat&post=20111"},{"taxonomy":"product_tag","embeddable":true,"href":"https:\/\/mooncraft.com.pl\/index.php?rest_route=%2Fwp%2Fv2%2Fproduct_tag&post=20111"}],"curies":[{"name":"wp","href":"https:\/\/api.w.org\/{rel}","templated":true}]}}