{"id":20109,"date":"2025-05-30T07:26:12","date_gmt":"2025-05-30T07:26:12","guid":{"rendered":"https:\/\/mooncraft.com.pl\/?post_type=product&#038;p=20109"},"modified":"2026-04-13T09:50:11","modified_gmt":"2026-04-13T09:50:11","slug":"meatstuff-sciegna-wolowe-mix-doypack-150g","status":"publish","type":"product","link":"https:\/\/mooncraft.com.pl\/?product=meatstuff-sciegna-wolowe-mix-doypack-150g","title":{"rendered":"MEATSTUFF &#8211; \u015aci\u0119gna wo\u0142owe MIX (doypack 150g)"},"content":{"rendered":"<section>\n<section>\n<section>Gryzaki ze \u015bci\u0119gien wo\u0142owych zaspokajaj\u0105 naturaln\u0105 potrzeb\u0119 \u017cucia i gryzienia.Sk\u0142ad: 100% \u015bci\u0119gna wo\u0142owe<\/p>\n<p>Sk\u0142adniki analityczne:<br \/>\nBia\u0142ko surowe 80,0%<br \/>\nT\u0142uszcz surowy 18,5%<br \/>\nWilgotno\u015b\u0107 1,4%<\/p>\n<\/section>\n<\/section>\n<\/section>\n","protected":false},"excerpt":{"rendered":"<ul>\n<li>\u015aci\u0119gna wo\u0142owe to wyj\u0105tkowo twarde gryzaki, kt\u00f3re zajm\u0105 psa na d\u0142u\u017csz\u0105 chwil\u0119. Ich struktura idealnie nadaje si\u0119 do czyszczenia z\u0119b\u00f3w a zawarty w nich kolagen pozytywnie wp\u0142ynie na stawy, sier\u015b\u0107 oraz pazury. Zawieraj\u0105 du\u017c\u0105 ilo\u015b\u0107 bia\u0142ka, dlatego dobrze sprawdz\u0105 si\u0119 jako uzupe\u0142nienie diety Twojego psa.<\/li>\n<\/ul>\n","protected":false},"featured_media":20110,"template":"","meta":{"site-sidebar-layout":"default","site-content-layout":"","ast-site-content-layout":"default","site-content-style":"default","site-sidebar-style":"default","ast-global-header-display":"","ast-banner-title-visibility":"","ast-main-header-display":"","ast-hfb-above-header-display":"","ast-hfb-below-header-display":"","ast-hfb-mobile-header-display":"","site-post-title":"","ast-breadcrumbs-content":"","ast-featured-img":"","footer-sml-layout":"","ast-disable-related-posts":"","theme-transparent-header-meta":"default","adv-header-id-meta":"","stick-header-meta":"","header-above-stick-meta":"","header-main-stick-meta":"","header-below-stick-meta":"","astra-migrate-meta-layouts":"set","ast-page-background-enabled":"default","ast-page-background-meta":{"desktop":{"background-color":"","background-image":"","background-repeat":"repeat","background-position":"center center","background-size":"auto","background-attachment":"scroll","background-type":"","background-media":"","overlay-type":"","overlay-color":"","overlay-opacity":"","overlay-gradient":""},"tablet":{"background-color":"","background-image":"","background-repeat":"repeat","background-position":"center center","background-size":"auto","background-attachment":"scroll","background-type":"","background-media":"","overlay-type":"","overlay-color":"","overlay-opacity":"","overlay-gradient":""},"mobile":{"background-color":"","background-image":"","background-repeat":"repeat","background-position":"center center","background-size":"auto","background-attachment":"scroll","background-type":"","background-media":"","overlay-type":"","overlay-color":"","overlay-opacity":"","overlay-gradient":""}},"ast-content-background-meta":{"desktop":{"background-color":"var(--ast-global-color-5)","background-image":"","background-repeat":"repeat","background-position":"center center","background-size":"auto","background-attachment":"scroll","background-type":"","background-media":"","overlay-type":"","overlay-color":"","overlay-opacity":"","overlay-gradient":""},"tablet":{"background-color":"var(--ast-global-color-5)","background-image":"","background-repeat":"repeat","background-position":"center center","background-size":"auto","background-attachment":"scroll","background-type":"","background-media":"","overlay-type":"","overlay-color":"","overlay-opacity":"","overlay-gradient":""},"mobile":{"background-color":"var(--ast-global-color-5)","background-image":"","background-repeat":"repeat","background-position":"center center","background-size":"auto","background-attachment":"scroll","background-type":"","background-media":"","overlay-type":"","overlay-color":"","overlay-opacity":"","overlay-gradient":""}}},"product_brand":[],"product_cat":[85,159,169],"product_tag":[],"class_list":{"0":"post-20109","1":"product","2":"type-product","3":"status-publish","4":"has-post-thumbnail","6":"product_cat-dlapsa","7":"product_cat-smakolyki","8":"product_cat-gryzaki","9":"desktop-align-left","10":"tablet-align-left","11":"mobile-align-left","13":"first","14":"instock","15":"taxable","16":"shipping-taxable","17":"purchasable","18":"product-type-simple"},"jetpack_sharing_enabled":true,"_links":{"self":[{"href":"https:\/\/mooncraft.com.pl\/index.php?rest_route=\/wp\/v2\/product\/20109","targetHints":{"allow":["GET"]}}],"collection":[{"href":"https:\/\/mooncraft.com.pl\/index.php?rest_route=\/wp\/v2\/product"}],"about":[{"href":"https:\/\/mooncraft.com.pl\/index.php?rest_route=\/wp\/v2\/types\/product"}],"wp:featuredmedia":[{"embeddable":true,"href":"https:\/\/mooncraft.com.pl\/index.php?rest_route=\/wp\/v2\/media\/20110"}],"wp:attachment":[{"href":"https:\/\/mooncraft.com.pl\/index.php?rest_route=%2Fwp%2Fv2%2Fmedia&parent=20109"}],"wp:term":[{"taxonomy":"product_brand","embeddable":true,"href":"https:\/\/mooncraft.com.pl\/index.php?rest_route=%2Fwp%2Fv2%2Fproduct_brand&post=20109"},{"taxonomy":"product_cat","embeddable":true,"href":"https:\/\/mooncraft.com.pl\/index.php?rest_route=%2Fwp%2Fv2%2Fproduct_cat&post=20109"},{"taxonomy":"product_tag","embeddable":true,"href":"https:\/\/mooncraft.com.pl\/index.php?rest_route=%2Fwp%2Fv2%2Fproduct_tag&post=20109"}],"curies":[{"name":"wp","href":"https:\/\/api.w.org\/{rel}","templated":true}]}}