{"id":20015,"date":"2025-05-15T10:59:44","date_gmt":"2025-05-15T10:59:44","guid":{"rendered":"https:\/\/mooncraft.com.pl\/?post_type=product&#038;p=20015"},"modified":"2026-02-01T10:14:01","modified_gmt":"2026-02-01T10:14:01","slug":"perro-mix-match-truskawka-przysmaki-liofilizowane-10g","status":"publish","type":"product","link":"https:\/\/mooncraft.com.pl\/?product=perro-mix-match-truskawka-przysmaki-liofilizowane-10g","title":{"rendered":"Perro &#8211; MIX &amp; MATCH   Truskawka Przysmaki liofilizowane 10g"},"content":{"rendered":"<h5 class=\"p1\">TRUSKAWKI\u00a0to bogate w antyoksydanty owoce. Zwieraj\u0105 flawonoidy i witamin\u0119 C, kt\u00f3re pomagaj\u0105 neutralizowa\u0107 wolne rodniki, chroni\u0105c kom\u00f3rki przed stresem oksydacyjnym. Dzi\u0119ki temu mog\u0105 wspiera\u0107 uk\u0142ad odporno\u015bciowy psa i zmniejsza\u0107 ryzyko stan\u00f3w zapalnych. Zawarty w truskawkach b\u0142onnik wspiera prawid\u0142owe trawienie, pomaga regulowa\u0107 rytm wypr\u00f3\u017cnie\u0144 oraz mo\u017ce przyczyni\u0107 si\u0119 do zachowania zdrowej flory jelitowej. Dodatkowo truskawki maj\u0105 stosunkowo ma\u0142o kalorii, co czyni je atrakcyjn\u0105 przek\u0105sk\u0105 zw\u0142aszcza dla ps\u00f3w, kt\u00f3rych masa wymaga szczeg\u00f3lnej kontroli.<\/h5>\n<p>&nbsp;<\/p>\n<p>Czy wiesz, \u017ce\u00a0jednoczesne\u00a0podawanie wybranych warzyw i owoc\u00f3w mo\u017ce przynie\u015b\u0107\u00a0konkretne korzy\u015bci\u00a0dla dzia\u0142ania poszczeg\u00f3lnych funkcji organizmu czworonoga?<\/p>\n<p>Poznaj koncepcj\u0119\u00a0MIX &amp; MATCH\u00a0i wybieraj owoce i warzywa zgodnie z legenda kolorystyczn\u0105, np. aby wesprze\u0107 uk\u0142ad nerwowy swojego Pupila, wybierz banana, bor\u00f3wk\u0119 i dyni\u0119:<\/p>\n<p><img decoding=\"async\" src=\"https:\/\/perrokarma.pl\/wp-content\/uploads\/2025\/04\/cala-tabela.png\" alt=\"Cala Tabela\" width=\"800\" title=\"Perro - MIX &amp; MATCH   Truskawka Przysmaki liofilizowane 10g\"><\/p>\n<p>Sk\u0142ad:\u00a0Truskawka liofilizowana 100 %<\/p>\n<p><img decoding=\"async\" src=\"https:\/\/perrokarma.pl\/wp-content\/uploads\/2025\/04\/truskawka.png\" alt=\"Truskawka\" width=\"400\" title=\"Perro - MIX &amp; MATCH   Truskawka Przysmaki liofilizowane 10g\"><\/p>\n<p>Pami\u0119taj, \u017ce przysmaki i gryzaki\u00a0nie mog\u0105 stanowi\u0107 wi\u0119cej ni\u017c 10%\u00a0dziennej diety Twojego psa.<\/p>\n<p>Przechowywa\u0107\u00a0MIX &amp; MATCH\u00a0w ch\u0142odnym i suchym miejscu, w zamkni\u0119tym opakowaniu. Nasze opakowanie mo\u017cna\u00a0ponownie zamyka\u0107 i otwiera\u0107 \u2013 nie przegap tego!<\/p>\n","protected":false},"excerpt":{"rendered":"<h5 data-start=\"0\" data-end=\"73\">Lubisz liofilizowane\u00a0owoce i warzywa\u00a0w diecie swojego pupila?<\/h5>\n<h5 data-start=\"0\" data-end=\"73\"><strong>A mo\u017ce Tw\u00f3j czworono\u017cny przyjaciel potrzebuje dodatkowego, celowanego wsparcia w zwi\u0105zku z dolegliwo\u015bciami, kt\u00f3re odczuwa?<\/strong><\/h5>\n","protected":false},"featured_media":20018,"template":"","meta":{"site-sidebar-layout":"default","site-content-layout":"","ast-site-content-layout":"default","site-content-style":"default","site-sidebar-style":"default","ast-global-header-display":"","ast-banner-title-visibility":"","ast-main-header-display":"","ast-hfb-above-header-display":"","ast-hfb-below-header-display":"","ast-hfb-mobile-header-display":"","site-post-title":"","ast-breadcrumbs-content":"","ast-featured-img":"","footer-sml-layout":"","ast-disable-related-posts":"","theme-transparent-header-meta":"default","adv-header-id-meta":"","stick-header-meta":"","header-above-stick-meta":"","header-main-stick-meta":"","header-below-stick-meta":"","astra-migrate-meta-layouts":"set","ast-page-background-enabled":"default","ast-page-background-meta":{"desktop":{"background-color":"","background-image":"","background-repeat":"repeat","background-position":"center center","background-size":"auto","background-attachment":"scroll","background-type":"","background-media":"","overlay-type":"","overlay-color":"","overlay-opacity":"","overlay-gradient":""},"tablet":{"background-color":"","background-image":"","background-repeat":"repeat","background-position":"center center","background-size":"auto","background-attachment":"scroll","background-type":"","background-media":"","overlay-type":"","overlay-color":"","overlay-opacity":"","overlay-gradient":""},"mobile":{"background-color":"","background-image":"","background-repeat":"repeat","background-position":"center center","background-size":"auto","background-attachment":"scroll","background-type":"","background-media":"","overlay-type":"","overlay-color":"","overlay-opacity":"","overlay-gradient":""}},"ast-content-background-meta":{"desktop":{"background-color":"var(--ast-global-color-5)","background-image":"","background-repeat":"repeat","background-position":"center center","background-size":"auto","background-attachment":"scroll","background-type":"","background-media":"","overlay-type":"","overlay-color":"","overlay-opacity":"","overlay-gradient":""},"tablet":{"background-color":"var(--ast-global-color-5)","background-image":"","background-repeat":"repeat","background-position":"center center","background-size":"auto","background-attachment":"scroll","background-type":"","background-media":"","overlay-type":"","overlay-color":"","overlay-opacity":"","overlay-gradient":""},"mobile":{"background-color":"var(--ast-global-color-5)","background-image":"","background-repeat":"repeat","background-position":"center center","background-size":"auto","background-attachment":"scroll","background-type":"","background-media":"","overlay-type":"","overlay-color":"","overlay-opacity":"","overlay-gradient":""}}},"product_brand":[],"product_cat":[85,159,170],"product_tag":[],"class_list":{"0":"post-20015","1":"product","2":"type-product","3":"status-publish","4":"has-post-thumbnail","6":"product_cat-dlapsa","7":"product_cat-smakolyki","8":"product_cat-przysmaki","9":"desktop-align-left","10":"tablet-align-left","11":"mobile-align-left","13":"first","14":"instock","15":"taxable","16":"shipping-taxable","17":"purchasable","18":"product-type-simple"},"jetpack_sharing_enabled":true,"_links":{"self":[{"href":"https:\/\/mooncraft.com.pl\/index.php?rest_route=\/wp\/v2\/product\/20015","targetHints":{"allow":["GET"]}}],"collection":[{"href":"https:\/\/mooncraft.com.pl\/index.php?rest_route=\/wp\/v2\/product"}],"about":[{"href":"https:\/\/mooncraft.com.pl\/index.php?rest_route=\/wp\/v2\/types\/product"}],"wp:featuredmedia":[{"embeddable":true,"href":"https:\/\/mooncraft.com.pl\/index.php?rest_route=\/wp\/v2\/media\/20018"}],"wp:attachment":[{"href":"https:\/\/mooncraft.com.pl\/index.php?rest_route=%2Fwp%2Fv2%2Fmedia&parent=20015"}],"wp:term":[{"taxonomy":"product_brand","embeddable":true,"href":"https:\/\/mooncraft.com.pl\/index.php?rest_route=%2Fwp%2Fv2%2Fproduct_brand&post=20015"},{"taxonomy":"product_cat","embeddable":true,"href":"https:\/\/mooncraft.com.pl\/index.php?rest_route=%2Fwp%2Fv2%2Fproduct_cat&post=20015"},{"taxonomy":"product_tag","embeddable":true,"href":"https:\/\/mooncraft.com.pl\/index.php?rest_route=%2Fwp%2Fv2%2Fproduct_tag&post=20015"}],"curies":[{"name":"wp","href":"https:\/\/api.w.org\/{rel}","templated":true}]}}