{"id":20007,"date":"2025-05-15T10:50:03","date_gmt":"2025-05-15T10:50:03","guid":{"rendered":"https:\/\/mooncraft.com.pl\/?post_type=product&#038;p=20007"},"modified":"2026-02-01T10:13:12","modified_gmt":"2026-02-01T10:13:12","slug":"perro-mix-match-cukinia-przysmaki-liofilizowane-20g","status":"publish","type":"product","link":"https:\/\/mooncraft.com.pl\/?product=perro-mix-match-cukinia-przysmaki-liofilizowane-20g","title":{"rendered":"Perro &#8211; MIX &amp; MATCH Cukinia Przysmaki liofilizowane 20g"},"content":{"rendered":"<h5 class=\"p1\">CUKINIA\u00a0jest bogatym w b\u0142onnik warzywem, kt\u00f3re idealnie wspomaga trawienie i prac\u0119 jelit. Jest niskokaloryczna i lekkostrawna \u2013 idealna dla ps\u00f3w z nadwag\u0105 lub tych, z wra\u017cliwym uk\u0142adem pokarmowym. Cukinia to r\u00f3wnie\u017c doskona\u0142e \u017ar\u00f3d\u0142o witamin i minera\u0142\u00f3w \u2013 zawiera witamin\u0119 A,K oraz C, a dodatkowo kwas foliowy, potas i mangan. To r\u00f3wnie\u017c idealne wsparcie dla uk\u0142adu odporno\u015bciowego \u2013 dzi\u0119ki zawartym w cukinii przeciwutleniaczom. Cukinia znana jest r\u00f3wnie\u017c, ze swoich w\u0142a\u015bciwo\u015bci przeciwzapalnych \u2013 zawiera zwi\u0105zki, kt\u00f3re mog\u0105 \u0142agodzi\u0107 stany zapalne w organizmie.<\/h5>\n<p>&nbsp;<\/p>\n<p>Czy wiesz, \u017ce\u00a0jednoczesne\u00a0podawanie wybranych warzyw i owoc\u00f3w mo\u017ce przynie\u015b\u0107\u00a0konkretne korzy\u015bci\u00a0dla dzia\u0142ania poszczeg\u00f3lnych funkcji organizmu czworonoga?<\/p>\n<p>Poznaj koncepcj\u0119\u00a0MIX &amp; MATCH\u00a0i wybieraj owoce i warzywa zgodnie z legenda kolorystyczn\u0105, np. aby wesprze\u0107 uk\u0142ad nerwowy swojego Pupila, wybierz banana, bor\u00f3wk\u0119 i dyni\u0119:<\/p>\n<p><img decoding=\"async\" src=\"https:\/\/perrokarma.pl\/wp-content\/uploads\/2025\/04\/cala-tabela.png\" alt=\"Cala Tabela\" width=\"800\" title=\"Perro - MIX &amp; MATCH Cukinia Przysmaki liofilizowane 20g\"><\/p>\n<p>Sk\u0142ad:\u00a0Cukinia liofilizowana 100 %<\/p>\n<p><img decoding=\"async\" src=\"https:\/\/perrokarma.pl\/wp-content\/uploads\/2025\/04\/cukinia.png\" alt=\"Cukinia\" width=\"400\" title=\"Perro - MIX &amp; MATCH Cukinia Przysmaki liofilizowane 20g\"><\/p>\n<p>Pami\u0119taj, \u017ce przysmaki i gryzaki\u00a0nie mog\u0105 stanowi\u0107 wi\u0119cej ni\u017c 10%\u00a0dziennej diety Twojego psa.<\/p>\n<p>Przechowywa\u0107\u00a0MIX &amp; MATCH\u00a0w ch\u0142odnym i suchym miejscu, w zamkni\u0119tym opakowaniu. Nasze opakowanie mo\u017cna\u00a0ponownie zamyka\u0107 i otwiera\u0107 \u2013 nie przegap tego!<\/p>\n","protected":false},"excerpt":{"rendered":"<h5 data-start=\"0\" data-end=\"73\">Lubisz liofilizowane\u00a0owoce i warzywa\u00a0w diecie swojego pupila?<\/h5>\n<h5 data-start=\"0\" data-end=\"73\"><strong>A mo\u017ce Tw\u00f3j czworono\u017cny przyjaciel potrzebuje dodatkowego, celowanego wsparcia w zwi\u0105zku z dolegliwo\u015bciami, kt\u00f3re odczuwa?<\/strong><\/h5>\n","protected":false},"featured_media":20010,"template":"","meta":{"site-sidebar-layout":"default","site-content-layout":"","ast-site-content-layout":"default","site-content-style":"default","site-sidebar-style":"default","ast-global-header-display":"","ast-banner-title-visibility":"","ast-main-header-display":"","ast-hfb-above-header-display":"","ast-hfb-below-header-display":"","ast-hfb-mobile-header-display":"","site-post-title":"","ast-breadcrumbs-content":"","ast-featured-img":"","footer-sml-layout":"","ast-disable-related-posts":"","theme-transparent-header-meta":"default","adv-header-id-meta":"","stick-header-meta":"","header-above-stick-meta":"","header-main-stick-meta":"","header-below-stick-meta":"","astra-migrate-meta-layouts":"set","ast-page-background-enabled":"default","ast-page-background-meta":{"desktop":{"background-color":"","background-image":"","background-repeat":"repeat","background-position":"center center","background-size":"auto","background-attachment":"scroll","background-type":"","background-media":"","overlay-type":"","overlay-color":"","overlay-opacity":"","overlay-gradient":""},"tablet":{"background-color":"","background-image":"","background-repeat":"repeat","background-position":"center center","background-size":"auto","background-attachment":"scroll","background-type":"","background-media":"","overlay-type":"","overlay-color":"","overlay-opacity":"","overlay-gradient":""},"mobile":{"background-color":"","background-image":"","background-repeat":"repeat","background-position":"center center","background-size":"auto","background-attachment":"scroll","background-type":"","background-media":"","overlay-type":"","overlay-color":"","overlay-opacity":"","overlay-gradient":""}},"ast-content-background-meta":{"desktop":{"background-color":"var(--ast-global-color-5)","background-image":"","background-repeat":"repeat","background-position":"center center","background-size":"auto","background-attachment":"scroll","background-type":"","background-media":"","overlay-type":"","overlay-color":"","overlay-opacity":"","overlay-gradient":""},"tablet":{"background-color":"var(--ast-global-color-5)","background-image":"","background-repeat":"repeat","background-position":"center center","background-size":"auto","background-attachment":"scroll","background-type":"","background-media":"","overlay-type":"","overlay-color":"","overlay-opacity":"","overlay-gradient":""},"mobile":{"background-color":"var(--ast-global-color-5)","background-image":"","background-repeat":"repeat","background-position":"center center","background-size":"auto","background-attachment":"scroll","background-type":"","background-media":"","overlay-type":"","overlay-color":"","overlay-opacity":"","overlay-gradient":""}}},"product_brand":[],"product_cat":[85,159,170],"product_tag":[],"class_list":{"0":"post-20007","1":"product","2":"type-product","3":"status-publish","4":"has-post-thumbnail","6":"product_cat-dlapsa","7":"product_cat-smakolyki","8":"product_cat-przysmaki","9":"desktop-align-left","10":"tablet-align-left","11":"mobile-align-left","13":"first","14":"instock","15":"taxable","16":"shipping-taxable","17":"purchasable","18":"product-type-simple"},"jetpack_sharing_enabled":true,"_links":{"self":[{"href":"https:\/\/mooncraft.com.pl\/index.php?rest_route=\/wp\/v2\/product\/20007","targetHints":{"allow":["GET"]}}],"collection":[{"href":"https:\/\/mooncraft.com.pl\/index.php?rest_route=\/wp\/v2\/product"}],"about":[{"href":"https:\/\/mooncraft.com.pl\/index.php?rest_route=\/wp\/v2\/types\/product"}],"wp:featuredmedia":[{"embeddable":true,"href":"https:\/\/mooncraft.com.pl\/index.php?rest_route=\/wp\/v2\/media\/20010"}],"wp:attachment":[{"href":"https:\/\/mooncraft.com.pl\/index.php?rest_route=%2Fwp%2Fv2%2Fmedia&parent=20007"}],"wp:term":[{"taxonomy":"product_brand","embeddable":true,"href":"https:\/\/mooncraft.com.pl\/index.php?rest_route=%2Fwp%2Fv2%2Fproduct_brand&post=20007"},{"taxonomy":"product_cat","embeddable":true,"href":"https:\/\/mooncraft.com.pl\/index.php?rest_route=%2Fwp%2Fv2%2Fproduct_cat&post=20007"},{"taxonomy":"product_tag","embeddable":true,"href":"https:\/\/mooncraft.com.pl\/index.php?rest_route=%2Fwp%2Fv2%2Fproduct_tag&post=20007"}],"curies":[{"name":"wp","href":"https:\/\/api.w.org\/{rel}","templated":true}]}}