{"id":19776,"date":"2025-04-28T16:31:45","date_gmt":"2025-04-28T16:31:45","guid":{"rendered":"https:\/\/mooncraft.com.pl\/?post_type=product&#038;p=19776"},"modified":"2025-10-22T12:35:52","modified_gmt":"2025-10-22T12:35:52","slug":"syta-micha-liofilizowane-przysmaki-dla-psa-wieprzowina-z-jablkiem-freezy-40g","status":"publish","type":"product","link":"https:\/\/mooncraft.com.pl\/?product=syta-micha-liofilizowane-przysmaki-dla-psa-wieprzowina-z-jablkiem-freezy-40g","title":{"rendered":"Syta Micha &#8211; Liofilizowane przysmaki dla psa Wieprzowina z jab\u0142kiem FREEZY 40g"},"content":{"rendered":"<h3 class=\"p1\"><span class=\"s1\">?<\/span><b>\u00a0G\u0142\u00f3wne sk\u0142adniki i ich niezast\u0105pione w\u0142a\u015bciwo\u015bci:<\/b><\/h3>\n<h4 data-start=\"536\" data-end=\"589\"><strong data-start=\"541\" data-end=\"587\">? Mi\u0119so wieprzowe \u2013 si\u0142a bia\u0142ka i energii<\/strong><\/h4>\n<p data-start=\"590\" data-end=\"886\">\u2714\u00a0<strong data-start=\"592\" data-end=\"625\">Bogate w aminokwasy egzogenne<\/strong>, wspieraj\u0105ce budow\u0119 i regeneracj\u0119 mi\u0119\u015bni.<br data-start=\"667\" data-end=\"670\" \/>\u2714\u00a0<strong data-start=\"672\" data-end=\"723\">\u0179r\u00f3d\u0142o witamin z grupy B (B1, B6, B12, niacyna)<\/strong>\u00a0\u2013 kluczowych dla produkcji energii i funkcjonowania uk\u0142adu nerwowego.<br data-start=\"793\" data-end=\"796\" \/>\u2714\u00a0<strong data-start=\"798\" data-end=\"814\">Cynk i selen<\/strong>\u00a0\u2013 wzmacniaj\u0105 odporno\u015b\u0107 i chroni\u0105 organizm przed stresem oksydacyjnym.<\/p>\n<h4 data-start=\"888\" data-end=\"958\"><strong data-start=\"893\" data-end=\"956\">? Jab\u0142ka \u2013 naturalny przeciwutleniacz i wsparcie dla jelit<\/strong><\/h4>\n<p data-start=\"959\" data-end=\"1220\">\u2714\u00a0<strong data-start=\"961\" data-end=\"995\">\u0179r\u00f3d\u0142o polifenoli i witaminy C<\/strong>, wspomagaj\u0105cych uk\u0142ad odporno\u015bciowy.<br data-start=\"1032\" data-end=\"1035\" \/>\u2714\u00a0<strong data-start=\"1037\" data-end=\"1068\">Naturalny b\u0142onnik i pektyny<\/strong>\u00a0\u2013 poprawiaj\u0105 perystaltyk\u0119 jelit i wspieraj\u0105 zdrowe trawienie.<br data-start=\"1130\" data-end=\"1133\" \/>\u2714\u00a0<strong data-start=\"1135\" data-end=\"1168\">Reguluj\u0105 poziom cukru we krwi<\/strong>, co jest istotne dla ps\u00f3w z tendencj\u0105 do nadwagi.<\/p>\n<h4 data-start=\"1222\" data-end=\"1288\"><strong data-start=\"1227\" data-end=\"1286\">? Koper w\u0142oski \u2013 wspomaganie trawienia i zdrowe jelita<\/strong><\/h4>\n<p data-start=\"1289\" data-end=\"1516\">\u2714\u00a0<strong data-start=\"1291\" data-end=\"1332\">Dzia\u0142a rozkurczowo i redukuje wzd\u0119cia<\/strong>, wspomagaj\u0105c uk\u0142ad pokarmowy.<br data-start=\"1362\" data-end=\"1365\" \/>\u2714\u00a0<strong data-start=\"1367\" data-end=\"1390\">Anetol i flawonoidy<\/strong>\u00a0\u2013 wykazuj\u0105 dzia\u0142anie przeciwbakteryjne i przeciwzapalne.<br data-start=\"1447\" data-end=\"1450\" \/>\u2714\u00a0<strong data-start=\"1452\" data-end=\"1487\">Poprawia przyswajanie t\u0142uszcz\u00f3w<\/strong>, wspieraj\u0105c zdrowie jelit.<\/p>\n<h4 data-start=\"1518\" data-end=\"1571\"><strong data-start=\"1523\" data-end=\"1569\">? Inulina z cykorii \u2013 naturalny prebiotyk<\/strong><\/h4>\n<p data-start=\"1572\" data-end=\"1836\">\u2714\u00a0<strong data-start=\"1574\" data-end=\"1617\">Sprzyja rozwojowi po\u017cytecznych bakterii<\/strong>, takich jak Lactobacillus i Bifidobacterium.<br data-start=\"1662\" data-end=\"1665\" \/>\u2714\u00a0<strong data-start=\"1667\" data-end=\"1733\">Wspiera trawienie i poprawia wch\u0142anianie sk\u0142adnik\u00f3w od\u017cywczych<\/strong>.<br data-start=\"1734\" data-end=\"1737\" \/>\u2714\u00a0<strong data-start=\"1739\" data-end=\"1772\">Reguluje poziom cukru we krwi<\/strong>, co jest wa\u017cne w diecie ps\u00f3w podatnych na nadwag\u0119 i cukrzyc\u0119.<\/p>\n<h3 data-start=\"1843\" data-end=\"1909\"><strong data-start=\"1847\" data-end=\"1907\">?\ufe0f Dodatkowe sk\u0142adniki funkcjonalne w smaczkach FREEZY:<\/strong><\/h3>\n<p data-start=\"1911\" data-end=\"2137\">\u2714\u00a0<strong data-start=\"1913\" data-end=\"1940\">? Ekstrakt z rozmarynu<\/strong>\u00a0\u2013 naturalny antyoksydant, chroni\u0105cy kom\u00f3rki i wspieraj\u0105cy serce oraz uk\u0142ad trawienny.<br data-start=\"2026\" data-end=\"2029\" \/>\u2714\u00a0<strong data-start=\"2031\" data-end=\"2063\">?\ufe0f Organiczne antyoksydanty<\/strong>\u00a0\u2013 wyd\u0142u\u017caj\u0105 \u015bwie\u017co\u015b\u0107 smaczk\u00f3w i zapewniaj\u0105 ich wysok\u0105 warto\u015b\u0107 od\u017cywcz\u0105.<\/p>\n<h3 class=\"p1\">\u2728<b>\u00a0Liofilizacja \u2013 sekret naturalnego smaku i warto\u015bci od\u017cywczych!<\/b><\/h3>\n<p class=\"p2\">Proces liofilizacji to\u00a0<b>najbardziej zaawansowana metoda utrwalania \u017cywno\u015bci<\/b>, pozwalaj\u0105ca zachowa\u0107 pe\u0142ni\u0119 sk\u0142adnik\u00f3w od\u017cywczych, naturalny smak i aromat \u2013 bez potrzeby stosowania sztucznych konserwant\u00f3w. Dzi\u0119ki temu\u00a0<b>ka\u017cdy smaczek FREEZY<\/b>\u00a0to 100% warto\u015bci, kt\u00f3rych Tw\u00f3j pies potrzebuje do zdrowego i szcz\u0119\u015bliwego \u017cycia.<\/p>\n<h3 data-end=\"2538\" data-start=\"2491\"><strong data-end=\"2536\" data-start=\"2495\">? Zalety smaczk\u00f3w Syta Micha FREEZY:<\/strong><\/h3>\n<p data-end=\"3043\" data-start=\"2540\">\u2705\u00a0<strong data-end=\"2566\" data-start=\"2542\">Monobia\u0142kowa formu\u0142a<\/strong>\u00a0\u2013 idealna dla ps\u00f3w z alergiami pokarmowymi.<br data-end=\"2613\" data-start=\"2610\" \/>\u2705\u00a0<strong data-end=\"2636\" data-start=\"2615\">Dodatek SUPERFOOD<\/strong>\u00a0\u2013 wspiera odporno\u015b\u0107 i og\u00f3lne samopoczucie pupila.<br data-end=\"2689\" data-start=\"2686\" \/>\u2705\u00a0<strong data-end=\"2713\" data-start=\"2691\">Idealne na trening<\/strong>\u00a0\u2013 ma\u0142e, por\u0119czne kawa\u0142ki, kt\u00f3re nie brudz\u0105 r\u0105k.<br \/>\n<span class=\"s1\">\u2705<\/span>\u00a0<b>Bez sztucznych dodatk\u00f3w<\/b>\u00a0\u2013 zero pszenicy, glutenu, GMO, kukurydzy, soi, nabia\u0142u, zb\u00f3\u017c czy ziemniak\u00f3w.<br \/>\n<span class=\"s1\">\u2705<\/span>\u00a0<b>BEZ<\/b>\u00a0konserwant\u00f3w, aromat\u00f3w i barwnik\u00f3w, ale z maksymaln\u0105 retencj\u0105 sk\u0142adnik\u00f3w od\u017cywczych.<br \/>\n\u2705\u00a0<strong data-end=\"2995\" data-start=\"2977\">Nie brudz\u0105 r\u0105k<\/strong>\u00a0\u2013 wygodne w u\u017cyciu i praktyczne dla Opiekuna.<\/p>\n<p data-end=\"3127\" data-start=\"3045\">?\u00a0<strong data-end=\"3125\" data-start=\"3048\">W 40 g produktu liofilizowanego znajduje si\u0119 a\u017c +\/- 115 g \u015bwie\u017cego mi\u0119sa!<br \/>\n<\/strong>?\u00a0<strong data-end=\"3149\" data-start=\"3132\">Kaloryczno\u015b\u0107:<\/strong>\u00a0517 kcal\/100 g<br \/>\n<strong data-is-last-node=\"\" data-end=\"3254\" data-start=\"3172\">? Podaruj swojemu psu zdrow\u0105 i smakowit\u0105 nagrod\u0119 \u2013 wybierz Syta Micha FREEZY!<\/strong><\/p>\n<p data-end=\"3127\" data-start=\"3045\">\n<div class=\"dog-food-content-container\"><strong>Sk\u0142ad:<\/strong>\u00a0Wieprzowina 94%, jab\u0142ko 4%, koper w\u0142oski 1%, inulina z cykorii (\u017ar\u00f3d\u0142o FOS).<\/div>\n<div class=\"dog-food-content-container\"><strong>Sk\u0142ad analityczny:<\/strong><\/p>\n<div class=\"table-responsive\">\n<table class=\"dog-food-table table\">\n<tbody>\n<tr>\n<th class=\"dog-food-th\">Sk\u0142adnik<\/th>\n<th class=\"dog-food-th\">Warto\u015b\u0107<\/th>\n<\/tr>\n<tr>\n<td class=\"dog-food-td\">Bia\u0142ko surowe<\/td>\n<td class=\"dog-food-td\">52,0%<\/td>\n<\/tr>\n<tr>\n<td class=\"dog-food-td\">T\u0142uszcz surowy<\/td>\n<td class=\"dog-food-td\">33,0%<\/td>\n<\/tr>\n<tr>\n<td class=\"dog-food-td\">W\u0142\u00f3kno surowe<\/td>\n<td class=\"dog-food-td\">2,0%<\/td>\n<\/tr>\n<tr>\n<td class=\"dog-food-td\">Popi\u00f3\u0142 surowy<\/td>\n<td class=\"dog-food-td\">5,0%<\/td>\n<\/tr>\n<tr>\n<td class=\"dog-food-td\">Wilgotno\u015b\u0107<\/td>\n<td class=\"dog-food-td\">&lt;5,0%<\/td>\n<\/tr>\n<\/tbody>\n<\/table>\n<\/div>\n<\/div>\n<div class=\"dog-food-content-container\"><strong>Dodatki\/kg:<\/strong><\/p>\n<ul>\n<li>Dodatki sensoryczne: ekstrakt z rozmarynu (80 mg)<\/li>\n<li>Dodatki technologiczne: naturalne przeciwutleniacze<\/li>\n<\/ul>\n<\/div>\n<div class=\"dog-food-content-container\">\n<p>? W 40 g produktu liofilizowanego znajduje si\u0119 a\u017c +\/- 115 g \u015bwie\u017cego mi\u0119sa!<\/p>\n<\/div>\n<div class=\"dog-food-content-container\"><strong>Kaloryczno\u015b\u0107:<\/strong>\u00a0517 kcal\/100 g<\/div>\n","protected":false},"excerpt":{"rendered":"<h2 data-end=\"73\" data-start=\"0\">? Syta Micha FREEZY \u2013 Liofilizowane smaczki dla psa z jesiotrem, bor\u00f3wk\u0105 i sza\u0142wi\u0105 ?<\/h2>\n<h3 class=\"p1\"><b>Zdrowie i smak w jednym k\u0119sie!<\/b><\/h3>\n<p class=\"p2\">Poznaj\u00a0<b>Syta Micha FREEZY<\/b>\u00a0\u2013 wyj\u0105tkowe, liofilizowane smaczki, kt\u00f3re powsta\u0142y z najwy\u017cszej jako\u015bci\u00a0<strong data-start=\"217\" data-end=\"242\">\u015bwie\u017cego\u00a0mi\u0119sa jesiotra<\/strong>,\u00a0<strong>skarbnicy antyoksydan\u00f3w, czyli bor\u00f3wki i od\u015bwie\u017caj\u0105cej sza\u0142wii.<\/strong>\u00a0To co\u015b wi\u0119cej ni\u017c zwyk\u0142a przek\u0105ska \u2013 to\u00a0<b>doskona\u0142a nagroda, kt\u00f3ra wspiera zdrowie i dobre samopoczucie psa<\/b>, dostarczaj\u0105c mu naturalnych, warto\u015bciowych sk\u0142adnik\u00f3w od\u017cywczych.<\/p>\n","protected":false},"featured_media":19737,"template":"","meta":{"site-sidebar-layout":"default","site-content-layout":"","ast-site-content-layout":"default","site-content-style":"default","site-sidebar-style":"default","ast-global-header-display":"","ast-banner-title-visibility":"","ast-main-header-display":"","ast-hfb-above-header-display":"","ast-hfb-below-header-display":"","ast-hfb-mobile-header-display":"","site-post-title":"","ast-breadcrumbs-content":"","ast-featured-img":"","footer-sml-layout":"","ast-disable-related-posts":"","theme-transparent-header-meta":"default","adv-header-id-meta":"","stick-header-meta":"","header-above-stick-meta":"","header-main-stick-meta":"","header-below-stick-meta":"","astra-migrate-meta-layouts":"set","ast-page-background-enabled":"default","ast-page-background-meta":{"desktop":{"background-color":"","background-image":"","background-repeat":"repeat","background-position":"center center","background-size":"auto","background-attachment":"scroll","background-type":"","background-media":"","overlay-type":"","overlay-color":"","overlay-opacity":"","overlay-gradient":""},"tablet":{"background-color":"","background-image":"","background-repeat":"repeat","background-position":"center center","background-size":"auto","background-attachment":"scroll","background-type":"","background-media":"","overlay-type":"","overlay-color":"","overlay-opacity":"","overlay-gradient":""},"mobile":{"background-color":"","background-image":"","background-repeat":"repeat","background-position":"center center","background-size":"auto","background-attachment":"scroll","background-type":"","background-media":"","overlay-type":"","overlay-color":"","overlay-opacity":"","overlay-gradient":""}},"ast-content-background-meta":{"desktop":{"background-color":"var(--ast-global-color-5)","background-image":"","background-repeat":"repeat","background-position":"center center","background-size":"auto","background-attachment":"scroll","background-type":"","background-media":"","overlay-type":"","overlay-color":"","overlay-opacity":"","overlay-gradient":""},"tablet":{"background-color":"var(--ast-global-color-5)","background-image":"","background-repeat":"repeat","background-position":"center center","background-size":"auto","background-attachment":"scroll","background-type":"","background-media":"","overlay-type":"","overlay-color":"","overlay-opacity":"","overlay-gradient":""},"mobile":{"background-color":"var(--ast-global-color-5)","background-image":"","background-repeat":"repeat","background-position":"center center","background-size":"auto","background-attachment":"scroll","background-type":"","background-media":"","overlay-type":"","overlay-color":"","overlay-opacity":"","overlay-gradient":""}}},"product_brand":[],"product_cat":[85,159,170],"product_tag":[],"class_list":{"0":"post-19776","1":"product","2":"type-product","3":"status-publish","4":"has-post-thumbnail","6":"product_cat-dlapsa","7":"product_cat-smakolyki","8":"product_cat-przysmaki","9":"desktop-align-left","10":"tablet-align-left","11":"mobile-align-left","13":"first","14":"instock","15":"taxable","16":"shipping-taxable","17":"purchasable","18":"product-type-simple"},"jetpack_sharing_enabled":true,"_links":{"self":[{"href":"https:\/\/mooncraft.com.pl\/index.php?rest_route=\/wp\/v2\/product\/19776","targetHints":{"allow":["GET"]}}],"collection":[{"href":"https:\/\/mooncraft.com.pl\/index.php?rest_route=\/wp\/v2\/product"}],"about":[{"href":"https:\/\/mooncraft.com.pl\/index.php?rest_route=\/wp\/v2\/types\/product"}],"wp:featuredmedia":[{"embeddable":true,"href":"https:\/\/mooncraft.com.pl\/index.php?rest_route=\/wp\/v2\/media\/19737"}],"wp:attachment":[{"href":"https:\/\/mooncraft.com.pl\/index.php?rest_route=%2Fwp%2Fv2%2Fmedia&parent=19776"}],"wp:term":[{"taxonomy":"product_brand","embeddable":true,"href":"https:\/\/mooncraft.com.pl\/index.php?rest_route=%2Fwp%2Fv2%2Fproduct_brand&post=19776"},{"taxonomy":"product_cat","embeddable":true,"href":"https:\/\/mooncraft.com.pl\/index.php?rest_route=%2Fwp%2Fv2%2Fproduct_cat&post=19776"},{"taxonomy":"product_tag","embeddable":true,"href":"https:\/\/mooncraft.com.pl\/index.php?rest_route=%2Fwp%2Fv2%2Fproduct_tag&post=19776"}],"curies":[{"name":"wp","href":"https:\/\/api.w.org\/{rel}","templated":true}]}}