{"id":19769,"date":"2025-04-28T16:21:10","date_gmt":"2025-04-28T16:21:10","guid":{"rendered":"https:\/\/mooncraft.com.pl\/?post_type=product&#038;p=19769"},"modified":"2025-12-23T13:00:22","modified_gmt":"2025-12-23T13:00:22","slug":"syta-micha-mini-smaczki-dla-psa-z-wolowina-60g","status":"publish","type":"product","link":"https:\/\/mooncraft.com.pl\/?product=syta-micha-mini-smaczki-dla-psa-z-wolowina-60g","title":{"rendered":"Syta Micha &#8211; Mini smaczki dla psa z wo\u0142owin\u0105 60g"},"content":{"rendered":"<p>Nasze\u00a0<strong>psie smako\u0142yki<\/strong>\u00a0powstaj\u0105\u00a0<strong>z najwy\u017cszej jako\u015bci mi\u0119sa wo\u0142owego<\/strong>,\u00a0kt\u00f3rego zawarto\u015b\u0107 w sk\u0142adzie\u00a0stanowi\u00a0<strong>a\u017c 96%<\/strong>. Wo\u0142owina odznacza si\u0119 wysok\u0105 warto\u015bci\u0105 biologiczn\u0105, jest warto\u015bciowym \u017ar\u00f3d\u0142em witamin, w tym A, E, D i H (biotyna) oraz \u017celaza.<\/p>\n<p>Do dw\u00f3ch pozosta\u0142ych sk\u0142adnik\u00f3w zaliczamy\u00a0<strong>bezpieczn\u0105 dla psiego organizmu, naturaln\u0105 gliceryn\u0119 ro\u015blinn\u0105<\/strong>, kt\u00f3ra pozwala zachowa\u0107 du\u017c\u0105 wilgotno\u015b\u0107\u00a0przek\u0105sek oraz\u00a0<strong>minera\u0142y<\/strong>.<\/p>\n<p>Dzi\u0119ki delikatnemu procesowi\u00a0<strong>suszenia ciep\u0142ym powietrzem<\/strong>, mi\u0119so zachowuje swoje cenne warto\u015bci od\u017cywcze, a\u00a0<strong>szczelne opakowanie ze strun\u0105 gwarantuje d\u0142ug\u0105 \u015bwie\u017co\u015b\u0107 ca\u0142ego produktu.<\/strong><\/p>\n<p>To po prostu pyszne i zdrowe nagrody, kt\u00f3re\u00a0<strong>daj\u0105 du\u017c\u0105 satysfakcj\u0119\u00a0podczas trwania ca\u0142ego treningu<\/strong>.<\/p>\n<p><strong>Zalety MINI smaczk\u00f3w z\u00a0wo\u0142owiny od Sytej Michy<\/strong>:<\/p>\n<ul>\n<li>fantastyczne na trening w domu i na dworze, w podr\u00f3\u017cy lub wype\u0142nienie do maty w\u0119chowej,<\/li>\n<li>skomponowane wy\u0142\u0105cznie z naturalnych sk\u0142adnik\u00f3w &#8211; bez dodatku zb\u00f3\u017c, sztucznych barwnik\u00f3w, aromat\u00f3w, konserwant\u00f3w i kurczaka,<\/li>\n<li>zapakowane w szczelne opakowanie,<\/li>\n<li>dostosowane do ps\u00f3w z delikatnym uk\u0142adem pokarmowym i alergik\u00f3w,<\/li>\n<li>odpowiednie dla ps\u00f3w w ka\u017cdym wieku (szczeni\u0105t, ps\u00f3w doros\u0142ych i senior\u00f3w),<\/li>\n<li>jedno \u017ar\u00f3d\u0142o bia\u0142ka zwierz\u0119cego,<\/li>\n<li>szczeg\u00f3lnie polecane miniaturowym i ma\u0142ym pupilom.<\/li>\n<\/ul>\n<p>Rozmiar smaczk\u00f3w:\u00a0<strong>0,8cm x 0,5cm.<\/strong><\/p>\n<p>Kszta\u0142t smaczk\u00f3w:\u00a0<strong>drobny\u00a0i \u015brutowaty<\/strong>.<\/p>\n<p>Konsystencja:\u00a0<strong>mi\u0119kka, \u0142atwa do pogryzienia przez psa.<\/strong><\/p>\n<div class=\"dog-food-content-container\"><strong>Sk\u0142ad:<\/strong>\u00a0Wo\u0142owina 96%, gliceryna ro\u015blinna, minera\u0142y<\/div>\n<div class=\"dog-food-content-container\"><strong>Sk\u0142adniki analityczne:<\/strong><\/p>\n<div class=\"table-responsive\">\n<table class=\"dog-food-table table\">\n<tbody>\n<tr>\n<th class=\"dog-food-th\">Sk\u0142adnik<\/th>\n<th class=\"dog-food-th\">Warto\u015b\u0107<\/th>\n<\/tr>\n<tr>\n<td class=\"dog-food-td\">Bia\u0142ko surowe<\/td>\n<td class=\"dog-food-td\">42%<\/td>\n<\/tr>\n<tr>\n<td class=\"dog-food-td\">T\u0142uszcz surowy<\/td>\n<td class=\"dog-food-td\">18%<\/td>\n<\/tr>\n<tr>\n<td class=\"dog-food-td\">Wilgotno\u015b\u0107<\/td>\n<td class=\"dog-food-td\">15%<\/td>\n<\/tr>\n<tr>\n<td class=\"dog-food-td\">Popi\u00f3\u0142 surowy<\/td>\n<td class=\"dog-food-td\">22%<\/td>\n<\/tr>\n<tr>\n<td class=\"dog-food-td\">W\u0142\u00f3kno surowe<\/td>\n<td class=\"dog-food-td\">1.75%<\/td>\n<\/tr>\n<\/tbody>\n<\/table>\n<\/div>\n<\/div>\n<div class=\"dog-food-content-container\"><strong>Kaloryczno\u015b\u0107:<\/strong>\u00a0335 kcal\/100g<\/div>\n","protected":false},"excerpt":{"rendered":"<h2>Smaczki treningowe dla psa &#8211;\u00a0wo\u0142owina w wersji MINI<\/h2>\n<p><strong>Ma\u0142e, mi\u0119kkie przysmaki, kt\u00f3re zdzia\u0142aj\u0105 cuda na treningu z psem<\/strong>? Nic trudnego!<\/p>\n<p>Przedstawiamy Wam\u00a0<strong>Smaczki MINI\u00a0od Sytej Michy<\/strong>.<\/p>\n<p>Jak by\u015bmy je okre\u015blili?<em>\u00a0\u0141atwe do pogryzienia, o wabi\u0105cym aromacie, z prostym sk\u0142adem, promuj\u0105ce zdrowie pupila.<\/em><\/p>\n<p><strong>Smaczki MINI\u00a0z wo\u0142owin\u0105<\/strong>\u00a0to\u00a0<strong>przysmaki idealne do treningu, szczeg\u00f3lnie dla ps\u00f3w ma\u0142ych ras.<\/strong><\/p>\n","protected":false},"featured_media":19745,"template":"","meta":{"site-sidebar-layout":"default","site-content-layout":"","ast-site-content-layout":"default","site-content-style":"default","site-sidebar-style":"default","ast-global-header-display":"","ast-banner-title-visibility":"","ast-main-header-display":"","ast-hfb-above-header-display":"","ast-hfb-below-header-display":"","ast-hfb-mobile-header-display":"","site-post-title":"","ast-breadcrumbs-content":"","ast-featured-img":"","footer-sml-layout":"","ast-disable-related-posts":"","theme-transparent-header-meta":"default","adv-header-id-meta":"","stick-header-meta":"","header-above-stick-meta":"","header-main-stick-meta":"","header-below-stick-meta":"","astra-migrate-meta-layouts":"set","ast-page-background-enabled":"default","ast-page-background-meta":{"desktop":{"background-color":"","background-image":"","background-repeat":"repeat","background-position":"center center","background-size":"auto","background-attachment":"scroll","background-type":"","background-media":"","overlay-type":"","overlay-color":"","overlay-opacity":"","overlay-gradient":""},"tablet":{"background-color":"","background-image":"","background-repeat":"repeat","background-position":"center center","background-size":"auto","background-attachment":"scroll","background-type":"","background-media":"","overlay-type":"","overlay-color":"","overlay-opacity":"","overlay-gradient":""},"mobile":{"background-color":"","background-image":"","background-repeat":"repeat","background-position":"center center","background-size":"auto","background-attachment":"scroll","background-type":"","background-media":"","overlay-type":"","overlay-color":"","overlay-opacity":"","overlay-gradient":""}},"ast-content-background-meta":{"desktop":{"background-color":"var(--ast-global-color-5)","background-image":"","background-repeat":"repeat","background-position":"center center","background-size":"auto","background-attachment":"scroll","background-type":"","background-media":"","overlay-type":"","overlay-color":"","overlay-opacity":"","overlay-gradient":""},"tablet":{"background-color":"var(--ast-global-color-5)","background-image":"","background-repeat":"repeat","background-position":"center center","background-size":"auto","background-attachment":"scroll","background-type":"","background-media":"","overlay-type":"","overlay-color":"","overlay-opacity":"","overlay-gradient":""},"mobile":{"background-color":"var(--ast-global-color-5)","background-image":"","background-repeat":"repeat","background-position":"center center","background-size":"auto","background-attachment":"scroll","background-type":"","background-media":"","overlay-type":"","overlay-color":"","overlay-opacity":"","overlay-gradient":""}}},"product_brand":[],"product_cat":[85,159,170],"product_tag":[],"class_list":{"0":"post-19769","1":"product","2":"type-product","3":"status-publish","4":"has-post-thumbnail","6":"product_cat-dlapsa","7":"product_cat-smakolyki","8":"product_cat-przysmaki","9":"desktop-align-left","10":"tablet-align-left","11":"mobile-align-left","13":"first","14":"instock","15":"taxable","16":"shipping-taxable","17":"purchasable","18":"product-type-simple"},"jetpack_sharing_enabled":true,"_links":{"self":[{"href":"https:\/\/mooncraft.com.pl\/index.php?rest_route=\/wp\/v2\/product\/19769","targetHints":{"allow":["GET"]}}],"collection":[{"href":"https:\/\/mooncraft.com.pl\/index.php?rest_route=\/wp\/v2\/product"}],"about":[{"href":"https:\/\/mooncraft.com.pl\/index.php?rest_route=\/wp\/v2\/types\/product"}],"wp:featuredmedia":[{"embeddable":true,"href":"https:\/\/mooncraft.com.pl\/index.php?rest_route=\/wp\/v2\/media\/19745"}],"wp:attachment":[{"href":"https:\/\/mooncraft.com.pl\/index.php?rest_route=%2Fwp%2Fv2%2Fmedia&parent=19769"}],"wp:term":[{"taxonomy":"product_brand","embeddable":true,"href":"https:\/\/mooncraft.com.pl\/index.php?rest_route=%2Fwp%2Fv2%2Fproduct_brand&post=19769"},{"taxonomy":"product_cat","embeddable":true,"href":"https:\/\/mooncraft.com.pl\/index.php?rest_route=%2Fwp%2Fv2%2Fproduct_cat&post=19769"},{"taxonomy":"product_tag","embeddable":true,"href":"https:\/\/mooncraft.com.pl\/index.php?rest_route=%2Fwp%2Fv2%2Fproduct_tag&post=19769"}],"curies":[{"name":"wp","href":"https:\/\/api.w.org\/{rel}","templated":true}]}}