{"id":19767,"date":"2025-04-28T16:19:13","date_gmt":"2025-04-28T16:19:13","guid":{"rendered":"https:\/\/mooncraft.com.pl\/?post_type=product&#038;p=19767"},"modified":"2026-04-14T08:21:16","modified_gmt":"2026-04-14T08:21:16","slug":"syta-micha-mini-plucka-z-kozy-100g","status":"publish","type":"product","link":"https:\/\/mooncraft.com.pl\/?product=syta-micha-mini-plucka-z-kozy-100g","title":{"rendered":"Syta Micha &#8211; Mini p\u0142ucka z kozy 100g"},"content":{"rendered":"<p><strong>Co je wyr\u00f3\u017cnia na tle innych przek\u0105sek?<\/strong><\/p>\n<ul>\n<li>jedno \u017ar\u00f3d\u0142o bia\u0142ka zwierz\u0119cego,<\/li>\n<li>lekkostrawne o niewielkiej zawarto\u015bci t\u0142uszczu,<\/li>\n<li>malutki rozmiar (d\u0142ugo\u015b\u0107 1-2 cm),<\/li>\n<li>nieregularny kszta\u0142t,<\/li>\n<li>obj\u0119to\u015bciowe, lekkie i chrupi\u0105ce,<\/li>\n<li>przyjemny, subtelny &#8222;orzechowy&#8221; zapach,<\/li>\n<li>brak dodatku soli, gliceryny, barwnik\u00f3w i innych konserwant\u00f3w,<\/li>\n<li>delikatna obr\u00f3bka termiczna,<\/li>\n<li>dostosowane do ka\u017cdego wieku i rozmiaru psa, w tym szczeni\u0105t.<\/li>\n<\/ul>\n<p><strong>P\u0142uca kozie,\u00a0<\/strong>czyli idealna propozycja dla ps\u00f3w z alergi\u0105, nietolerancj\u0105 pokarmow\u0105 lub b\u0119d\u0105cych na diecie eliminacyjnej. Stanowi\u0105 dodatkow\u0105 dawk\u0119 bia\u0142ka, witamin z grupy B (B1, B3, B5, B12), witaminy C oraz minera\u0142\u00f3w jak \u017celazo, selen, mangan, cynk, magnez, s\u00f3d czy potas. Ten rodzaj podrob\u00f3w jest delikatny dla uk\u0142adu pokarmowego, dlatego z tak du\u017cym powodzeniem\u00a0sprawdzaj\u0105 si\u0119 jako lekkostrawny przysmak treningowy.<\/p>\n<p><strong>Mini p\u0142ucka z kozy od Sytej Michy to 100% naturalne przysmaki dla ps\u00f3w promuj\u0105ce zdrowie i dobre samopoczucie ka\u017cdego dnia.<\/strong><\/p>\n<p>&nbsp;<\/p>\n<div class=\"dog-food-content-container\"><strong>Sk\u0142ad:<\/strong>\u00a0100% p\u0142uca kozie<\/div>\n<div class=\"dog-food-content-container\"><strong>Sk\u0142ad analityczny:<\/strong><\/p>\n<div class=\"table-responsive\">\n<table class=\"dog-food-table table\">\n<tbody>\n<tr>\n<th class=\"dog-food-th\">Sk\u0142adnik<\/th>\n<th class=\"dog-food-th\">Warto\u015b\u0107<\/th>\n<\/tr>\n<tr>\n<td class=\"dog-food-td\">Bia\u0142ko surowe<\/td>\n<td class=\"dog-food-td\">77,3%<\/td>\n<\/tr>\n<tr>\n<td class=\"dog-food-td\">T\u0142uszcz surowy<\/td>\n<td class=\"dog-food-td\">9,8%<\/td>\n<\/tr>\n<tr>\n<td class=\"dog-food-td\">Wilgotno\u015b\u0107<\/td>\n<td class=\"dog-food-td\">0,8%<\/td>\n<\/tr>\n<tr>\n<td class=\"dog-food-td\">Popi\u00f3\u0142 surowy<\/td>\n<td class=\"dog-food-td\">5,1%<\/td>\n<\/tr>\n<tr>\n<td class=\"dog-food-td\">W\u0142\u00f3kna surowe<\/td>\n<td class=\"dog-food-td\">7,2%<\/td>\n<\/tr>\n<\/tbody>\n<\/table>\n<\/div>\n<\/div>\n<div class=\"dog-food-content-container\"><strong>Kaloryczno\u015b\u0107:<\/strong>\u00a0411 kcal\/100g<\/div>\n","protected":false},"excerpt":{"rendered":"<h2>100% natury od Sytej Michy<\/h2>\n<p>Podroby stanowi\u0105 jeden z podstawowych element\u00f3w codziennej diety naszych pupili. Dostarczaj\u0105 pe\u0142nowarto\u015bciowego bia\u0142ka, witamin i minera\u0142\u00f3w, kluczowych dla funkcjonowania psiego organizmu.<br \/>\nMini p\u0142ucka od Sytej Michy to r\u0119cznie krojone i suszone ciep\u0142ym powietrzem przysmaki, kt\u00f3re mo\u017cna wykorzystywa\u0107 w trakcie treningu lub jako dosmaczacz do codziennego posi\u0142ku.<\/p>\n","protected":false},"featured_media":19747,"template":"","meta":{"site-sidebar-layout":"default","site-content-layout":"","ast-site-content-layout":"default","site-content-style":"default","site-sidebar-style":"default","ast-global-header-display":"","ast-banner-title-visibility":"","ast-main-header-display":"","ast-hfb-above-header-display":"","ast-hfb-below-header-display":"","ast-hfb-mobile-header-display":"","site-post-title":"","ast-breadcrumbs-content":"","ast-featured-img":"","footer-sml-layout":"","ast-disable-related-posts":"","theme-transparent-header-meta":"default","adv-header-id-meta":"","stick-header-meta":"","header-above-stick-meta":"","header-main-stick-meta":"","header-below-stick-meta":"","astra-migrate-meta-layouts":"set","ast-page-background-enabled":"default","ast-page-background-meta":{"desktop":{"background-color":"","background-image":"","background-repeat":"repeat","background-position":"center center","background-size":"auto","background-attachment":"scroll","background-type":"","background-media":"","overlay-type":"","overlay-color":"","overlay-opacity":"","overlay-gradient":""},"tablet":{"background-color":"","background-image":"","background-repeat":"repeat","background-position":"center center","background-size":"auto","background-attachment":"scroll","background-type":"","background-media":"","overlay-type":"","overlay-color":"","overlay-opacity":"","overlay-gradient":""},"mobile":{"background-color":"","background-image":"","background-repeat":"repeat","background-position":"center center","background-size":"auto","background-attachment":"scroll","background-type":"","background-media":"","overlay-type":"","overlay-color":"","overlay-opacity":"","overlay-gradient":""}},"ast-content-background-meta":{"desktop":{"background-color":"var(--ast-global-color-5)","background-image":"","background-repeat":"repeat","background-position":"center center","background-size":"auto","background-attachment":"scroll","background-type":"","background-media":"","overlay-type":"","overlay-color":"","overlay-opacity":"","overlay-gradient":""},"tablet":{"background-color":"var(--ast-global-color-5)","background-image":"","background-repeat":"repeat","background-position":"center center","background-size":"auto","background-attachment":"scroll","background-type":"","background-media":"","overlay-type":"","overlay-color":"","overlay-opacity":"","overlay-gradient":""},"mobile":{"background-color":"var(--ast-global-color-5)","background-image":"","background-repeat":"repeat","background-position":"center center","background-size":"auto","background-attachment":"scroll","background-type":"","background-media":"","overlay-type":"","overlay-color":"","overlay-opacity":"","overlay-gradient":""}}},"product_brand":[],"product_cat":[85,159,170],"product_tag":[],"class_list":{"0":"post-19767","1":"product","2":"type-product","3":"status-publish","4":"has-post-thumbnail","6":"product_cat-dlapsa","7":"product_cat-smakolyki","8":"product_cat-przysmaki","9":"desktop-align-left","10":"tablet-align-left","11":"mobile-align-left","13":"first","14":"instock","15":"taxable","16":"shipping-taxable","17":"purchasable","18":"product-type-simple"},"jetpack_sharing_enabled":true,"_links":{"self":[{"href":"https:\/\/mooncraft.com.pl\/index.php?rest_route=\/wp\/v2\/product\/19767","targetHints":{"allow":["GET"]}}],"collection":[{"href":"https:\/\/mooncraft.com.pl\/index.php?rest_route=\/wp\/v2\/product"}],"about":[{"href":"https:\/\/mooncraft.com.pl\/index.php?rest_route=\/wp\/v2\/types\/product"}],"wp:featuredmedia":[{"embeddable":true,"href":"https:\/\/mooncraft.com.pl\/index.php?rest_route=\/wp\/v2\/media\/19747"}],"wp:attachment":[{"href":"https:\/\/mooncraft.com.pl\/index.php?rest_route=%2Fwp%2Fv2%2Fmedia&parent=19767"}],"wp:term":[{"taxonomy":"product_brand","embeddable":true,"href":"https:\/\/mooncraft.com.pl\/index.php?rest_route=%2Fwp%2Fv2%2Fproduct_brand&post=19767"},{"taxonomy":"product_cat","embeddable":true,"href":"https:\/\/mooncraft.com.pl\/index.php?rest_route=%2Fwp%2Fv2%2Fproduct_cat&post=19767"},{"taxonomy":"product_tag","embeddable":true,"href":"https:\/\/mooncraft.com.pl\/index.php?rest_route=%2Fwp%2Fv2%2Fproduct_tag&post=19767"}],"curies":[{"name":"wp","href":"https:\/\/api.w.org\/{rel}","templated":true}]}}