{"id":19708,"date":"2025-04-22T18:38:48","date_gmt":"2025-04-22T18:38:48","guid":{"rendered":"https:\/\/mooncraft.com.pl\/?post_type=product&#038;p=19708"},"modified":"2025-12-10T11:35:57","modified_gmt":"2025-12-10T11:35:57","slug":"dogy-kosc-dental-17cm","status":"publish","type":"product","link":"https:\/\/mooncraft.com.pl\/?product=dogy-kosc-dental-17cm","title":{"rendered":"DOGY &#8211; Ko\u015b\u0107 dental 17cm"},"content":{"rendered":"<section>\n<section>\n<section>\n<section>\n<section>\n<section id=\"opis-produktu\" class=\"section_product section_product--part_of_bar section_product--first_item_of_bar section_product--v1 section section_product--v1__desc section--padding-top-medium\">\n<div class=\"section_body\">\n<div class=\"productDesc productDesc--full container\">\n<div class=\"productDesc__left grow productDesc__left--no_params\">\n<div class=\"productDesc__desc typography\">\n<p><strong>Sk\u0142ad Najwy\u017cszej Jako\u015bci:<\/strong><\/p>\n<p>Sk\u00f3ra Wo\u0142owa (96%): G\u0142\u00f3wny sk\u0142adnik, sk\u00f3ra wo\u0142owa, dostarcza bia\u0142ka i\u00a0energii, a\u00a0jednocze\u015bnie stymuluje naturaln\u0105 potrzeb\u0119 \u017cucia u psa.<br \/>\nPenisy wo\u0142owe (2%): Penisy wo\u0142owe s\u0105 \u017ar\u00f3d\u0142em bia\u0142ka i\u00a0sk\u0142adnik\u00f3w od\u017cywczych, kt\u00f3re wspieraj\u0105 zdrow\u0105 muskulatur\u0119.<br \/>\nFosforan ADE (1%):<br \/>\nSza\u0142wia (1%):<\/p>\n<p><strong>Analiza:<\/strong>\u00a0Bia\u0142ko surowe \u2013 91,7%, Oleje i\u00a0t\u0142uszcze surowe 2,1%, Popi\u00f3\u0142 surowy \u2013 2,1%, W\u0142\u00f3kno surowe: &lt;1,9%<\/p>\n<h3>R\u00f3\u017cnorodno\u015b\u0107 Rozmiar\u00f3w:<\/h3>\n<p>Ko\u015b\u0107 do \u017bucia i\u00a0Gryzienia Dogy dost\u0119pna jest w\u00a0kilku rozmiarach:<strong>\u00a012cm, 17cm.<\/strong>\u00a0To oznacza, \u017ce\u00a0produkt ten spe\u0142nia potrzeby ps\u00f3w r\u00f3\u017cnych ras, od ma\u0142ych po du\u017ce.<\/p>\n<h3><strong>Korzy\u015bci Dla Psa:<\/strong><\/h3>\n<p><strong>Rozrywka:<\/strong>\u00a0Ko\u015b\u0107 dostarcza psu godzin zabawy, co jest szczeg\u00f3lnie wa\u017cne dla ps\u00f3w lubi\u0105cych gryzienie.<\/p>\n<p><strong>Zdrowe Z\u0119by i\u00a0Dzi\u0105s\u0142a:<\/strong>\u00a0Gryzienie ko\u015bci pomaga w\u00a0utrzymaniu zdrowych z\u0119b\u00f3w i\u00a0dzi\u0105se\u0142, a\u00a0jednocze\u015bnie redukuje ryzyko kamienia naz\u0119bnego.<\/p>\n<p><strong>Bezpiecze\u0144stwo:<\/strong>\u00a0Produkty Dogy s\u0105 wolne od cukru, glutenu, konserwant\u00f3w i\u00a0substancji chemicznych. Wype\u0142nienie ko\u015bci jest bezpieczne i\u00a0nie zawiera ostrych element\u00f3w, kt\u00f3re mog\u0142yby zrani\u0107 psa.<\/p>\n<h6>Istotne informacje:<\/h6>\n<p><strong>Przeznaczenie:\u00a0<\/strong>Przysmak dla ps\u00f3w doros\u0142ych.\u00a0<strong>Zalecenia dotycz\u0105ce stosowania:<\/strong>\u00a0Przysmak nale\u017cy podawa\u0107 psu wy\u0142\u0105cznie pod nadzorem opiekuna. Zapewnij psu sta\u0142y dost\u0119p do \u015bwie\u017cej wody.\u00a0<strong>Warunki przechowywania:\u00a0<\/strong>Produkt nale\u017cy przechowywa\u0107 w\u00a0suchym, ch\u0142odnym i\u00a0zaciemnionym miejscu, aby zachowa\u0107 jego jako\u015b\u0107 i\u00a0bezpiecze\u0144stwo.<\/p>\n<h6>Zgodnie z\u00a0wymogami Rozporz\u0105dzenia GPSR<\/h6>\n<p>Poni\u017csze informacje zosta\u0142y przygotowane w\u00a0celu zapewnienia pe\u0142nej zgodno\u015bci z\u00a0Rozporz\u0105dzeniem o\u00a0Og\u00f3lnym Bezpiecze\u0144stwie Produkt\u00f3w (GPSR), aby zagwarantowa\u0107 bezpiecze\u0144stwo i\u00a0komfort u\u017cytkowania produktu.<\/p>\n<p><strong>Bezpiecze\u0144stwo i\u00a0jako\u015b\u0107:<\/strong>\u00a0Produkt zosta\u0142 wyprodukowany na\u00a0terenie Unii Europejskiej zgodnie z\u00a0normami UE, gwarantuj\u0105c najwy\u017csz\u0105 jako\u015b\u0107 i\u00a0bezpiecze\u0144stwo. Produkt spe\u0142nia standardy jako\u015bci i\u00a0bezpiecze\u0144stwa zgodne z\u00a0wymogami UE.\u00a0<strong>Potencjalne ryzyka:<\/strong>\u00a0Aby zapewni\u0107 psu pe\u0142ne bezpiecze\u0144stwo podczas gryzienia, zaleca si\u0119 podawanie produktu pod nadzorem opiekuna. Warto monitorowa\u0107 jego zabaw\u0119 z\u00a0gryzakiem i\u00a0upewni\u0107 si\u0119, \u017ce\u00a0produkt jest odpowiedni do rozmiaru i\u00a0stylu \u017cucia psa. Zaleca si\u0119 przerwanie podawania produktu, je\u015bli pies usi\u0142uje po\u0142kn\u0105\u0107 zbyt du\u017cy kawa\u0142ek lub\u00a0wykazuje trudno\u015bci z\u00a0\u017cuciem. W przypadku, gdy pies \u017cuje gryzak po raz pierwszy, nale\u017cy dok\u0142adnie sprawdzi\u0107 sk\u0142ad i\u00a0upewni\u0107 si\u0119, \u017ce\u00a0nie zawiera on sk\u0142adnik\u00f3w, na\u00a0kt\u00f3re pies mo\u017ce by\u0107 uczulony. Je\u015bli zauwa\u017cysz jakiekolwiek oznaki nietolerancji lub\u00a0alergii, takie jak wymioty, biegunka lub\u00a0nadmierne drapanie, przerwij podawanie produktu i\u00a0skonsultuj si\u0119 z\u00a0lekarzem weterynarii.\u00a0<strong>Kraj pochodzenia produktu &#8211;<\/strong>\u00a0produkt zosta\u0142 wyprodukowany w\u00a0Polsce.\u00a0<strong>Informacje o\u00a0producencie:<\/strong>\u00a0PETAKO Jaros\u0142aw Pawluczuk.\u00a0Konopnica 93E,\u00a021-030 Motycz,\u00a0Tel: 607-777-652, biuro@petako.pl<\/p>\n<\/div>\n<\/div>\n<\/div>\n<\/div>\n<\/section>\n<\/section>\n<\/section>\n<\/section>\n<\/section>\n<\/section>\n","protected":false},"excerpt":{"rendered":"<h3>Ko\u015b\u0107 do \u017bucia i\u00a0Gryzienia Dogy: Doskona\u0142y Wyb\u00f3r Dla Ka\u017cdego Psa<\/h3>\n","protected":false},"featured_media":19702,"template":"","meta":{"site-sidebar-layout":"default","site-content-layout":"","ast-site-content-layout":"default","site-content-style":"default","site-sidebar-style":"default","ast-global-header-display":"","ast-banner-title-visibility":"","ast-main-header-display":"","ast-hfb-above-header-display":"","ast-hfb-below-header-display":"","ast-hfb-mobile-header-display":"","site-post-title":"","ast-breadcrumbs-content":"","ast-featured-img":"","footer-sml-layout":"","ast-disable-related-posts":"","theme-transparent-header-meta":"default","adv-header-id-meta":"","stick-header-meta":"","header-above-stick-meta":"","header-main-stick-meta":"","header-below-stick-meta":"","astra-migrate-meta-layouts":"set","ast-page-background-enabled":"default","ast-page-background-meta":{"desktop":{"background-color":"","background-image":"","background-repeat":"repeat","background-position":"center center","background-size":"auto","background-attachment":"scroll","background-type":"","background-media":"","overlay-type":"","overlay-color":"","overlay-opacity":"","overlay-gradient":""},"tablet":{"background-color":"","background-image":"","background-repeat":"repeat","background-position":"center center","background-size":"auto","background-attachment":"scroll","background-type":"","background-media":"","overlay-type":"","overlay-color":"","overlay-opacity":"","overlay-gradient":""},"mobile":{"background-color":"","background-image":"","background-repeat":"repeat","background-position":"center center","background-size":"auto","background-attachment":"scroll","background-type":"","background-media":"","overlay-type":"","overlay-color":"","overlay-opacity":"","overlay-gradient":""}},"ast-content-background-meta":{"desktop":{"background-color":"var(--ast-global-color-5)","background-image":"","background-repeat":"repeat","background-position":"center center","background-size":"auto","background-attachment":"scroll","background-type":"","background-media":"","overlay-type":"","overlay-color":"","overlay-opacity":"","overlay-gradient":""},"tablet":{"background-color":"var(--ast-global-color-5)","background-image":"","background-repeat":"repeat","background-position":"center center","background-size":"auto","background-attachment":"scroll","background-type":"","background-media":"","overlay-type":"","overlay-color":"","overlay-opacity":"","overlay-gradient":""},"mobile":{"background-color":"var(--ast-global-color-5)","background-image":"","background-repeat":"repeat","background-position":"center center","background-size":"auto","background-attachment":"scroll","background-type":"","background-media":"","overlay-type":"","overlay-color":"","overlay-opacity":"","overlay-gradient":""}}},"product_brand":[],"product_cat":[85,159,169],"product_tag":[],"class_list":{"0":"post-19708","1":"product","2":"type-product","3":"status-publish","4":"has-post-thumbnail","6":"product_cat-dlapsa","7":"product_cat-smakolyki","8":"product_cat-gryzaki","9":"desktop-align-left","10":"tablet-align-left","11":"mobile-align-left","13":"first","14":"instock","15":"taxable","16":"shipping-taxable","17":"purchasable","18":"product-type-simple"},"jetpack_sharing_enabled":true,"_links":{"self":[{"href":"https:\/\/mooncraft.com.pl\/index.php?rest_route=\/wp\/v2\/product\/19708","targetHints":{"allow":["GET"]}}],"collection":[{"href":"https:\/\/mooncraft.com.pl\/index.php?rest_route=\/wp\/v2\/product"}],"about":[{"href":"https:\/\/mooncraft.com.pl\/index.php?rest_route=\/wp\/v2\/types\/product"}],"wp:featuredmedia":[{"embeddable":true,"href":"https:\/\/mooncraft.com.pl\/index.php?rest_route=\/wp\/v2\/media\/19702"}],"wp:attachment":[{"href":"https:\/\/mooncraft.com.pl\/index.php?rest_route=%2Fwp%2Fv2%2Fmedia&parent=19708"}],"wp:term":[{"taxonomy":"product_brand","embeddable":true,"href":"https:\/\/mooncraft.com.pl\/index.php?rest_route=%2Fwp%2Fv2%2Fproduct_brand&post=19708"},{"taxonomy":"product_cat","embeddable":true,"href":"https:\/\/mooncraft.com.pl\/index.php?rest_route=%2Fwp%2Fv2%2Fproduct_cat&post=19708"},{"taxonomy":"product_tag","embeddable":true,"href":"https:\/\/mooncraft.com.pl\/index.php?rest_route=%2Fwp%2Fv2%2Fproduct_tag&post=19708"}],"curies":[{"name":"wp","href":"https:\/\/api.w.org\/{rel}","templated":true}]}}