{"id":19700,"date":"2025-04-22T18:24:34","date_gmt":"2025-04-22T18:24:34","guid":{"rendered":"https:\/\/mooncraft.com.pl\/?post_type=product&#038;p=19700"},"modified":"2026-03-14T11:38:24","modified_gmt":"2026-03-14T11:38:24","slug":"woolf-soft-cubes-100g-lamb-jagniecina","status":"publish","type":"product","link":"https:\/\/mooncraft.com.pl\/?product=woolf-soft-cubes-100g-lamb-jagniecina","title":{"rendered":"WOOLF &#8211;  Soft Cubes 100g &#8211; Lamb &#8211; Jagni\u0119cina"},"content":{"rendered":"<p>Delikatne kosteczki monoproteinowe to przysmak dla ka\u017cdego psa. S\u0105 tworzone z najwy\u017cszej jako\u015bci \u015bwie\u017cych sk\u0142adnik\u00f3w, nie zawieraj\u0105 zb\u00f3\u017c ani glutenu. Proces przygotowywania opiera si\u0119 na wolnym gotowaniu oraz t\u0142oczeniu na zimno, dzi\u0119ki czemu substancje od\u017cywcze s\u0105 w pe\u0142ni zachowane.<\/p>\n<p>Przysmak jest mi\u0119kki i apetyczny \u2013 nadaje si\u0119 dla ps\u00f3w w ka\u017cdym wieku. Trafi r\u00f3wnie\u017c w gusta ps\u00f3w wybrednych lub o obni\u017conym apetycie.<\/p>\n<p>Tym przysmakiem nagrodzisz psa lub sprawisz niespodziank\u0119 podczas wsp\u00f3lnej zabawy.<\/p>\n<p>&nbsp;<\/p>\n<p><b>Zalety:<\/b><\/p>\n<ul>\n<li><b>Bezzbo\u017cowe i bezglutenowe<\/b>.<\/li>\n<li>W wi\u0119kszo\u015bci\u00a0<b>monoproteinowe<\/b>.<\/li>\n<li>Przygotowane ze\u00a0<b>\u015bwie\u017cego mi\u0119sa<\/b>, co wp\u0142ywa na ich wysok\u0105 smakowito\u015b\u0107.<\/li>\n<li>Dzi\u0119ki procesowi wolnego gotowania i t\u0142oczenia na zimno, substancje od\u017cywcze sk\u0142adnik\u00f3w pozostaj\u0105 w pe\u0142ni zachowane.<\/li>\n<li>Te wyj\u0105tkowo\u00a0<b>mi\u0119kkie smako\u0142yki<\/b>\u00a0nadaj\u0105 si\u0119\u00a0<b>r\u00f3wnie\u017c dla szczeni\u0105t<\/b>.<\/li>\n<li>Wyprodukowano w Hiszpanii, z lokalnych surowc\u00f3w.<\/li>\n<\/ul>\n<p>&nbsp;<\/p>\n<p><strong>Sk\u0142ad:<\/strong><\/p>\n<ul>\n<li>\u015awie\u017ca jagni\u0119cina (85%),<\/li>\n<li>hydrolizowana skrobia,<\/li>\n<li>gliceryna ro\u015blinna,<\/li>\n<li>naturalne antyoksydanty (tokoferole).<\/li>\n<\/ul>\n<p>&nbsp;<\/p>\n<p><strong>Analiza:<\/strong><\/p>\n<ul>\n<li>Bia\u0142ko surowe 27%,<\/li>\n<li>t\u0142uszcz surowy 11%,<\/li>\n<li>w\u0142\u00f3kno surowe 1%,<\/li>\n<li>popi\u00f3\u0142 surowy 7%,<\/li>\n<li>wilgotno\u015b\u0107 28%.<\/li>\n<\/ul>\n<p>&nbsp;<\/p>\n<p><strong>Dawkowanie:<\/strong><\/p>\n<p>Podawa\u0107 jako przysmak lub nagrod\u0119.<\/p>\n","protected":false},"excerpt":{"rendered":"<p>Wyj\u0105tkowe mi\u0119kkie, lekko wilgotne smaczki, idealne do treningu.<\/p>\n<p>&nbsp;<\/p>\n","protected":false},"featured_media":19697,"template":"","meta":{"site-sidebar-layout":"default","site-content-layout":"","ast-site-content-layout":"default","site-content-style":"default","site-sidebar-style":"default","ast-global-header-display":"","ast-banner-title-visibility":"","ast-main-header-display":"","ast-hfb-above-header-display":"","ast-hfb-below-header-display":"","ast-hfb-mobile-header-display":"","site-post-title":"","ast-breadcrumbs-content":"","ast-featured-img":"","footer-sml-layout":"","ast-disable-related-posts":"","theme-transparent-header-meta":"default","adv-header-id-meta":"","stick-header-meta":"","header-above-stick-meta":"","header-main-stick-meta":"","header-below-stick-meta":"","astra-migrate-meta-layouts":"set","ast-page-background-enabled":"default","ast-page-background-meta":{"desktop":{"background-color":"","background-image":"","background-repeat":"repeat","background-position":"center center","background-size":"auto","background-attachment":"scroll","background-type":"","background-media":"","overlay-type":"","overlay-color":"","overlay-opacity":"","overlay-gradient":""},"tablet":{"background-color":"","background-image":"","background-repeat":"repeat","background-position":"center center","background-size":"auto","background-attachment":"scroll","background-type":"","background-media":"","overlay-type":"","overlay-color":"","overlay-opacity":"","overlay-gradient":""},"mobile":{"background-color":"","background-image":"","background-repeat":"repeat","background-position":"center center","background-size":"auto","background-attachment":"scroll","background-type":"","background-media":"","overlay-type":"","overlay-color":"","overlay-opacity":"","overlay-gradient":""}},"ast-content-background-meta":{"desktop":{"background-color":"var(--ast-global-color-5)","background-image":"","background-repeat":"repeat","background-position":"center center","background-size":"auto","background-attachment":"scroll","background-type":"","background-media":"","overlay-type":"","overlay-color":"","overlay-opacity":"","overlay-gradient":""},"tablet":{"background-color":"var(--ast-global-color-5)","background-image":"","background-repeat":"repeat","background-position":"center center","background-size":"auto","background-attachment":"scroll","background-type":"","background-media":"","overlay-type":"","overlay-color":"","overlay-opacity":"","overlay-gradient":""},"mobile":{"background-color":"var(--ast-global-color-5)","background-image":"","background-repeat":"repeat","background-position":"center center","background-size":"auto","background-attachment":"scroll","background-type":"","background-media":"","overlay-type":"","overlay-color":"","overlay-opacity":"","overlay-gradient":""}}},"product_brand":[],"product_cat":[85,159,170],"product_tag":[],"class_list":{"0":"post-19700","1":"product","2":"type-product","3":"status-publish","4":"has-post-thumbnail","6":"product_cat-dlapsa","7":"product_cat-smakolyki","8":"product_cat-przysmaki","9":"desktop-align-left","10":"tablet-align-left","11":"mobile-align-left","13":"first","14":"instock","15":"taxable","16":"shipping-taxable","17":"purchasable","18":"product-type-simple"},"jetpack_sharing_enabled":true,"_links":{"self":[{"href":"https:\/\/mooncraft.com.pl\/index.php?rest_route=\/wp\/v2\/product\/19700","targetHints":{"allow":["GET"]}}],"collection":[{"href":"https:\/\/mooncraft.com.pl\/index.php?rest_route=\/wp\/v2\/product"}],"about":[{"href":"https:\/\/mooncraft.com.pl\/index.php?rest_route=\/wp\/v2\/types\/product"}],"wp:featuredmedia":[{"embeddable":true,"href":"https:\/\/mooncraft.com.pl\/index.php?rest_route=\/wp\/v2\/media\/19697"}],"wp:attachment":[{"href":"https:\/\/mooncraft.com.pl\/index.php?rest_route=%2Fwp%2Fv2%2Fmedia&parent=19700"}],"wp:term":[{"taxonomy":"product_brand","embeddable":true,"href":"https:\/\/mooncraft.com.pl\/index.php?rest_route=%2Fwp%2Fv2%2Fproduct_brand&post=19700"},{"taxonomy":"product_cat","embeddable":true,"href":"https:\/\/mooncraft.com.pl\/index.php?rest_route=%2Fwp%2Fv2%2Fproduct_cat&post=19700"},{"taxonomy":"product_tag","embeddable":true,"href":"https:\/\/mooncraft.com.pl\/index.php?rest_route=%2Fwp%2Fv2%2Fproduct_tag&post=19700"}],"curies":[{"name":"wp","href":"https:\/\/api.w.org\/{rel}","templated":true}]}}