{"id":19499,"date":"2025-03-27T20:02:57","date_gmt":"2025-03-27T20:02:57","guid":{"rendered":"https:\/\/mooncraft.com.pl\/?post_type=product&#038;p=19499"},"modified":"2026-04-13T09:51:45","modified_gmt":"2026-04-13T09:51:45","slug":"meatstuff-serce-wieprzowe-doypack-150-g","status":"publish","type":"product","link":"https:\/\/mooncraft.com.pl\/?product=meatstuff-serce-wieprzowe-doypack-150-g","title":{"rendered":"MEATSTUFF &#8211; Serce wieprzowe (doypack 150 g)"},"content":{"rendered":"<section>\n<section>\n<section>Ich naturalno\u015b\u0107 sprawia, \u017ce s\u0105 atrakcyjnym wyborem dla ps\u00f3w o wra\u017cliwym uk\u0142adzie pokarmowym, a jednocze\u015bnie ich \u017cucie wspiera higien\u0119 jamy ustnej<\/section>\n<\/section>\n<\/section>\n<section><\/section>\n<section>\n<table class=\"woocommerce-product-attributes shop_attributes\">\n<tbody>\n<tr class=\"woocommerce-product-attributes-item woocommerce-product-attributes-item--weight\">\n<th class=\"woocommerce-product-attributes-item__label\">Waga<\/th>\n<td class=\"woocommerce-product-attributes-item__value\">1 kg<\/td>\n<\/tr>\n<tr class=\"woocommerce-product-attributes-item woocommerce-product-attributes-item--attribute_pa_przeznaczenie\">\n<th class=\"woocommerce-product-attributes-item__label\">Przeznaczenie<\/th>\n<td class=\"woocommerce-product-attributes-item__value\"><a href=\"https:\/\/b2b.meatstuff.pl\/przeznaczenie\/dla-wszystkich-psow\/\" rel=\"tag\">dla w<\/a>s<a href=\"https:\/\/b2b.meatstuff.pl\/przeznaczenie\/dla-wszystkich-psow\/\" rel=\"tag\">zystkich ps\u00f3w<\/a><\/td>\n<\/tr>\n<tr class=\"woocommerce-product-attributes-item woocommerce-product-attributes-item--attribute_pa_skala-twardosci\">\n<th class=\"woocommerce-product-attributes-item__label\">Skala twardo\u015bci<\/th>\n<td class=\"woocommerce-product-attributes-item__value\">mi\u0119kki<\/td>\n<\/tr>\n<tr class=\"woocommerce-product-attributes-item woocommerce-product-attributes-item--attribute_pa_marka-wlasna\">\n<th class=\"woocommerce-product-attributes-item__label\">Marka w\u0142asna<\/th>\n<td class=\"woocommerce-product-attributes-item__value\">MEAT STUFF<\/td>\n<\/tr>\n<tr class=\"woocommerce-product-attributes-item woocommerce-product-attributes-item--attribute_pa_wilgotnosc\">\n<th class=\"woocommerce-product-attributes-item__label\">Wilgotno\u015b\u0107<\/th>\n<td class=\"woocommerce-product-attributes-item__value\">6,0%<\/td>\n<\/tr>\n<tr class=\"woocommerce-product-attributes-item woocommerce-product-attributes-item--attribute_pa_tluszcz-surowy\">\n<th class=\"woocommerce-product-attributes-item__label\">T\u0142uszcz surowy<\/th>\n<td class=\"woocommerce-product-attributes-item__value\">15,1%<\/td>\n<\/tr>\n<tr class=\"woocommerce-product-attributes-item woocommerce-product-attributes-item--attribute_pa_bialko-surowe\">\n<th class=\"woocommerce-product-attributes-item__label\">Bia\u0142ko surowe<\/th>\n<td class=\"woocommerce-product-attributes-item__value\">70,5%<\/td>\n<\/tr>\n<\/tbody>\n<\/table>\n<\/section>\n","protected":false},"excerpt":{"rendered":"<ul>\n<li>Serce wieprzowe to przysmak ceniony za bogactwo bia\u0142ka, niski poziom t\u0142uszczu i dostarczanie witamin oraz minera\u0142\u00f3w. Gryzaki z serca s\u0105 doskona\u0142ym uzupe\u0142nieniem diety, wspieraj\u0105 zdrowie mi\u0119\u015bni, wzrost oraz og\u00f3ln\u0105 kondycj\u0119 psa.<\/li>\n<\/ul>\n","protected":false},"featured_media":19498,"template":"","meta":{"site-sidebar-layout":"default","site-content-layout":"","ast-site-content-layout":"default","site-content-style":"default","site-sidebar-style":"default","ast-global-header-display":"","ast-banner-title-visibility":"","ast-main-header-display":"","ast-hfb-above-header-display":"","ast-hfb-below-header-display":"","ast-hfb-mobile-header-display":"","site-post-title":"","ast-breadcrumbs-content":"","ast-featured-img":"","footer-sml-layout":"","ast-disable-related-posts":"","theme-transparent-header-meta":"default","adv-header-id-meta":"","stick-header-meta":"","header-above-stick-meta":"","header-main-stick-meta":"","header-below-stick-meta":"","astra-migrate-meta-layouts":"set","ast-page-background-enabled":"default","ast-page-background-meta":{"desktop":{"background-color":"","background-image":"","background-repeat":"repeat","background-position":"center center","background-size":"auto","background-attachment":"scroll","background-type":"","background-media":"","overlay-type":"","overlay-color":"","overlay-opacity":"","overlay-gradient":""},"tablet":{"background-color":"","background-image":"","background-repeat":"repeat","background-position":"center center","background-size":"auto","background-attachment":"scroll","background-type":"","background-media":"","overlay-type":"","overlay-color":"","overlay-opacity":"","overlay-gradient":""},"mobile":{"background-color":"","background-image":"","background-repeat":"repeat","background-position":"center center","background-size":"auto","background-attachment":"scroll","background-type":"","background-media":"","overlay-type":"","overlay-color":"","overlay-opacity":"","overlay-gradient":""}},"ast-content-background-meta":{"desktop":{"background-color":"var(--ast-global-color-5)","background-image":"","background-repeat":"repeat","background-position":"center center","background-size":"auto","background-attachment":"scroll","background-type":"","background-media":"","overlay-type":"","overlay-color":"","overlay-opacity":"","overlay-gradient":""},"tablet":{"background-color":"var(--ast-global-color-5)","background-image":"","background-repeat":"repeat","background-position":"center center","background-size":"auto","background-attachment":"scroll","background-type":"","background-media":"","overlay-type":"","overlay-color":"","overlay-opacity":"","overlay-gradient":""},"mobile":{"background-color":"var(--ast-global-color-5)","background-image":"","background-repeat":"repeat","background-position":"center center","background-size":"auto","background-attachment":"scroll","background-type":"","background-media":"","overlay-type":"","overlay-color":"","overlay-opacity":"","overlay-gradient":""}}},"product_brand":[],"product_cat":[85,159,169],"product_tag":[],"class_list":{"0":"post-19499","1":"product","2":"type-product","3":"status-publish","4":"has-post-thumbnail","6":"product_cat-dlapsa","7":"product_cat-smakolyki","8":"product_cat-gryzaki","9":"desktop-align-left","10":"tablet-align-left","11":"mobile-align-left","13":"first","14":"instock","15":"taxable","16":"shipping-taxable","17":"purchasable","18":"product-type-simple"},"jetpack_sharing_enabled":true,"_links":{"self":[{"href":"https:\/\/mooncraft.com.pl\/index.php?rest_route=\/wp\/v2\/product\/19499","targetHints":{"allow":["GET"]}}],"collection":[{"href":"https:\/\/mooncraft.com.pl\/index.php?rest_route=\/wp\/v2\/product"}],"about":[{"href":"https:\/\/mooncraft.com.pl\/index.php?rest_route=\/wp\/v2\/types\/product"}],"wp:featuredmedia":[{"embeddable":true,"href":"https:\/\/mooncraft.com.pl\/index.php?rest_route=\/wp\/v2\/media\/19498"}],"wp:attachment":[{"href":"https:\/\/mooncraft.com.pl\/index.php?rest_route=%2Fwp%2Fv2%2Fmedia&parent=19499"}],"wp:term":[{"taxonomy":"product_brand","embeddable":true,"href":"https:\/\/mooncraft.com.pl\/index.php?rest_route=%2Fwp%2Fv2%2Fproduct_brand&post=19499"},{"taxonomy":"product_cat","embeddable":true,"href":"https:\/\/mooncraft.com.pl\/index.php?rest_route=%2Fwp%2Fv2%2Fproduct_cat&post=19499"},{"taxonomy":"product_tag","embeddable":true,"href":"https:\/\/mooncraft.com.pl\/index.php?rest_route=%2Fwp%2Fv2%2Fproduct_tag&post=19499"}],"curies":[{"name":"wp","href":"https:\/\/api.w.org\/{rel}","templated":true}]}}