{"id":19488,"date":"2025-03-27T19:47:20","date_gmt":"2025-03-27T19:47:20","guid":{"rendered":"https:\/\/mooncraft.com.pl\/?post_type=product&#038;p=19488"},"modified":"2025-12-16T18:12:40","modified_gmt":"2025-12-16T18:12:40","slug":"meatstuff-jadra-wolowe-doypack-100-g","status":"publish","type":"product","link":"https:\/\/mooncraft.com.pl\/?product=meatstuff-jadra-wolowe-doypack-100-g","title":{"rendered":"MEATSTUFF- J\u0105dra wo\u0142owe (doypack 100 g)"},"content":{"rendered":"<section>\n<section>\n<section>\n<section>\n<section>\n<section id=\"opis-produktu\" class=\"section_product section_product--part_of_bar section_product--first_item_of_bar section_product--v1 section section_product--v1__desc section--padding-top-medium\">\n<div class=\"section_body\">\n<div class=\"productDesc productDesc--full container\">\n<div class=\"productDesc__left grow productDesc__left--no_params\">\n<div class=\"productDesc__desc typography\">\n<p><span style=\"font-size: 16px;\">Do uzyskania 1 kg gryzak\u00f3w zu\u017cyli\u015bmy a\u017c 10 kg surowca<\/span><\/p>\n<table class=\"woocommerce-product-attributes shop_attributes\">\n<tbody>\n<tr class=\"woocommerce-product-attributes-item woocommerce-product-attributes-item--weight\">\n<th class=\"woocommerce-product-attributes-item__label\">Waga<\/th>\n<td class=\"woocommerce-product-attributes-item__value\">0.1 kg<\/td>\n<\/tr>\n<tr class=\"woocommerce-product-attributes-item woocommerce-product-attributes-item--attribute_pa_bialko-surowe\">\n<th class=\"woocommerce-product-attributes-item__label\">Bia\u0142ko surowe<\/th>\n<td class=\"woocommerce-product-attributes-item__value\">74,6%<\/td>\n<\/tr>\n<tr class=\"woocommerce-product-attributes-item woocommerce-product-attributes-item--attribute_pa_tluszcz-surowy\">\n<th class=\"woocommerce-product-attributes-item__label\">T\u0142uszcz surowy<\/th>\n<td class=\"woocommerce-product-attributes-item__value\">12,9%<\/td>\n<\/tr>\n<tr class=\"woocommerce-product-attributes-item woocommerce-product-attributes-item--attribute_pa_wilgotnosc\">\n<th class=\"woocommerce-product-attributes-item__label\">Wilgotno\u015b\u0107<\/th>\n<td class=\"woocommerce-product-attributes-item__value\">6,0%<\/td>\n<\/tr>\n<tr class=\"woocommerce-product-attributes-item woocommerce-product-attributes-item--attribute_pa_skala-twardosci\">\n<th class=\"woocommerce-product-attributes-item__label\">Skala twardo\u015bci<\/th>\n<td class=\"woocommerce-product-attributes-item__value\">mi\u0119kki<\/td>\n<\/tr>\n<tr class=\"woocommerce-product-attributes-item woocommerce-product-attributes-item--attribute_pa_marka-wlasna\">\n<th class=\"woocommerce-product-attributes-item__label\">Marka<\/th>\n<td class=\"woocommerce-product-attributes-item__value\">MEAT STUFF<\/td>\n<\/tr>\n<tr class=\"woocommerce-product-attributes-item woocommerce-product-attributes-item--attribute_pa_przeznaczenie\">\n<th class=\"woocommerce-product-attributes-item__label\">Przeznaczenie<\/th>\n<td class=\"woocommerce-product-attributes-item__value\">dla seniora i szczeniaka<\/td>\n<\/tr>\n<\/tbody>\n<\/table>\n<p><span style=\"font-size: 16px;\">Po otwarciu szczelnie zamknij opakowanie.<\/span><\/p>\n<\/div>\n<\/div>\n<\/div>\n<\/div>\n<\/section>\n<\/section>\n<\/section>\n<\/section>\n<\/section>\n<\/section>\n","protected":false},"excerpt":{"rendered":"<ul>\n<li><strong>J\u0105dra wo\u0142owe<\/strong>\u00a0to niewielkie, chrupi\u0105ce i aromatyczne przysmaki o du\u017cej zawarto\u015bci bia\u0142ka i do\u015b\u0107 niskiej zawarto\u015bci t\u0142uszczu. Dzi\u0119ki intensywnemu zapachowi idealnie sprawdzaj\u0105 si\u0119 jako atrakcyjna nagroda. Ze wzgl\u0119du na odpowiedni\u0105 twardo\u015b\u0107 szczeg\u00f3lnie nadaj\u0105 si\u0119 dla szczeniak\u00f3w i psich senior\u00f3w. Posiadaj\u0105 do\u015b\u0107 intensywny zapach.<\/li>\n<\/ul>\n","protected":false},"featured_media":19489,"template":"","meta":{"site-sidebar-layout":"default","site-content-layout":"","ast-site-content-layout":"default","site-content-style":"default","site-sidebar-style":"default","ast-global-header-display":"","ast-banner-title-visibility":"","ast-main-header-display":"","ast-hfb-above-header-display":"","ast-hfb-below-header-display":"","ast-hfb-mobile-header-display":"","site-post-title":"","ast-breadcrumbs-content":"","ast-featured-img":"","footer-sml-layout":"","ast-disable-related-posts":"","theme-transparent-header-meta":"default","adv-header-id-meta":"","stick-header-meta":"","header-above-stick-meta":"","header-main-stick-meta":"","header-below-stick-meta":"","astra-migrate-meta-layouts":"set","ast-page-background-enabled":"default","ast-page-background-meta":{"desktop":{"background-color":"","background-image":"","background-repeat":"repeat","background-position":"center center","background-size":"auto","background-attachment":"scroll","background-type":"","background-media":"","overlay-type":"","overlay-color":"","overlay-opacity":"","overlay-gradient":""},"tablet":{"background-color":"","background-image":"","background-repeat":"repeat","background-position":"center center","background-size":"auto","background-attachment":"scroll","background-type":"","background-media":"","overlay-type":"","overlay-color":"","overlay-opacity":"","overlay-gradient":""},"mobile":{"background-color":"","background-image":"","background-repeat":"repeat","background-position":"center center","background-size":"auto","background-attachment":"scroll","background-type":"","background-media":"","overlay-type":"","overlay-color":"","overlay-opacity":"","overlay-gradient":""}},"ast-content-background-meta":{"desktop":{"background-color":"var(--ast-global-color-5)","background-image":"","background-repeat":"repeat","background-position":"center center","background-size":"auto","background-attachment":"scroll","background-type":"","background-media":"","overlay-type":"","overlay-color":"","overlay-opacity":"","overlay-gradient":""},"tablet":{"background-color":"var(--ast-global-color-5)","background-image":"","background-repeat":"repeat","background-position":"center center","background-size":"auto","background-attachment":"scroll","background-type":"","background-media":"","overlay-type":"","overlay-color":"","overlay-opacity":"","overlay-gradient":""},"mobile":{"background-color":"var(--ast-global-color-5)","background-image":"","background-repeat":"repeat","background-position":"center center","background-size":"auto","background-attachment":"scroll","background-type":"","background-media":"","overlay-type":"","overlay-color":"","overlay-opacity":"","overlay-gradient":""}}},"product_brand":[],"product_cat":[85,159,169],"product_tag":[],"class_list":{"0":"post-19488","1":"product","2":"type-product","3":"status-publish","4":"has-post-thumbnail","6":"product_cat-dlapsa","7":"product_cat-smakolyki","8":"product_cat-gryzaki","9":"desktop-align-left","10":"tablet-align-left","11":"mobile-align-left","13":"first","14":"instock","15":"taxable","16":"shipping-taxable","17":"purchasable","18":"product-type-simple"},"jetpack_sharing_enabled":true,"_links":{"self":[{"href":"https:\/\/mooncraft.com.pl\/index.php?rest_route=\/wp\/v2\/product\/19488","targetHints":{"allow":["GET"]}}],"collection":[{"href":"https:\/\/mooncraft.com.pl\/index.php?rest_route=\/wp\/v2\/product"}],"about":[{"href":"https:\/\/mooncraft.com.pl\/index.php?rest_route=\/wp\/v2\/types\/product"}],"wp:featuredmedia":[{"embeddable":true,"href":"https:\/\/mooncraft.com.pl\/index.php?rest_route=\/wp\/v2\/media\/19489"}],"wp:attachment":[{"href":"https:\/\/mooncraft.com.pl\/index.php?rest_route=%2Fwp%2Fv2%2Fmedia&parent=19488"}],"wp:term":[{"taxonomy":"product_brand","embeddable":true,"href":"https:\/\/mooncraft.com.pl\/index.php?rest_route=%2Fwp%2Fv2%2Fproduct_brand&post=19488"},{"taxonomy":"product_cat","embeddable":true,"href":"https:\/\/mooncraft.com.pl\/index.php?rest_route=%2Fwp%2Fv2%2Fproduct_cat&post=19488"},{"taxonomy":"product_tag","embeddable":true,"href":"https:\/\/mooncraft.com.pl\/index.php?rest_route=%2Fwp%2Fv2%2Fproduct_tag&post=19488"}],"curies":[{"name":"wp","href":"https:\/\/api.w.org\/{rel}","templated":true}]}}