{"id":19460,"date":"2025-03-21T16:54:17","date_gmt":"2025-03-21T16:54:17","guid":{"rendered":"https:\/\/mooncraft.com.pl\/?post_type=product&#038;p=19460"},"modified":"2026-03-14T11:30:20","modified_gmt":"2026-03-14T11:30:20","slug":"woreczek-na-smakolyki-niespodzianka-oferta-limitowana","status":"publish","type":"product","link":"https:\/\/mooncraft.com.pl\/?product=woreczek-na-smakolyki-niespodzianka-oferta-limitowana","title":{"rendered":"WORECZEK NA SMAKO\u0141YKI NIESPODZIANKA &#8211; Oferta Limitowana"},"content":{"rendered":"<p>Materia\u0142y wodoodporne<\/p>\n<p>Karabi\u0144czyk do przyczepiania woreczka do spodni czy smyczy (smycze Moon Craft maj\u0105 wszyte w tym celu specjalne p\u00f3\u0142kole przy r\u0105czce)<\/p>\n<p>zamykany na zaci\u0105gni\u0119cie gumosznurka<\/p>\n<p>wymiar: wysoko\u015b\u0107 11cm, podstawa : 5cm x 8cm<\/p>\n","protected":false},"excerpt":{"rendered":"<p><strong>Lubisz niespodzianki ? To si\u0119 idealnie sk\u0142ada !<\/strong><\/p>\n<h5>Kompaktowy woreczek na smako\u0142yki WERSJA MINI aby nie trzyma\u0107 drobnych smako\u0142yk\u00f3w w kieszeniach<\/h5>\n<p>W pozosta\u0142ych produktach znajdziesz obro\u017ce, smycze i poow\u00f3ry w wersji niespodzianki &#8211; dodaj do koszyka to co Ci\u0119 inetresuje i uszyjemy z komplet niespodziank\u0119.<\/p>\n<p>Wszystko szyjemy z najwi\u0119ksz\u0105 staranno\u015bci\u0105 i postaramy si\u0119 mi\u0142o Ci\u0119 zaskoczy\u0107 &lt;3<\/p>\n<p>Oferta dzia\u0142a do wyczerpania puli<\/p>\n<p>&nbsp;<\/p>\n","protected":false},"featured_media":19444,"template":"","meta":{"site-sidebar-layout":"default","site-content-layout":"","ast-site-content-layout":"default","site-content-style":"default","site-sidebar-style":"default","ast-global-header-display":"","ast-banner-title-visibility":"","ast-main-header-display":"","ast-hfb-above-header-display":"","ast-hfb-below-header-display":"","ast-hfb-mobile-header-display":"","site-post-title":"","ast-breadcrumbs-content":"","ast-featured-img":"","footer-sml-layout":"","ast-disable-related-posts":"","theme-transparent-header-meta":"default","adv-header-id-meta":"","stick-header-meta":"","header-above-stick-meta":"","header-main-stick-meta":"","header-below-stick-meta":"","astra-migrate-meta-layouts":"set","ast-page-background-enabled":"default","ast-page-background-meta":{"desktop":{"background-color":"","background-image":"","background-repeat":"repeat","background-position":"center center","background-size":"auto","background-attachment":"scroll","background-type":"","background-media":"","overlay-type":"","overlay-color":"","overlay-opacity":"","overlay-gradient":""},"tablet":{"background-color":"","background-image":"","background-repeat":"repeat","background-position":"center center","background-size":"auto","background-attachment":"scroll","background-type":"","background-media":"","overlay-type":"","overlay-color":"","overlay-opacity":"","overlay-gradient":""},"mobile":{"background-color":"","background-image":"","background-repeat":"repeat","background-position":"center center","background-size":"auto","background-attachment":"scroll","background-type":"","background-media":"","overlay-type":"","overlay-color":"","overlay-opacity":"","overlay-gradient":""}},"ast-content-background-meta":{"desktop":{"background-color":"var(--ast-global-color-5)","background-image":"","background-repeat":"repeat","background-position":"center center","background-size":"auto","background-attachment":"scroll","background-type":"","background-media":"","overlay-type":"","overlay-color":"","overlay-opacity":"","overlay-gradient":""},"tablet":{"background-color":"var(--ast-global-color-5)","background-image":"","background-repeat":"repeat","background-position":"center center","background-size":"auto","background-attachment":"scroll","background-type":"","background-media":"","overlay-type":"","overlay-color":"","overlay-opacity":"","overlay-gradient":""},"mobile":{"background-color":"var(--ast-global-color-5)","background-image":"","background-repeat":"repeat","background-position":"center center","background-size":"auto","background-attachment":"scroll","background-type":"","background-media":"","overlay-type":"","overlay-color":"","overlay-opacity":"","overlay-gradient":""}}},"product_brand":[],"product_cat":[85,97],"product_tag":[],"class_list":{"0":"post-19460","1":"product","2":"type-product","3":"status-publish","4":"has-post-thumbnail","6":"product_cat-dlapsa","7":"product_cat-poowory","8":"product_shipping_class-male-paczki","9":"desktop-align-left","10":"tablet-align-left","11":"mobile-align-left","13":"first","14":"instock","15":"featured","16":"taxable","17":"shipping-taxable","18":"purchasable","19":"product-type-simple"},"jetpack_sharing_enabled":true,"_links":{"self":[{"href":"https:\/\/mooncraft.com.pl\/index.php?rest_route=\/wp\/v2\/product\/19460","targetHints":{"allow":["GET"]}}],"collection":[{"href":"https:\/\/mooncraft.com.pl\/index.php?rest_route=\/wp\/v2\/product"}],"about":[{"href":"https:\/\/mooncraft.com.pl\/index.php?rest_route=\/wp\/v2\/types\/product"}],"wp:featuredmedia":[{"embeddable":true,"href":"https:\/\/mooncraft.com.pl\/index.php?rest_route=\/wp\/v2\/media\/19444"}],"wp:attachment":[{"href":"https:\/\/mooncraft.com.pl\/index.php?rest_route=%2Fwp%2Fv2%2Fmedia&parent=19460"}],"wp:term":[{"taxonomy":"product_brand","embeddable":true,"href":"https:\/\/mooncraft.com.pl\/index.php?rest_route=%2Fwp%2Fv2%2Fproduct_brand&post=19460"},{"taxonomy":"product_cat","embeddable":true,"href":"https:\/\/mooncraft.com.pl\/index.php?rest_route=%2Fwp%2Fv2%2Fproduct_cat&post=19460"},{"taxonomy":"product_tag","embeddable":true,"href":"https:\/\/mooncraft.com.pl\/index.php?rest_route=%2Fwp%2Fv2%2Fproduct_tag&post=19460"}],"curies":[{"name":"wp","href":"https:\/\/api.w.org\/{rel}","templated":true}]}}