{"id":19401,"date":"2025-03-19T19:16:20","date_gmt":"2025-03-19T19:16:20","guid":{"rendered":"https:\/\/mooncraft.com.pl\/?post_type=product&#038;p=19401"},"modified":"2026-01-07T09:27:20","modified_gmt":"2026-01-07T09:27:20","slug":"och-ach-perliczka-przysmaki-liofilizowane-40g-perro","status":"publish","type":"product","link":"https:\/\/mooncraft.com.pl\/?product=och-ach-perliczka-przysmaki-liofilizowane-40g-perro","title":{"rendered":"OCH ACH Perliczka Przysmaki liofilizowane 40g Perro"},"content":{"rendered":"<p>Sk\u0142ad:\u00a0perliczka 99 %, ekstrakt z\u00a0rozmarynu, mieszanka tokoferoli (naturalne antyoksydanty)<\/p>\n<p>Perliczka\u00a0\u2013 to doskona\u0142e \u017ar\u00f3d\u0142o lekkostrawnego bia\u0142ka. Mi\u0119so perliczki zawiera witamin\u0119 B6 oraz selen, kt\u00f3re pomagaj\u0105 chroni\u0107 kom\u00f3rki przed uszkodzeniami wywo\u0142ywanymi przez wolne rodniki.<\/p>\n<p>Ekstrakt z rozmarynu\u00a0\u2013 ma w\u0142a\u015bciwo\u015bci antybakteryjne i przeciwzapalne, kt\u00f3re pomagaj\u0105 w utrzymaniu zdrowia uk\u0142adu pokarmowego.<\/p>\n<p>Mieszanka tokoferoli\u00a0\u2013 wchodzi w sk\u0142ad witaminy E, naturalny antyoksydant.<\/p>\n<p>&nbsp;<\/p>\n<p>Pami\u0119taj, \u017ce przysmaki i gryzaki\u00a0nie mog\u0105 stanowi\u0107 wi\u0119cej ni\u017c 10%\u00a0dziennej diety Twojego psa.<\/p>\n<p>Przechowywa\u0107\u00a0OCH ACH\u00a0w ch\u0142odnym i suchym miejscu, w zamkni\u0119tym opakowaniu. Nasze opakowanie mo\u017cna\u00a0ponownie zamyka\u0107 i otwiera\u0107 \u2013 nie przegap tego!<\/p>\n","protected":false},"excerpt":{"rendered":"<p>Liofilizowane przysmaki OCH ACH dla wszystkich czworono\u017cnych przyjaci\u00f3\u0142, dla kt\u00f3rych g\u0142\u0119bia smaku to sedno sprawy w motywacji treningowej, sprawianiu przyjemno\u015bci, a jednocze\u015bnie definicja szcz\u0119\u015bcia.<\/p>\n<p>Przysmaki OCH ACH\u00a0nie zawieraj\u0105\u00a0gliceryny.<\/p>\n","protected":false},"featured_media":19407,"template":"","meta":{"site-sidebar-layout":"default","site-content-layout":"","ast-site-content-layout":"default","site-content-style":"default","site-sidebar-style":"default","ast-global-header-display":"","ast-banner-title-visibility":"","ast-main-header-display":"","ast-hfb-above-header-display":"","ast-hfb-below-header-display":"","ast-hfb-mobile-header-display":"","site-post-title":"","ast-breadcrumbs-content":"","ast-featured-img":"","footer-sml-layout":"","ast-disable-related-posts":"","theme-transparent-header-meta":"default","adv-header-id-meta":"","stick-header-meta":"","header-above-stick-meta":"","header-main-stick-meta":"","header-below-stick-meta":"","astra-migrate-meta-layouts":"set","ast-page-background-enabled":"default","ast-page-background-meta":{"desktop":{"background-color":"","background-image":"","background-repeat":"repeat","background-position":"center center","background-size":"auto","background-attachment":"scroll","background-type":"","background-media":"","overlay-type":"","overlay-color":"","overlay-opacity":"","overlay-gradient":""},"tablet":{"background-color":"","background-image":"","background-repeat":"repeat","background-position":"center center","background-size":"auto","background-attachment":"scroll","background-type":"","background-media":"","overlay-type":"","overlay-color":"","overlay-opacity":"","overlay-gradient":""},"mobile":{"background-color":"","background-image":"","background-repeat":"repeat","background-position":"center center","background-size":"auto","background-attachment":"scroll","background-type":"","background-media":"","overlay-type":"","overlay-color":"","overlay-opacity":"","overlay-gradient":""}},"ast-content-background-meta":{"desktop":{"background-color":"var(--ast-global-color-5)","background-image":"","background-repeat":"repeat","background-position":"center center","background-size":"auto","background-attachment":"scroll","background-type":"","background-media":"","overlay-type":"","overlay-color":"","overlay-opacity":"","overlay-gradient":""},"tablet":{"background-color":"var(--ast-global-color-5)","background-image":"","background-repeat":"repeat","background-position":"center center","background-size":"auto","background-attachment":"scroll","background-type":"","background-media":"","overlay-type":"","overlay-color":"","overlay-opacity":"","overlay-gradient":""},"mobile":{"background-color":"var(--ast-global-color-5)","background-image":"","background-repeat":"repeat","background-position":"center center","background-size":"auto","background-attachment":"scroll","background-type":"","background-media":"","overlay-type":"","overlay-color":"","overlay-opacity":"","overlay-gradient":""}}},"product_brand":[],"product_cat":[85,159,170],"product_tag":[],"class_list":{"0":"post-19401","1":"product","2":"type-product","3":"status-publish","4":"has-post-thumbnail","6":"product_cat-dlapsa","7":"product_cat-smakolyki","8":"product_cat-przysmaki","9":"desktop-align-left","10":"tablet-align-left","11":"mobile-align-left","13":"first","14":"instock","15":"taxable","16":"shipping-taxable","17":"purchasable","18":"product-type-simple"},"jetpack_sharing_enabled":true,"_links":{"self":[{"href":"https:\/\/mooncraft.com.pl\/index.php?rest_route=\/wp\/v2\/product\/19401","targetHints":{"allow":["GET"]}}],"collection":[{"href":"https:\/\/mooncraft.com.pl\/index.php?rest_route=\/wp\/v2\/product"}],"about":[{"href":"https:\/\/mooncraft.com.pl\/index.php?rest_route=\/wp\/v2\/types\/product"}],"wp:featuredmedia":[{"embeddable":true,"href":"https:\/\/mooncraft.com.pl\/index.php?rest_route=\/wp\/v2\/media\/19407"}],"wp:attachment":[{"href":"https:\/\/mooncraft.com.pl\/index.php?rest_route=%2Fwp%2Fv2%2Fmedia&parent=19401"}],"wp:term":[{"taxonomy":"product_brand","embeddable":true,"href":"https:\/\/mooncraft.com.pl\/index.php?rest_route=%2Fwp%2Fv2%2Fproduct_brand&post=19401"},{"taxonomy":"product_cat","embeddable":true,"href":"https:\/\/mooncraft.com.pl\/index.php?rest_route=%2Fwp%2Fv2%2Fproduct_cat&post=19401"},{"taxonomy":"product_tag","embeddable":true,"href":"https:\/\/mooncraft.com.pl\/index.php?rest_route=%2Fwp%2Fv2%2Fproduct_tag&post=19401"}],"curies":[{"name":"wp","href":"https:\/\/api.w.org\/{rel}","templated":true}]}}