{"id":19398,"date":"2025-03-19T18:35:36","date_gmt":"2025-03-19T18:35:36","guid":{"rendered":"https:\/\/mooncraft.com.pl\/?post_type=product&#038;p=19398"},"modified":"2025-08-18T11:19:33","modified_gmt":"2025-08-18T11:19:33","slug":"szarpak-valhaulla-klasyczny-owca-ciemna-zielen","status":"publish","type":"product","link":"https:\/\/mooncraft.com.pl\/?product=szarpak-valhaulla-klasyczny-owca-ciemna-zielen","title":{"rendered":"Szarpak VALHAULLA klasyczny OWCA &#8211; Ciemna ziele\u0144"},"content":{"rendered":"<p>Sk\u00f3ra owcza pokryta grubym futerkiem<\/p>\n<p>posiada sw\u00f3j naturalny zapach, kt\u00f3ry dodaje super mocy do motywacji przy zabawie\u00a0 psiakiem.<\/p>\n<p>Dedykowane dla psiak\u00f3w z pewnym chwytem<\/p>\n<p>D\u0142ugo\u015b\u0107 ca\u0142kowita ok 57cm<\/p>\n<p>Szarpak jest przeszyty przez ca\u0142\u0105 d\u0142ugo\u015b\u0107, dzi\u0119ki temu jest maksymalnie wytrzyma\u0142y<\/p>\n<p>&nbsp;<\/p>\n<p>PIEL\u0118GNACJA:<\/p>\n<p>Wy\u0142\u0105cznie pranie r\u0119czne, wyczesa\u0107 po praniu , unika\u0107 kontaktu sk\u00f3ry owczej z wod\u0105<\/p>\n","protected":false},"excerpt":{"rendered":"<p><strong>R\u0119cznie szyty szarpak firmy Valhaulla Handmade<\/strong><\/p>\n<p>Szarpak amortyzowany\u00a0 57cm na futerku owczym z ciemno zielon\u0105 r\u0105czk\u0105<\/p>\n","protected":false},"featured_media":19375,"template":"","meta":{"site-sidebar-layout":"default","site-content-layout":"default","ast-site-content-layout":"default","site-content-style":"default","site-sidebar-style":"default","ast-global-header-display":"","ast-banner-title-visibility":"","ast-main-header-display":"","ast-hfb-above-header-display":"","ast-hfb-below-header-display":"","ast-hfb-mobile-header-display":"","site-post-title":"","ast-breadcrumbs-content":"","ast-featured-img":"","footer-sml-layout":"","ast-disable-related-posts":"","theme-transparent-header-meta":"default","adv-header-id-meta":"","stick-header-meta":"","header-above-stick-meta":"","header-main-stick-meta":"","header-below-stick-meta":"","astra-migrate-meta-layouts":"set","ast-page-background-enabled":"default","ast-page-background-meta":{"desktop":{"background-color":"","background-image":"","background-repeat":"repeat","background-position":"center center","background-size":"auto","background-attachment":"scroll","background-type":"","background-media":"","overlay-type":"","overlay-color":"","overlay-opacity":"","overlay-gradient":""},"tablet":{"background-color":"","background-image":"","background-repeat":"repeat","background-position":"center center","background-size":"auto","background-attachment":"scroll","background-type":"","background-media":"","overlay-type":"","overlay-color":"","overlay-opacity":"","overlay-gradient":""},"mobile":{"background-color":"","background-image":"","background-repeat":"repeat","background-position":"center center","background-size":"auto","background-attachment":"scroll","background-type":"","background-media":"","overlay-type":"","overlay-color":"","overlay-opacity":"","overlay-gradient":""}},"ast-content-background-meta":{"desktop":{"background-color":"var(--ast-global-color-5)","background-image":"","background-repeat":"repeat","background-position":"center center","background-size":"auto","background-attachment":"scroll","background-type":"","background-media":"","overlay-type":"","overlay-color":"","overlay-opacity":"","overlay-gradient":""},"tablet":{"background-color":"var(--ast-global-color-5)","background-image":"","background-repeat":"repeat","background-position":"center center","background-size":"auto","background-attachment":"scroll","background-type":"","background-media":"","overlay-type":"","overlay-color":"","overlay-opacity":"","overlay-gradient":""},"mobile":{"background-color":"var(--ast-global-color-5)","background-image":"","background-repeat":"repeat","background-position":"center center","background-size":"auto","background-attachment":"scroll","background-type":"","background-media":"","overlay-type":"","overlay-color":"","overlay-opacity":"","overlay-gradient":""}}},"product_brand":[],"product_cat":[85,136],"product_tag":[],"class_list":{"0":"post-19398","1":"product","2":"type-product","3":"status-publish","4":"has-post-thumbnail","6":"product_cat-dlapsa","7":"product_cat-szarpaki","8":"desktop-align-left","9":"tablet-align-left","10":"mobile-align-left","12":"first","13":"instock","14":"taxable","15":"shipping-taxable","16":"purchasable","17":"product-type-simple"},"jetpack_sharing_enabled":true,"_links":{"self":[{"href":"https:\/\/mooncraft.com.pl\/index.php?rest_route=\/wp\/v2\/product\/19398","targetHints":{"allow":["GET"]}}],"collection":[{"href":"https:\/\/mooncraft.com.pl\/index.php?rest_route=\/wp\/v2\/product"}],"about":[{"href":"https:\/\/mooncraft.com.pl\/index.php?rest_route=\/wp\/v2\/types\/product"}],"wp:featuredmedia":[{"embeddable":true,"href":"https:\/\/mooncraft.com.pl\/index.php?rest_route=\/wp\/v2\/media\/19375"}],"wp:attachment":[{"href":"https:\/\/mooncraft.com.pl\/index.php?rest_route=%2Fwp%2Fv2%2Fmedia&parent=19398"}],"wp:term":[{"taxonomy":"product_brand","embeddable":true,"href":"https:\/\/mooncraft.com.pl\/index.php?rest_route=%2Fwp%2Fv2%2Fproduct_brand&post=19398"},{"taxonomy":"product_cat","embeddable":true,"href":"https:\/\/mooncraft.com.pl\/index.php?rest_route=%2Fwp%2Fv2%2Fproduct_cat&post=19398"},{"taxonomy":"product_tag","embeddable":true,"href":"https:\/\/mooncraft.com.pl\/index.php?rest_route=%2Fwp%2Fv2%2Fproduct_tag&post=19398"}],"curies":[{"name":"wp","href":"https:\/\/api.w.org\/{rel}","templated":true}]}}