{"id":19302,"date":"2025-03-18T16:15:16","date_gmt":"2025-03-18T16:15:16","guid":{"rendered":"https:\/\/mooncraft.com.pl\/?post_type=product&#038;p=19302"},"modified":"2026-01-03T13:08:18","modified_gmt":"2026-01-03T13:08:18","slug":"dogy-hypo-kosc-z-jelenia-17cm-1szt","status":"publish","type":"product","link":"https:\/\/mooncraft.com.pl\/?product=dogy-hypo-kosc-z-jelenia-17cm-1szt","title":{"rendered":"DOGY HYPO &#8211; Ko\u015b\u0107 z Jelenia 17cm 1szt"},"content":{"rendered":"<section>\n<section>\n<section>\n<section>\n<section>\n<section id=\"opis-produktu\" class=\"section_product section_product--part_of_bar section_product--first_item_of_bar section_product--v1 section section_product--v1__desc section--padding-top-medium\">\n<div class=\"section_body\">\n<div class=\"productDesc productDesc--full container\">\n<div class=\"productDesc__left grow productDesc__left--no_params\">\n<div class=\"productDesc__desc typography\">\n<p>Ko\u015bci HYPO zosta\u0142y tworzone z\u00a0my\u015bl\u0105 o\u00a0psach z\u00a0wra\u017cliwym uk\u0142adem pokarmowym oraz\u00a0alergiach. Stanowi\u0105 zdrow\u0105 i\u00a0bezpieczn\u0105 alternatyw\u0119 dla tradycyjnych przysmak\u00f3w. Dzi\u0119ki swojej konstrukcji zaspokajaj\u0105 naturaln\u0105 potrzeb\u0119 gryzienia i\u00a0\u017cucia, co jest kluczowe dla zdrowia psychicznego i\u00a0fizycznego psa. Dodatkowo, produkt ten jest idealnym wsparciem w\u00a0chwilach relaksu po aktywno\u015bciach fizycznych, takich jak spacery, oraz\u00a0jako nagroda po stresuj\u0105cych sytuacjach, np. wizycie u weterynarza.<\/p>\n<h6><strong>Sk\u0142ad:<\/strong><\/h6>\n<p>100% sk\u00f3ra jelenia<\/p>\n<p>Bez konserwant\u00f3w, barwnik\u00f3w i\u00a0sztucznych dodatk\u00f3w<\/p>\n<h6><strong>Zalety gryzak\u00f3w HYPO:<\/strong><\/h6>\n<p><strong>Hypoalergiczny sk\u0142ad<\/strong>\u00a0\u2013 Gryzaki s\u0105 idealne dla ps\u00f3w z\u00a0alergiami pokarmowymi, gdy\u017c\u00a0nie zawieraj\u0105 \u017cadnych potencjalnie dra\u017cni\u0105cych sk\u0142adnik\u00f3w.<\/p>\n<p><strong>100% naturalna sk\u00f3ra jelenia\u00a0<\/strong>\u2013 Bezpieczny i\u00a0zdrowy sk\u0142adnik o\u00a0najwy\u017cszej jako\u015bci, bez \u017cadnych chemicznych dodatk\u00f3w, co sprawia, \u017ce\u00a0produkt jest odpowiedni dla najbardziej wymagaj\u0105cych ps\u00f3w i\u00a0ich opiekun\u00f3w.<\/p>\n<p><strong>Wsparcie higieny jamy ustnej<\/strong>\u00a0\u2013 Regularne \u017cucie gryzak\u00f3w wspomaga usuwa\u0107 osad i\u00a0zapobiega powstawaniu kamienia naz\u0119bnego.<\/p>\n<p><strong>Zaspokajanie naturalnych instynkt\u00f3w\u00a0<\/strong>\u2013 Psy maj\u0105 naturaln\u0105 potrzeb\u0119 gryzienia i\u00a0\u017cucia, a\u00a0gryzaki HYPO doskonale zaspokajaj\u0105 te potrzeby, pomagaj\u0105c psom si\u0119 zrelaksowa\u0107 i\u00a0wyciszy\u0107 po intensywnych aktywno\u015bciach.<\/p>\n<p><strong>Bezpieczne dla uk\u0142adu pokarmowego\u00a0<\/strong>\u2013 Dzi\u0119ki naturalnemu sk\u0142adowi, gryzaki s\u0105 lekkostrawne, co czyni je idealnym wyborem dla ps\u00f3w z\u00a0wra\u017cliwymi \u017co\u0142\u0105dkami.<\/p>\n<p><strong>Doskona\u0142a nagroda i\u00a0wsparcie w\u00a0sytuacjach stresowych<\/strong>\u00a0\u2013 Idealne jako nagroda po trudnych do\u015bwiadczeniach, takich jak wizyta u weterynarza, czy\u00a0spos\u00f3b na\u00a0wyciszenie po spacerze.<\/p>\n<h6><strong>Dost\u0119pne rozmiary:<\/strong><\/h6>\n<p>10 cm \u2013 odpowiedni dla najmniejszych ps\u00f3w.<br \/>\n12 cm \u2013 odpowiedni dla ma\u0142ych i\u00a0\u015brednich ps\u00f3w.<br \/>\n17 cm \u2013 dedykowany \u015brednim i\u00a0wi\u0119kszym rasom ps\u00f3w.<\/p>\n<h6><strong>Dla kogo?<\/strong><\/h6>\n<p>Gryzaki HYPO to idealne rozwi\u0105zanie dla opiekun\u00f3w, kt\u00f3rzy szukaj\u0105 zdrowych i\u00a0bezpiecznych przysmak\u00f3w dla swoich ps\u00f3w. Produkt zosta\u0142 stworzony z\u00a0my\u015bl\u0105 o\u00a0psach o\u00a0wra\u017cliwym uk\u0142adzie pokarmowym, alergikach, a\u00a0tak\u017ce o\u00a0opiekunach, kt\u00f3rzy ceni\u0105 sobie najwy\u017csz\u0105 jako\u015b\u0107 sk\u0142adnik\u00f3w w\u00a0codziennej diecie swojego pupila.<\/p>\n<p>Linia HYPO to przysmaki, kt\u00f3re \u0142\u0105cz\u0105 najwy\u017csz\u0105 jako\u015b\u0107 i\u00a0bezpiecze\u0144stwo z\u00a0pe\u0142nym wsparciem zdrowia i\u00a0dobrego samopoczucia psa.<\/p>\n<h6>Istotne informacje:<\/h6>\n<p><strong>Przeznaczenie:\u00a0<\/strong>Przysmak dla ps\u00f3w doros\u0142ych.\u00a0<strong>Zalecenia dotycz\u0105ce stosowania:<\/strong>\u00a0Zaleca si\u0119 podawanie 1-2 gryzak\u00f3w dziennie mi\u0119dzy posi\u0142kami. Przysmak nale\u017cy podawa\u0107 psu wy\u0142\u0105cznie pod nadzorem opiekuna. Zapewnij psu sta\u0142y dost\u0119p do \u015bwie\u017cej wody.\u00a0<strong>Warunki przechowywania:\u00a0<\/strong>Produkt nale\u017cy przechowywa\u0107 w\u00a0suchym, ch\u0142odnym i\u00a0zaciemnionym miejscu, aby zachowa\u0107 jego jako\u015b\u0107 i\u00a0bezpiecze\u0144stwo.<\/p>\n<h6>Zgodnie z\u00a0wymogami Rozporz\u0105dzenia GPSR<\/h6>\n<p>Poni\u017csze informacje zosta\u0142y przygotowane w\u00a0celu zapewnienia pe\u0142nej zgodno\u015bci z\u00a0Rozporz\u0105dzeniem o\u00a0Og\u00f3lnym Bezpiecze\u0144stwie Produkt\u00f3w (GPSR), aby zagwarantowa\u0107 bezpiecze\u0144stwo i\u00a0komfort u\u017cytkowania produktu.<\/p>\n<p><strong>Bezpiecze\u0144stwo i\u00a0jako\u015b\u0107:<\/strong>\u00a0Produkt zosta\u0142 wyprodukowany na\u00a0terenie Unii Europejskiej zgodnie z\u00a0normami UE, gwarantuj\u0105c najwy\u017csz\u0105 jako\u015b\u0107 i\u00a0bezpiecze\u0144stwo. Produkt spe\u0142nia standardy jako\u015bci i\u00a0bezpiecze\u0144stwa zgodne z\u00a0wymogami UE.\u00a0<strong>Potencjalne ryzyka:<\/strong>\u00a0Aby zapewni\u0107 psu pe\u0142ne bezpiecze\u0144stwo podczas gryzienia, zaleca si\u0119 podawanie produktu pod nadzorem opiekuna. Warto monitorowa\u0107 jego zabaw\u0119 z\u00a0gryzakiem i\u00a0upewni\u0107 si\u0119, \u017ce\u00a0produkt jest odpowiedni do rozmiaru i\u00a0stylu \u017cucia psa. Zaleca si\u0119 przerwanie podawania produktu, je\u015bli pies usi\u0142uje po\u0142kn\u0105\u0107 zbyt du\u017cy kawa\u0142ek lub\u00a0wykazuje trudno\u015bci z\u00a0\u017cuciem. W przypadku, gdy pies \u017cuje gryzak po raz pierwszy, nale\u017cy dok\u0142adnie sprawdzi\u0107 sk\u0142ad i\u00a0upewni\u0107 si\u0119, \u017ce\u00a0nie zawiera on sk\u0142adnik\u00f3w, na\u00a0kt\u00f3re pies mo\u017ce by\u0107 uczulony. Je\u015bli zauwa\u017cysz jakiekolwiek oznaki nietolerancji lub\u00a0alergii, takie jak wymioty, biegunka lub\u00a0nadmierne drapanie, przerwij podawanie produktu i\u00a0skonsultuj si\u0119 z\u00a0lekarzem weterynarii.\u00a0<strong>Kraj pochodzenia produktu &#8211;<\/strong>\u00a0produkt zosta\u0142 wyprodukowany w\u00a0Polsce.\u00a0<strong>Informacje o\u00a0producencie:<\/strong>\u00a0PETAKO Jaros\u0142aw Pawluczuk.\u00a0Konopnica 93E,\u00a021-030 Motycz,\u00a0Tel: 607-777-652, biuro@petako.pl<\/p>\n<\/div>\n<\/div>\n<\/div>\n<\/div>\n<\/section>\n<\/section>\n<\/section>\n<\/section>\n<\/section>\n<\/section>\n","protected":false},"excerpt":{"rendered":"<h6><strong>Ko\u015b\u0107 z\u00a0Jelenia z\u00a0linii HYPO<\/strong>\u00a0to wyj\u0105tkowy, w\u00a0pe\u0142ni naturalny przysmak dla ps\u00f3w, sk\u0142adaj\u0105cy si\u0119 w\u00a0100% ze sk\u00f3ry jelenia.<\/h6>\n<p>Gryzak ten to sk\u00f3ra jelenia zmielona i\u00a0ukszta\u0142towana w\u00a0kszta\u0142t ko\u015bci. Co istotne, ko\u015bci HYPO nie posiadaj\u0105 owijki ze sk\u00f3ry dzi\u0119ki czemu nadaj\u0105 si\u0119 nie tylko dla doros\u0142ych ps\u00f3w ale\u00a0r\u00f3wnie\u017c sprawdz\u0105 si\u0119 idealnie zar\u00f3wno u szczeni\u0105t jak i\u00a0senior\u00f3w!<\/p>\n","protected":false},"featured_media":19303,"template":"","meta":{"site-sidebar-layout":"default","site-content-layout":"","ast-site-content-layout":"default","site-content-style":"default","site-sidebar-style":"default","ast-global-header-display":"","ast-banner-title-visibility":"","ast-main-header-display":"","ast-hfb-above-header-display":"","ast-hfb-below-header-display":"","ast-hfb-mobile-header-display":"","site-post-title":"","ast-breadcrumbs-content":"","ast-featured-img":"","footer-sml-layout":"","ast-disable-related-posts":"","theme-transparent-header-meta":"default","adv-header-id-meta":"","stick-header-meta":"","header-above-stick-meta":"","header-main-stick-meta":"","header-below-stick-meta":"","astra-migrate-meta-layouts":"set","ast-page-background-enabled":"default","ast-page-background-meta":{"desktop":{"background-color":"","background-image":"","background-repeat":"repeat","background-position":"center center","background-size":"auto","background-attachment":"scroll","background-type":"","background-media":"","overlay-type":"","overlay-color":"","overlay-opacity":"","overlay-gradient":""},"tablet":{"background-color":"","background-image":"","background-repeat":"repeat","background-position":"center center","background-size":"auto","background-attachment":"scroll","background-type":"","background-media":"","overlay-type":"","overlay-color":"","overlay-opacity":"","overlay-gradient":""},"mobile":{"background-color":"","background-image":"","background-repeat":"repeat","background-position":"center center","background-size":"auto","background-attachment":"scroll","background-type":"","background-media":"","overlay-type":"","overlay-color":"","overlay-opacity":"","overlay-gradient":""}},"ast-content-background-meta":{"desktop":{"background-color":"var(--ast-global-color-5)","background-image":"","background-repeat":"repeat","background-position":"center center","background-size":"auto","background-attachment":"scroll","background-type":"","background-media":"","overlay-type":"","overlay-color":"","overlay-opacity":"","overlay-gradient":""},"tablet":{"background-color":"var(--ast-global-color-5)","background-image":"","background-repeat":"repeat","background-position":"center center","background-size":"auto","background-attachment":"scroll","background-type":"","background-media":"","overlay-type":"","overlay-color":"","overlay-opacity":"","overlay-gradient":""},"mobile":{"background-color":"var(--ast-global-color-5)","background-image":"","background-repeat":"repeat","background-position":"center center","background-size":"auto","background-attachment":"scroll","background-type":"","background-media":"","overlay-type":"","overlay-color":"","overlay-opacity":"","overlay-gradient":""}}},"product_brand":[],"product_cat":[85,159,169],"product_tag":[],"class_list":{"0":"post-19302","1":"product","2":"type-product","3":"status-publish","4":"has-post-thumbnail","6":"product_cat-dlapsa","7":"product_cat-smakolyki","8":"product_cat-gryzaki","9":"desktop-align-left","10":"tablet-align-left","11":"mobile-align-left","13":"first","14":"instock","15":"taxable","16":"shipping-taxable","17":"purchasable","18":"product-type-simple"},"jetpack_sharing_enabled":true,"_links":{"self":[{"href":"https:\/\/mooncraft.com.pl\/index.php?rest_route=\/wp\/v2\/product\/19302","targetHints":{"allow":["GET"]}}],"collection":[{"href":"https:\/\/mooncraft.com.pl\/index.php?rest_route=\/wp\/v2\/product"}],"about":[{"href":"https:\/\/mooncraft.com.pl\/index.php?rest_route=\/wp\/v2\/types\/product"}],"wp:featuredmedia":[{"embeddable":true,"href":"https:\/\/mooncraft.com.pl\/index.php?rest_route=\/wp\/v2\/media\/19303"}],"wp:attachment":[{"href":"https:\/\/mooncraft.com.pl\/index.php?rest_route=%2Fwp%2Fv2%2Fmedia&parent=19302"}],"wp:term":[{"taxonomy":"product_brand","embeddable":true,"href":"https:\/\/mooncraft.com.pl\/index.php?rest_route=%2Fwp%2Fv2%2Fproduct_brand&post=19302"},{"taxonomy":"product_cat","embeddable":true,"href":"https:\/\/mooncraft.com.pl\/index.php?rest_route=%2Fwp%2Fv2%2Fproduct_cat&post=19302"},{"taxonomy":"product_tag","embeddable":true,"href":"https:\/\/mooncraft.com.pl\/index.php?rest_route=%2Fwp%2Fv2%2Fproduct_tag&post=19302"}],"curies":[{"name":"wp","href":"https:\/\/api.w.org\/{rel}","templated":true}]}}